{"id":70990,"date":"2018-06-06T15:18:27","date_gmt":"2018-06-06T13:18:27","guid":{"rendered":"http:\/\/semmelweis.hu\/jogigfoig\/?page_id=70990"},"modified":"2018-06-06T15:18:27","modified_gmt":"2018-06-06T13:18:27","slug":"63-2018-v-31-sz-sz-hat-egyetemi-aok-fok-etk-pak-bizottsagok-egyseges-ugyrend-melleklet-etk","status":"publish","type":"page","link":"https:\/\/semmelweis.hu\/jogigfoig\/testuletek\/szenatus\/2018-evi-szenatusi-hatarozatok\/2018-majus-31\/63-2018-v-31-sz-sz-hat-egyetemi-aok-fok-etk-pak-bizottsagok-egyseges-ugyrend-melleklet-etk\/","title":{"rendered":"63\/2018. (V. 31.) sz. SZ hat. Egyetemi, \u00c1OK, FOK, ETK, PAK Bizotts\u00e1gok egys\u00e9ges \u00fcgyrend mell\u00e9klet &#8211; ETK"},"content":{"rendered":"<ul>\n<li style=\"text-align: justify\"><a href=\"https:\/\/semmelweis.hu\/jogigfoig\/files\/2018\/06\/SE_ETK_FEB_SZR.pdf\">A Semmelweis Egyetem Eg\u00e9szs\u00e9gtudom\u00e1nyi Kar Etikai \u00e9s Fegyelmi Bizotts\u00e1g\u00e1nak Bizotts\u00e1gi \u00dcgyrendje<\/a><\/li>\n<li style=\"text-align: justify\"><a href=\"https:\/\/semmelweis.hu\/jogigfoig\/files\/2018\/06\/SE_ETK_KAB_SZR.pdf\">A Semmelweis Egyetem Eg\u00e9szs\u00e9gtudom\u00e1nyi Kar Kredit\u00e1tviteli Bizotts\u00e1g\u00e1nak Bizotts\u00e1gi \u00dcgyrendje<\/a><\/li>\n<li style=\"text-align: justify\"><a href=\"https:\/\/semmelweis.hu\/jogigfoig\/files\/2018\/06\/SE_ETK_SZEB_SZR.pdf\">A Semmelweis Egyetem Eg\u00e9szs\u00e9gtudom\u00e1nyi Kar Szoci\u00e1lis \u00e9s Es\u00e9lyegyenl\u0151s\u00e9gi Bizotts\u00e1g\u00e1nak Bizotts\u00e1gi \u00dcgyrendje<\/a><\/li>\n<li style=\"text-align: justify\"><a href=\"https:\/\/semmelweis.hu\/jogigfoig\/files\/2018\/06\/SE_ETK_TVB_SZR.pdf\">A Semmelweis Egyetem Eg\u00e9szs\u00e9gtudom\u00e1nyi Kar Tanulm\u00e1nyi \u00e9s Vizsgabizotts\u00e1g\u00e1nak Bizotts\u00e1gi \u00dcgyrendje<\/a><\/li>\n<\/ul>\n","protected":false},"excerpt":{"rendered":"<p><a href=\"https:\/\/semmelweis.hu\/jogigfoig\/files\/2018\/06\/SE_ETK_FEB_SZR.pdf\">A Semmelweis Egyetem Eg\u00e9szs\u00e9gtudom\u00e1nyi Kar Etikai \u00e9s Fegyelmi Bizotts\u00e1g\u00e1nak Bizotts\u00e1gi \u00dcgyrendje<\/a><br \/>\n<a href=\"https:\/\/semmelweis.hu\/jogigfoig\/files\/2018\/06\/SE_ETK_KAB_SZR.pdf\">A Semmelweis Egyetem Eg\u00e9szs\u00e9gtudom\u00e1nyi Kar Kredit\u00e1tviteli Bizotts\u00e1g\u00e1nak Bizotts\u00e1gi \u00dcgyrendje<\/a><br \/>\n<a href=\"https:\/\/semmelweis.hu\/jogigfoig\/files\/2018\/06\/SE_ETK_SZEB_SZR.pdf\">A Semmelweis Egyetem Eg\u00e9szs\u00e9gtudom\u00e1nyi Kar Szoci\u00e1lis \u00e9s Es\u00e9lyegyenl\u0151s\u00e9gi Bizotts\u00e1g\u00e1nak Bizotts\u00e1gi \u00dcgyrendje<\/a><br \/>\n<a href=\"https:\/\/semmelweis.hu\/jogigfoig\/files\/2018\/06\/SE_ETK_TVB_SZR.pdf\">A Semmelweis Egyetem Eg\u00e9szs\u00e9gtudom\u00e1nyi Kar Tanulm\u00e1nyi \u00e9s Vizsgabizotts\u00e1g\u00e1nak Bizotts\u00e1gi \u00dcgyrendje<\/a><\/p>\n","protected":false},"author":101117,"featured_media":0,"parent":70928,"menu_order":0,"comment_status":"closed","ping_status":"closed","template":"","meta":{"_acf_changed":false,"footnotes":""},"categories":[],"tags":[],"class_list":["post-70990","page","type-page","status-publish","hentry"],"acf":[],"_links":{"self":[{"href":"https:\/\/semmelweis.hu\/jogigfoig\/wp-json\/wp\/v2\/pages\/70990","targetHints":{"allow":["GET"]}}],"collection":[{"href":"https:\/\/semmelweis.hu\/jogigfoig\/wp-json\/wp\/v2\/pages"}],"about":[{"href":"https:\/\/semmelweis.hu\/jogigfoig\/wp-json\/wp\/v2\/types\/page"}],"author":[{"embeddable":true,"href":"https:\/\/semmelweis.hu\/jogigfoig\/wp-json\/wp\/v2\/users\/101117"}],"replies":[{"embeddable":true,"href":"https:\/\/semmelweis.hu\/jogigfoig\/wp-json\/wp\/v2\/comments?post=70990"}],"version-history":[{"count":1,"href":"https:\/\/semmelweis.hu\/jogigfoig\/wp-json\/wp\/v2\/pages\/70990\/revisions"}],"predecessor-version":[{"id":70996,"href":"https:\/\/semmelweis.hu\/jogigfoig\/wp-json\/wp\/v2\/pages\/70990\/revisions\/70996"}],"up":[{"embeddable":true,"href":"https:\/\/semmelweis.hu\/jogigfoig\/wp-json\/wp\/v2\/pages\/70928"}],"wp:attachment":[{"href":"https:\/\/semmelweis.hu\/jogigfoig\/wp-json\/wp\/v2\/media?parent=70990"}],"wp:term":[{"taxonomy":"category","embeddable":true,"href":"https:\/\/semmelweis.hu\/jogigfoig\/wp-json\/wp\/v2\/categories?post=70990"},{"taxonomy":"post_tag","embeddable":true,"href":"https:\/\/semmelweis.hu\/jogigfoig\/wp-json\/wp\/v2\/tags?post=70990"}],"curies":[{"name":"wp","href":"https:\/\/api.w.org\/{rel}","templated":true}]}}