{"id":70969,"date":"2018-06-06T14:11:31","date_gmt":"2018-06-06T12:11:31","guid":{"rendered":"http:\/\/semmelweis.hu\/jogigfoig\/?page_id=70969"},"modified":"2018-06-06T14:11:38","modified_gmt":"2018-06-06T12:11:38","slug":"63-2018-v-31-sz-sz-hat-egyetemi-aok-fok-etk-pak-bizottsagok-egyseges-ugyrend-melleklet-egyetemi","status":"publish","type":"page","link":"https:\/\/semmelweis.hu\/jogigfoig\/testuletek\/szenatus\/2018-evi-szenatusi-hatarozatok\/2018-majus-31\/63-2018-v-31-sz-sz-hat-egyetemi-aok-fok-etk-pak-bizottsagok-egyseges-ugyrend-melleklet-egyetemi\/","title":{"rendered":"63\/2018. (V.31.) sz. SZ hat. Egyetemi, \u00c1OK, FOK, ETK, PAK Bizotts\u00e1gok egys\u00e9ges \u00fcgyrend mell\u00e9klet &#8211; Egyetemi"},"content":{"rendered":"<ul>\n<li style=\"text-align: justify\"><a href=\"https:\/\/semmelweis.hu\/jogigfoig\/files\/2018\/06\/MAB_SZMSZ.pdf\">A Semmelweis Egyetem Munkahelyi \u00c1llatj\u00f3l\u00e9ti Bizotts\u00e1g\u00e1nak Bizotts\u00e1gi \u00dcgyrendje<\/a><\/li>\n<li style=\"text-align: justify\"><a href=\"https:\/\/semmelweis.hu\/jogigfoig\/files\/2018\/06\/GYEGY_2018_Semmelweis_Egyetem_Gyogyszerterapias_Bizottsag_Bizottsagi_Ugyrend.pdf\">A Semmelweis Egyetem Gy\u00f3gyszerter\u00e1pi\u00e1s Bizotts\u00e1g\u00e1nak Bizotts\u00e1gi \u00dcgyrendje<\/a><\/li>\n<li style=\"text-align: justify\"><a href=\"https:\/\/semmelweis.hu\/jogigfoig\/files\/2018\/06\/Alumni_Igazgatotanacs_Ugyrend.pdf\">A Semmelweis Egyetem Alumni Igazgat\u00f3tan\u00e1cs\u00e1nak \u00dcgyrendje<\/a><\/li>\n<li style=\"text-align: justify\"><a href=\"https:\/\/semmelweis.hu\/jogigfoig\/files\/2018\/06\/Etikai_Bizotts\u00e1g_Ugyrend.pdf\">A Semmelweis Egyetem Egyetemi Etikai Bizotts\u00e1g\u00e1nak Bizotts\u00e1gi \u00dcgyrendje<\/a><\/li>\n<li style=\"text-align: justify\"><a href=\"https:\/\/semmelweis.hu\/jogigfoig\/files\/2018\/06\/ETT_Ugyrend.pdf\">A Semmelweis Egyetem Egyetemi Tudom\u00e1nyos Tan\u00e1cs\u00e1nak Bizotts\u00e1gi \u00dcgyrendje<\/a><\/li>\n<li style=\"text-align: justify\"><a href=\"https:\/\/semmelweis.hu\/jogigfoig\/files\/2018\/06\/KK_biz_ugyrend_201805.pdf\">A Semmelweis Egyetem K\u00fcls\u0151 Kutat\u00e1si Munk\u00e1kat V\u00e9lem\u00e9nyez\u0151 Bizotts\u00e1g\u00e1nak Bizotts\u00e1gi \u00dcgyrendje<\/a><\/li>\n<li style=\"text-align: justify\"><a href=\"https:\/\/semmelweis.hu\/jogigfoig\/files\/2018\/06\/MMB_ugyrend.pdf\">A Semmelweis Egyetem Min\u0151s\u00e9gfejleszt\u00e9si \u00e9s Min\u0151s\u00e9g\u00e9rt\u00e9kel\u0151 Bizotts\u00e1g\u00e1nak Bizotts\u00e1gi \u00dcgyrendje<\/a><\/li>\n<li style=\"text-align: justify\"><a href=\"https:\/\/semmelweis.hu\/jogigfoig\/files\/2018\/06\/SE_EEB_ugyrend.pdf\">A Semmelweis Egyetem Es\u00e9lyegyenl\u0151s\u00e9gi Bizotts\u00e1g\u00e1nak Bizotts\u00e1gi \u00dcgyrendje<\/a><\/li>\n<li style=\"text-align: justify\"><a href=\"https:\/\/semmelweis.hu\/jogigfoig\/files\/2018\/06\/SE_HB_SZR_szenatusra.pdf\">A Semmelweis Egyetem Habilit\u00e1ci\u00f3s Bizotts\u00e1g\u00e1nak Bizotts\u00e1gi \u00dcgyrendje<\/a><\/li>\n<li style=\"text-align: justify\"><a href=\"https:\/\/semmelweis.hu\/jogigfoig\/files\/2018\/06\/FB_Ugyrend_2018.pdf\">A Semmelweis Egyetem Fel\u00fclb\u00edr\u00e1lati Bizotts\u00e1g\u00e1nak Bizotts\u00e1gi \u00dcgyrendje<\/a><\/li>\n<\/ul>\n","protected":false},"excerpt":{"rendered":"<p><a href=\"https:\/\/semmelweis.hu\/jogigfoig\/files\/2018\/06\/MAB_SZMSZ.pdf\">A Semmelweis Egyetem Munkahelyi \u00c1llatj\u00f3l\u00e9ti Bizotts\u00e1g\u00e1nak Bizotts\u00e1gi \u00dcgyrendje<\/a><br \/>\n<a href=\"https:\/\/semmelweis.hu\/jogigfoig\/files\/2018\/06\/GYEGY_2018_Semmelweis_Egyetem_Gyogyszerterapias_Bizottsag_Bizottsagi_Ugyrend.pdf\">A Semmelweis Egyetem Gy\u00f3gyszerter\u00e1pi\u00e1s Bizotts\u00e1g\u00e1nak Bizotts\u00e1gi \u00dcgyrendje<\/a><br \/>\n<a href=\"https:\/\/semmelweis.hu\/jogigfoig\/files\/2018\/06\/Alumni_Igazgatotanacs_Ugyrend.pdf\">A Semmelweis Egyetem Alumni Igazgat\u00f3tan\u00e1cs\u00e1nak \u00dcgyrendje<\/a><br \/>\n<a href=\"https:\/\/semmelweis.hu\/jogigfoig\/files\/2018\/06\/Etikai_Bizotts\u00e1g_Ugyrend.pdf\">A Semmelweis Egyetem Egyetemi Etikai Bizotts\u00e1g\u00e1nak Bizotts\u00e1gi \u00dcgyrendje<\/a><br \/>\n<a href=\"https:\/\/semmelweis.hu\/jogigfoig\/files\/2018\/06\/ETT_Ugyrend.pdf\">A Semmelweis Egyetem Egyetemi Tudom\u00e1nyos Tan\u00e1cs\u00e1nak Bizotts\u00e1gi \u00dcgyrendje<\/a><br \/>\n<a href=\"https:\/\/semmelweis.hu\/jogigfoig\/files\/2018\/06\/KK_biz_ugyrend_201805.pdf\">A Semmelweis Egyetem K\u00fcls\u0151 Kutat\u00e1si Munk\u00e1kat V\u00e9lem\u00e9nyez\u0151 Bizotts\u00e1g\u00e1nak Bizotts\u00e1gi \u00dcgyrendje<\/a><br \/>\n<a href=\"https:\/\/semmelweis.hu\/jogigfoig\/files\/2018\/06\/MMB_ugyrend.pdf\">A Semmelweis Egyetem Min\u0151s\u00e9gfejleszt\u00e9si \u00e9s Min\u0151s\u00e9g\u00e9rt\u00e9kel\u0151 Bizotts\u00e1g\u00e1nak Bizotts\u00e1gi \u00dcgyrendje<\/a><br \/>\n<a href=\"https:\/\/semmelweis.hu\/jogigfoig\/files\/2018\/06\/SE_EEB_ugyrend.pdf\">A Semmelweis Egyetem Es\u00e9lyegyenl\u0151s\u00e9gi Bizotts\u00e1g\u00e1nak Bizotts\u00e1gi \u00dcgyrendje<\/a><br \/>\n<a href=\"https:\/\/semmelweis.hu\/jogigfoig\/files\/2018\/06\/SE_HB_SZR_szenatusra.pdf\">A Semmelweis Egyetem Habilit\u00e1ci\u00f3s Bizotts\u00e1g\u00e1nak Bizotts\u00e1gi \u00dcgyrendje<\/a><br \/>\n<a href=\"https:\/\/semmelweis.hu\/jogigfoig\/files\/2018\/06\/FB_Ugyrend_2018.pdf\">A Semmelweis Egyetem Fel\u00fclb\u00edr\u00e1lati Bizotts\u00e1g\u00e1nak Bizotts\u00e1gi \u00dcgyrendje<\/a><\/p>\n","protected":false},"author":101117,"featured_media":0,"parent":70928,"menu_order":0,"comment_status":"closed","ping_status":"closed","template":"","meta":{"_acf_changed":false,"footnotes":""},"categories":[],"tags":[],"class_list":["post-70969","page","type-page","status-publish","hentry"],"acf":[],"_links":{"self":[{"href":"https:\/\/semmelweis.hu\/jogigfoig\/wp-json\/wp\/v2\/pages\/70969","targetHints":{"allow":["GET"]}}],"collection":[{"href":"https:\/\/semmelweis.hu\/jogigfoig\/wp-json\/wp\/v2\/pages"}],"about":[{"href":"https:\/\/semmelweis.hu\/jogigfoig\/wp-json\/wp\/v2\/types\/page"}],"author":[{"embeddable":true,"href":"https:\/\/semmelweis.hu\/jogigfoig\/wp-json\/wp\/v2\/users\/101117"}],"replies":[{"embeddable":true,"href":"https:\/\/semmelweis.hu\/jogigfoig\/wp-json\/wp\/v2\/comments?post=70969"}],"version-history":[{"count":2,"href":"https:\/\/semmelweis.hu\/jogigfoig\/wp-json\/wp\/v2\/pages\/70969\/revisions"}],"predecessor-version":[{"id":70982,"href":"https:\/\/semmelweis.hu\/jogigfoig\/wp-json\/wp\/v2\/pages\/70969\/revisions\/70982"}],"up":[{"embeddable":true,"href":"https:\/\/semmelweis.hu\/jogigfoig\/wp-json\/wp\/v2\/pages\/70928"}],"wp:attachment":[{"href":"https:\/\/semmelweis.hu\/jogigfoig\/wp-json\/wp\/v2\/media?parent=70969"}],"wp:term":[{"taxonomy":"category","embeddable":true,"href":"https:\/\/semmelweis.hu\/jogigfoig\/wp-json\/wp\/v2\/categories?post=70969"},{"taxonomy":"post_tag","embeddable":true,"href":"https:\/\/semmelweis.hu\/jogigfoig\/wp-json\/wp\/v2\/tags?post=70969"}],"curies":[{"name":"wp","href":"https:\/\/api.w.org\/{rel}","templated":true}]}}