{"id":70928,"date":"2018-06-05T14:32:13","date_gmt":"2018-06-05T12:32:13","guid":{"rendered":"http:\/\/semmelweis.hu\/jogigfoig\/?page_id=70928"},"modified":"2020-02-07T15:05:53","modified_gmt":"2020-02-07T14:05:53","slug":"2018-majus-31","status":"publish","type":"page","link":"https:\/\/semmelweis.hu\/jogigfoig\/testuletek\/szenatus\/2018-evi-szenatusi-hatarozatok\/2018-majus-31\/","title":{"rendered":"2018. m\u00e1jus 31."},"content":{"rendered":"<ul>\n<li style=\"text-align: justify\"><a href=\"https:\/\/semmelweis.hu\/jogigfoig\/files\/2018\/06\/44_2018_V_31_sz_SZ_hat_a-Vagyongazdalkodasi_Tervenek_elfogadasarol.pdf\">44\/2018. (V.31.) sz\u00e1m\u00fa hat\u00e1rozata a Semmelweis Egyetem 2018. \u00e9vi Vagyongazd\u00e1lkod\u00e1si terv\u00e9nek elfogad\u00e1s\u00e1r\u00f3l<\/a><\/li>\n<li style=\"text-align: justify\"><a href=\"https:\/\/semmelweis.hu\/jogigfoig\/files\/2018\/06\/45_2018_V_31_sz_SZ_hat_SZMSZ_II_resz_FKR_mod_rol_Prof_Emer.pdf\">45\/2018. (V.31.) sz\u00e1m\u00fa hat\u00e1rozata a Szervezeti \u00e9s M\u0171k\u00f6d\u00e9si Szab\u00e1lyzat egyes rendelkez\u00e9seinek m\u00f3dos\u00edt\u00e1s\u00e1r\u00f3l<\/a><\/li>\n<li style=\"text-align: justify\"><a href=\"https:\/\/semmelweis.hu\/jogigfoig\/files\/2018\/06\/46_2018_V_31_sz_SZ_hat_SZMSZ_I_resz_mod_rol_vezeto_tisztsegviselo.pdf\">46\/2018. (V.31.) sz\u00e1m\u00fa hat\u00e1rozata a Szervezeti \u00e9s M\u0171k\u00f6d\u00e9si Szab\u00e1lyzat Semmelweis Egyetem vezet\u0151-tiszts\u00e9gvisel\u0151ivel kapcsolatos egyes rendelkez\u00e9seinek m\u00f3dos\u00edt\u00e1s\u00e1r\u00f3l<\/a><\/li>\n<li style=\"text-align: justify\"><a href=\"https:\/\/semmelweis.hu\/jogigfoig\/files\/2018\/06\/47_2018_V_31_sz_SZ_hat_oraado_oktatoknak_adomanyozhato_cimek_odaiteleserol.pdf\">47\/2018. (V.31.) sz\u00e1m\u00fa hat\u00e1rozata \u00f3raad\u00f3 oktat\u00f3knak adom\u00e1nyozhat\u00f3 c\u00edmek oda\u00edt\u00e9l\u00e9s\u00e9r\u0151l<\/a><\/li>\n<li style=\"text-align: justify\"><a href=\"https:\/\/semmelweis.hu\/jogigfoig\/files\/2018\/06\/48_2018_V_31_sz_SZ_hat_Se_kivalo_oktatoja_c\u00edm_adomanyozasarol.pdf\">48\/2018. (V.31.) sz\u00e1m\u00fa hat\u00e1rozata Semmelweis Egyetem Kiv\u00e1l\u00f3 Oktat\u00f3ja kit\u00fcntet\u00e9s adom\u00e1nyoz\u00e1s\u00e1r\u00f3l<\/a><\/li>\n<li style=\"text-align: justify\"><a href=\"https:\/\/semmelweis.hu\/jogigfoig\/files\/2018\/06\/49_2018_V_31_sz_SZ_hat_2019_evi_miniszteri_szintu_kituntetesre_torteno_felterjeszteserol.pdf\">49\/2018. (V.31.) sz\u00e1m\u00fa hat\u00e1rozata 2019. \u00e9vi miniszteri szint\u0171 kit\u00fcntet\u00e9sre t\u00f6rt\u00e9n\u0151 felterjeszt\u00e9s\u00e9r\u0151l<\/a><\/li>\n<li style=\"text-align: justify\"><a href=\"https:\/\/semmelweis.hu\/jogigfoig\/files\/2018\/06\/50_2018_V_31_sz_SZ_hat_Professor_Emeritus_cimek_odaiteleserol.pdf\">50\/2018. (V.31.) sz\u00e1m\u00fa hat\u00e1rozata a 2018. \u00e9vi \u201eProfessor Emeritus\u201d c\u00edmek adom\u00e1nyoz\u00e1s\u00e1r\u00f3l<\/a><\/li>\n<li style=\"text-align: justify\"><a href=\"https:\/\/semmelweis.hu\/jogigfoig\/files\/2018\/06\/51_2018_V_31_sz_SZ_hat_Professor_Emeritus_cimmel_jaro_juttatas_megerositeserol.pdf\">51\/2018. (V.31.) sz\u00e1m\u00fa hat\u00e1rozata Professor Emeritus c\u00edmmel j\u00e1r\u00f3 juttat\u00e1s meger\u0151s\u00edt\u00e9s\u00e9r\u0151l<\/a><\/li>\n<li style=\"text-align: justify\"><a href=\"https:\/\/semmelweis.hu\/jogigfoig\/files\/2018\/06\/52_2018_V_31_sz_SZ_hat_AOK_tudomanyos_tanacsado_fomunkatars.pdf\">52\/2018. (V.31.) sz\u00e1m\u00fa hat\u00e1rozata az \u00c1ltal\u00e1nos Orvostudom\u00e1nyi Kar Biofizikai \u00e9s Sug\u00e1rbiol\u00f3giai Int\u00e9zet\u00e9ben meghirdetett tudom\u00e1nyos f\u0151munkat\u00e1rsi, valamint az I. sz. Patol\u00f3giai \u00e9s K\u00eds\u00e9rleti R\u00e1kkutat\u00f3 Int\u00e9zetben meghirdetett tudom\u00e1nyos tan\u00e1csad\u00f3i \u00e1ll\u00e1shelyre be\u00e9rkezett p\u00e1ly\u00e1zatok v\u00e9lem\u00e9nyez\u00e9s\u00e9r\u0151l<\/a><\/li>\n<li style=\"text-align: justify\"><a href=\"https:\/\/semmelweis.hu\/jogigfoig\/files\/2018\/06\/53_2018_V_31_sz_SZ_hat.pdf\">53\/2018. (V.31.) sz\u00e1m\u00fa hat\u00e1rozata az \u00c1ltal\u00e1nos Orvostudom\u00e1nyi Kar \u00e1ltal\u00e1nos d\u00e9k\u00e1nhelyettesi, valamint a gradu\u00e1lis k\u00e9pz\u00e9s\u00e9rt felel\u0151s d\u00e9k\u00e1nhelyettesi megb\u00edz\u00e1sra be\u00e9rkezett p\u00e1ly\u00e1zatok v\u00e9lem\u00e9nyez\u00e9s\u00e9r\u0151l<\/a><\/li>\n<li style=\"text-align: justify\"><a href=\"https:\/\/semmelweis.hu\/jogigfoig\/files\/2018\/06\/54_2018_V_31_sz_SZ_hat.pdf\">54\/2018. (V.31.) sz\u00e1m\u00fa hat\u00e1rozata az \u00c1ltal\u00e1nos Orvostudom\u00e1nyi Karon, a Gy\u00f3gyszer\u00e9sztudom\u00e1nyi Karon meghirdetett egyetemi docensi, valamint az Eg\u00e9szs\u00e9gtudom\u00e1nyi Karon meghirdetett f\u0151iskolai docensi \u00e1ll\u00e1shelyekre be\u00e9rkezett p\u00e1ly\u00e1zatok v\u00e9lem\u00e9nyez\u00e9s\u00e9r\u0151l<\/a><\/li>\n<li style=\"text-align: justify\"><a href=\"https:\/\/semmelweis.hu\/jogigfoig\/files\/2018\/06\/55_2018_V_31_sz_SZ_hat.pdf\">55\/2018. (V.31.) sz\u00e1m\u00fa hat\u00e1rozata a Fogorvostudom\u00e1nyi Kar d\u00e9k\u00e1ni magasabb vezet\u0151i megb\u00edz\u00e1s\u00e1ra be\u00e9rkezett p\u00e1ly\u00e1zat v\u00e9lem\u00e9nyez\u00e9s\u00e9r\u0151l<\/a><\/li>\n<li style=\"text-align: justify\"><a href=\"https:\/\/semmelweis.hu\/jogigfoig\/files\/2018\/06\/56_2018_V_31_sz_SZ_hat.pdf\">56\/2018. (V.31.) sz\u00e1m\u00fa hat\u00e1rozata az \u00c1ltal\u00e1nos Orvostudom\u00e1nyi Kar, az Eg\u00e9szs\u00e9gtudom\u00e1nyi Kar \u00e9s a Fogorvostudom\u00e1nyi Kar igazgat\u00f3i\/tansz\u00e9kvezet\u0151i megb\u00edz\u00e1saira be\u00e9rkezett p\u00e1ly\u00e1zatok v\u00e9lem\u00e9nyez\u00e9s\u00e9r\u0151l<\/a><\/li>\n<li style=\"text-align: justify\"><a href=\"https:\/\/semmelweis.hu\/jogigfoig\/files\/2018\/06\/57_2018_V_31_sz_SZ_hat.pdf\">57\/2018. (V.31.) sz\u00e1m\u00fa hat\u00e1rozata az Egyetem c\u00edmer\u00e9vel d\u00edsz\u00edtett arany pecs\u00e9tgy\u0171r\u0171 adom\u00e1nyoz\u00e1s\u00e1r\u00f3l<\/a><\/li>\n<li style=\"text-align: justify\"><a href=\"https:\/\/semmelweis.hu\/jogigfoig\/files\/2018\/06\/58_2018_V_31_sz_SZ_hat.pdf\">58\/2018. (V.31.) sz\u00e1m\u00fa hat\u00e1rozata a Szen\u00e1tus \u00e1ltal l\u00e9trehozott \u00c1ltal\u00e1nos Orvostudom\u00e1nyi Karon m\u0171k\u00f6d\u0151 Etikai \u00e9s Fegyelmi Bizotts\u00e1g hallgat\u00f3 tagj\u00e1ra vonatkoz\u00f3 javaslatr\u00f3l<\/a><\/li>\n<li style=\"text-align: justify\"><a href=\"https:\/\/semmelweis.hu\/jogigfoig\/files\/2018\/06\/59_2018_V_31_sz_SZ_hat.pdf\">59\/2018. (V.31.) sz\u00e1m\u00fa hat\u00e1rozata a Szen\u00e1tus \u00e1ltal l\u00e9trehozott, az Eg\u00e9szs\u00e9gtudom\u00e1nyi Karon m\u0171k\u00f6d\u0151 kari bizotts\u00e1gok szem\u00e9lyi \u00f6sszet\u00e9tel\u00e9nek m\u00f3dos\u00edt\u00e1s\u00e1r\u00f3l<\/a><\/li>\n<li style=\"text-align: justify\"><a href=\"https:\/\/semmelweis.hu\/jogigfoig\/files\/2018\/06\/60_2018_V_31_sz_SZ_hat.pdf\">60\/2018. (V.31.) sz\u00e1m\u00fa hat\u00e1rozata a Semmelweis Egyetem hallgat\u00f3i sz\u00e1m\u00e1ra ki\u00edrt rektori p\u00e1lyamunk\u00e1k c\u00edm\u0171 szab\u00e1lyzat egyes rendelkez\u00e9seinek m\u00f3dos\u00edt\u00e1s\u00e1r\u00f3l<\/a><\/li>\n<li style=\"text-align: justify\"><a href=\"https:\/\/semmelweis.hu\/jogigfoig\/files\/2018\/06\/61_2018_V_31_sz_SZ_hat.pdf\">61\/2018. (V.31.) sz\u00e1m\u00fa hat\u00e1rozata az Egyetemi kit\u00fcntet\u00e9sek, d\u00edjak adom\u00e1nyoz\u00e1s\u00e1r\u00f3l, valamint az \u00e1llami kit\u00fcntet\u00e9sek felterjeszt\u00e9si elj\u00e1r\u00e1s\u00e1r\u00f3l sz\u00f3l\u00f3 szab\u00e1lyzat m\u00f3dos\u00edt\u00e1s\u00e1r\u00f3l<\/a><\/li>\n<li style=\"text-align: justify\"><a href=\"https:\/\/semmelweis.hu\/jogigfoig\/files\/2018\/06\/62_2018_V_31_sz_SZ_hat.pdf\">62\/2018. (V.31.) sz\u00e1m\u00fa hat\u00e1rozata a Doktori Szab\u00e1lyzat \u00e9s a 2016. szeptember 1. napj\u00e1t k\u00f6vet\u0151en megkezdett doktori k\u00e9pz\u00e9s \u00e9s fokozatszerz\u00e9si elj\u00e1r\u00e1s szab\u00e1lyai egyes rendelkez\u00e9seinek m\u00f3dos\u00edt\u00e1s\u00e1r\u00f3l<\/a><\/li>\n<li style=\"text-align: justify\"><a href=\"https:\/\/semmelweis.hu\/jogigfoig\/files\/2018\/06\/63_2018_V_31_sz_SZ_hat.pdf\">63\/2018. (V.31.) sz\u00e1m\u00fa hat\u00e1rozata az Egyetem eg\u00e9sz\u00e9re kiterjed\u0151 hat\u00e1sk\u00f6rrel rendelkez\u0151 \u00e1lland\u00f3 feladat\u00fa bizotts\u00e1gok, valamint a karokon m\u0171k\u00f6d\u0151 \u00e1lland\u00f3 bizotts\u00e1gok \u00fcgyrendj\u00e9nek a j\u00f3v\u00e1hagy\u00e1sr\u00f3l<\/a>\n<ul>\n<li><a href=\"https:\/\/semmelweis.hu\/jogigfoig\/testuletek\/szenatus\/2018-evi-szenatusi-hatarozatok\/2018-majus-31\/63-2018-v-31-sz-sz-hat-egyetemi-aok-fok-etk-pak-bizottsagok-egyseges-ugyrend-melleklet-egyetemi\/\">63\/2018. (V. 31.) sz. SZ hat. Egyetemi, \u00c1OK, FOK, ETK, PAK Bizotts\u00e1gok egys\u00e9ges \u00fcgyrend mell\u00e9klet &#8211; Egyetemi<\/a><\/li>\n<li><a href=\"https:\/\/semmelweis.hu\/jogigfoig\/testuletek\/szenatus\/2018-evi-szenatusi-hatarozatok\/2018-majus-31\/63-2018-v-31-sz-sz-hat-egyetemi-aok-fok-etk-pak-bizottsagok-egyseges-ugyrend-melleklet-aok\/\">63\/2018. (V. 31.) sz. SZ hat. Egyetemi, \u00c1OK, FOK, ETK, PAK Bizotts\u00e1gok egys\u00e9ges \u00fcgyrend mell\u00e9klet &#8211; \u00c1OK<\/a><\/li>\n<li><a href=\"https:\/\/semmelweis.hu\/jogigfoig\/testuletek\/szenatus\/2018-evi-szenatusi-hatarozatok\/2018-majus-31\/63-2018-v-31-sz-sz-hat-egyetemi-aok-fok-etk-pak-bizottsagok-egyseges-ugyrend-melleklet-etk\/\">63\/2018. (V. 31.) sz. SZ hat. Egyetemi, \u00c1OK, FOK, ETK, PAK Bizotts\u00e1gok egys\u00e9ges \u00fcgyrend mell\u00e9klet &#8211; ETK<\/a><\/li>\n<li><a href=\"https:\/\/semmelweis.hu\/jogigfoig\/testuletek\/szenatus\/2018-evi-szenatusi-hatarozatok\/2018-majus-31\/63-2018-v-31-sz-sz-hat-egyetemi-aok-fok-etk-pak-bizottsagok-egyseges-ugyrend-melleklet-fok\/\">63\/2018. (V. 31.) sz. SZ hat. Egyetemi, \u00c1OK, FOK, ETK, PAK Bizotts\u00e1gok egys\u00e9ges \u00fcgyrend mell\u00e9klet &#8211; FOK<\/a><\/li>\n<li><a href=\"https:\/\/semmelweis.hu\/jogigfoig\/testuletek\/szenatus\/2018-evi-szenatusi-hatarozatok\/2018-majus-31\/63-2018-v-31-sz-sz-hat-egyetemi-aok-fok-etk-pak-bizottsagok-egyseges-ugyrend-melleklet-pak\/\">63\/2018. (V. 31.) sz. SZ hat. Egyetemi, \u00c1OK, FOK, ETK, PAK Bizotts\u00e1gok egys\u00e9ges \u00fcgyrend mell\u00e9klet &#8211; PAK<\/a><\/li>\n<\/ul>\n<\/li>\n<li style=\"text-align: justify\"><a href=\"https:\/\/semmelweis.hu\/jogigfoig\/files\/2018\/06\/64_2018_V_31_sz_SZ_hat.pdf\">64\/2018. (V.31.) sz\u00e1m\u00fa hat\u00e1rozata a 2018. \u00e9vi Hugonnai Vilma jutalomd\u00edj adom\u00e1nyoz\u00e1s\u00e1r\u00f3l<\/a><\/li>\n<li style=\"text-align: justify\"><a href=\"https:\/\/semmelweis.hu\/jogigfoig\/files\/2018\/06\/65_2018_V_31_sz_SZ_hat.pdf\">65\/2018. (V.31.) sz\u00e1m\u00fa hat\u00e1rozata a 2018. \u00e9vi Huzella Tivadar jutalomd\u00edj adom\u00e1nyoz\u00e1s\u00e1r\u00f3l<\/a><\/li>\n<li style=\"text-align: justify\"><a href=\"https:\/\/semmelweis.hu\/jogigfoig\/files\/2018\/06\/66_2018_V_31_sz_SZ_hat.pdf\">66\/2018. (V.31.) sz\u00e1m\u00fa hat\u00e1rozata a 2018. \u00e9vi Jendrassik Ern\u0151 jutalomd\u00edj adom\u00e1nyoz\u00e1s\u00e1r\u00f3l<\/a><\/li>\n<li style=\"text-align: justify\"><a href=\"https:\/\/semmelweis.hu\/jogigfoig\/files\/2018\/06\/67_2018_V_31_sz_SZ_hat.pdf\">67\/2018. (V.31.) sz\u00e1m\u00fa hat\u00e1rozata a 2018. \u00e9vi Semmelweis Ign\u00e1c jutalomd\u00edj adom\u00e1nyoz\u00e1s\u00e1r\u00f3l<\/a><\/li>\n<li style=\"text-align: justify\"><a href=\"https:\/\/semmelweis.hu\/jogigfoig\/files\/2018\/06\/68_2018_V_31_sz_SZ_hat.pdf\">68\/2018. (V.31.) sz\u00e1m\u00fa hat\u00e1rozata a Gy\u00f3gyszer\u00e9sztudom\u00e1nyi Kar k\u00e9pvisel\u0151j\u00e9nek megv\u00e1laszt\u00e1sa az Egyetemi Doktori Tan\u00e1csba<\/a><\/li>\n<li style=\"text-align: justify\"><a href=\"https:\/\/semmelweis.hu\/jogigfoig\/files\/2018\/06\/N_V_31_2018_V_31_sz_SZ_hat_.pdf\">N-V.31.\/2018. sz\u00e1m\u00fa hat\u00e1rozata a szen\u00e1tusi \u00fcl\u00e9s m\u00f3dos\u00edtott napirendi pontjainak elfogad\u00e1s\u00e1r\u00f3l<\/a><\/li>\n<\/ul>\n","protected":false},"excerpt":{"rendered":"<p><a href=\"https:\/\/semmelweis.hu\/jogigfoig\/files\/2018\/06\/44_2018_V_31_sz_SZ_hat_a-Vagyongazdalkodasi_Tervenek_elfogadasarol.pdf\">44\/2018. (V.31.) sz\u00e1m\u00fa hat\u00e1rozata a Semmelweis Egyetem 2018. \u00e9vi Vagyongazd\u00e1lkod\u00e1si terv\u00e9nek elfogad\u00e1s\u00e1r\u00f3l<\/a><br \/>\n<a href=\"https:\/\/semmelweis.hu\/jogigfoig\/files\/2018\/06\/45_2018_V_31_sz_SZ_hat_SZMSZ_II_resz_FKR_mod_rol_Prof_Emer.pdf\">45\/2018. (V.31.) sz\u00e1m\u00fa hat\u00e1rozata a Szervezeti \u00e9s M\u0171k\u00f6d\u00e9si Szab\u00e1lyzat egyes rendelkez\u00e9seinek m\u00f3dos\u00edt\u00e1s\u00e1r\u00f3l<\/a><br \/>\n<a href=\"https:\/\/semmelweis.hu\/jogigfoig\/files\/2018\/06\/46_2018_V_31_sz_SZ_hat_SZMSZ_I_resz_mod_rol_vezeto_tisztsegviselo.pdf\">46\/2018. (V.31.) sz\u00e1m\u00fa hat\u00e1rozata a Szervezeti \u00e9s M\u0171k\u00f6d\u00e9si Szab\u00e1lyzat Semmelweis Egyetem vezet\u0151-tiszts\u00e9gvisel\u0151ivel kapcsolatos egyes rendelkez\u00e9seinek m\u00f3dos\u00edt\u00e1s\u00e1r\u00f3l<\/a><br \/>\n<a href=\"https:\/\/semmelweis.hu\/jogigfoig\/files\/2018\/06\/47_2018_V_31_sz_SZ_hat_oraado_oktatoknak_adomanyozhato_cimek_odaiteleserol.pdf\">47\/2018. (V.31.) sz\u00e1m\u00fa hat\u00e1rozata \u00f3raad\u00f3 oktat\u00f3knak adom\u00e1nyozhat\u00f3 c\u00edmek oda\u00edt\u00e9l\u00e9s\u00e9r\u0151l<\/a><br \/>\n<a href=\"https:\/\/semmelweis.hu\/jogigfoig\/files\/2018\/06\/48_2018_V_31_sz_SZ_hat_Se_kivalo_oktatoja_c\u00edm_adomanyozasarol.pdf\">48\/2018. (V.31.) sz\u00e1m\u00fa hat\u00e1rozata Semmelweis Egyetem Kiv\u00e1l\u00f3 Oktat\u00f3ja kit\u00fcntet\u00e9s adom\u00e1nyoz\u00e1s\u00e1r\u00f3l<\/a><br \/>\n<a href=\"https:\/\/semmelweis.hu\/jogigfoig\/files\/2018\/06\/49_2018_V_31_sz_SZ_hat_2019_evi_miniszteri_szintu_kituntetesre_torteno_felterjeszteserol.pdf\">49\/2018. (V.31.) sz\u00e1m\u00fa hat\u00e1rozata 2019. \u00e9vi miniszteri szint\u0171 kit\u00fcntet\u00e9sre t\u00f6rt\u00e9n\u0151 felterjeszt\u00e9s\u00e9r\u0151l<\/a><br \/>\n<a href=\"https:\/\/semmelweis.hu\/jogigfoig\/files\/2018\/06\/50_2018_V_31_sz_SZ_hat_Professor_Emeritus_cimek_odaiteleserol.pdf\">50\/2018. (V.31.) sz\u00e1m\u00fa hat\u00e1rozata a 2018. \u00e9vi \u201eProfessor Emeritus\u201d c\u00edmek adom\u00e1nyoz\u00e1s\u00e1r\u00f3l<\/a><br \/>\n<a href=\"https:\/\/semmelweis.hu\/jogigfoig\/files\/2018\/06\/51_2018_V_31_sz_SZ_hat_Professor_Emeritus_cimmel_jaro_juttatas_megerositeserol.pdf\">51\/2018. (V.31.) sz\u00e1m\u00fa hat\u00e1rozata Professor Emeritus c\u00edmmel j\u00e1r\u00f3 juttat\u00e1s meger\u0151s\u00edt\u00e9s\u00e9r\u0151l<\/a><br \/>\n<a href=\"https:\/\/semmelweis.hu\/jogigfoig\/files\/2018\/06\/52_2018_V_31_sz_SZ_hat_AOK_tudomanyos_tanacsado_fomunkatars.pdf\">52\/2018. (V.31.) sz\u00e1m\u00fa hat\u00e1rozata az \u00c1ltal\u00e1nos Orvostudom\u00e1nyi Kar Biofizikai \u00e9s Sug\u00e1rbiol\u00f3giai Int\u00e9zet\u00e9ben meghirdetett tudom\u00e1nyos f\u0151munkat\u00e1rsi, valamint az I. sz. Patol\u00f3giai \u00e9s K\u00eds\u00e9rleti R\u00e1kkutat\u00f3 Int\u00e9zetben meghirdetett tudom\u00e1nyos tan\u00e1csad\u00f3i \u00e1ll\u00e1shelyre be\u00e9rkezett p\u00e1ly\u00e1zatok v\u00e9lem\u00e9nyez\u00e9s\u00e9r\u0151l<\/a><br \/>\n<a href=\"https:\/\/semmelweis.hu\/jogigfoig\/files\/2018\/06\/53_2018_V_31_sz_SZ_hat.pdf\">53\/2018. (V.31.) sz\u00e1m\u00fa hat\u00e1rozata az \u00c1ltal\u00e1nos Orvostudom\u00e1nyi Kar \u00e1ltal\u00e1nos d\u00e9k\u00e1nhelyettesi, valamint a gradu\u00e1lis k\u00e9pz\u00e9s\u00e9rt felel\u0151s d\u00e9k\u00e1nhelyettesi megb\u00edz\u00e1sra be\u00e9rkezett p\u00e1ly\u00e1zatok v\u00e9lem\u00e9nyez\u00e9s\u00e9r\u0151l<\/a><br \/>\n<a href=\"https:\/\/semmelweis.hu\/jogigfoig\/files\/2018\/06\/54_2018_V_31_sz_SZ_hat.pdf\">54\/2018. (V.31.) sz\u00e1m\u00fa hat\u00e1rozata az \u00c1ltal\u00e1nos Orvostudom\u00e1nyi Karon, a Gy\u00f3gyszer\u00e9sztudom\u00e1nyi Karon meghirdetett egyetemi docensi, valamint az Eg\u00e9szs\u00e9gtudom\u00e1nyi Karon meghirdetett f\u0151iskolai docensi \u00e1ll\u00e1shelyekre be\u00e9rkezett p\u00e1ly\u00e1zatok v\u00e9lem\u00e9nyez\u00e9s\u00e9r\u0151l<\/a><br \/>\n<a href=\"https:\/\/semmelweis.hu\/jogigfoig\/files\/2018\/06\/55_2018_V_31_sz_SZ_hat.pdf\">55\/2018. (V.31.) sz\u00e1m\u00fa hat\u00e1rozata a Fogorvostudom\u00e1nyi Kar d\u00e9k\u00e1ni magasabb vezet\u0151i megb\u00edz\u00e1s\u00e1ra be\u00e9rkezett p\u00e1ly\u00e1zat v\u00e9lem\u00e9nyez\u00e9s\u00e9r\u0151l<\/a><br \/>\n<a href=\"https:\/\/semmelweis.hu\/jogigfoig\/files\/2018\/06\/56_2018_V_31_sz_SZ_hat.pdf\">56\/2018. (V.31.) sz\u00e1m\u00fa hat\u00e1rozata az \u00c1ltal\u00e1nos Orvostudom\u00e1nyi Kar, az Eg\u00e9szs\u00e9gtudom\u00e1nyi Kar \u00e9s a Fogorvostudom\u00e1nyi Kar igazgat\u00f3i\/tansz\u00e9kvezet\u0151i megb\u00edz\u00e1saira be\u00e9rkezett p\u00e1ly\u00e1zatok v\u00e9lem\u00e9nyez\u00e9s\u00e9r\u0151l<\/a><br \/>\n<a href=\"https:\/\/semmelweis.hu\/jogigfoig\/files\/2018\/06\/57_2018_V_31_sz_SZ_hat.pdf\">57\/2018. (V.31.) sz\u00e1m\u00fa hat\u00e1rozata az Egyetem c\u00edmer\u00e9vel d\u00edsz\u00edtett arany pecs\u00e9tgy\u0171r\u0171 adom\u00e1nyoz\u00e1s\u00e1r\u00f3l<\/a><br \/>\n<a href=\"https:\/\/semmelweis.hu\/jogigfoig\/files\/2018\/06\/58_2018_V_31_sz_SZ_hat.pdf\">58\/2018. (V.31.) sz\u00e1m\u00fa hat\u00e1rozata a Szen\u00e1tus \u00e1ltal l\u00e9trehozott \u00c1ltal\u00e1nos Orvostudom\u00e1nyi Karon m\u0171k\u00f6d\u0151 Etikai \u00e9s Fegyelmi Bizotts\u00e1g hallgat\u00f3 tagj\u00e1ra vonatkoz\u00f3 javaslatr\u00f3l<\/a><br \/>\n<a href=\"https:\/\/semmelweis.hu\/jogigfoig\/files\/2018\/06\/59_2018_V_31_sz_SZ_hat.pdf\">59\/2018. (V.31.) sz\u00e1m\u00fa hat\u00e1rozata a Szen\u00e1tus \u00e1ltal l\u00e9trehozott, az Eg\u00e9szs\u00e9gtudom\u00e1nyi Karon m\u0171k\u00f6d\u0151 kari bizotts\u00e1gok szem\u00e9lyi \u00f6sszet\u00e9tel\u00e9nek m\u00f3dos\u00edt\u00e1s\u00e1r\u00f3l<\/a><br \/>\n<a href=\"https:\/\/semmelweis.hu\/jogigfoig\/files\/2018\/06\/60_2018_V_31_sz_SZ_hat.pdf\">60\/2018. (V.31.) sz\u00e1m\u00fa hat\u00e1rozata a Semmelweis Egyetem hallgat\u00f3i sz\u00e1m\u00e1ra ki\u00edrt rektori p\u00e1lyamunk\u00e1k c\u00edm\u0171 szab\u00e1lyzat egyes rendelkez\u00e9seinek m\u00f3dos\u00edt\u00e1s\u00e1r\u00f3l<\/a><br \/>\n<a href=\"https:\/\/semmelweis.hu\/jogigfoig\/files\/2018\/06\/61_2018_V_31_sz_SZ_hat.pdf\">61\/2018. (V.31.) sz\u00e1m\u00fa hat\u00e1rozata az Egyetemi kit\u00fcntet\u00e9sek, d\u00edjak adom\u00e1nyoz\u00e1s\u00e1r\u00f3l, valamint az \u00e1llami kit\u00fcntet\u00e9sek felterjeszt\u00e9si elj\u00e1r\u00e1s\u00e1r\u00f3l sz\u00f3l\u00f3 szab\u00e1lyzat m\u00f3dos\u00edt\u00e1s\u00e1r\u00f3l<\/a><br \/>\n<a href=\"https:\/\/semmelweis.hu\/jogigfoig\/files\/2018\/06\/62_2018_V_31_sz_SZ_hat.pdf\">62\/2018. (V.31.) sz\u00e1m\u00fa hat\u00e1rozata a Doktori Szab\u00e1lyzat \u00e9s a 2016. szeptember 1. napj\u00e1t k\u00f6vet\u0151en megkezdett doktori k\u00e9pz\u00e9s \u00e9s fokozatszerz\u00e9si elj\u00e1r\u00e1s szab\u00e1lyai egyes rendelkez\u00e9seinek m\u00f3dos\u00edt\u00e1s\u00e1r\u00f3l<\/a><br \/>\n<a href=\"https:\/\/semmelweis.hu\/jogigfoig\/files\/2018\/06\/63_2018_V_31_sz_SZ_hat.pdf\">63\/2018. (V.31.) sz\u00e1m\u00fa hat\u00e1rozata az Egyetem eg\u00e9sz\u00e9re kiterjed\u0151 hat\u00e1sk\u00f6rrel rendelkez\u0151 \u00e1lland\u00f3 feladat\u00fa bizotts\u00e1gok, valamint a karokon m\u0171k\u00f6d\u0151 \u00e1lland\u00f3 bizotts\u00e1gok \u00fcgyrendj\u00e9nek a j\u00f3v\u00e1hagy\u00e1sr\u00f3l<\/a><\/p>\n<p><a href=\"https:\/\/semmelweis.hu\/jogigfoig\/testuletek\/szenatus\/2018-evi-szenatusi-hatarozatok\/2018-majus-31\/63-2018-v-31-sz-sz-hat-egyetemi-aok-fok-etk-pak-bizottsagok-egyseges-ugyrend-melleklet-egyetemi\/\">63\/2018. (V. 31.) sz. SZ hat. Egyetemi, \u00c1OK, FOK, ETK, PAK Bizotts\u00e1gok egys\u00e9ges \u00fcgyrend mell\u00e9klet &#8211; Egyetemi<\/a><br \/>\n<a href=\"https:\/\/semmelweis.hu\/jogigfoig\/testuletek\/szenatus\/2018-evi-szenatusi-hatarozatok\/2018-majus-31\/63-2018-v-31-sz-sz-hat-egyetemi-aok-fok-etk-pak-bizottsagok-egyseges-ugyrend-melleklet-aok\/\">63\/2018. (V. 31.) sz. SZ hat. Egyetemi, \u00c1OK, FOK, ETK, PAK Bizotts\u00e1gok egys\u00e9ges \u00fcgyrend mell\u00e9klet &#8211; \u00c1OK<\/a><br \/>\n<a href=\"https:\/\/semmelweis.hu\/jogigfoig\/testuletek\/szenatus\/2018-evi-szenatusi-hatarozatok\/2018-majus-31\/63-2018-v-31-sz-sz-hat-egyetemi-aok-fok-etk-pak-bizottsagok-egyseges-ugyrend-melleklet-etk\/\">63\/2018. (V. 31.) sz. SZ hat. Egyetemi, \u00c1OK, FOK, ETK, PAK Bizotts\u00e1gok egys\u00e9ges \u00fcgyrend mell\u00e9klet &#8211; ETK<\/a><br \/>\n<a href=\"https:\/\/semmelweis.hu\/jogigfoig\/testuletek\/szenatus\/2018-evi-szenatusi-hatarozatok\/2018-majus-31\/63-2018-v-31-sz-sz-hat-egyetemi-aok-fok-etk-pak-bizottsagok-egyseges-ugyrend-melleklet-fok\/\">63\/2018. (V. 31.) sz. SZ hat. Egyetemi, \u00c1OK, FOK, ETK, PAK Bizotts\u00e1gok egys\u00e9ges \u00fcgyrend mell\u00e9klet &#8211; FOK<\/a><br \/>\n<a href=\"https:\/\/semmelweis.hu\/jogigfoig\/testuletek\/szenatus\/2018-evi-szenatusi-hatarozatok\/2018-majus-31\/63-2018-v-31-sz-sz-hat-egyetemi-aok-fok-etk-pak-bizottsagok-egyseges-ugyrend-melleklet-pak\/\">63\/2018. (V. 31.) sz. SZ hat. Egyetemi, \u00c1OK, FOK, ETK, PAK Bizotts\u00e1gok egys\u00e9ges \u00fcgyrend mell\u00e9klet &#8211; PAK<\/a><\/p>\n<p><a href=\"https:\/\/semmelweis.hu\/jogigfoig\/files\/2018\/06\/64_2018_V_31_sz_SZ_hat.pdf\">64\/2018. (V.31.) sz\u00e1m\u00fa hat\u00e1rozata a 2018. \u00e9vi Hugonnai Vilma jutalomd\u00edj adom\u00e1nyoz\u00e1s\u00e1r\u00f3l<\/a><br \/>\n<a href=\"https:\/\/semmelweis.hu\/jogigfoig\/files\/2018\/06\/65_2018_V_31_sz_SZ_hat.pdf\">65\/2018. (V.31.) sz\u00e1m\u00fa hat\u00e1rozata a 2018. \u00e9vi Huzella Tivadar jutalomd\u00edj adom\u00e1nyoz\u00e1s\u00e1r\u00f3l<\/a><br \/>\n<a href=\"https:\/\/semmelweis.hu\/jogigfoig\/files\/2018\/06\/66_2018_V_31_sz_SZ_hat.pdf\">66\/2018. (V.31.) sz\u00e1m\u00fa hat\u00e1rozata a 2018. \u00e9vi Jendrassik Ern\u0151 jutalomd\u00edj adom\u00e1nyoz\u00e1s\u00e1r\u00f3l<\/a><br \/>\n<a href=\"https:\/\/semmelweis.hu\/jogigfoig\/files\/2018\/06\/67_2018_V_31_sz_SZ_hat.pdf\">67\/2018. (V.31.) sz\u00e1m\u00fa hat\u00e1rozata a 2018. \u00e9vi Semmelweis Ign\u00e1c jutalomd\u00edj adom\u00e1nyoz\u00e1s\u00e1r\u00f3l<\/a><br \/>\n<a href=\"https:\/\/semmelweis.hu\/jogigfoig\/files\/2018\/06\/68_2018_V_31_sz_SZ_hat.pdf\">68\/2018. (V.31.) sz\u00e1m\u00fa hat\u00e1rozata a Gy\u00f3gyszer\u00e9sztudom\u00e1nyi Kar k\u00e9pvisel\u0151j\u00e9nek megv\u00e1laszt\u00e1sa az Egyetemi Doktori Tan\u00e1csba<\/a><br \/>\n<a href=\"https:\/\/semmelweis.hu\/jogigfoig\/files\/2018\/06\/N_V_31_2018_V_31_sz_SZ_hat_.pdf\">N-V.31.\/2018. sz\u00e1m\u00fa hat\u00e1rozata a szen\u00e1tusi \u00fcl\u00e9s m\u00f3dos\u00edtott napirendi pontjainak elfogad\u00e1s\u00e1r\u00f3l<\/a><\/p>\n","protected":false},"author":101117,"featured_media":0,"parent":10434,"menu_order":6,"comment_status":"closed","ping_status":"closed","template":"","meta":{"_acf_changed":false,"footnotes":""},"categories":[],"tags":[],"class_list":["post-70928","page","type-page","status-publish","hentry"],"acf":[],"_links":{"self":[{"href":"https:\/\/semmelweis.hu\/jogigfoig\/wp-json\/wp\/v2\/pages\/70928","targetHints":{"allow":["GET"]}}],"collection":[{"href":"https:\/\/semmelweis.hu\/jogigfoig\/wp-json\/wp\/v2\/pages"}],"about":[{"href":"https:\/\/semmelweis.hu\/jogigfoig\/wp-json\/wp\/v2\/types\/page"}],"author":[{"embeddable":true,"href":"https:\/\/semmelweis.hu\/jogigfoig\/wp-json\/wp\/v2\/users\/101117"}],"replies":[{"embeddable":true,"href":"https:\/\/semmelweis.hu\/jogigfoig\/wp-json\/wp\/v2\/comments?post=70928"}],"version-history":[{"count":9,"href":"https:\/\/semmelweis.hu\/jogigfoig\/wp-json\/wp\/v2\/pages\/70928\/revisions"}],"predecessor-version":[{"id":71011,"href":"https:\/\/semmelweis.hu\/jogigfoig\/wp-json\/wp\/v2\/pages\/70928\/revisions\/71011"}],"up":[{"embeddable":true,"href":"https:\/\/semmelweis.hu\/jogigfoig\/wp-json\/wp\/v2\/pages\/10434"}],"wp:attachment":[{"href":"https:\/\/semmelweis.hu\/jogigfoig\/wp-json\/wp\/v2\/media?parent=70928"}],"wp:term":[{"taxonomy":"category","embeddable":true,"href":"https:\/\/semmelweis.hu\/jogigfoig\/wp-json\/wp\/v2\/categories?post=70928"},{"taxonomy":"post_tag","embeddable":true,"href":"https:\/\/semmelweis.hu\/jogigfoig\/wp-json\/wp\/v2\/tags?post=70928"}],"curies":[{"name":"wp","href":"https:\/\/api.w.org\/{rel}","templated":true}]}}