{"id":6676,"date":"2017-03-07T15:27:22","date_gmt":"2017-03-07T14:27:22","guid":{"rendered":"http:\/\/semmelweis.hu\/jogigfoig\/?page_id=6676"},"modified":"2020-02-11T11:04:04","modified_gmt":"2020-02-11T10:04:04","slug":"2017-februar-23","status":"publish","type":"page","link":"https:\/\/semmelweis.hu\/jogigfoig\/testuletek\/szenatus\/2017-evi-szenatusi-hatarozatok\/2017-februar-23\/","title":{"rendered":"2017. febru\u00e1r 23."},"content":{"rendered":"<ul>\n<li style=\"text-align: justify\"><a href=\"https:\/\/semmelweis.hu\/jogigfoig\/files\/2017\/03\/8_2017_II_23_szamu_hatarozat_a_Szervezeti_es_Mukodesi_Szabalyzat-nemzeti-fels\u0151oktat\u00e1si-\u00f6szt\u00f6nd\u00edjjal-kapcsolatos-m\u00f3dos\u00edt\u00e1s\u00e1r\u00f3l.pdf\">8\/2017. (II.23.) sz\u00e1m\u00fa hat\u00e1rozata a Szervezeti \u00e9s M\u0171k\u00f6d\u00e9si Szab\u00e1lyzat (SZMR \u00e9s TJSZ) nemzeti fels\u0151oktat\u00e1si \u00f6szt\u00f6nd\u00edjjal kapcsolatos m\u00f3dos\u00edt\u00e1s\u00e1r\u00f3l<\/a><\/li>\n<li style=\"text-align: justify\"><a href=\"https:\/\/semmelweis.hu\/jogigfoig\/files\/2017\/03\/9_II_23_2017_koztars_oszt_dij_szab_mod.pdf\">9\/2017. (II. 23.) sz\u00e1m\u00fa hat\u00e1rozat a k\u00f6zt\u00e1rsas\u00e1gi \u00f6szt\u00f6nd\u00edj p\u00e1ly\u00e1zat elj\u00e1r\u00e1srendj\u00e9r\u0151l sz\u00f3l\u00f3 szab\u00e1lyzat egyes rendelkez\u00e9seinek m\u00f3dos\u00edt\u00e1s\u00e1r\u00f3l<\/a><\/li>\n<li style=\"text-align: justify\"><a href=\"https:\/\/semmelweis.hu\/jogigfoig\/files\/2017\/03\/10_2017_II_23_szamu_hatarozat_a_SZMSZ_III_resz_HKR_IV_fejezet_TJSZ-egyes-rendelkez\u00e9seinek-m\u00f3dos\u00edt\u00e1s\u00e1r\u00f3l.pdf\">10\/2017. (II.23.) sz\u00e1m\u00fa hat\u00e1rozata a Szervezeti \u00e9s M\u0171k\u00f6d\u00e9si Szab\u00e1lyzat III. r\u00e9sz Hallgat\u00f3i k\u00f6vetelm\u00e9nyrendszer IV. fejezet T\u00e9r\u00edt\u00e9si \u00e9s Juttat\u00e1si Szab\u00e1lyzat koll\u00e9giumi t\u00e9r\u00edt\u00e9si d\u00edjjal kapcsolatos m\u00f3dos\u00edt\u00e1s\u00e1r\u00f3l<\/a><\/li>\n<li style=\"text-align: justify\"><a href=\"https:\/\/semmelweis.hu\/jogigfoig\/files\/2017\/03\/11_II_23_2017_OK_Mellkasseb_Klinika_egy_tanari_allashely.pdf\">11\/2017. (II. 23.) sz\u00e1m\u00fa hat\u00e1rozata az \u00c1ltal\u00e1nos Orvostudom\u00e1nyi Kar Mellkasseb\u00e9szeti Klinika egyetemi tan\u00e1ri \u00e1ll\u00e1shely\u00e9re be\u00e9rkezett p\u00e1ly\u00e1zat v\u00e9lem\u00e9nyez\u00e9s\u00e9r\u0151l<\/a><\/li>\n<li style=\"text-align: justify\"><a href=\"https:\/\/semmelweis.hu\/jogigfoig\/files\/2017\/03\/12_II_23_2017_AOK_DH_hivat_vez_helyettesi.pdf\">12\/2017. (II. 23.) sz\u00e1m\u00fa hat\u00e1rozata az \u00c1ltal\u00e1nos Orvostudom\u00e1nyi Kar D\u00e9k\u00e1ni Hivatal hivatalvezet\u0151-helyettesi megb\u00edz\u00e1s\u00e1ra be\u00e9rkezett p\u00e1ly\u00e1zatok v\u00e9lem\u00e9nyez\u00e9s\u00e9r\u0151l<\/a><\/li>\n<li style=\"text-align: justify\"><a href=\"https:\/\/semmelweis.hu\/jogigfoig\/files\/2017\/03\/13_II_23_2017_AOK_DH_titkarsagvezetoi_palyazat.pdf\">13\/2017. (II. 23.) sz\u00e1m\u00fa hat\u00e1rozata az \u00c1ltal\u00e1nos Orvostudom\u00e1nyi Kar D\u00e9k\u00e1ni Hivatal titk\u00e1rs\u00e1gvezet\u0151i megb\u00edz\u00e1s\u00e1ra be\u00e9rkezett p\u00e1ly\u00e1zatok v\u00e9lem\u00e9nyez\u00e9s\u00e9r\u0151l<\/a><\/li>\n<li style=\"text-align: justify\"><a href=\"https:\/\/semmelweis.hu\/jogigfoig\/files\/2017\/03\/14_II_23_2017_EKK_EMK_oper_strat_igazg_helyettesi.pdf\">14\/2017. (II. 23.) sz\u00e1m\u00fa hat\u00e1rozat az EKK Eg\u00e9szs\u00e9g\u00fcgyi Menedzserk\u00e9pz\u0151 K\u00f6zpont operat\u00edv igazgat\u00f3helyettesi \u00e9s strat\u00e9giai igazgat\u00f3helyettesi p\u00e1ly\u00e1zatok v\u00e9lem\u00e9nyez\u00e9s\u00e9r\u0151l<\/a><\/li>\n<li style=\"text-align: justify\"><a href=\"https:\/\/semmelweis.hu\/jogigfoig\/files\/2017\/03\/15_II_23_2017_ETK_Morfol_Fiziol_Tanszek_tud_tanacsadoi_palyazat.pdf\">15\/2017. (II. 23.) sz\u00e1m\u00fa hat\u00e1rozat az ETK Alapoz\u00f3 Eg\u00e9szs\u00e9gtudom\u00e1nyi Int\u00e9zet Morfol\u00f3giai \u00e9s Fiziol\u00f3giai Tansz\u00e9k tudom\u00e1nyos tan\u00e1csad\u00f3i p\u00e1ly\u00e1zat v\u00e9lem\u00e9nyez\u00e9s\u00e9r\u0151l<\/a><\/li>\n<li style=\"text-align: justify\"><a href=\"https:\/\/semmelweis.hu\/jogigfoig\/files\/2017\/03\/16_II_23_2017_ETT_ugyrend.pdf\">16\/2017. (II. 23.) sz\u00e1m\u00fa hat\u00e1rozata az Egyetemi Tudom\u00e1nyos Tan\u00e1cs \u00fcgyrendje elfogad\u00e1s\u00e1r\u00f3l<\/a><\/li>\n<li style=\"text-align: justify\"><a href=\"https:\/\/semmelweis.hu\/jogigfoig\/files\/2017\/03\/17_II_27_2017_beszamolo_a_bizottsagok_munkajarol.pdf\">17\/2017. (II. 23.) sz\u00e1m\u00fa hat\u00e1rozata a Szen\u00e1tus \u00e1ltal l\u00e9trehozott, Karokon m\u0171k\u00f6d\u0151 \u00e1lland\u00f3 bizotts\u00e1gok (Tanulm\u00e1nyi \u00e9s Vizsga Bizotts\u00e1g, Szoci\u00e1lis \u00e9s Es\u00e9lyegyenl\u0151s\u00e9gi Bizotts\u00e1g, Kredit\u00e1tviteli Bizotts\u00e1g, Etikai \u00e9s Fegyelmi Bizotts\u00e1g) munk\u00e1j\u00e1r\u00f3l sz\u00f3l\u00f3 besz\u00e1mol\u00f3kr\u00f3l<\/a><\/li>\n<li style=\"text-align: justify\"><a href=\"https:\/\/semmelweis.hu\/jogigfoig\/files\/2017\/03\/18_II_23_2017_EKK_MHI_szoc_munkaMSc_mintatanterv_mod.pdf\">18\/2017. (II. 23.) sz\u00e1m\u00fa hat\u00e1rozata az Eg\u00e9szs\u00e9g\u00fcgyi K\u00f6zszolg\u00e1lati Kar Ment\u00e1lhigi\u00e9n\u00e9 Int\u00e9zet szoci\u00e1lis munka mesterk\u00e9pz\u00e9si szak mintatanterve m\u00f3dos\u00edt\u00e1s\u00e1r\u00f3l<\/a><\/li>\n<li style=\"text-align: justify\"><a href=\"https:\/\/semmelweis.hu\/jogigfoig\/files\/2017\/03\/19_II_23_2017_EMK_eu_menedzs_MSC_mintatanterv_mod.pdf\">19\/2017. (II. 23.) sz\u00e1m\u00fa hat\u00e1rozata az Eg\u00e9szs\u00e9g\u00fcgyi K\u00f6zszolg\u00e1lati Kar Eg\u00e9szs\u00e9g\u00fcgyi Menedzserk\u00e9pz\u0151 K\u00f6zpont eg\u00e9szs\u00e9g\u00fcgyi menedzser mesterk\u00e9pz\u00e9si szak mintatanterve m\u00f3dos\u00edt\u00e1s\u00e1r\u00f3l<\/a><\/li>\n<li style=\"text-align: justify\"><a href=\"https:\/\/semmelweis.hu\/jogigfoig\/files\/2017\/03\/20_II_23_2017_EKK_MHI_mentalhigiene_mintatanterv_mod.pdf\">20\/2017. ( II. 23.) sz\u00e1m\u00fa hat\u00e1rozata az Eg\u00e9szs\u00e9g\u00fcgyi K\u00f6zszolg\u00e1lati Kar Ment\u00e1lhigi\u00e9n\u00e9 Int\u00e9zet ment\u00e1lhigi\u00e9n\u00e9 szakir\u00e1ny\u00fa tov\u00e1bbk\u00e9pz\u00e9si szak mintatanterve m\u00f3dos\u00edt\u00e1s\u00e1r\u00f3l<\/a><\/li>\n<li style=\"text-align: justify\"><a href=\"https:\/\/semmelweis.hu\/jogigfoig\/files\/2017\/03\/21_II_23_2017_EKK_MHI_integralt_szulo_cseccsemo_mintatanterv_mod.pdf\">21\/2017. ( II. 23.) sz\u00e1m\u00fa hat\u00e1rozata az Eg\u00e9szs\u00e9g\u00fcgyi K\u00f6zszolg\u00e1lati Kar Ment\u00e1lhigi\u00e9n\u00e9 Int\u00e9zet integr\u00e1lt sz\u00fcl\u0151-csecsem\u0151 konzult\u00e1ci\u00f3 szakir\u00e1ny\u00fa tov\u00e1bbk\u00e9pz\u00e9si szak mintatanterve m\u00f3dos\u00edt\u00e1s\u00e1r\u00f3l<\/a><\/li>\n<li style=\"text-align: justify\"><a href=\"https:\/\/semmelweis.hu\/jogigfoig\/files\/2017\/03\/22_II_23_2017_EKK_MHI_szoc_munka_MSc_mesterkepz_szak_mintatanterv_mod.pdf\">22\/2017. ( II. 23.) sz\u00e1m\u00fa hat\u00e1rozata az Eg\u00e9szs\u00e9g\u00fcgyi K\u00f6zszolg\u00e1lati Kar Ment\u00e1lhigi\u00e9n\u00e9 Int\u00e9zet szoci\u00e1lis munka mesterk\u00e9pz\u00e9si szak mintatanterve m\u00f3dos\u00edt\u00e1s\u00e1r\u00f3l<\/a><\/li>\n<li style=\"text-align: justify\"><a href=\"https:\/\/semmelweis.hu\/jogigfoig\/files\/2017\/03\/23_II_23_2017_EKK_MHI_mentalhig_lelkigond_sztsz_mintatanterv_mod.pdf\">23\/2017. (II. 23.) sz\u00e1m\u00fa hat\u00e1rozata az Eg\u00e9szs\u00e9g\u00fcgyi K\u00f6zszolg\u00e1lati Kar Ment\u00e1lhigi\u00e9n\u00e9 Int\u00e9zet ment\u00e1lhigi\u00e9n\u00e9s lelkigondoz\u00f3 szakir\u00e1ny\u00fa tov\u00e1bbk\u00e9pz\u00e9si szak mintatanterv\u00e9nek v\u00e1ltoz\u00e1s\u00e1r\u00f3l<\/a><\/li>\n<li style=\"text-align: justify\"><a href=\"https:\/\/semmelweis.hu\/jogigfoig\/files\/2017\/03\/24_II_23_2017_EKK_DEI_eu_szervezo_tanterv_mod.pdf\">24\/2017. (II. 23.) sz\u00e1m\u00fa hat\u00e1rozata az Eg\u00e9szs\u00e9g\u00fcgyi K\u00f6zszolg\u00e1lati Kar Digit\u00e1lis Eg\u00e9szs\u00e9gtudom\u00e1nyi Int\u00e9zet eg\u00e9szs\u00e9g\u00fcgyi szervez\u0151 alapk\u00e9pz\u00e9si szak tanterv\u00e9nek \u00e9s tant\u00e1rgyi programj\u00e1nak v\u00e1ltoz\u00e1s\u00e1r\u00f3l<\/a><\/li>\n<li style=\"text-align: justify\"><a href=\"https:\/\/semmelweis.hu\/jogigfoig\/files\/2017\/03\/25_II_23_2017_egyes-szabalyzatok_deregulacios_hatalyon_kivul_helyezese.pdf\">25\/2017. (II. 23.) sz\u00e1m\u00fa hat\u00e1rozata az Egyes egyetemi szab\u00e1lyzatok deregul\u00e1ci\u00f3s c\u00e9l\u00fa hat\u00e1lyon k\u00edv\u00fcl helyez\u00e9s\u00e9r\u0151l \u00e9s a Drogmegel\u0151z\u00e9si Bizotts\u00e1g megsz\u00fcntet\u00e9s\u00e9r\u0151l<\/a><\/li>\n<li style=\"text-align: justify\"><a href=\"https:\/\/semmelweis.hu\/jogigfoig\/files\/2017\/03\/26_II_23_2017_EKK_EtikaiFegyelmiBizotts.pdf\">26\/2017. (II. 23.) sz\u00e1m\u00fa hat\u00e1rozata az Eg\u00e9szs\u00e9g\u00fcgyi K\u00f6zszolg\u00e1lati Karon m\u0171k\u00f6d\u0151 Fegyelmi \u00e9s Etikai Bizotts\u00e1g elnevez\u00e9s\u00e9r\u0151l, valamint az elnevez\u00e9s Etikai \u00e9s Fegyelmi Bizotts\u00e1gra val\u00f3 v\u00e1ltoztat\u00e1sr\u00f3l sz\u00f3l\u00f3 t\u00e1j\u00e9koztat\u00e1s tudom\u00e1sulv\u00e9tel\u00e9r\u0151l<\/a><\/li>\n<li style=\"text-align: justify\"><a href=\"https:\/\/semmelweis.hu\/jogigfoig\/files\/2017\/03\/30_2017_II_23_TVSZ-mod_v.pdf\">30\/2017. (III.29.) sz\u00e1m\u00fa hat\u00e1rozata a Semmelweis Egyetem Szervezeti \u00e9s M\u0171k\u00f6d\u00e9si Szab\u00e1lyzat II. r\u00e9sz Hallgat\u00f3i k\u00f6vetelm\u00e9nyrendszer III. fejezet az Egyetem Kreditrendszer\u0171 Tanulm\u00e1nyi \u00e9s Vizsgaszab\u00e1lyzat\u00e1r\u00f3l (a hallgat\u00f3i tanulm\u00e1nyi rend \u00e9s az ismeretek, k\u00e9szs\u00e9gek \u00e9s k\u00e9pess\u00e9gek elsaj\u00e1t\u00edt\u00e1s\u00e1nak, megszerz\u00e9s\u00e9nek, ellen\u0151rz\u00e9s\u00e9nek rendje) III\/I. az \u00c1ltal\u00e1nos Orvostudom\u00e1nyi Kar, a Fogorvostudom\u00e1nyi Kar, \u00e9s a Gy\u00f3gyszer\u00e9sztudom\u00e1nyi Kar Kreditrendszer\u0171 Tanulm\u00e1nyi \u00e9s Vizsgaszab\u00e1lyzat\u00e1nak egyes rendelkez\u00e9seinek m\u00f3dos\u00edt\u00e1s\u00e1r\u00f3l<\/a><\/li>\n<li style=\"text-align: justify\"><a href=\"https:\/\/semmelweis.hu\/jogigfoig\/files\/2017\/03\/N_II_23_2017_napirend_elfog.pdf\">N-II. 23.\/2017. sz\u00e1m\u00fa hat\u00e1rozata a szen\u00e1tusi \u00fcl\u00e9s m\u00f3dos\u00edtott napirendi pontjainak elfogad\u00e1s\u00e1r\u00f3l<\/a><\/li>\n<\/ul>\n","protected":false},"excerpt":{"rendered":"<p><a href=\"https:\/\/semmelweis.hu\/jogigfoig\/files\/2017\/03\/8_2017_II_23_szamu_hatarozat_a_Szervezeti_es_Mukodesi_Szabalyzat-nemzeti-fels\u0151oktat\u00e1si-\u00f6szt\u00f6nd\u00edjjal-kapcsolatos-m\u00f3dos\u00edt\u00e1s\u00e1r\u00f3l.pdf\">8\/2017. (II.23.) sz\u00e1m\u00fa hat\u00e1rozata a Szervezeti \u00e9s M\u0171k\u00f6d\u00e9si Szab\u00e1lyzat (SZMR \u00e9s TJSZ) nemzeti fels\u0151oktat\u00e1si \u00f6szt\u00f6nd\u00edjjal kapcsolatos m\u00f3dos\u00edt\u00e1s\u00e1r\u00f3l<\/a><br \/>\n<a href=\"https:\/\/semmelweis.hu\/jogigfoig\/files\/2017\/03\/9_II_23_2017_koztars_oszt_dij_szab_mod.pdf\">9\/2017. (II. 23.) sz\u00e1m\u00fa hat\u00e1rozat a k\u00f6zt\u00e1rsas\u00e1gi \u00f6szt\u00f6nd\u00edj p\u00e1ly\u00e1zat elj\u00e1r\u00e1srendj\u00e9r\u0151l sz\u00f3l\u00f3 szab\u00e1lyzat egyes rendelkez\u00e9seinek m\u00f3dos\u00edt\u00e1s\u00e1r\u00f3l<\/a><br \/>\n<a href=\"https:\/\/semmelweis.hu\/jogigfoig\/files\/2017\/03\/10_2017_II_23_szamu_hatarozat_a_SZMSZ_III_resz_HKR_IV_fejezet_TJSZ-egyes-rendelkez\u00e9seinek-m\u00f3dos\u00edt\u00e1s\u00e1r\u00f3l.pdf\">10\/2017. (II.23.) sz\u00e1m\u00fa hat\u00e1rozata a Szervezeti \u00e9s M\u0171k\u00f6d\u00e9si Szab\u00e1lyzat III. r\u00e9sz Hallgat\u00f3i k\u00f6vetelm\u00e9nyrendszer IV. fejezet T\u00e9r\u00edt\u00e9si \u00e9s Juttat\u00e1si Szab\u00e1lyzat koll\u00e9giumi t\u00e9r\u00edt\u00e9si d\u00edjjal kapcsolatos m\u00f3dos\u00edt\u00e1s\u00e1r\u00f3l<\/a><br \/>\n<a href=\"https:\/\/semmelweis.hu\/jogigfoig\/files\/2017\/03\/11_II_23_2017_OK_Mellkasseb_Klinika_egy_tanari_allashely.pdf\">11\/2017. (II. 23.) sz\u00e1m\u00fa hat\u00e1rozata az \u00c1ltal\u00e1nos Orvostudom\u00e1nyi Kar Mellkasseb\u00e9szeti Klinika egyetemi tan\u00e1ri \u00e1ll\u00e1shely\u00e9re be\u00e9rkezett p\u00e1ly\u00e1zat v\u00e9lem\u00e9nyez\u00e9s\u00e9r\u0151l<\/a><br \/>\n<a href=\"https:\/\/semmelweis.hu\/jogigfoig\/files\/2017\/03\/12_II_23_2017_AOK_DH_hivat_vez_helyettesi.pdf\">12\/2017. (II. 23.) sz\u00e1m\u00fa hat\u00e1rozata az \u00c1ltal\u00e1nos Orvostudom\u00e1nyi Kar D\u00e9k\u00e1ni Hivatal hivatalvezet\u0151-helyettesi megb\u00edz\u00e1s\u00e1ra be\u00e9rkezett p\u00e1ly\u00e1zatok v\u00e9lem\u00e9nyez\u00e9s\u00e9r\u0151l<\/a><br \/>\n<a href=\"https:\/\/semmelweis.hu\/jogigfoig\/files\/2017\/03\/13_II_23_2017_AOK_DH_titkarsagvezetoi_palyazat.pdf\">13\/2017. (II. 23.) sz\u00e1m\u00fa hat\u00e1rozata az \u00c1ltal\u00e1nos Orvostudom\u00e1nyi Kar D\u00e9k\u00e1ni Hivatal titk\u00e1rs\u00e1gvezet\u0151i megb\u00edz\u00e1s\u00e1ra be\u00e9rkezett p\u00e1ly\u00e1zatok v\u00e9lem\u00e9nyez\u00e9s\u00e9r\u0151l<\/a><br \/>\n<a href=\"https:\/\/semmelweis.hu\/jogigfoig\/files\/2017\/03\/14_II_23_2017_EKK_EMK_oper_strat_igazg_helyettesi.pdf\">14\/2017. (II. 23.) sz\u00e1m\u00fa hat\u00e1rozat az EKK Eg\u00e9szs\u00e9g\u00fcgyi Menedzserk\u00e9pz\u0151 K\u00f6zpont operat\u00edv igazgat\u00f3helyettesi \u00e9s strat\u00e9giai igazgat\u00f3helyettesi p\u00e1ly\u00e1zatok v\u00e9lem\u00e9nyez\u00e9s\u00e9r\u0151l<\/a><br \/>\n<a href=\"https:\/\/semmelweis.hu\/jogigfoig\/files\/2017\/03\/15_II_23_2017_ETK_Morfol_Fiziol_Tanszek_tud_tanacsadoi_palyazat.pdf\">15\/2017. (II. 23.) sz\u00e1m\u00fa hat\u00e1rozat az ETK Alapoz\u00f3 Eg\u00e9szs\u00e9gtudom\u00e1nyi Int\u00e9zet Morfol\u00f3giai \u00e9s Fiziol\u00f3giai Tansz\u00e9k tudom\u00e1nyos tan\u00e1csad\u00f3i p\u00e1ly\u00e1zat v\u00e9lem\u00e9nyez\u00e9s\u00e9r\u0151l<\/a><br \/>\n<a href=\"https:\/\/semmelweis.hu\/jogigfoig\/files\/2017\/03\/16_II_23_2017_ETT_ugyrend.pdf\">16\/2017. (II. 23.) sz\u00e1m\u00fa hat\u00e1rozata az Egyetemi Tudom\u00e1nyos Tan\u00e1cs \u00fcgyrendje elfogad\u00e1s\u00e1r\u00f3l<\/a><br \/>\n<a href=\"https:\/\/semmelweis.hu\/jogigfoig\/files\/2017\/03\/17_II_27_2017_beszamolo_a_bizottsagok_munkajarol.pdf\">17\/2017. (II. 23.) sz\u00e1m\u00fa hat\u00e1rozata a Szen\u00e1tus \u00e1ltal l\u00e9trehozott, Karokon m\u0171k\u00f6d\u0151 \u00e1lland\u00f3 bizotts\u00e1gok (Tanulm\u00e1nyi \u00e9s Vizsga Bizotts\u00e1g, Szoci\u00e1lis \u00e9s Es\u00e9lyegyenl\u0151s\u00e9gi Bizotts\u00e1g, Kredit\u00e1tviteli Bizotts\u00e1g, Etikai \u00e9s Fegyelmi Bizotts\u00e1g) munk\u00e1j\u00e1r\u00f3l sz\u00f3l\u00f3 besz\u00e1mol\u00f3kr\u00f3l<\/a><br \/>\n<a href=\"https:\/\/semmelweis.hu\/jogigfoig\/files\/2017\/03\/18_II_23_2017_EKK_MHI_szoc_munkaMSc_mintatanterv_mod.pdf\">18\/2017. (II. 23.) sz\u00e1m\u00fa hat\u00e1rozata az Eg\u00e9szs\u00e9g\u00fcgyi K\u00f6zszolg\u00e1lati Kar Ment\u00e1lhigi\u00e9n\u00e9 Int\u00e9zet szoci\u00e1lis munka mesterk\u00e9pz\u00e9si szak mintatanterve m\u00f3dos\u00edt\u00e1s\u00e1r\u00f3l<\/a><br \/>\n<a href=\"https:\/\/semmelweis.hu\/jogigfoig\/files\/2017\/03\/19_II_23_2017_EMK_eu_menedzs_MSC_mintatanterv_mod.pdf\">19\/2017. (II. 23.) sz\u00e1m\u00fa hat\u00e1rozata az Eg\u00e9szs\u00e9g\u00fcgyi K\u00f6zszolg\u00e1lati Kar Eg\u00e9szs\u00e9g\u00fcgyi Menedzserk\u00e9pz\u0151 K\u00f6zpont eg\u00e9szs\u00e9g\u00fcgyi menedzser mesterk\u00e9pz\u00e9si szak mintatanterve m\u00f3dos\u00edt\u00e1s\u00e1r\u00f3l<\/a><br \/>\n<a href=\"https:\/\/semmelweis.hu\/jogigfoig\/files\/2017\/03\/20_II_23_2017_EKK_MHI_mentalhigiene_mintatanterv_mod.pdf\">20\/2017. ( II. 23.) sz\u00e1m\u00fa hat\u00e1rozata az Eg\u00e9szs\u00e9g\u00fcgyi K\u00f6zszolg\u00e1lati Kar Ment\u00e1lhigi\u00e9n\u00e9 Int\u00e9zet ment\u00e1lhigi\u00e9n\u00e9 szakir\u00e1ny\u00fa tov\u00e1bbk\u00e9pz\u00e9si szak mintatanterve m\u00f3dos\u00edt\u00e1s\u00e1r\u00f3l<\/a><br \/>\n<a href=\"https:\/\/semmelweis.hu\/jogigfoig\/files\/2017\/03\/21_II_23_2017_EKK_MHI_integralt_szulo_cseccsemo_mintatanterv_mod.pdf\">21\/2017. ( II. 23.) sz\u00e1m\u00fa hat\u00e1rozata az Eg\u00e9szs\u00e9g\u00fcgyi K\u00f6zszolg\u00e1lati Kar Ment\u00e1lhigi\u00e9n\u00e9 Int\u00e9zet integr\u00e1lt sz\u00fcl\u0151-csecsem\u0151 konzult\u00e1ci\u00f3 szakir\u00e1ny\u00fa tov\u00e1bbk\u00e9pz\u00e9si szak mintatanterve m\u00f3dos\u00edt\u00e1s\u00e1r\u00f3l<\/a><br \/>\n<a href=\"https:\/\/semmelweis.hu\/jogigfoig\/files\/2017\/03\/22_II_23_2017_EKK_MHI_szoc_munka_MSc_mesterkepz_szak_mintatanterv_mod.pdf\">22\/2017. ( II. 23.) sz\u00e1m\u00fa hat\u00e1rozata az Eg\u00e9szs\u00e9g\u00fcgyi K\u00f6zszolg\u00e1lati Kar Ment\u00e1lhigi\u00e9n\u00e9 Int\u00e9zet szoci\u00e1lis munka mesterk\u00e9pz\u00e9si szak mintatanterve m\u00f3dos\u00edt\u00e1s\u00e1r\u00f3l<\/a><br \/>\n<a href=\"https:\/\/semmelweis.hu\/jogigfoig\/files\/2017\/03\/23_II_23_2017_EKK_MHI_mentalhig_lelkigond_sztsz_mintatanterv_mod.pdf\">23\/2017. (II. 23.) sz\u00e1m\u00fa hat\u00e1rozata az Eg\u00e9szs\u00e9g\u00fcgyi K\u00f6zszolg\u00e1lati Kar Ment\u00e1lhigi\u00e9n\u00e9 Int\u00e9zet ment\u00e1lhigi\u00e9n\u00e9s lelkigondoz\u00f3 szakir\u00e1ny\u00fa tov\u00e1bbk\u00e9pz\u00e9si szak mintatanterv\u00e9nek v\u00e1ltoz\u00e1s\u00e1r\u00f3l<\/a><br \/>\n<a href=\"https:\/\/semmelweis.hu\/jogigfoig\/files\/2017\/03\/24_II_23_2017_EKK_DEI_eu_szervezo_tanterv_mod.pdf\">24\/2017. (II. 23.) sz\u00e1m\u00fa hat\u00e1rozata az Eg\u00e9szs\u00e9g\u00fcgyi K\u00f6zszolg\u00e1lati Kar Digit\u00e1lis Eg\u00e9szs\u00e9gtudom\u00e1nyi Int\u00e9zet eg\u00e9szs\u00e9g\u00fcgyi szervez\u0151 alapk\u00e9pz\u00e9si szak tanterv\u00e9nek \u00e9s tant\u00e1rgyi programj\u00e1nak v\u00e1ltoz\u00e1s\u00e1r\u00f3l<\/a><br \/>\n<a href=\"https:\/\/semmelweis.hu\/jogigfoig\/files\/2017\/03\/25_II_23_2017_egyes-szabalyzatok_deregulacios_hatalyon_kivul_helyezese.pdf\">25\/2017. (II. 23.) sz\u00e1m\u00fa hat\u00e1rozata az Egyes egyetemi szab\u00e1lyzatok deregul\u00e1ci\u00f3s c\u00e9l\u00fa hat\u00e1lyon k\u00edv\u00fcl helyez\u00e9s\u00e9r\u0151l \u00e9s a Drogmegel\u0151z\u00e9si Bizotts\u00e1g megsz\u00fcntet\u00e9s\u00e9r\u0151l<\/a><br \/>\n<a href=\"https:\/\/semmelweis.hu\/jogigfoig\/files\/2017\/03\/26_II_23_2017_EKK_EtikaiFegyelmiBizotts.pdf\">26\/2017. (II. 23.) sz\u00e1m\u00fa hat\u00e1rozata az Eg\u00e9szs\u00e9g\u00fcgyi K\u00f6zszolg\u00e1lati Karon m\u0171k\u00f6d\u0151 Fegyelmi \u00e9s Etikai Bizotts\u00e1g elnevez\u00e9s\u00e9r\u0151l, valamint az elnevez\u00e9s Etikai \u00e9s Fegyelmi Bizotts\u00e1gra val\u00f3 v\u00e1ltoztat\u00e1sr\u00f3l sz\u00f3l\u00f3 t\u00e1j\u00e9koztat\u00e1s tudom\u00e1sulv\u00e9tel\u00e9r\u0151l<\/a><br \/>\n<a href=\"https:\/\/semmelweis.hu\/jogigfoig\/files\/2017\/03\/30_2017_II_23_TVSZ-mod_v.pdf\">30\/2017. (III.29.) sz\u00e1m\u00fa hat\u00e1rozata a Semmelweis Egyetem Szervezeti \u00e9s M\u0171k\u00f6d\u00e9si Szab\u00e1lyzat II. r\u00e9sz Hallgat\u00f3i k\u00f6vetelm\u00e9nyrendszer III. fejezet az Egyetem Kreditrendszer\u0171 Tanulm\u00e1nyi \u00e9s Vizsgaszab\u00e1lyzat\u00e1r\u00f3l (a hallgat\u00f3i tanulm\u00e1nyi rend \u00e9s az ismeretek, k\u00e9szs\u00e9gek \u00e9s k\u00e9pess\u00e9gek elsaj\u00e1t\u00edt\u00e1s\u00e1nak, megszerz\u00e9s\u00e9nek, ellen\u0151rz\u00e9s\u00e9nek rendje) III\/I. az \u00c1ltal\u00e1nos Orvostudom\u00e1nyi Kar, a Fogorvostudom\u00e1nyi Kar, \u00e9s a Gy\u00f3gyszer\u00e9sztudom\u00e1nyi Kar Kreditrendszer\u0171 Tanulm\u00e1nyi \u00e9s Vizsgaszab\u00e1lyzat\u00e1nak egyes rendelkez\u00e9seinek m\u00f3dos\u00edt\u00e1s\u00e1r\u00f3l<\/a><br \/>\n<a href=\"https:\/\/semmelweis.hu\/jogigfoig\/files\/2017\/03\/N_II_23_2017_napirend_elfog.pdf\">N-II. 23.\/2017. sz\u00e1m\u00fa hat\u00e1rozata a szen\u00e1tusi \u00fcl\u00e9s m\u00f3dos\u00edtott napirendi pontjainak elfogad\u00e1s\u00e1r\u00f3l<\/a><\/p>\n","protected":false},"author":12,"featured_media":0,"parent":7832,"menu_order":2,"comment_status":"closed","ping_status":"closed","template":"","meta":{"_acf_changed":false,"footnotes":""},"categories":[1],"tags":[],"class_list":["post-6676","page","type-page","status-publish","hentry","category-egyeb"],"acf":[],"_links":{"self":[{"href":"https:\/\/semmelweis.hu\/jogigfoig\/wp-json\/wp\/v2\/pages\/6676","targetHints":{"allow":["GET"]}}],"collection":[{"href":"https:\/\/semmelweis.hu\/jogigfoig\/wp-json\/wp\/v2\/pages"}],"about":[{"href":"https:\/\/semmelweis.hu\/jogigfoig\/wp-json\/wp\/v2\/types\/page"}],"author":[{"embeddable":true,"href":"https:\/\/semmelweis.hu\/jogigfoig\/wp-json\/wp\/v2\/users\/12"}],"replies":[{"embeddable":true,"href":"https:\/\/semmelweis.hu\/jogigfoig\/wp-json\/wp\/v2\/comments?post=6676"}],"version-history":[{"count":6,"href":"https:\/\/semmelweis.hu\/jogigfoig\/wp-json\/wp\/v2\/pages\/6676\/revisions"}],"predecessor-version":[{"id":8226,"href":"https:\/\/semmelweis.hu\/jogigfoig\/wp-json\/wp\/v2\/pages\/6676\/revisions\/8226"}],"up":[{"embeddable":true,"href":"https:\/\/semmelweis.hu\/jogigfoig\/wp-json\/wp\/v2\/pages\/7832"}],"wp:attachment":[{"href":"https:\/\/semmelweis.hu\/jogigfoig\/wp-json\/wp\/v2\/media?parent=6676"}],"wp:term":[{"taxonomy":"category","embeddable":true,"href":"https:\/\/semmelweis.hu\/jogigfoig\/wp-json\/wp\/v2\/categories?post=6676"},{"taxonomy":"post_tag","embeddable":true,"href":"https:\/\/semmelweis.hu\/jogigfoig\/wp-json\/wp\/v2\/tags?post=6676"}],"curies":[{"name":"wp","href":"https:\/\/api.w.org\/{rel}","templated":true}]}}