{"id":6433,"date":"2017-01-30T14:45:07","date_gmt":"2017-01-30T13:45:07","guid":{"rendered":"http:\/\/semmelweis.hu\/jogigfoig\/?page_id=6433"},"modified":"2024-11-19T08:51:00","modified_gmt":"2024-11-19T07:51:00","slug":"kulso-megbizasu-klinikai-es-nemklinikai-vizsgalatok-szabalyai-archivum","status":"publish","type":"page","link":"https:\/\/semmelweis.hu\/jogigfoig\/dokumentumtar\/szabalyzattar-archivum\/kulso-megbizasu-klinikai-es-nemklinikai-vizsgalatok-szabalyai-archivum\/","title":{"rendered":"Klinikai kutat\u00e1sok-vizsg\u00e1latok szab\u00e1lyzata (Arch\u00edvum)"},"content":{"rendered":"<div class=\"responsive-tabs\">\n<h2 class=\"tabtitle\">Szab\u00e1lyzat arch\u00edv v\u00e1ltozatai<\/h2>\n<div class=\"tabcontent\">\n\n<ul>\n<li style=\"text-align: justify\"><a href=\"https:\/\/semmelweis.hu\/jogigfoig\/files\/2017\/10\/Klinikai_vizsgalatok_szabalyai_hataly_2017XI01.pdf\" target=\"_blank\" rel=\"noopener noreferrer\">2022. augusztus 4-ig<\/a><\/li>\n<li><a href=\"https:\/\/semmelweis.hu\/jogigfoig\/files\/2022\/08\/Klinikai_kutatasok_vizsgalatok_szabalyzata_hatalyos_2022_08_05_tol.pdf\">2022. augusztus 5 &#8211; 2022. december 20.<\/a>\n<ul>\n<li><strong>English version:<\/strong>\u00a0<a href=\"https:\/\/semmelweis.hu\/jogigfoig\/files\/2022\/09\/Klinikai_kut-vizsg_szabalyzata_hatalyos_2022.08.05-tol_eng-US_kozze.pdf\">Regulations for clinical research trials<\/a><\/li>\n<li><strong>Deutsche Version:\u00a0<\/strong><a href=\"https:\/\/semmelweis.hu\/jogigfoig\/files\/2022\/12\/Klinikai-kutatasok-vizsgalatok-szabalyzata_20220805_GER.pdf\">Vorschriften f\u00fcr klinische Forschungsversuche<\/a><\/li>\n<\/ul>\n<\/li>\n<li><a href=\"https:\/\/semmelweis.hu\/jogigfoig\/files\/2023\/01\/Klinikai-kutatasok-vizsgalatok-szabalyzata_hatalyos_2022.XII_.21.pdf\">2022. december 21 &#8211; 2024. j\u00falius 5.<\/a>\n<ul>\n<li><strong>English version:<\/strong>\u00a0<a href=\"https:\/\/semmelweis.hu\/jogigfoig\/files\/2024\/02\/Klinikai_kut-vizsg_szab_ENG_2022.12.21.pdf\">Regulations for clinical research trials<\/a><\/li>\n<li><strong>Deutsche Version:\u00a0<\/strong><a href=\"https:\/\/semmelweis.hu\/jogigfoig\/files\/2024\/02\/Klinikai_kut-vizsg_szab_GER_2022.12.21.pdf\">Vorschriften f\u00fcr klinische Forschungsversuche<\/a><\/li>\n<\/ul>\n<\/li>\n<li><a href=\"https:\/\/semmelweis.hu\/jogigfoig\/files\/2024\/09\/Klinikai_kutatasok_vizsgalatok_szabalyzata_hataly_2024.07.06_jav240912.pdf\">2024. j\u00falius 6 &#8211; 2024. okt\u00f3ber 31.<\/a>\n<ul>\n<li><strong>English version: <\/strong><a href=\"https:\/\/semmelweis.hu\/jogigfoig\/files\/2024\/09\/Klinikai_kutatasok_vizsgalatok_szabalyzata_hataly_2024.07.06_eng-US.pdf\">Policy for Clinical Researches and Trials<\/a><\/li>\n<li><strong>Deutsche Version:\u00a0<\/strong><a href=\"https:\/\/semmelweis.hu\/jogigfoig\/files\/2024\/09\/Klinikai_kutatasok_vizsgalatok_szabalyzata_hataly_2024.07.06_ger.pdf\">Regelung f\u00fcr klinische Forschungen und Versuche<\/a><\/li>\n<\/ul>\n<\/li>\n<\/ul>\n<p><strong>A szab\u00e1lyzat mell\u00e9kletei:<\/strong>\u00a0<\/p>\n<ul>\n<li><a href=\"https:\/\/semmelweis.hu\/jogigfoig\/files\/2018\/07\/Klinikai_vizsgalatok_szabalyai_4_szamu_mellekletek_hataly_2017XI01_tol.docx\">4. sz\u00e1m\u00fa mell\u00e9klet<\/a>\u00a0<strong>(docx)<\/strong><\/li>\n<li><a href=\"https:\/\/semmelweis.hu\/jogigfoig\/files\/2018\/07\/Klinikai_vizsgalatok_szabalyai_5_szamu_mellekletek_hataly_2017XI01_tol.docx\">5. sz\u00e1m\u00fa mell\u00e9klet<\/a> <strong>(docx)<\/strong><\/li>\n<li><a href=\"https:\/\/semmelweis.hu\/jogigfoig\/files\/2018\/07\/Klinikai_vizsgalatok_szabalyai_6_szamu_mellekletek_hataly_2017XI01_tol.docx\">6. sz\u00e1m\u00fa mell\u00e9klet<\/a> <strong>(docx)<\/strong><\/li>\n<li><a href=\"https:\/\/semmelweis.hu\/jogigfoig\/files\/2018\/07\/Klinikai_vizsgalatok_szabalyai_7_szamu_mellekletek_hataly_2017XI01_tol.docx\">7. sz\u00e1m\u00fa mell\u00e9klet<\/a> <strong>(docx)<\/strong><\/li>\n<li><a href=\"https:\/\/semmelweis.hu\/jogigfoig\/files\/2018\/07\/Klinikai_vizsgalatok_szabalyai_10_szamu_mellekletek_hataly_2017XI01_tol.docx\">10. sz\u00e1m\u00fa mell\u00e9klet<\/a> <strong>(docx)<\/strong><\/li>\n<\/ul>\n<p>&nbsp;<\/p>\n\n<\/div><h2 class=\"tabtitle\">Hat\u00e1lyon k\u00edv\u00fcl helyezett <br \/>\nhat\u00e1rozatok<\/h2>\n<div class=\"tabcontent\">\n\n<ul>\n<li><a href=\"https:\/\/semmelweis.hu\/jogigfoig\/files\/2017\/10\/137_2015_XI_26_szenatusi_hatarozat.pdf\">137\/2015. (XI.26.)<\/a><\/li>\n<li><a href=\"https:\/\/semmelweis.hu\/jogigfoig\/files\/2017\/01\/90_2016_VI_29_kulso_megbizasu_klinikai_nemklinikai_mod_2_alairt.pdf\">90\/2016. (VI.29.)<\/a><\/li>\n<li><a href=\"https:\/\/semmelweis.hu\/jogigfoig\/files\/2017\/01\/131_2016_XI_24_Kulso_megbizasu_klinikai_es_nem_klinikai_mod_3.pdf\">131\/2016. (XI.24.)<\/a><\/li>\n<li><a href=\"https:\/\/semmelweis.hu\/jogigfoig\/files\/2017\/10\/125_2017_X_26_szenatusi_hatarozat.pdf\">125\/2017.(X.26.)<\/a><\/li>\n<\/ul>\n<\/div><\/div>\n","protected":false},"excerpt":{"rendered":"<p><a href=\"https:\/\/semmelweis.hu\/jogigfoig\/files\/2017\/10\/Klinikai_vizsgalatok_szabalyai_hataly_2017XI01.pdf\" target=\"_blank\" rel=\"noopener noreferrer\">2022. augusztus 4-ig<\/a><br \/>\n<a href=\"https:\/\/semmelweis.hu\/jogigfoig\/files\/2022\/08\/Klinikai_kutatasok_vizsgalatok_szabalyzata_hatalyos_2022_08_05_tol.pdf\">2022. augusztus 5 &#8211; 2022. december 20.<\/a><\/p>\n<p>English version:\u00a0<a href=\"https:\/\/semmelweis.hu\/jogigfoig\/files\/2022\/09\/Klinikai_kut-vizsg_szabalyzata_hatalyos_2022.08.05-tol_eng-US_kozze.pdf\">Regulations for clinical research trials<\/a><br \/>\nDeutsche Version:\u00a0<a href=\"https:\/\/semmelweis.hu\/jogigfoig\/files\/2022\/12\/Klinikai-kutatasok-vizsgalatok-szabalyzata_20220805_GER.pdf\">Vorschriften f\u00fcr klinische Forschungsversuche<\/a><\/p>\n<p><a href=\"https:\/\/semmelweis.hu\/jogigfoig\/files\/2023\/01\/Klinikai-kutatasok-vizsgalatok-szabalyzata_hatalyos_2022.XII_.21.pdf\">2022. december 21 &#8211; 2024. j\u00falius 5.<\/a><\/p>\n<p>English version:\u00a0<a href=\"https:\/\/semmelweis.hu\/jogigfoig\/files\/2024\/02\/Klinikai_kut-vizsg_szab_ENG_2022.12.21.pdf\">Regulations for clinical research trials<\/a><br \/>\nDeutsche Version:\u00a0<a href=\"https:\/\/semmelweis.hu\/jogigfoig\/files\/2024\/02\/Klinikai_kut-vizsg_szab_GER_2022.12.21.pdf\">Vorschriften f\u00fcr klinische Forschungsversuche<\/a><\/p>\n<p><a href=\"https:\/\/semmelweis.hu\/jogigfoig\/files\/2024\/09\/Klinikai_kutatasok_vizsgalatok_szabalyzata_hataly_2024.07.06_jav240912.pdf\">2024. j\u00falius 6 &#8211; 2024. okt\u00f3ber 31.<\/a><\/p>\n<p>English version: <a href=\"https:\/\/semmelweis.hu\/jogigfoig\/files\/2024\/09\/Klinikai_kutatasok_vizsgalatok_szabalyzata_hataly_2024.07.06_eng-US.pdf\">Policy for Clinical Researches and Trials<\/a><br \/>\nDeutsche Version:\u00a0<a href=\"https:\/\/semmelweis.hu\/jogigfoig\/files\/2024\/09\/Klinikai_kutatasok_vizsgalatok_szabalyzata_hataly_2024.07.06_ger.pdf\">Regelung f\u00fcr klinische Forschungen und Versuche<\/a><\/p>\n<p>A szab\u00e1lyzat mell\u00e9kletei:\u00a0<\/p>\n<p><a href=\"https:\/\/semmelweis.hu\/jogigfoig\/files\/2018\/07\/Klinikai_vizsgalatok_szabalyai_4_szamu_mellekletek_hataly_2017XI01_tol.docx\">4. sz\u00e1m\u00fa mell\u00e9klet<\/a>\u00a0(docx)<br \/>\n<a href=\"https:\/\/semmelweis.hu\/jogigfoig\/files\/2018\/07\/Klinikai_vizsgalatok_szabalyai_5_szamu_mellekletek_hataly_2017XI01_tol.docx\">5. sz\u00e1m\u00fa mell\u00e9klet<\/a> (docx)<br \/>\n<a href=\"https:\/\/semmelweis.hu\/jogigfoig\/files\/2018\/07\/Klinikai_vizsgalatok_szabalyai_6_szamu_mellekletek_hataly_2017XI01_tol.docx\">6. sz\u00e1m\u00fa mell\u00e9klet<\/a> (docx)<br \/>\n<a href=\"https:\/\/semmelweis.hu\/jogigfoig\/files\/2018\/07\/Klinikai_vizsgalatok_szabalyai_7_szamu_mellekletek_hataly_2017XI01_tol.docx\">7. sz\u00e1m\u00fa mell\u00e9klet<\/a> (docx)<br \/>\n<a href=\"https:\/\/semmelweis.hu\/jogigfoig\/files\/2018\/07\/Klinikai_vizsgalatok_szabalyai_10_szamu_mellekletek_hataly_2017XI01_tol.docx\">10. sz\u00e1m\u00fa mell\u00e9klet<\/a> (docx)<\/p>\n<p>&nbsp;<\/p>\n<p><a href=\"https:\/\/semmelweis.hu\/jogigfoig\/files\/2017\/10\/137_2015_XI_26_szenatusi_hatarozat.pdf\">137\/2015. (XI.26.)<\/a><br \/>\n<a href=\"https:\/\/semmelweis.hu\/jogigfoig\/files\/2017\/01\/90_2016_VI_29_kulso_megbizasu_klinikai_nemklinikai_mod_2_alairt.pdf\">90\/2016. (VI.29.)<\/a><br \/>\n<a href=\"https:\/\/semmelweis.hu\/jogigfoig\/files\/2017\/01\/131_2016_XI_24_Kulso_megbizasu_klinikai_es_nem_klinikai_mod_3.pdf\">131\/2016. (XI.24.)<\/a><br \/>\n<a href=\"https:\/\/semmelweis.hu\/jogigfoig\/files\/2017\/10\/125_2017_X_26_szenatusi_hatarozat.pdf\">125\/2017.(X.26.)<\/a><\/p>\n","protected":false},"author":101117,"featured_media":0,"parent":362,"menu_order":0,"comment_status":"closed","ping_status":"closed","template":"","meta":{"_acf_changed":false,"footnotes":""},"categories":[],"tags":[],"class_list":["post-6433","page","type-page","status-publish","hentry"],"acf":[],"_links":{"self":[{"href":"https:\/\/semmelweis.hu\/jogigfoig\/wp-json\/wp\/v2\/pages\/6433","targetHints":{"allow":["GET"]}}],"collection":[{"href":"https:\/\/semmelweis.hu\/jogigfoig\/wp-json\/wp\/v2\/pages"}],"about":[{"href":"https:\/\/semmelweis.hu\/jogigfoig\/wp-json\/wp\/v2\/types\/page"}],"author":[{"embeddable":true,"href":"https:\/\/semmelweis.hu\/jogigfoig\/wp-json\/wp\/v2\/users\/101117"}],"replies":[{"embeddable":true,"href":"https:\/\/semmelweis.hu\/jogigfoig\/wp-json\/wp\/v2\/comments?post=6433"}],"version-history":[{"count":11,"href":"https:\/\/semmelweis.hu\/jogigfoig\/wp-json\/wp\/v2\/pages\/6433\/revisions"}],"predecessor-version":[{"id":94806,"href":"https:\/\/semmelweis.hu\/jogigfoig\/wp-json\/wp\/v2\/pages\/6433\/revisions\/94806"}],"up":[{"embeddable":true,"href":"https:\/\/semmelweis.hu\/jogigfoig\/wp-json\/wp\/v2\/pages\/362"}],"wp:attachment":[{"href":"https:\/\/semmelweis.hu\/jogigfoig\/wp-json\/wp\/v2\/media?parent=6433"}],"wp:term":[{"taxonomy":"category","embeddable":true,"href":"https:\/\/semmelweis.hu\/jogigfoig\/wp-json\/wp\/v2\/categories?post=6433"},{"taxonomy":"post_tag","embeddable":true,"href":"https:\/\/semmelweis.hu\/jogigfoig\/wp-json\/wp\/v2\/tags?post=6433"}],"curies":[{"name":"wp","href":"https:\/\/api.w.org\/{rel}","templated":true}]}}