{"id":641,"date":"2012-08-06T07:54:06","date_gmt":"2012-08-06T07:54:06","guid":{"rendered":"http:\/\/semmelweis-egyetem.hu\/rektori-hivatal\/?page_id=641"},"modified":"2025-06-26T09:25:27","modified_gmt":"2025-06-26T07:25:27","slug":"kozerdeku-adatok","status":"publish","type":"page","link":"https:\/\/semmelweis.hu\/jogigfoig\/adatvedelem-betegjog\/kozerdeku-adatok\/","title":{"rendered":"K\u00f6z\u00e9rdek\u0171 adatok"},"content":{"rendered":"<p style=\"text-align: justify\"><img loading=\"lazy\" decoding=\"async\" class=\" wp-image-83613 alignright\" src=\"https:\/\/semmelweis.hu\/jogigfoig\/files\/2022\/04\/Semmelweis_logo_Latin_COLOR_JPG-400x400.jpg\" alt=\"\" width=\"184\" height=\"184\" srcset=\"https:\/\/semmelweis.hu\/jogigfoig\/files\/2022\/04\/Semmelweis_logo_Latin_COLOR_JPG-400x400.jpg 400w, https:\/\/semmelweis.hu\/jogigfoig\/files\/2022\/04\/Semmelweis_logo_Latin_COLOR_JPG-150x150.jpg 150w, https:\/\/semmelweis.hu\/jogigfoig\/files\/2022\/04\/Semmelweis_logo_Latin_COLOR_JPG.jpg 516w\" sizes=\"auto, (max-width: 184px) 100vw, 184px\" \/>N\u00e9v: <strong>Semmelweis\u00a0<\/strong><strong>Egyetem<\/strong><br \/>\nR\u00f6vid\u00edtett megnevez\u00e9s: <strong>SE<br \/>\n<\/strong>Az Egyetem hivatalos neve angolul: <strong>Semmelweis University\u00a0<\/strong><br \/>\nAz Egyetem hivatalos neve n\u00e9met\u00fcl: <strong>Semmelweis Universit\u00e4t<br \/>\n<\/strong>Sz\u00e9khely: <strong>1085 Budapest, \u00dcll\u0151i \u00fat 26.<\/strong><br \/>\nPostac\u00edm: <strong>1428 Budapest, Pf.2.<\/strong><br \/>\nTelefonsz\u00e1m: <strong>06-1\/459-1500<br \/>\n<\/strong>Honlap: <a href=\"https:\/\/semmelweis.hu\/\" target=\"_blank\" rel=\"noopener noreferrer\">www.semmelweis.hu<\/a><strong><br \/>\n<\/strong><\/p>\n<p style=\"text-align: justify\">Semmelweis Egyetem Hivatali Kapuj\u00e1nak el\u00e9rhet\u0151s\u00e9gei:<\/p>\n<p style=\"margin: 0cm 0cm 0.0001pt;text-align: justify\">Hossz\u00fa n\u00e9v:\u00a0<strong>Semmelweis Egyetem<\/strong><\/p>\n<p style=\"margin: 0cm 0cm 0.0001pt;text-align: justify\">R\u00f6vid n\u00e9v:\u00a0<strong>SEMEDUNIV<\/strong><\/p>\n<p style=\"margin: 0cm 0cm 0.0001pt;text-align: justify\">KRID:\u00a0<strong>648905308<\/strong><\/p>\n<p style=\"text-align: justify\">Gazd\u00e1lkod\u00f3 szervezetek, term\u00e9szetes szem\u00e9lyek e-pap\u00edron is beny\u00fajthatj\u00e1k k\u00e9relm\u00fcket.<\/p>\n<p style=\"margin: 0cm 0cm 0.0001pt;text-align: justify\">Az int\u00e9zm\u00e9ny vezet\u0151je: <strong>Dr. Merkely B\u00e9la rektor<\/strong><\/p>\n<p style=\"margin: 0cm 0cm 0.0001pt;text-align: justify\">Az int\u00e9zm\u00e9ny kancell\u00e1rja: <strong>D<\/strong><span style=\"font-size: 1rem\"><strong>r. Pavlik L\u00edvia kancell\u00e1r<\/strong><\/span><\/p>\n<p style=\"margin: 0cm 0cm 0.0001pt;text-align: justify\">Az int\u00e9zm\u00e9ny p\u00e9nz\u00fcgyi \u00e9s vagyongazd\u00e1lkod\u00e1si vezet\u0151je:<strong> \u00c1d\u00e1m \u00c9va p\u00e9nz\u00fcgyi \u00e9s vagyongazd\u00e1lkod\u00e1si f\u0151igazgat\u00f3<br \/>\n<\/strong><\/p>\n<p>&nbsp;<\/p>\n<p style=\"text-align: justify\">A Semmelweis Egyetem banksz\u00e1mlasz\u00e1mai:<\/p>\n<ul style=\"list-style-type: circle;text-align: justify\">\n<li>HUF sz\u00e1mla: OTP 11784009-22236665<\/li>\n<li>EUR sz\u00e1mla: OTP 11763842-00880888<\/li>\n<li>USD sz\u00e1mla: OTP 11763842-00881016<\/li>\n<\/ul>\n<p style=\"text-align: justify\">IBAN:<\/p>\n<ul style=\"list-style-type: circle;text-align: justify\">\n<li>HUF: HU41117840092223666500000000<\/li>\n<li>EUR: <span style=\"font-size: 1rem\">HU51117638420088088800000000<\/span><\/li>\n<li>USD: HU57117638420088101600000000<\/li>\n<\/ul>\n<p style=\"text-align: justify\">SWIFT (BIC) k\u00f3d: OTPVHUHB<\/p>\n<p style=\"margin: 0cm 0cm 0.0001pt;text-align: justify\"><strong><br \/>\n<span style=\"font-size: 18pt\">A Semmelweis Egyetem ad\u00f3sz\u00e1ma 2025. janu\u00e1r 1-t\u0151l: 19308674-4-44<\/span><br \/>\n<\/strong><\/p>\n<p>&nbsp;<\/p>\n<p style=\"text-align: justify\"><strong>A Semmelweis Egyetem csoport \u00e1fa azonos\u00edt\u00f3 sz\u00e1ma 2025. janu\u00e1r 1-t\u0151l: 17784234-5-44<br \/>\nA Semmelweis Egyetem csoport k\u00f6z\u00f6ss\u00e9gi ad\u00f3sz\u00e1ma 2025. janu\u00e1r 1-t\u0151l: HU17784234<\/strong><\/p>\n<p style=\"text-align: justify\">A Semmelweis Egyetem statisztikai sz\u00e1mjele: <strong>19308674 8540 563 01<br \/>\n<\/strong>A Semmelweis Egyetem int\u00e9zm\u00e9nyi azonos\u00edt\u00f3ja: <strong>FI62576<br \/>\n<\/strong>A Semmelweis Egyetem EORI sz\u00e1ma: <strong>HU0122640948<\/strong><\/p>\n<p><a href=\"https:\/\/kozadat.hu\/kereso\/kozfeladatot-ellato-szervek\/adatlap\/3882\">Semmelweis Egyetem a K\u00f6zadatkeres\u0151 rendszerben<\/a><\/p>\n<hr \/>\n<p style=\"text-align: justify\"><a href=\"https:\/\/semmelweis.hu\/jogigfoig\/files\/2022\/05\/20KOZ_19308674242_Semmelweis_Egyetem_13117415479900_331980729457.pdf\">2020. \u00e9vben\u00a0 Semmelweis Egyetem r\u00e9sz\u00e9re a Nemzeti Ad\u00f3- \u00e9s V\u00e1mhivatal \u00e1ltal szem\u00e9lyi j\u00f6vedelemad\u00f3 1%-\u00e1b\u00f3l kiutalt \u00f6sszeg felhaszn\u00e1l\u00e1s\u00e1ra vonatkoz\u00f3 adatok.<\/a><\/p>\n<p style=\"text-align: justify\"><a href=\"https:\/\/semmelweis.hu\/jogigfoig\/files\/2023\/06\/21KOZ_SE.pdf\">2021. \u00e9vben\u00a0 Semmelweis Egyetem r\u00e9sz\u00e9re a Nemzeti Ad\u00f3- \u00e9s V\u00e1mhivatal \u00e1ltal szem\u00e9lyi j\u00f6vedelemad\u00f3 1%-\u00e1b\u00f3l kiutalt \u00f6sszeg felhaszn\u00e1l\u00e1s\u00e1ra vonatkoz\u00f3 adatok.<\/a><\/p>\n<p><a href=\"https:\/\/semmelweis.hu\/jogigfoig\/files\/2024\/05\/22KOZ_19308674244_Semmelweis_Egyetem_10962384855600.pdf\">2022. \u00e9vben\u00a0 Semmelweis Egyetem r\u00e9sz\u00e9re a Nemzeti Ad\u00f3- \u00e9s V\u00e1mhivatal \u00e1ltal szem\u00e9lyi j\u00f6vedelemad\u00f3 1%-\u00e1b\u00f3l kiutalt \u00f6sszeg felhaszn\u00e1l\u00e1s\u00e1ra vonatkoz\u00f3 adatok.<\/a><\/p>\n<p><a href=\"https:\/\/semmelweis.hu\/jogigfoig\/files\/2025\/05\/23KOZ-bevallas-SE.pdf\">2023. \u00e9vben\u00a0 Semmelweis Egyetem r\u00e9sz\u00e9re a Nemzeti Ad\u00f3- \u00e9s V\u00e1mhivatal \u00e1ltal szem\u00e9lyi j\u00f6vedelemad\u00f3 1%-\u00e1b\u00f3l kiutalt \u00f6sszeg felhaszn\u00e1l\u00e1s\u00e1ra vonatkoz\u00f3 adatok.<\/a><\/p>\n<hr \/>\n<h3 style=\"text-align: justify\"><a href=\"https:\/\/semmelweis.hu\/rektori-hivatal\/kozerdeku-adatok-2\/altalanos-kozzeteteli-lista\/\">\u2192 \u00c1ltal\u00e1nos k\u00f6zz\u00e9t\u00e9teli lista<\/a><\/h3>\n<p style=\"text-align: justify\"><em>(szervezeti, szem\u00e9lyzeti adatok; tev\u00e9kenys\u00e9gre, m\u0171k\u00f6d\u00e9sre vonatkoz\u00f3 \u00e1ltal\u00e1nos k\u00f6zz\u00e9t\u00e9teli adatok; \u00e1ltal\u00e1nos gazd\u00e1lkod\u00e1si adatok;)<\/em><\/p>\n<h3 style=\"text-align: justify\"><a href=\"https:\/\/semmelweis.hu\/rektori-hivatal\/kozerdeku-adatok-2\/kulonos-kozzeteteli-lista\/\">\u2192 K\u00fcl\u00f6n\u00f6s k\u00f6zz\u00e9t\u00e9teli lista<\/a><\/h3>\n<p style=\"text-align: justify\"><em>(szervezeti, szem\u00e9lyzeti k\u00fcl\u00f6n\u00f6s k\u00f6zz\u00e9t\u00e9teli adatok; tev\u00e9kenys\u00e9gre, m\u0171k\u00f6d\u00e9sre vonatkoz\u00f3 k\u00fcl\u00f6n\u00f6s k\u00f6zz\u00e9t\u00e9teli adatok; k\u00fcl\u00f6n\u00f6s k\u00f6zz\u00e9t\u00e9teli gazd\u00e1lkod\u00e1si adatok;)<\/em><\/p>\n<h3 style=\"text-align: justify\"><a href=\"https:\/\/semmelweis.hu\/rektori-hivatal\/kozerdeku-adatok-archivum\/\" target=\"_blank\" rel=\"noopener noreferrer\">\u2192 K\u00f6z\u00e9rdek\u0171 adatok arch\u00edvum<\/a><\/h3>\n","protected":false},"excerpt":{"rendered":"<p>N\u00e9v: Semmelweis\u00a0Egyetem R\u00f6vid\u00edtett megnevez\u00e9s: SE Az Egyetem hivatalos neve angolul: Semmelweis University\u00a0 Az Egyetem hivatalos neve n\u00e9met\u00fcl: Semmelweis Universit\u00e4t Sz\u00e9khely: 1085 Budapest, \u00dcll\u0151i \u00fat 26. Postac\u00edm: 1428 Budapest, Pf.2. Telefonsz\u00e1m: 06-1\/459-1500 Honlap: <a href=\"https:\/\/semmelweis.hu\/\" target=\"_blank\" rel=\"noopener noreferrer\">www.semmelweis.hu<\/a> Semmelweis Egyetem Hivatali Kapuj\u00e1nak el\u00e9rhet\u0151s\u00e9gei: Hossz\u00fa n\u00e9v:\u00a0Semmelweis Egyetem R\u00f6vid n\u00e9v:\u00a0SEMEDUNIV KRID:\u00a0648905308 Gazd\u00e1lkod\u00f3 szervezetek, term\u00e9szetes szem\u00e9lyek e-pap\u00edron is beny\u00fajthatj\u00e1k k\u00e9relm\u00fcket. Az int\u00e9zm\u00e9ny vezet\u0151je: Dr. &hellip;<\/p>\n","protected":false},"author":128,"featured_media":0,"parent":8034,"menu_order":7,"comment_status":"closed","ping_status":"closed","template":"","meta":{"_acf_changed":false,"footnotes":""},"categories":[],"tags":[],"class_list":["post-641","page","type-page","status-publish","hentry"],"acf":[],"_links":{"self":[{"href":"https:\/\/semmelweis.hu\/jogigfoig\/wp-json\/wp\/v2\/pages\/641","targetHints":{"allow":["GET"]}}],"collection":[{"href":"https:\/\/semmelweis.hu\/jogigfoig\/wp-json\/wp\/v2\/pages"}],"about":[{"href":"https:\/\/semmelweis.hu\/jogigfoig\/wp-json\/wp\/v2\/types\/page"}],"author":[{"embeddable":true,"href":"https:\/\/semmelweis.hu\/jogigfoig\/wp-json\/wp\/v2\/users\/128"}],"replies":[{"embeddable":true,"href":"https:\/\/semmelweis.hu\/jogigfoig\/wp-json\/wp\/v2\/comments?post=641"}],"version-history":[{"count":13,"href":"https:\/\/semmelweis.hu\/jogigfoig\/wp-json\/wp\/v2\/pages\/641\/revisions"}],"predecessor-version":[{"id":99448,"href":"https:\/\/semmelweis.hu\/jogigfoig\/wp-json\/wp\/v2\/pages\/641\/revisions\/99448"}],"up":[{"embeddable":true,"href":"https:\/\/semmelweis.hu\/jogigfoig\/wp-json\/wp\/v2\/pages\/8034"}],"wp:attachment":[{"href":"https:\/\/semmelweis.hu\/jogigfoig\/wp-json\/wp\/v2\/media?parent=641"}],"wp:term":[{"taxonomy":"category","embeddable":true,"href":"https:\/\/semmelweis.hu\/jogigfoig\/wp-json\/wp\/v2\/categories?post=641"},{"taxonomy":"post_tag","embeddable":true,"href":"https:\/\/semmelweis.hu\/jogigfoig\/wp-json\/wp\/v2\/tags?post=641"}],"curies":[{"name":"wp","href":"https:\/\/api.w.org\/{rel}","templated":true}]}}