{"id":6346,"date":"2016-12-26T12:13:38","date_gmt":"2016-12-26T11:13:38","guid":{"rendered":"http:\/\/semmelweis.hu\/jogigfoig\/?page_id=6346"},"modified":"2017-05-04T14:55:40","modified_gmt":"2017-05-04T12:55:40","slug":"146-sz-xii-15-hatarozat-az-egeszsegugyi-kozszolgalati-karon-mukodo-curriculum-kreditatviteli-es-oktatasi-bizottsag-szocialis-es-eselyegyenlosegi-bizottsag-etikai-es-fegyelmi-bizottsag-ugyrendjen-2","status":"publish","type":"page","link":"https:\/\/semmelweis.hu\/jogigfoig\/testuletek\/szenatus\/2016-evi-szenatusi-hatarozatok\/2016-december-15\/146-sz-xii-15-hatarozat-az-egeszsegugyi-kozszolgalati-karon-mukodo-curriculum-kreditatviteli-es-oktatasi-bizottsag-szocialis-es-eselyegyenlosegi-bizottsag-etikai-es-fegyelmi-bizottsag-ugyrendjen\/146-sz-xii-15-hatarozat-az-egeszsegugyi-kozszolgalati-karon-mukodo-curriculum-kreditatviteli-es-oktatasi-bizottsag-szocialis-es-eselyegyenlosegi-bizottsag-etikai-es-fegyelmi-bizottsag-ugyrendjen-2\/","title":{"rendered":"146.sz. (XII.15.) hat\u00e1rozat az Eg\u00e9szs\u00e9g\u00fcgyi K\u00f6zszolg\u00e1lati Karon m\u0171k\u00f6d\u0151 Curriculum Kredit\u00e1tviteli \u00e9s Oktat\u00e1si Bizotts\u00e1g, Szoci\u00e1lis \u00e9s Es\u00e9lyegyenl\u0151s\u00e9gi Bizotts\u00e1g, Etikai \u00e9s Fegyelmi Bizotts\u00e1g \u00fcgyrendj\u00e9nek j\u00f3v\u00e1hagy\u00e1s\u00e1r\u00f3l mell\u00e9letei"},"content":{"rendered":"<ul>\n<li><a href=\"https:\/\/semmelweis.hu\/jogigfoig\/files\/2016\/12\/Curriculum-Kredit\u00e1tviteli-\u00e9s-Oktat\u00e1si-Bizotts\u00e1g-\u00fcgyrendje.pdf\">Curriculum Kredit\u00e1tviteli \u00e9s Oktat\u00e1si Bizotts\u00e1g \u00fcgyrendje<\/a><\/li>\n<li><a href=\"https:\/\/semmelweis.hu\/jogigfoig\/files\/2016\/12\/Szoci\u00e1lis-\u00e9s-Es\u00e9lyegyenl\u0151s\u00e9gi-Bizotts\u00e1g\u00e1nak-\u00fcgyrendje.pdf\">Szoci\u00e1lis \u00e9s Es\u00e9lyegyenl\u0151s\u00e9gi Bizotts\u00e1g\u00e1nak \u00fcgyrendje<\/a><\/li>\n<li><a href=\"https:\/\/semmelweis.hu\/jogigfoig\/files\/2016\/12\/Etikai-\u00e9s-Fegyelmi-Bizotts\u00e1g.pdf\">Etikai \u00e9s Fegyelmi Bizotts\u00e1g \u00fcgyrendje<\/a>\u00a0<\/li>\n<\/ul>\n","protected":false},"excerpt":{"rendered":"<p><a href=\"https:\/\/semmelweis.hu\/jogigfoig\/files\/2016\/12\/Curriculum-Kredit\u00e1tviteli-\u00e9s-Oktat\u00e1si-Bizotts\u00e1g-\u00fcgyrendje.pdf\">Curriculum Kredit\u00e1tviteli \u00e9s Oktat\u00e1si Bizotts\u00e1g \u00fcgyrendje<\/a><br \/>\n<a href=\"https:\/\/semmelweis.hu\/jogigfoig\/files\/2016\/12\/Szoci\u00e1lis-\u00e9s-Es\u00e9lyegyenl\u0151s\u00e9gi-Bizotts\u00e1g\u00e1nak-\u00fcgyrendje.pdf\">Szoci\u00e1lis \u00e9s Es\u00e9lyegyenl\u0151s\u00e9gi Bizotts\u00e1g\u00e1nak \u00fcgyrendje<\/a><br \/>\n<a href=\"https:\/\/semmelweis.hu\/jogigfoig\/files\/2016\/12\/Etikai-\u00e9s-Fegyelmi-Bizotts\u00e1g.pdf\">Etikai \u00e9s Fegyelmi Bizotts\u00e1g \u00fcgyrendje<\/a>\u00a0<\/p>\n","protected":false},"author":12,"featured_media":0,"parent":6343,"menu_order":0,"comment_status":"closed","ping_status":"closed","template":"","meta":{"_acf_changed":false,"footnotes":""},"categories":[1],"tags":[],"class_list":["post-6346","page","type-page","status-publish","hentry","category-egyeb"],"acf":[],"_links":{"self":[{"href":"https:\/\/semmelweis.hu\/jogigfoig\/wp-json\/wp\/v2\/pages\/6346","targetHints":{"allow":["GET"]}}],"collection":[{"href":"https:\/\/semmelweis.hu\/jogigfoig\/wp-json\/wp\/v2\/pages"}],"about":[{"href":"https:\/\/semmelweis.hu\/jogigfoig\/wp-json\/wp\/v2\/types\/page"}],"author":[{"embeddable":true,"href":"https:\/\/semmelweis.hu\/jogigfoig\/wp-json\/wp\/v2\/users\/12"}],"replies":[{"embeddable":true,"href":"https:\/\/semmelweis.hu\/jogigfoig\/wp-json\/wp\/v2\/comments?post=6346"}],"version-history":[{"count":1,"href":"https:\/\/semmelweis.hu\/jogigfoig\/wp-json\/wp\/v2\/pages\/6346\/revisions"}],"predecessor-version":[{"id":6350,"href":"https:\/\/semmelweis.hu\/jogigfoig\/wp-json\/wp\/v2\/pages\/6346\/revisions\/6350"}],"up":[{"embeddable":true,"href":"https:\/\/semmelweis.hu\/jogigfoig\/wp-json\/wp\/v2\/pages\/6343"}],"wp:attachment":[{"href":"https:\/\/semmelweis.hu\/jogigfoig\/wp-json\/wp\/v2\/media?parent=6346"}],"wp:term":[{"taxonomy":"category","embeddable":true,"href":"https:\/\/semmelweis.hu\/jogigfoig\/wp-json\/wp\/v2\/categories?post=6346"},{"taxonomy":"post_tag","embeddable":true,"href":"https:\/\/semmelweis.hu\/jogigfoig\/wp-json\/wp\/v2\/tags?post=6346"}],"curies":[{"name":"wp","href":"https:\/\/api.w.org\/{rel}","templated":true}]}}