{"id":6297,"date":"2016-12-23T23:14:59","date_gmt":"2016-12-23T22:14:59","guid":{"rendered":"http:\/\/semmelweis.hu\/jogigfoig\/?page_id=6297"},"modified":"2020-02-11T11:16:46","modified_gmt":"2020-02-11T10:16:46","slug":"2016-december-15","status":"publish","type":"page","link":"https:\/\/semmelweis.hu\/jogigfoig\/testuletek\/szenatus\/2016-evi-szenatusi-hatarozatok\/2016-december-15\/","title":{"rendered":"2016. december 15."},"content":{"rendered":"<ul>\n<li style=\"text-align: justify\"><a href=\"https:\/\/semmelweis.hu\/jogigfoig\/files\/2016\/12\/134.sz_._XII.15._SZMSZ-m\u00f3d_felv\u00e9teli-szab.pdf\">134.sz. (XII.15.) hat\u00e1rozat a szervezeti \u00e9s m\u0171k\u00f6d\u00e9si szab\u00e1lyzat egyes rendelkez\u00e9seinek m\u00f3dos\u00edt\u00e1s\u00e1r\u00f3l a felv\u00e9teli szab\u00e1lyzattal \u00f6sszef\u00fcgg\u00e9sben c\u00edm\u0171 el\u0151terjeszt\u00e9s elfogad\u00e1s\u00e1r\u00f3l <\/a><\/li>\n<li style=\"text-align: justify\"><a href=\"https:\/\/semmelweis.hu\/jogigfoig\/files\/2016\/12\/135.-sz._XII.15._SZMSZ-egyes-rendelk._h\u00e1l\u00f3zatir\u00e1ny\u00edt\u00e1si.pdf\">135. sz. (XII.15.) hat\u00e1rozat a szervezeti \u00e9s m\u0171k\u00f6d\u00e9si szab\u00e1lyzat egyes rendelkez\u00e9seinek m\u00f3dos\u00edt\u00e1s\u00e1r\u00f3l c\u00edm\u0171 el\u0151terjeszt\u00e9s elfogad\u00e1s\u00e1r\u00f3l<\/a><\/li>\n<li style=\"text-align: justify\"><a href=\"https:\/\/semmelweis.hu\/jogigfoig\/files\/2016\/12\/136.sz_._XII.15._FOK-d\u00e9k\u00e1nhelyettesi.pdf\">136.sz. (XII.15.) hat\u00e1rozat a Fogorvos Tudom\u00e1nyi Kar d\u00e9k\u00e1nhelyettesi megb\u00edz\u00e1s\u00e1ra be\u00e9rkezett p\u00e1ly\u00e1zat v\u00e9lem\u00e9nyez\u00e9s\u00e9hez k\u00e9sz\u00fclt el\u0151terjeszt\u00e9s elfogad\u00e1s\u00e1r\u00f3l<\/a><\/li>\n<li style=\"text-align: justify\"><a href=\"https:\/\/semmelweis.hu\/jogigfoig\/files\/2016\/12\/137.sz_._XII.15._ETK_Addiktol\u00f3gia_tansz\u00e9kvezet\u0151.pdf\">137.sz. (XII.15.) hat\u00e1rozat az Eg\u00e9szs\u00e9gtudom\u00e1nyi Kar Alapoz\u00f3 Eg\u00e9szs\u00e9gtudom\u00e1nyi Int\u00e9zet Addiktol\u00f3giai Tansz\u00e9k Tansz\u00e9kvezet\u0151 megb\u00edz\u00e1s\u00e1ra be\u00e9rkezett p\u00e1ly\u00e1zat v\u00e9lem\u00e9nyez\u00e9s\u00e9r\u0151l<\/a><\/li>\n<li style=\"text-align: justify\"><a href=\"https:\/\/semmelweis.hu\/jogigfoig\/files\/2016\/12\/138.sz_._XII.15_\u00c1OK-egyetemi-tan\u00e1ri-\u00e1ll\u00e1shely.pdf\">138.sz. (XII.15) hat\u00e1rozat az \u00c1ltal\u00e1nos Orvostudom\u00e1nyi Kar \u00e1ltal meghirdetett egyetemi tan\u00e1ri \u00e1ll\u00e1shelyekre be\u00e9rkezett p\u00e1ly\u00e1zatok v\u00e9lem\u00e9nyez\u00e9s\u00e9r\u0151l<\/a><\/li>\n<li style=\"text-align: justify\"><a href=\"https:\/\/semmelweis.hu\/jogigfoig\/files\/2016\/12\/139.sz_._XII.15._FOK-d\u00e9k\u00e1ni-hivatalvezet\u0151.pdf\">139.sz. (XII.15.) hat\u00e1rozat a Fogorvostudom\u00e1nyi Kar D\u00e9k\u00e1ni Hivatal hivatalvezet\u0151i megb\u00edz\u00e1s\u00e1ra be\u00e9rkezett p\u00e1ly\u00e1zatok v\u00e9lem\u00e9nyez\u00e9s\u00e9r\u0151l<\/a><\/li>\n<li style=\"text-align: justify\"><a href=\"https:\/\/semmelweis.hu\/jogigfoig\/files\/2016\/12\/140_sz_Prof_Emeritus_szerzkotes.pdf\" target=\"_blank\" rel=\"noopener noreferrer\">140\/2016. (XII.15.) sz\u00e1m\u00fa hat\u00e1rozata Professor Emeritus c\u00edmre vonatkoz\u00f3 szerz\u0151d\u00e9s megk\u00f6t\u00e9s\u00e9re<\/a><\/li>\n<li style=\"text-align: justify\"><a href=\"https:\/\/semmelweis.hu\/jogigfoig\/files\/2016\/12\/141.sz_._XII.15._FOK_SZEB_szem\u00e9lyi-\u00f6sszet.pdf\">141.sz. (XII.15.) hat\u00e1rozat a Fogorvostudom\u00e1nyi Karon m\u0171k\u00f6d\u0151 Szoci\u00e1lis \u00e9s Es\u00e9lyegyenl\u0151s\u00e9gi Bizotts\u00e1g szem\u00e9lyi \u00f6sszet\u00e9tel\u00e9nek v\u00e1ltoz\u00e1s\u00e1r\u00f3l<\/a><\/li>\n<li style=\"text-align: justify\"><a href=\"https:\/\/semmelweis.hu\/jogigfoig\/files\/2016\/12\/142.sz_._XII.15._2017.\u00e9vi-Semmelweis-szimp\u00f3zium-megrend.pdf\">142.sz. (XII.15.) hat\u00e1rozat a 2017. \u00e9vi Semmelweis szimp\u00f3zium megrendez\u00e9si jog\u00e1nak oda\u00edt\u00e9l\u00e9s\u00e9r\u0151l<\/a><\/li>\n<li style=\"text-align: justify\"><a href=\"https:\/\/semmelweis.hu\/jogigfoig\/files\/2016\/12\/143.sz_._XII.15._EKK_CKOB-szem\u00e9lyi-\u00f6sszet\u00e9tel-1.pdf\">143.sz. (XII.15.) hat\u00e1rozat az Eg\u00e9szs\u00e9g\u00fcgyi K\u00f6zszolg\u00e1lati Kar\u00e1nak Curriculum, Kredit\u00e1tviteli \u00e9s Oktat\u00e1si Bizotts\u00e1g szem\u00e9lyi \u00f6sszet\u00e9tel meg\u00faj\u00edt\u00e1s\u00e1r\u00f3l<\/a><\/li>\n<li style=\"text-align: justify\"><a href=\"https:\/\/semmelweis.hu\/jogigfoig\/files\/2016\/12\/144.sz_.XII_.15._bizotts\u00e1gok-hallgat\u00f3i-doktorandusz-szem\u00e9lyi-\u00f6sszet\u00e9tel\u00e9r\u0151l.pdf\">144. sz. (XII.15.) hat\u00e1rozat az Egyetem eg\u00e9sz\u00e9re kiterjed\u0151 hat\u00e1sk\u00f6rrel rendelkez\u0151 Alumni Igazgat\u00f3tan\u00e1cs, Egyetemi Es\u00e9lyegyenl\u0151s\u00e9gi Bizotts\u00e1g, Egyetemi Etikai Bizotts\u00e1g, Fogyat\u00e9kos Hallgat\u00f3k \u00dcgyeivel Foglalkoz\u00f3 Bizotts\u00e1g, Gy\u00f3gyszerter\u00e1pi\u00e1s Bizotts\u00e1g, Min\u0151s\u00e9gfejleszt\u00e9si \u00e9s Min\u0151s\u00e9gfejleszt\u0151 Bizotts\u00e1g hallgat\u00f3i \u00e9s doktorandusz \u00f6sszet\u00e9tel\u00e9nek v\u00e1ltoz\u00e1s\u00e1r\u00f3l<\/a><\/li>\n<li style=\"text-align: justify\"><a href=\"https:\/\/semmelweis.hu\/jogigfoig\/files\/2016\/12\/145.sz_._XII.15._FOK_Fel\u00fclb\u00edr\u00e1lati-Bizotts\u00e1g_tag.pdf\">145.sz. (XII.15.) hat\u00e1rozat a Fogorvostudom\u00e1nyi Kar \u00e1ltal deleg\u00e1lt \u00faj kari k\u00e9pvisel\u0151 megv\u00e1laszt\u00e1s\u00e1r\u00f3l az egyetemi \u00e1lland\u00f3 bizotts\u00e1gk\u00e9nt m\u0171k\u00f6d\u0151 Fel\u00fclb\u00edr\u00e1lati bizotts\u00e1gba<\/a><\/li>\n<li style=\"text-align: justify\"><a href=\"https:\/\/semmelweis.hu\/jogigfoig\/dokumentumtar\/szenatusi-hatarozatok\/2016-december-15\/146-sz-xii-15-hatarozat-az-egeszsegugyi-kozszolgalati-karon-mukodo-curriculum-kreditatviteli-es-oktatasi-bizottsag-szocialis-es-eselyegyenlosegi-bizottsag-etikai-es-fegyelmi-bizottsag-ugyrendjen\/\">146.sz. (XII.15.) hat\u00e1rozat az Eg\u00e9szs\u00e9g\u00fcgyi K\u00f6zszolg\u00e1lati Karon m\u0171k\u00f6d\u0151 Curriculum Kredit\u00e1tviteli \u00e9s Oktat\u00e1si Bizotts\u00e1g, Szoci\u00e1lis \u00e9s Es\u00e9lyegyenl\u0151s\u00e9gi Bizotts\u00e1g, Etikai \u00e9s Fegyelmi Bizotts\u00e1g \u00fcgyrendj\u00e9nek j\u00f3v\u00e1hagy\u00e1s\u00e1r\u00f3l \u00e9s mell\u00e9kletei<\/a><\/li>\n<li style=\"text-align: justify\"><a href=\"https:\/\/semmelweis.hu\/jogigfoig\/files\/2016\/12\/147.sz_._XII.15._N\u00e9pliget-sporttelep.pdf\">147.sz. (XII.15.) hat\u00e1rozat a Budapest X. ker\u00fclet 38440\/39 helyrajzi sz\u00e1m\u00fa, K\u00f6nyves K\u00e1lm\u00e1n krt. 19. sz. alatti N\u00e9pligeti sporttelep ingatlan, a Magyar \u00c1llam birtok\u00e1ba t\u00f6rt\u00e9n\u0151 visszaad\u00e1s\u00e1r\u00f3l c\u00edm\u0171 el\u0151terjeszt\u00e9sr\u0151l<\/a><\/li>\n<li style=\"text-align: justify\"><a href=\"https:\/\/semmelweis.hu\/jogigfoig\/files\/2016\/12\/148.sz_._XII.15._Ortop\u00e9diai-Klinika-ingatlan_vagyonkez.jog_.megsz\u00fcnt.pdf\">148.sz. (XII.15.) hat\u00e1rozat a Budapest XI. ker\u00fclet 4618\/6 helyrajzi sz\u00e1m\u00fa, Karolina \u00fat 27. sz\u00e1m alatti, volt Ortop\u00e9diai Klinika ingatlan vagyonkezel\u0151i jog\u00e1nak leend\u0151 megsz\u00fcntet\u00e9s\u00e9r\u0151l sz\u00f3l\u00f3 t\u00e1j\u00e9koztat\u00e1s tudom\u00e1sul v\u00e9tel\u00e9r\u0151l<\/a><\/li>\n<li style=\"text-align: justify\"><a href=\"https:\/\/semmelweis.hu\/jogigfoig\/files\/2016\/12\/149.sz_XII.15._Neurointervenci\u00f3-Tansz\u00e9ki-Csoport-l\u00e9treh.pdf\">149.sz. (XII.15.) hat\u00e1rozat a Neurointervenci\u00f3 Tansz\u00e9ki Csoport l\u00e9trehoz\u00e1s\u00e1r\u00f3l az \u00c1ltal\u00e1nos Orvostudom\u00e1nyi Karon m\u0171k\u00f6d\u0151 Idegseb\u00e9szeti Tansz\u00e9khez rendelten<\/a><\/li>\n<li style=\"text-align: justify\"><a href=\"https:\/\/semmelweis.hu\/jogigfoig\/files\/2016\/12\/150.sz_._XII.15._\u00c1OK-Sportseb\u00e9szeti-Tansz\u00e9ki-Csop-1.pdf\">150.sz. (XII.15.) hat\u00e1rozat Sportseb\u00e9szei \u00e9s Sportorvostani Tansz\u00e9ki Csoport l\u00e9trehoz\u00e1s\u00e1r\u00f3l az \u00c1ltal\u00e1nos Orvostudom\u00e1nyi Karon m\u0171k\u00f6d\u0151 Traumatol\u00f3giai Tansz\u00e9khez rendeleten<\/a><\/li>\n<\/ul>\n","protected":false},"excerpt":{"rendered":"<p><a href=\"https:\/\/semmelweis.hu\/jogigfoig\/files\/2016\/12\/134.sz_._XII.15._SZMSZ-m\u00f3d_felv\u00e9teli-szab.pdf\">134.sz. (XII.15.) hat\u00e1rozat a szervezeti \u00e9s m\u0171k\u00f6d\u00e9si szab\u00e1lyzat egyes rendelkez\u00e9seinek m\u00f3dos\u00edt\u00e1s\u00e1r\u00f3l a felv\u00e9teli szab\u00e1lyzattal \u00f6sszef\u00fcgg\u00e9sben c\u00edm\u0171 el\u0151terjeszt\u00e9s elfogad\u00e1s\u00e1r\u00f3l <\/a><br \/>\n<a href=\"https:\/\/semmelweis.hu\/jogigfoig\/files\/2016\/12\/135.-sz._XII.15._SZMSZ-egyes-rendelk._h\u00e1l\u00f3zatir\u00e1ny\u00edt\u00e1si.pdf\">135. sz. (XII.15.) hat\u00e1rozat a szervezeti \u00e9s m\u0171k\u00f6d\u00e9si szab\u00e1lyzat egyes rendelkez\u00e9seinek m\u00f3dos\u00edt\u00e1s\u00e1r\u00f3l c\u00edm\u0171 el\u0151terjeszt\u00e9s elfogad\u00e1s\u00e1r\u00f3l<\/a><br \/>\n<a href=\"https:\/\/semmelweis.hu\/jogigfoig\/files\/2016\/12\/136.sz_._XII.15._FOK-d\u00e9k\u00e1nhelyettesi.pdf\">136.sz. (XII.15.) hat\u00e1rozat a Fogorvos Tudom\u00e1nyi Kar d\u00e9k\u00e1nhelyettesi megb\u00edz\u00e1s\u00e1ra be\u00e9rkezett p\u00e1ly\u00e1zat v\u00e9lem\u00e9nyez\u00e9s\u00e9hez k\u00e9sz\u00fclt el\u0151terjeszt\u00e9s elfogad\u00e1s\u00e1r\u00f3l<\/a><br \/>\n<a href=\"https:\/\/semmelweis.hu\/jogigfoig\/files\/2016\/12\/137.sz_._XII.15._ETK_Addiktol\u00f3gia_tansz\u00e9kvezet\u0151.pdf\">137.sz. (XII.15.) hat\u00e1rozat az Eg\u00e9szs\u00e9gtudom\u00e1nyi Kar Alapoz\u00f3 Eg\u00e9szs\u00e9gtudom\u00e1nyi Int\u00e9zet Addiktol\u00f3giai Tansz\u00e9k Tansz\u00e9kvezet\u0151 megb\u00edz\u00e1s\u00e1ra be\u00e9rkezett p\u00e1ly\u00e1zat v\u00e9lem\u00e9nyez\u00e9s\u00e9r\u0151l<\/a><br \/>\n<a href=\"https:\/\/semmelweis.hu\/jogigfoig\/files\/2016\/12\/138.sz_._XII.15_\u00c1OK-egyetemi-tan\u00e1ri-\u00e1ll\u00e1shely.pdf\">138.sz. (XII.15) hat\u00e1rozat az \u00c1ltal\u00e1nos Orvostudom\u00e1nyi Kar \u00e1ltal meghirdetett egyetemi tan\u00e1ri \u00e1ll\u00e1shelyekre be\u00e9rkezett p\u00e1ly\u00e1zatok v\u00e9lem\u00e9nyez\u00e9s\u00e9r\u0151l<\/a><br \/>\n<a href=\"https:\/\/semmelweis.hu\/jogigfoig\/files\/2016\/12\/139.sz_._XII.15._FOK-d\u00e9k\u00e1ni-hivatalvezet\u0151.pdf\">139.sz. (XII.15.) hat\u00e1rozat a Fogorvostudom\u00e1nyi Kar D\u00e9k\u00e1ni Hivatal hivatalvezet\u0151i megb\u00edz\u00e1s\u00e1ra be\u00e9rkezett p\u00e1ly\u00e1zatok v\u00e9lem\u00e9nyez\u00e9s\u00e9r\u0151l<\/a><br \/>\n<a href=\"https:\/\/semmelweis.hu\/jogigfoig\/files\/2016\/12\/140_sz_Prof_Emeritus_szerzkotes.pdf\" target=\"_blank\" rel=\"noopener noreferrer\">140\/2016. (XII.15.) sz\u00e1m\u00fa hat\u00e1rozata Professor Emeritus c\u00edmre vonatkoz\u00f3 szerz\u0151d\u00e9s megk\u00f6t\u00e9s\u00e9re<\/a><br \/>\n<a href=\"https:\/\/semmelweis.hu\/jogigfoig\/files\/2016\/12\/141.sz_._XII.15._FOK_SZEB_szem\u00e9lyi-\u00f6sszet.pdf\">141.sz. (XII.15.) hat\u00e1rozat a Fogorvostudom\u00e1nyi Karon m\u0171k\u00f6d\u0151 Szoci\u00e1lis \u00e9s Es\u00e9lyegyenl\u0151s\u00e9gi Bizotts\u00e1g szem\u00e9lyi \u00f6sszet\u00e9tel\u00e9nek v\u00e1ltoz\u00e1s\u00e1r\u00f3l<\/a><br \/>\n<a href=\"https:\/\/semmelweis.hu\/jogigfoig\/files\/2016\/12\/142.sz_._XII.15._2017.\u00e9vi-Semmelweis-szimp\u00f3zium-megrend.pdf\">142.sz. (XII.15.) hat\u00e1rozat a 2017. \u00e9vi Semmelweis szimp\u00f3zium megrendez\u00e9si jog\u00e1nak oda\u00edt\u00e9l\u00e9s\u00e9r\u0151l<\/a><br \/>\n<a href=\"https:\/\/semmelweis.hu\/jogigfoig\/files\/2016\/12\/143.sz_._XII.15._EKK_CKOB-szem\u00e9lyi-\u00f6sszet\u00e9tel-1.pdf\">143.sz. (XII.15.) hat\u00e1rozat az Eg\u00e9szs\u00e9g\u00fcgyi K\u00f6zszolg\u00e1lati Kar\u00e1nak Curriculum, Kredit\u00e1tviteli \u00e9s Oktat\u00e1si Bizotts\u00e1g szem\u00e9lyi \u00f6sszet\u00e9tel meg\u00faj\u00edt\u00e1s\u00e1r\u00f3l<\/a><br \/>\n<a href=\"https:\/\/semmelweis.hu\/jogigfoig\/files\/2016\/12\/144.sz_.XII_.15._bizotts\u00e1gok-hallgat\u00f3i-doktorandusz-szem\u00e9lyi-\u00f6sszet\u00e9tel\u00e9r\u0151l.pdf\">144. sz. (XII.15.) hat\u00e1rozat az Egyetem eg\u00e9sz\u00e9re kiterjed\u0151 hat\u00e1sk\u00f6rrel rendelkez\u0151 Alumni Igazgat\u00f3tan\u00e1cs, Egyetemi Es\u00e9lyegyenl\u0151s\u00e9gi Bizotts\u00e1g, Egyetemi Etikai Bizotts\u00e1g, Fogyat\u00e9kos Hallgat\u00f3k \u00dcgyeivel Foglalkoz\u00f3 Bizotts\u00e1g, Gy\u00f3gyszerter\u00e1pi\u00e1s Bizotts\u00e1g, Min\u0151s\u00e9gfejleszt\u00e9si \u00e9s Min\u0151s\u00e9gfejleszt\u0151 Bizotts\u00e1g hallgat\u00f3i \u00e9s doktorandusz \u00f6sszet\u00e9tel\u00e9nek v\u00e1ltoz\u00e1s\u00e1r\u00f3l<\/a><br \/>\n<a href=\"https:\/\/semmelweis.hu\/jogigfoig\/files\/2016\/12\/145.sz_._XII.15._FOK_Fel\u00fclb\u00edr\u00e1lati-Bizotts\u00e1g_tag.pdf\">145.sz. (XII.15.) hat\u00e1rozat a Fogorvostudom\u00e1nyi Kar \u00e1ltal deleg\u00e1lt \u00faj kari k\u00e9pvisel\u0151 megv\u00e1laszt\u00e1s\u00e1r\u00f3l az egyetemi \u00e1lland\u00f3 bizotts\u00e1gk\u00e9nt m\u0171k\u00f6d\u0151 Fel\u00fclb\u00edr\u00e1lati bizotts\u00e1gba<\/a><br \/>\n<a href=\"https:\/\/semmelweis.hu\/jogigfoig\/dokumentumtar\/szenatusi-hatarozatok\/2016-december-15\/146-sz-xii-15-hatarozat-az-egeszsegugyi-kozszolgalati-karon-mukodo-curriculum-kreditatviteli-es-oktatasi-bizottsag-szocialis-es-eselyegyenlosegi-bizottsag-etikai-es-fegyelmi-bizottsag-ugyrendjen\/\">146.sz. (XII.15.) hat\u00e1rozat az Eg\u00e9szs\u00e9g\u00fcgyi K\u00f6zszolg\u00e1lati Karon m\u0171k\u00f6d\u0151 Curriculum Kredit\u00e1tviteli \u00e9s Oktat\u00e1si Bizotts\u00e1g, Szoci\u00e1lis \u00e9s Es\u00e9lyegyenl\u0151s\u00e9gi Bizotts\u00e1g, Etikai \u00e9s Fegyelmi Bizotts\u00e1g \u00fcgyrendj\u00e9nek j\u00f3v\u00e1hagy\u00e1s\u00e1r\u00f3l \u00e9s mell\u00e9kletei<\/a><br \/>\n<a href=\"https:\/\/semmelweis.hu\/jogigfoig\/files\/2016\/12\/147.sz_._XII.15._N\u00e9pliget-sporttelep.pdf\">147.sz. (XII.15.) hat\u00e1rozat a Budapest X. ker\u00fclet 38440\/39 helyrajzi sz\u00e1m\u00fa, K\u00f6nyves K\u00e1lm\u00e1n krt. 19. sz. alatti N\u00e9pligeti sporttelep ingatlan, a Magyar \u00c1llam birtok\u00e1ba t\u00f6rt\u00e9n\u0151 visszaad\u00e1s\u00e1r\u00f3l c\u00edm\u0171 el\u0151terjeszt\u00e9sr\u0151l<\/a><br \/>\n<a href=\"https:\/\/semmelweis.hu\/jogigfoig\/files\/2016\/12\/148.sz_._XII.15._Ortop\u00e9diai-Klinika-ingatlan_vagyonkez.jog_.megsz\u00fcnt.pdf\">148.sz. (XII.15.) hat\u00e1rozat a Budapest XI. ker\u00fclet 4618\/6 helyrajzi sz\u00e1m\u00fa, Karolina \u00fat 27. sz\u00e1m alatti, volt Ortop\u00e9diai Klinika ingatlan vagyonkezel\u0151i jog\u00e1nak leend\u0151 megsz\u00fcntet\u00e9s\u00e9r\u0151l sz\u00f3l\u00f3 t\u00e1j\u00e9koztat\u00e1s tudom\u00e1sul v\u00e9tel\u00e9r\u0151l<\/a><br \/>\n<a href=\"https:\/\/semmelweis.hu\/jogigfoig\/files\/2016\/12\/149.sz_XII.15._Neurointervenci\u00f3-Tansz\u00e9ki-Csoport-l\u00e9treh.pdf\">149.sz. (XII.15.) hat\u00e1rozat a Neurointervenci\u00f3 Tansz\u00e9ki Csoport l\u00e9trehoz\u00e1s\u00e1r\u00f3l az \u00c1ltal\u00e1nos Orvostudom\u00e1nyi Karon m\u0171k\u00f6d\u0151 Idegseb\u00e9szeti Tansz\u00e9khez rendelten<\/a><br \/>\n<a href=\"https:\/\/semmelweis.hu\/jogigfoig\/files\/2016\/12\/150.sz_._XII.15._\u00c1OK-Sportseb\u00e9szeti-Tansz\u00e9ki-Csop-1.pdf\">150.sz. (XII.15.) hat\u00e1rozat Sportseb\u00e9szei \u00e9s Sportorvostani Tansz\u00e9ki Csoport l\u00e9trehoz\u00e1s\u00e1r\u00f3l az \u00c1ltal\u00e1nos Orvostudom\u00e1nyi Karon m\u0171k\u00f6d\u0151 Traumatol\u00f3giai Tansz\u00e9khez rendeleten<\/a><\/p>\n","protected":false},"author":12,"featured_media":0,"parent":7792,"menu_order":17,"comment_status":"closed","ping_status":"closed","template":"","meta":{"_acf_changed":false,"footnotes":""},"categories":[1],"tags":[],"class_list":["post-6297","page","type-page","status-publish","hentry","category-egyeb"],"acf":[],"_links":{"self":[{"href":"https:\/\/semmelweis.hu\/jogigfoig\/wp-json\/wp\/v2\/pages\/6297","targetHints":{"allow":["GET"]}}],"collection":[{"href":"https:\/\/semmelweis.hu\/jogigfoig\/wp-json\/wp\/v2\/pages"}],"about":[{"href":"https:\/\/semmelweis.hu\/jogigfoig\/wp-json\/wp\/v2\/types\/page"}],"author":[{"embeddable":true,"href":"https:\/\/semmelweis.hu\/jogigfoig\/wp-json\/wp\/v2\/users\/12"}],"replies":[{"embeddable":true,"href":"https:\/\/semmelweis.hu\/jogigfoig\/wp-json\/wp\/v2\/comments?post=6297"}],"version-history":[{"count":10,"href":"https:\/\/semmelweis.hu\/jogigfoig\/wp-json\/wp\/v2\/pages\/6297\/revisions"}],"predecessor-version":[{"id":7799,"href":"https:\/\/semmelweis.hu\/jogigfoig\/wp-json\/wp\/v2\/pages\/6297\/revisions\/7799"}],"up":[{"embeddable":true,"href":"https:\/\/semmelweis.hu\/jogigfoig\/wp-json\/wp\/v2\/pages\/7792"}],"wp:attachment":[{"href":"https:\/\/semmelweis.hu\/jogigfoig\/wp-json\/wp\/v2\/media?parent=6297"}],"wp:term":[{"taxonomy":"category","embeddable":true,"href":"https:\/\/semmelweis.hu\/jogigfoig\/wp-json\/wp\/v2\/categories?post=6297"},{"taxonomy":"post_tag","embeddable":true,"href":"https:\/\/semmelweis.hu\/jogigfoig\/wp-json\/wp\/v2\/tags?post=6297"}],"curies":[{"name":"wp","href":"https:\/\/api.w.org\/{rel}","templated":true}]}}