{"id":629,"date":"2012-08-06T08:32:38","date_gmt":"2012-08-06T08:32:38","guid":{"rendered":"http:\/\/semmelweis-egyetem.hu\/rektori-hivatal\/?page_id=629"},"modified":"2025-07-18T13:05:34","modified_gmt":"2025-07-18T11:05:34","slug":"a-semmelweis-egyetem-elerhetosege","status":"publish","type":"page","link":"https:\/\/semmelweis.hu\/jogigfoig\/adatvedelem-betegjog\/kozerdeku-adatok\/altalanos-kozzeteteli-lista\/a-semmelweis-egyetem-elerhetosege\/","title":{"rendered":"A Semmelweis Egyetem el\u00e9rhet\u0151s\u00e9ge"},"content":{"rendered":"<p>N\u00e9v: <strong>Semmelweis Egyetem<br \/>\n<\/strong>R\u00f6vid\u00edtett megnevez\u00e9s: <strong>SE<br \/>\n<\/strong>Sz\u00e9khely: <strong>1085 Budapest, \u00dcll\u0151i \u00fat 26.<br \/>\n<\/strong>Postac\u00edm: <strong>1428 Budapest, Pf.2.<br \/>\n<\/strong>Telefonsz\u00e1m: <strong>06-1\/459-1500<\/strong><strong><br \/>\n<\/strong>Honlap: <a href=\"https:\/\/semmelweis.hu\/\" target=\"_blank\" rel=\"noopener noreferrer\">www.semmelweis.hu<\/a><\/p>\n<p>Semmelweis Egyetem Hivatali Kapuj\u00e1nak el\u00e9rhet\u0151s\u00e9gei:<\/p>\n<p style=\"margin: 0cm;margin-bottom: .0001pt\">Hossz\u00fa n\u00e9v:\u00a0<strong>Semmelweis Egyetem<\/strong><\/p>\n<p style=\"margin: 0cm;margin-bottom: .0001pt\">R\u00f6vid n\u00e9v:\u00a0<strong>SEMEDUNIV<\/strong><\/p>\n<p style=\"margin: 0cm;margin-bottom: .0001pt\">KRID:\u00a0<strong>648905308<\/p>\n<p><\/strong><\/p>\n<p style=\"margin: 0cm 0cm 0.0001pt;text-align: justify\">Az int\u00e9zm\u00e9ny vezet\u0151je: <strong>Dr. Merkely B\u00e9la rektor<\/strong><\/p>\n<p style=\"margin: 0cm 0cm 0.0001pt;text-align: justify\">Az int\u00e9zm\u00e9ny kancell\u00e1rja: <strong>D<\/strong><span style=\"font-size: 1rem\"><strong>r. Pavlik L\u00edvia kancell\u00e1r<\/strong><\/span><\/p>\n<p style=\"margin: 0cm 0cm 0.0001pt;text-align: justify\">Az int\u00e9zm\u00e9ny p\u00e9nz\u00fcgyi \u00e9s vagyongazd\u00e1lkod\u00e1si vezet\u0151je:<strong> \u00c1d\u00e1m \u00c9va p\u00e9nz\u00fcgyi \u00e9s vagyongazd\u00e1lkod\u00e1si f\u0151igazgat\u00f3<br \/>\n<\/strong><\/p>\n<p>&nbsp;<\/p>\n<p style=\"text-align: justify\">A Semmelweis Egyetem banksz\u00e1mlasz\u00e1mai:<\/p>\n<ul style=\"list-style-type: circle;text-align: justify\">\n<li>HUF sz\u00e1mla: OTP 11784009-22236665<\/li>\n<li>EUR sz\u00e1mla: OTP 11763842-00880888<\/li>\n<li>USD sz\u00e1mla: OTP 11763842-00881016<\/li>\n<\/ul>\n<p style=\"text-align: justify\">IBAN:<\/p>\n<ul style=\"list-style-type: circle;text-align: justify\">\n<li>HUF: HU41117840092223666500000000<\/li>\n<li>EUR: <span style=\"font-size: 1rem\">HU51117638420088088800000000<\/span><\/li>\n<li>USD: HU57117638420088101600000000<\/li>\n<\/ul>\n<p style=\"text-align: justify\">SWIFT (BIC) k\u00f3d: OTPVHUHB<\/p>\n<p style=\"margin: 0cm 0cm 0.0001pt;text-align: justify\"><strong><br \/>\n<span style=\"font-size: 18pt\">A Semmelweis Egyetem ad\u00f3sz\u00e1ma 2025. janu\u00e1r 1-t\u0151l: 19308674-4-44<\/span><br \/>\n<\/strong><\/p>\n<p>&nbsp;<\/p>\n<p style=\"text-align: justify\"><strong>A Semmelweis Egyetem csoport \u00e1fa azonos\u00edt\u00f3 sz\u00e1ma 2025. janu\u00e1r 1-t\u0151l: 17784234-5-44<br \/>\nA Semmelweis Egyetem csoport k\u00f6z\u00f6ss\u00e9gi ad\u00f3sz\u00e1ma 2025. janu\u00e1r 1-t\u0151l: HU17784234<\/strong><\/p>\n<p style=\"text-align: justify\">A Semmelweis Egyetem statisztikai sz\u00e1mjele: <strong>19308674 8540 563 01<br \/>\n<\/strong>A Semmelweis Egyetem int\u00e9zm\u00e9nyi azonos\u00edt\u00f3ja: <strong>FI62576<br \/>\n<\/strong>A Semmelweis Egyetem EORI sz\u00e1ma: <strong>HU0122640948<\/strong><\/p>\n","protected":false},"excerpt":{"rendered":"<p>N\u00e9v: Semmelweis Egyetem R\u00f6vid\u00edtett megnevez\u00e9s: SE Sz\u00e9khely: 1085 Budapest, \u00dcll\u0151i \u00fat 26. Postac\u00edm: 1428 Budapest, Pf.2. Telefonsz\u00e1m: 06-1\/459-1500 Honlap: <a href=\"https:\/\/semmelweis.hu\/\" target=\"_blank\" rel=\"noopener noreferrer\">www.semmelweis.hu<\/a> Semmelweis Egyetem Hivatali Kapuj\u00e1nak el\u00e9rhet\u0151s\u00e9gei: Hossz\u00fa n\u00e9v:\u00a0Semmelweis Egyetem R\u00f6vid n\u00e9v:\u00a0SEMEDUNIV KRID:\u00a0648905308 Az int\u00e9zm\u00e9ny vezet\u0151je: Dr. Merkely B\u00e9la rektor Az int\u00e9zm\u00e9ny kancell\u00e1rja: Dr. Pavlik L\u00edvia kancell\u00e1r Az int\u00e9zm\u00e9ny p\u00e9nz\u00fcgyi \u00e9s vagyongazd\u00e1lkod\u00e1si vezet\u0151je: \u00c1d\u00e1m \u00c9va p\u00e9nz\u00fcgyi \u00e9s vagyongazd\u00e1lkod\u00e1si &hellip;<\/p>\n","protected":false},"author":128,"featured_media":0,"parent":609,"menu_order":1,"comment_status":"closed","ping_status":"closed","template":"","meta":{"_acf_changed":false,"footnotes":""},"categories":[],"tags":[],"class_list":["post-629","page","type-page","status-publish","hentry"],"acf":[],"_links":{"self":[{"href":"https:\/\/semmelweis.hu\/jogigfoig\/wp-json\/wp\/v2\/pages\/629","targetHints":{"allow":["GET"]}}],"collection":[{"href":"https:\/\/semmelweis.hu\/jogigfoig\/wp-json\/wp\/v2\/pages"}],"about":[{"href":"https:\/\/semmelweis.hu\/jogigfoig\/wp-json\/wp\/v2\/types\/page"}],"author":[{"embeddable":true,"href":"https:\/\/semmelweis.hu\/jogigfoig\/wp-json\/wp\/v2\/users\/128"}],"replies":[{"embeddable":true,"href":"https:\/\/semmelweis.hu\/jogigfoig\/wp-json\/wp\/v2\/comments?post=629"}],"version-history":[{"count":11,"href":"https:\/\/semmelweis.hu\/jogigfoig\/wp-json\/wp\/v2\/pages\/629\/revisions"}],"predecessor-version":[{"id":99884,"href":"https:\/\/semmelweis.hu\/jogigfoig\/wp-json\/wp\/v2\/pages\/629\/revisions\/99884"}],"up":[{"embeddable":true,"href":"https:\/\/semmelweis.hu\/jogigfoig\/wp-json\/wp\/v2\/pages\/609"}],"wp:attachment":[{"href":"https:\/\/semmelweis.hu\/jogigfoig\/wp-json\/wp\/v2\/media?parent=629"}],"wp:term":[{"taxonomy":"category","embeddable":true,"href":"https:\/\/semmelweis.hu\/jogigfoig\/wp-json\/wp\/v2\/categories?post=629"},{"taxonomy":"post_tag","embeddable":true,"href":"https:\/\/semmelweis.hu\/jogigfoig\/wp-json\/wp\/v2\/tags?post=629"}],"curies":[{"name":"wp","href":"https:\/\/api.w.org\/{rel}","templated":true}]}}