{"id":627,"date":"2012-08-06T09:21:09","date_gmt":"2012-08-06T09:21:09","guid":{"rendered":"http:\/\/semmelweis-egyetem.hu\/rektori-hivatal\/?page_id=627"},"modified":"2020-03-04T13:51:11","modified_gmt":"2020-03-04T12:51:11","slug":"a-semmelweis-egyetem-feladata-tevekenysege","status":"publish","type":"page","link":"https:\/\/semmelweis.hu\/jogigfoig\/adatvedelem-betegjog\/kozerdeku-adatok\/altalanos-kozzeteteli-lista\/a-semmelweis-egyetem-feladata-tevekenysege\/","title":{"rendered":"A Semmelweis Egyetem feladata, tev\u00e9kenys\u00e9ge"},"content":{"rendered":"<p style=\"text-align: justify\" align=\"center\"><strong>A Semmelweis Egyetem feladata, tev\u00e9kenys\u00e9ge<\/strong><\/p>\n<p style=\"text-align: justify\">A Semmelweis\u00a0Egyetem (a tov\u00e1bbiakban: Egyetem) \u00e1llami fels\u0151oktat\u00e1si int\u00e9zm\u00e9ny, jogi szem\u00e9ly, amely Alap\u00edt\u00f3 Okirata alapj\u00e1n, k\u00f6zponti k\u00f6lts\u00e9gvet\u00e9si szervk\u00e9nt m\u0171k\u00f6dik.<\/p>\n<p style=\"text-align: justify\">Az Egyetem oktat\u00e1si alaptev\u00e9kenys\u00e9ge mag\u00e1ban foglalja az alapk\u00e9pz\u00e9st \u00e9s a mesterk\u00e9pz\u00e9st \u2013 osztott \u00e9s osztatlan k\u00e9pz\u00e9sk\u00e9nt &#8211; , a doktori k\u00e9pz\u00e9st, a szakir\u00e1ny\u00fa tov\u00e1bbk\u00e9pz\u00e9st, valamint a fels\u0151oktat\u00e1si szakk\u00e9pz\u00e9st. Az Egyetem folytat tov\u00e1bb\u00e1 szakorvosk\u00e9pz\u00e9st, szakfogorvos-k\u00e9pz\u00e9st, szakgy\u00f3gyszer\u00e9sz-k\u00e9pz\u00e9st, klinikai szakpszichol\u00f3gus-k\u00e9pz\u00e9st, valamint m\u00e1s fels\u0151fok\u00fa v\u00e9gzetts\u00e9ggel rendelkez\u0151k eg\u00e9szs\u00e9g\u00fcgyi szak- \u00e9s tov\u00e1bbk\u00e9pz\u00e9s\u00e9t.<\/p>\n<p style=\"text-align: justify\">Az Egyetem kutat\u00e1si alaptev\u00e9kenys\u00e9ge mag\u00e1ban foglalja az alap- \u00e9s alkalmazott kutat\u00e1st \u00e9s a k\u00eds\u00e9rleti fejleszt\u00e9st, a technol\u00f3giai innov\u00e1ci\u00f3t, valamint az oktat\u00e1st t\u00e1mogat\u00f3 egy\u00e9b kutat\u00e1st. Az Egyetem gondoskodik a tehets\u00e9ggondoz\u00e1sr\u00f3l, a kutat\u00f3i ut\u00e1np\u00f3tl\u00e1s nevel\u00e9s\u00e9r\u0151l, a k\u00e9pz\u00e9s sor\u00e1n fejleszti a hallgat\u00f3k j\u00e1rtass\u00e1g\u00e1t a kutat\u00e1si-fejleszt\u00e9si munk\u00e1ban, a megszerzett ismeretek gyakorlati hasznos\u00edt\u00e1s\u00e1nak k\u00e9szs\u00e9g\u00e9t, a v\u00e1llalkoz\u00e1si k\u00e9szs\u00e9get, a szellemi tulajdon v\u00e9delm\u00e9vel \u00e9s hasznos\u00edt\u00e1s\u00e1val kapcsolatos ismereteket. Az Egyetem gyarap\u00edtja, fejleszti, alkalmazza \u00e9s tov\u00e1bbadja a feladatai ell\u00e1t\u00e1s\u00e1hoz sz\u00fcks\u00e9ges k\u00fcl\u00f6nb\u00f6z\u0151 tudom\u00e1nyokat.<\/p>\n<p style=\"text-align: justify\">Az Egyetem, mint eg\u00e9szs\u00e9g\u00fcgyi fels\u0151oktat\u00e1si int\u00e9zm\u00e9ny r\u00e9szt vesz az eg\u00e9szs\u00e9g\u00fcgyi ell\u00e1t\u00e1sban, k\u00e9pz\u00e9si \u00e9s kutat\u00e1si feladatainak ell\u00e1t\u00e1sa \u00e9rdek\u00e9ben eg\u00e9szs\u00e9g\u00fcgyi szolg\u00e1ltat\u00f3t, Klinikai K\u00f6zpontot\u00a0m\u0171k\u00f6dtet. A Klinikai K\u00f6zpont r\u00e9szt vesz a ter\u00fcleti eg\u00e9szs\u00e9g\u00fcgyi szolg\u00e1ltat\u00e1sok ny\u00fajt\u00e1s\u00e1ban, a progressz\u00edv betegell\u00e1t\u00e1sban. Az Egyetem igazs\u00e1g\u00fcgyi szak\u00e9rt\u0151i tev\u00e9kenys\u00e9get is ell\u00e1t.<\/p>\n<p style=\"text-align: justify\">Az Egyetem ell\u00e1tja tov\u00e1bb\u00e1 a fenntart\u00f3 \u00e1ltal az Egyetem Alap\u00edt\u00f3 Okirat\u00e1ban meghat\u00e1rozott egy\u00e9b tev\u00e9kenys\u00e9geket.<\/p>\n<p style=\"text-align: justify\" align=\"center\"><strong>Mission and Activities of Semmelweis University<\/strong><\/p>\n<p style=\"text-align: justify\">Semmelweis University (hereinafter referred to as \u201cUniversity\u201d) is a state-owned institution of higher education. It is a legal entity operating as a budgetary organisation based on its Founding Charter.<\/p>\n<p style=\"text-align: justify\">The University\u2019s core educational activities comprise undergraduate training (Bachelor programme) and graduate training (Master programme), organised in either consecutive programme cycles or in a single long cycle, Doctoral training, higher education vocational training and specialist postgraduate training. The University further conducts specialist medical, dental, pharmaceutical and clinical psychiatrist training, as well as specialist and further medical training for those already holding a non-medical higher education degree.<\/p>\n<p style=\"text-align: justify\">The University\u2019s core research activities comprise basic and applied research, experimental development, technological innovation, as well as other research that supports education. The University takes care of talent support and the cultivation of the next generation of researchers. Through the course work, it helps students develop their R&amp;D skills, the practical application of their acquired knowledge, their entrepreneurial skills, as well as their knowledge regarding the protection and utilisation of intellectual property rights. The University expands, develops, applies, and passes on knowledge in those sciences that are required to perform its tasks.<\/p>\n<p style=\"text-align: justify\">The University, as a medical institution of higher education, is engaged in providing health care services. In order to carry out its educational and research activities, it operates a Teaching Hospital Centre (Clinical Centre), which functions as a health care service provider. The Teaching Hospital Centre (Clinical Centre) provides regional health care services and progressive patient care. The University also provides forensic expert services.<\/p>\n<p style=\"text-align: justify\">The University takes care of other tasks specified in its Founding Charter by the maintainer, that is the Minister responsible for education.<\/p>\n<p>&nbsp;<\/p>\n","protected":false},"excerpt":{"rendered":"<p>A Semmelweis Egyetem feladata, tev\u00e9kenys\u00e9ge A Semmelweis\u00a0Egyetem (a tov\u00e1bbiakban: Egyetem) \u00e1llami fels\u0151oktat\u00e1si int\u00e9zm\u00e9ny, jogi szem\u00e9ly, amely Alap\u00edt\u00f3 Okirata alapj\u00e1n, k\u00f6zponti k\u00f6lts\u00e9gvet\u00e9si szervk\u00e9nt m\u0171k\u00f6dik. Az Egyetem oktat\u00e1si alaptev\u00e9kenys\u00e9ge mag\u00e1ban foglalja az alapk\u00e9pz\u00e9st \u00e9s a mesterk\u00e9pz\u00e9st \u2013 osztott \u00e9s osztatlan k\u00e9pz\u00e9sk\u00e9nt &#8211; , a doktori k\u00e9pz\u00e9st, a szakir\u00e1ny\u00fa tov\u00e1bbk\u00e9pz\u00e9st, valamint a fels\u0151oktat\u00e1si szakk\u00e9pz\u00e9st. Az Egyetem folytat tov\u00e1bb\u00e1 &hellip;<\/p>\n","protected":false},"author":128,"featured_media":0,"parent":609,"menu_order":0,"comment_status":"open","ping_status":"open","template":"","meta":{"_acf_changed":false,"footnotes":""},"categories":[],"tags":[],"class_list":["post-627","page","type-page","status-publish","hentry"],"acf":[],"_links":{"self":[{"href":"https:\/\/semmelweis.hu\/jogigfoig\/wp-json\/wp\/v2\/pages\/627","targetHints":{"allow":["GET"]}}],"collection":[{"href":"https:\/\/semmelweis.hu\/jogigfoig\/wp-json\/wp\/v2\/pages"}],"about":[{"href":"https:\/\/semmelweis.hu\/jogigfoig\/wp-json\/wp\/v2\/types\/page"}],"author":[{"embeddable":true,"href":"https:\/\/semmelweis.hu\/jogigfoig\/wp-json\/wp\/v2\/users\/128"}],"replies":[{"embeddable":true,"href":"https:\/\/semmelweis.hu\/jogigfoig\/wp-json\/wp\/v2\/comments?post=627"}],"version-history":[{"count":1,"href":"https:\/\/semmelweis.hu\/jogigfoig\/wp-json\/wp\/v2\/pages\/627\/revisions"}],"predecessor-version":[{"id":75569,"href":"https:\/\/semmelweis.hu\/jogigfoig\/wp-json\/wp\/v2\/pages\/627\/revisions\/75569"}],"up":[{"embeddable":true,"href":"https:\/\/semmelweis.hu\/jogigfoig\/wp-json\/wp\/v2\/pages\/609"}],"wp:attachment":[{"href":"https:\/\/semmelweis.hu\/jogigfoig\/wp-json\/wp\/v2\/media?parent=627"}],"wp:term":[{"taxonomy":"category","embeddable":true,"href":"https:\/\/semmelweis.hu\/jogigfoig\/wp-json\/wp\/v2\/categories?post=627"},{"taxonomy":"post_tag","embeddable":true,"href":"https:\/\/semmelweis.hu\/jogigfoig\/wp-json\/wp\/v2\/tags?post=627"}],"curies":[{"name":"wp","href":"https:\/\/api.w.org\/{rel}","templated":true}]}}