{"id":612,"date":"2012-08-06T08:53:19","date_gmt":"2012-08-06T08:53:19","guid":{"rendered":"http:\/\/semmelweis-egyetem.hu\/rektori-hivatal\/?page_id=612"},"modified":"2023-01-30T11:13:23","modified_gmt":"2023-01-30T10:13:23","slug":"egyedi-kozzeteteli-lista","status":"publish","type":"page","link":"https:\/\/semmelweis.hu\/jogigfoig\/adatvedelem-betegjog\/kozerdeku-adatok-archivum\/egyedi-kozzeteteli-lista\/","title":{"rendered":"Egyedi k\u00f6zz\u00e9t\u00e9teli lista &#8211; 2022. december 31-ig (Arch\u00edvum)"},"content":{"rendered":"<p><a href=\"https:\/\/semmelweis.hu\/jogigfoig\/dokumentumtar\/alapito-okirat\/\" rel=\"noopener\">1. A Semmelweis Egyetem Alap\u00edt\u00f3 Okirata<\/a><\/p>\n<p><a href=\"https:\/\/semmelweis.hu\/jogigfoig\/dokumentumtar\/szabalyzattar\/\" rel=\"noopener\">2. A Semmelweis Egyetem Szab\u00e1lyzatai<\/a><\/p>\n<p><a href=\"https:\/\/semmelweis.hu\/jogigfoig\/adatvedelem-betegjog\/kozerdeku-adatok\/egyedi-kozzeteteli-lista\/elnyert-palyazatok\/\" rel=\"noopener\">3. A folyamatban l\u00e9v\u0151 eur\u00f3pai uni\u00f3s t\u00e1mogat\u00e1sra ir\u00e1nyul\u00f3 p\u00e1ly\u00e1zatok<\/a>\u00a0<\/p>\n","protected":false},"excerpt":{"rendered":"<p><a href=\"https:\/\/semmelweis.hu\/jogigfoig\/dokumentumtar\/alapito-okirat\/\" rel=\"noopener\">1. A Semmelweis Egyetem Alap\u00edt\u00f3 Okirata<\/a><br \/>\n<a href=\"https:\/\/semmelweis.hu\/jogigfoig\/dokumentumtar\/szabalyzattar\/\" rel=\"noopener\">2. A Semmelweis Egyetem Szab\u00e1lyzatai<\/a><br \/>\n<a href=\"https:\/\/semmelweis.hu\/jogigfoig\/adatvedelem-betegjog\/kozerdeku-adatok\/egyedi-kozzeteteli-lista\/elnyert-palyazatok\/\" rel=\"noopener\">3. A folyamatban l\u00e9v\u0151 eur\u00f3pai uni\u00f3s t\u00e1mogat\u00e1sra ir\u00e1nyul\u00f3 p\u00e1ly\u00e1zatok<\/a>\u00a0<\/p>\n","protected":false},"author":128,"featured_media":0,"parent":932,"menu_order":2,"comment_status":"open","ping_status":"open","template":"","meta":{"_acf_changed":false,"footnotes":""},"categories":[],"tags":[],"class_list":["post-612","page","type-page","status-publish","hentry"],"acf":[],"_links":{"self":[{"href":"https:\/\/semmelweis.hu\/jogigfoig\/wp-json\/wp\/v2\/pages\/612","targetHints":{"allow":["GET"]}}],"collection":[{"href":"https:\/\/semmelweis.hu\/jogigfoig\/wp-json\/wp\/v2\/pages"}],"about":[{"href":"https:\/\/semmelweis.hu\/jogigfoig\/wp-json\/wp\/v2\/types\/page"}],"author":[{"embeddable":true,"href":"https:\/\/semmelweis.hu\/jogigfoig\/wp-json\/wp\/v2\/users\/128"}],"replies":[{"embeddable":true,"href":"https:\/\/semmelweis.hu\/jogigfoig\/wp-json\/wp\/v2\/comments?post=612"}],"version-history":[{"count":10,"href":"https:\/\/semmelweis.hu\/jogigfoig\/wp-json\/wp\/v2\/pages\/612\/revisions"}],"predecessor-version":[{"id":86469,"href":"https:\/\/semmelweis.hu\/jogigfoig\/wp-json\/wp\/v2\/pages\/612\/revisions\/86469"}],"up":[{"embeddable":true,"href":"https:\/\/semmelweis.hu\/jogigfoig\/wp-json\/wp\/v2\/pages\/932"}],"wp:attachment":[{"href":"https:\/\/semmelweis.hu\/jogigfoig\/wp-json\/wp\/v2\/media?parent=612"}],"wp:term":[{"taxonomy":"category","embeddable":true,"href":"https:\/\/semmelweis.hu\/jogigfoig\/wp-json\/wp\/v2\/categories?post=612"},{"taxonomy":"post_tag","embeddable":true,"href":"https:\/\/semmelweis.hu\/jogigfoig\/wp-json\/wp\/v2\/tags?post=612"}],"curies":[{"name":"wp","href":"https:\/\/api.w.org\/{rel}","templated":true}]}}