{"id":6070,"date":"2016-12-19T14:23:37","date_gmt":"2016-12-19T13:23:37","guid":{"rendered":"http:\/\/semmelweis.hu\/jogigfoig\/?page_id=6070"},"modified":"2020-02-11T11:26:47","modified_gmt":"2020-02-11T10:26:47","slug":"2015-aprilis-8","status":"publish","type":"page","link":"https:\/\/semmelweis.hu\/jogigfoig\/testuletek\/szenatus\/2015-evi-szenatusi-hatarozatok\/2015-aprilis-8\/","title":{"rendered":"2015. \u00e1prilis 8."},"content":{"rendered":"<ul>\n<li style=\"text-align: justify\"><a href=\"https:\/\/semmelweis.hu\/jogigfoig\/files\/2016\/12\/N_IV_8_Napirend_elfogadasarol.pdf\" target=\"_blank\" rel=\"noopener noreferrer\">N-IV.8\/2015. sz\u00e1m\u00fa hat\u00e1rozat a szen\u00e1tusi napirendi pontjainak elfogad\u00e1s\u00e1r\u00f3l<\/a><\/li>\n<li style=\"text-align: justify\"><a href=\"https:\/\/semmelweis.hu\/jogigfoig\/files\/2016\/12\/17_sz_IV_-8_rektorjelolt_valasztashoz_kapcs_jogi_techn_kerdesekrol.pdf\" target=\"_blank\" rel=\"noopener noreferrer\">17\/2015. (IV.8.) sz\u00e1m\u00fa hat\u00e1rozat a Semmelweis Egyetem 2015. \u00e1prilis 8-ai rektorjel\u00f6lt-v\u00e1laszt\u00e1s\u00e1hoz kapcsol\u00f3d\u00f3 egyes jogi \u00e9s technikai jelleg\u0171 k\u00e9rd\u00e9sekr\u0151l \u00e9s az elj\u00e1r\u00e1srend kieg\u00e9sz\u00edt\u00e9s\u00e9r\u0151l<\/a><\/li>\n<li style=\"text-align: justify\"><a href=\"https:\/\/semmelweis.hu\/jogigfoig\/files\/2016\/12\/18_sz_IV_8_technikai_elj_rend.pdf\" target=\"_blank\" rel=\"noopener noreferrer\">18\/2015. (IV.8.) sz\u00e1m\u00fa hat\u00e1rozat a Semmelweis Egyetem 2015. \u00e1prilis 8-ai rektorjel\u00f6lt-v\u00e1laszt\u00e1s\u00e1hoz kapcsol\u00f3d\u00f3 egyes jogi \u00e9s technikai jelleg\u0171 k\u00e9rd\u00e9sekr\u0151l \u00e9s az elj\u00e1r\u00e1srend kieg\u00e9sz\u00edt\u00e9s\u00e9r\u0151l<\/a><\/li>\n<li style=\"text-align: justify\"><a href=\"https:\/\/semmelweis.hu\/jogigfoig\/files\/2016\/12\/19_sz_IV_8_rektorjelolt_valasztasarol.pdf\" target=\"_blank\" rel=\"noopener noreferrer\">19\/2015. (IV.8.) sz\u00e1m\u00fa hat\u00e1rozat a rektori megb\u00edz\u00e1sra beny\u00fajtott p\u00e1ly\u00e1zatok v\u00e9lem\u00e9nyez\u00e9s\u00e9r\u0151l<\/a><\/li>\n<\/ul>\n","protected":false},"excerpt":{"rendered":"<p><a href=\"https:\/\/semmelweis.hu\/jogigfoig\/files\/2016\/12\/N_IV_8_Napirend_elfogadasarol.pdf\" target=\"_blank\" rel=\"noopener noreferrer\">N-IV.8\/2015. sz\u00e1m\u00fa hat\u00e1rozat a szen\u00e1tusi napirendi pontjainak elfogad\u00e1s\u00e1r\u00f3l<\/a><br \/>\n<a href=\"https:\/\/semmelweis.hu\/jogigfoig\/files\/2016\/12\/17_sz_IV_-8_rektorjelolt_valasztashoz_kapcs_jogi_techn_kerdesekrol.pdf\" target=\"_blank\" rel=\"noopener noreferrer\">17\/2015. (IV.8.) sz\u00e1m\u00fa hat\u00e1rozat a Semmelweis Egyetem 2015. \u00e1prilis 8-ai rektorjel\u00f6lt-v\u00e1laszt\u00e1s\u00e1hoz kapcsol\u00f3d\u00f3 egyes jogi \u00e9s technikai jelleg\u0171 k\u00e9rd\u00e9sekr\u0151l \u00e9s az elj\u00e1r\u00e1srend kieg\u00e9sz\u00edt\u00e9s\u00e9r\u0151l<\/a><br \/>\n<a href=\"https:\/\/semmelweis.hu\/jogigfoig\/files\/2016\/12\/18_sz_IV_8_technikai_elj_rend.pdf\" target=\"_blank\" rel=\"noopener noreferrer\">18\/2015. (IV.8.) sz\u00e1m\u00fa hat\u00e1rozat a Semmelweis Egyetem 2015. \u00e1prilis 8-ai rektorjel\u00f6lt-v\u00e1laszt\u00e1s\u00e1hoz kapcsol\u00f3d\u00f3 egyes jogi \u00e9s technikai jelleg\u0171 k\u00e9rd\u00e9sekr\u0151l \u00e9s az elj\u00e1r\u00e1srend kieg\u00e9sz\u00edt\u00e9s\u00e9r\u0151l<\/a><br \/>\n<a href=\"https:\/\/semmelweis.hu\/jogigfoig\/files\/2016\/12\/19_sz_IV_8_rektorjelolt_valasztasarol.pdf\" target=\"_blank\" rel=\"noopener noreferrer\">19\/2015. (IV.8.) sz\u00e1m\u00fa hat\u00e1rozat a rektori megb\u00edz\u00e1sra beny\u00fajtott p\u00e1ly\u00e1zatok v\u00e9lem\u00e9nyez\u00e9s\u00e9r\u0151l<\/a><\/p>\n","protected":false},"author":12,"featured_media":0,"parent":7839,"menu_order":4,"comment_status":"closed","ping_status":"closed","template":"","meta":{"_acf_changed":false,"footnotes":""},"categories":[1],"tags":[],"class_list":["post-6070","page","type-page","status-publish","hentry","category-egyeb"],"acf":[],"_links":{"self":[{"href":"https:\/\/semmelweis.hu\/jogigfoig\/wp-json\/wp\/v2\/pages\/6070","targetHints":{"allow":["GET"]}}],"collection":[{"href":"https:\/\/semmelweis.hu\/jogigfoig\/wp-json\/wp\/v2\/pages"}],"about":[{"href":"https:\/\/semmelweis.hu\/jogigfoig\/wp-json\/wp\/v2\/types\/page"}],"author":[{"embeddable":true,"href":"https:\/\/semmelweis.hu\/jogigfoig\/wp-json\/wp\/v2\/users\/12"}],"replies":[{"embeddable":true,"href":"https:\/\/semmelweis.hu\/jogigfoig\/wp-json\/wp\/v2\/comments?post=6070"}],"version-history":[{"count":2,"href":"https:\/\/semmelweis.hu\/jogigfoig\/wp-json\/wp\/v2\/pages\/6070\/revisions"}],"predecessor-version":[{"id":7862,"href":"https:\/\/semmelweis.hu\/jogigfoig\/wp-json\/wp\/v2\/pages\/6070\/revisions\/7862"}],"up":[{"embeddable":true,"href":"https:\/\/semmelweis.hu\/jogigfoig\/wp-json\/wp\/v2\/pages\/7839"}],"wp:attachment":[{"href":"https:\/\/semmelweis.hu\/jogigfoig\/wp-json\/wp\/v2\/media?parent=6070"}],"wp:term":[{"taxonomy":"category","embeddable":true,"href":"https:\/\/semmelweis.hu\/jogigfoig\/wp-json\/wp\/v2\/categories?post=6070"},{"taxonomy":"post_tag","embeddable":true,"href":"https:\/\/semmelweis.hu\/jogigfoig\/wp-json\/wp\/v2\/tags?post=6070"}],"curies":[{"name":"wp","href":"https:\/\/api.w.org\/{rel}","templated":true}]}}