{"id":5729,"date":"2016-11-25T12:37:09","date_gmt":"2016-11-25T11:37:09","guid":{"rendered":"http:\/\/semmelweis.hu\/jogigfoig\/?page_id=5729"},"modified":"2020-02-11T11:16:36","modified_gmt":"2020-02-11T10:16:36","slug":"2016-november-24","status":"publish","type":"page","link":"https:\/\/semmelweis.hu\/jogigfoig\/testuletek\/szenatus\/2016-evi-szenatusi-hatarozatok\/2016-november-24\/","title":{"rendered":"2016. november 24."},"content":{"rendered":"<ul>\n<li style=\"text-align: justify\"><a href=\"https:\/\/semmelweis.hu\/jogigfoig\/files\/2016\/11\/128_sz_XI_24_2017_evi_vezetoi_koltsegvetes.pdf\" target=\"_blank\" rel=\"noopener noreferrer\">128\/2016. (XI.24.) sz\u00e1m\u00fa hat\u00e1rozata 2017. \u00e9vi vezet\u0151i k\u00f6lts\u00e9gvet\u00e9s tervez\u00e9si alapelvei c\u00edm\u0171 el\u0151terjeszt\u00e9s elfogad\u00e1s\u00e1r\u00f3l<\/a><\/li>\n<li style=\"text-align: justify\"><a href=\"https:\/\/semmelweis.hu\/jogigfoig\/files\/2016\/11\/129_sz_XI_24_SZMSZ_egyes-rendelk_mod.pdf\" target=\"_blank\" rel=\"noopener noreferrer\">129\/2016. (XI.24.) sz\u00e1m\u00fa hat\u00e1rozata a Szervezeti \u00e9s M\u0171k\u00f6d\u00e9si Szab\u00e1lyzat egyes rendelkez\u00e9seinek m\u00f3dos\u00edt\u00e1s\u00e1r\u00f3l c\u00edm\u0171 rendelkez\u00e9s elfogad\u00e1s\u00e1r\u00f3l<\/a><\/li>\n<li style=\"text-align: justify\"><a href=\"https:\/\/semmelweis.hu\/jogigfoig\/files\/2016\/11\/130_sz_XI_24_2016_evi_vagyongazdalkodasi_terv.pdf\" target=\"_blank\" rel=\"noopener noreferrer\">130\/2016. (XI.24.) sz\u00e1m\u00fa hat\u00e1rozata a Semmelweis Egyetem 2016. \u00e9vi Vagyongazd\u00e1lkod\u00e1si terv m\u00f3dos\u00edtott tartalm\u00e1nak tudom\u00e1sulv\u00e9tel\u00e9r\u0151l<\/a><\/li>\n<li style=\"text-align: justify\"><a href=\"https:\/\/semmelweis.hu\/jogigfoig\/files\/2016\/11\/131_sz_XI_24_kulso_megbizasu_klinikai_nemklinikai_vizsg_szabalyzat.pdf\" target=\"_blank\" rel=\"noopener noreferrer\">131\/2016. (XI.24.) sz\u00e1m\u00fa hat\u00e1rozata a k\u00fcls\u0151 megb\u00edz\u00e1s\u00fa klinikai \u00e9s nemklinikai vizsg\u00e1latok szab\u00e1lyzair\u00f3l sz\u00f3l\u00f3 Szab\u00e1lyzat m\u00f3dos\u00edt\u00e1s\u00e1r\u00f3l<\/a><\/li>\n<li style=\"text-align: justify\"><a href=\"https:\/\/semmelweis.hu\/jogigfoig\/dokumentumtar\/szenatusi-hatarozatok\/2016-november-24\/1322016-xi-24-szamu-hatarozata-az-altalanos-orvostudomanyi-karon-mukodo-tanulmanyi-es-vizsgabizottsag-szocialis-es-eselyegyenlosegi-bizottsag-kreditatviteli-bizottsag-kari-etikai-es-fegyelmi-b\/\">132\/2016. (XI.24.) sz\u00e1m\u00fa hat\u00e1rozata az \u00c1ltal\u00e1nos Orvostudom\u00e1nyi Karon m\u0171k\u00f6d\u0151 Tanulm\u00e1nyi \u00e9s Vizsgabizotts\u00e1g, Szoci\u00e1lis \u00e9s Es\u00e9lyegyenl\u0151s\u00e9gi Bizotts\u00e1g, Kredit\u00e1tviteli Bizotts\u00e1g, Kari Etikai \u00e9s Fegyelmi Bizotts\u00e1g \u00fcgyrendj\u00e9nek a j\u00f3v\u00e1hagy\u00e1s\u00e1r\u00f3l \u00e9s mell\u00e9kletei<\/a><\/li>\n<\/ul>\n","protected":false},"excerpt":{"rendered":"<p><a href=\"https:\/\/semmelweis.hu\/jogigfoig\/files\/2016\/11\/128_sz_XI_24_2017_evi_vezetoi_koltsegvetes.pdf\" target=\"_blank\" rel=\"noopener noreferrer\">128\/2016. (XI.24.) sz\u00e1m\u00fa hat\u00e1rozata 2017. \u00e9vi vezet\u0151i k\u00f6lts\u00e9gvet\u00e9s tervez\u00e9si alapelvei c\u00edm\u0171 el\u0151terjeszt\u00e9s elfogad\u00e1s\u00e1r\u00f3l<\/a><br \/>\n<a href=\"https:\/\/semmelweis.hu\/jogigfoig\/files\/2016\/11\/129_sz_XI_24_SZMSZ_egyes-rendelk_mod.pdf\" target=\"_blank\" rel=\"noopener noreferrer\">129\/2016. (XI.24.) sz\u00e1m\u00fa hat\u00e1rozata a Szervezeti \u00e9s M\u0171k\u00f6d\u00e9si Szab\u00e1lyzat egyes rendelkez\u00e9seinek m\u00f3dos\u00edt\u00e1s\u00e1r\u00f3l c\u00edm\u0171 rendelkez\u00e9s elfogad\u00e1s\u00e1r\u00f3l<\/a><br \/>\n<a href=\"https:\/\/semmelweis.hu\/jogigfoig\/files\/2016\/11\/130_sz_XI_24_2016_evi_vagyongazdalkodasi_terv.pdf\" target=\"_blank\" rel=\"noopener noreferrer\">130\/2016. (XI.24.) sz\u00e1m\u00fa hat\u00e1rozata a Semmelweis Egyetem 2016. \u00e9vi Vagyongazd\u00e1lkod\u00e1si terv m\u00f3dos\u00edtott tartalm\u00e1nak tudom\u00e1sulv\u00e9tel\u00e9r\u0151l<\/a><br \/>\n<a href=\"https:\/\/semmelweis.hu\/jogigfoig\/files\/2016\/11\/131_sz_XI_24_kulso_megbizasu_klinikai_nemklinikai_vizsg_szabalyzat.pdf\" target=\"_blank\" rel=\"noopener noreferrer\">131\/2016. (XI.24.) sz\u00e1m\u00fa hat\u00e1rozata a k\u00fcls\u0151 megb\u00edz\u00e1s\u00fa klinikai \u00e9s nemklinikai vizsg\u00e1latok szab\u00e1lyzair\u00f3l sz\u00f3l\u00f3 Szab\u00e1lyzat m\u00f3dos\u00edt\u00e1s\u00e1r\u00f3l<\/a><br \/>\n<a href=\"https:\/\/semmelweis.hu\/jogigfoig\/dokumentumtar\/szenatusi-hatarozatok\/2016-november-24\/1322016-xi-24-szamu-hatarozata-az-altalanos-orvostudomanyi-karon-mukodo-tanulmanyi-es-vizsgabizottsag-szocialis-es-eselyegyenlosegi-bizottsag-kreditatviteli-bizottsag-kari-etikai-es-fegyelmi-b\/\">132\/2016. (XI.24.) sz\u00e1m\u00fa hat\u00e1rozata az \u00c1ltal\u00e1nos Orvostudom\u00e1nyi Karon m\u0171k\u00f6d\u0151 Tanulm\u00e1nyi \u00e9s Vizsgabizotts\u00e1g, Szoci\u00e1lis \u00e9s Es\u00e9lyegyenl\u0151s\u00e9gi Bizotts\u00e1g, Kredit\u00e1tviteli Bizotts\u00e1g, Kari Etikai \u00e9s Fegyelmi Bizotts\u00e1g \u00fcgyrendj\u00e9nek a j\u00f3v\u00e1hagy\u00e1s\u00e1r\u00f3l \u00e9s mell\u00e9kletei<\/a><\/p>\n","protected":false},"author":12,"featured_media":0,"parent":7792,"menu_order":15,"comment_status":"closed","ping_status":"closed","template":"","meta":{"_acf_changed":false,"footnotes":""},"categories":[1],"tags":[],"class_list":["post-5729","page","type-page","status-publish","hentry","category-egyeb"],"acf":[],"_links":{"self":[{"href":"https:\/\/semmelweis.hu\/jogigfoig\/wp-json\/wp\/v2\/pages\/5729","targetHints":{"allow":["GET"]}}],"collection":[{"href":"https:\/\/semmelweis.hu\/jogigfoig\/wp-json\/wp\/v2\/pages"}],"about":[{"href":"https:\/\/semmelweis.hu\/jogigfoig\/wp-json\/wp\/v2\/types\/page"}],"author":[{"embeddable":true,"href":"https:\/\/semmelweis.hu\/jogigfoig\/wp-json\/wp\/v2\/users\/12"}],"replies":[{"embeddable":true,"href":"https:\/\/semmelweis.hu\/jogigfoig\/wp-json\/wp\/v2\/comments?post=5729"}],"version-history":[{"count":8,"href":"https:\/\/semmelweis.hu\/jogigfoig\/wp-json\/wp\/v2\/pages\/5729\/revisions"}],"predecessor-version":[{"id":7801,"href":"https:\/\/semmelweis.hu\/jogigfoig\/wp-json\/wp\/v2\/pages\/5729\/revisions\/7801"}],"up":[{"embeddable":true,"href":"https:\/\/semmelweis.hu\/jogigfoig\/wp-json\/wp\/v2\/pages\/7792"}],"wp:attachment":[{"href":"https:\/\/semmelweis.hu\/jogigfoig\/wp-json\/wp\/v2\/media?parent=5729"}],"wp:term":[{"taxonomy":"category","embeddable":true,"href":"https:\/\/semmelweis.hu\/jogigfoig\/wp-json\/wp\/v2\/categories?post=5729"},{"taxonomy":"post_tag","embeddable":true,"href":"https:\/\/semmelweis.hu\/jogigfoig\/wp-json\/wp\/v2\/tags?post=5729"}],"curies":[{"name":"wp","href":"https:\/\/api.w.org\/{rel}","templated":true}]}}