{"id":5721,"date":"2016-11-22T13:16:55","date_gmt":"2016-11-22T12:16:55","guid":{"rendered":"http:\/\/semmelweis.hu\/jogigfoig\/?page_id=5721"},"modified":"2017-05-05T11:58:02","modified_gmt":"2017-05-05T09:58:02","slug":"mellekletek-2","status":"publish","type":"page","link":"https:\/\/semmelweis.hu\/jogigfoig\/testuletek\/szenatus\/2016-evi-szenatusi-hatarozatok\/2016-szeptember-29\/mellekletek-2\/","title":{"rendered":"A 112\/2016. (IX.29.) sz\u00e1m\u00fa hat\u00e1rozathoz tartoz\u00f3 mell\u00e9kletek"},"content":{"rendered":"<ul>\n<li><a href=\"https:\/\/semmelweis.hu\/jogigfoig\/dokumentumtar\/szenatusi-hatarozatok\/egeszsegtudomanyi-kar\/\" target=\"_blank\" rel=\"noopener noreferrer\">Eg\u00e9szs\u00e9gtudom\u00e1nyi Kar<\/a><\/li>\n<li><a href=\"https:\/\/semmelweis.hu\/jogigfoig\/dokumentumtar\/szenatusi-hatarozatok\/fogorvostudomanyi-kar\/\" target=\"_blank\" rel=\"noopener noreferrer\">Fogorvostudom\u00e1nyi Kar<\/a><\/li>\n<li><a href=\"https:\/\/semmelweis.hu\/jogigfoig\/dokumentumtar\/szenatusi-hatarozatok\/gyogyszeresztudomanyi-kar\/\" target=\"_blank\" rel=\"noopener noreferrer\">Gy\u00f3gyszer\u00e9sztudom\u00e1nyi Kar<\/a><\/li>\n<\/ul>\n","protected":false},"excerpt":{"rendered":"<p><a href=\"https:\/\/semmelweis.hu\/jogigfoig\/dokumentumtar\/szenatusi-hatarozatok\/egeszsegtudomanyi-kar\/\" target=\"_blank\" rel=\"noopener noreferrer\">Eg\u00e9szs\u00e9gtudom\u00e1nyi Kar<\/a><br \/>\n<a href=\"https:\/\/semmelweis.hu\/jogigfoig\/dokumentumtar\/szenatusi-hatarozatok\/fogorvostudomanyi-kar\/\" target=\"_blank\" rel=\"noopener noreferrer\">Fogorvostudom\u00e1nyi Kar<\/a><br \/>\n<a href=\"https:\/\/semmelweis.hu\/jogigfoig\/dokumentumtar\/szenatusi-hatarozatok\/gyogyszeresztudomanyi-kar\/\" target=\"_blank\" rel=\"noopener noreferrer\">Gy\u00f3gyszer\u00e9sztudom\u00e1nyi Kar<\/a><\/p>\n","protected":false},"author":12,"featured_media":0,"parent":5193,"menu_order":0,"comment_status":"closed","ping_status":"closed","template":"","meta":{"_acf_changed":false,"footnotes":""},"categories":[1],"tags":[],"class_list":["post-5721","page","type-page","status-publish","hentry","category-egyeb"],"acf":[],"_links":{"self":[{"href":"https:\/\/semmelweis.hu\/jogigfoig\/wp-json\/wp\/v2\/pages\/5721","targetHints":{"allow":["GET"]}}],"collection":[{"href":"https:\/\/semmelweis.hu\/jogigfoig\/wp-json\/wp\/v2\/pages"}],"about":[{"href":"https:\/\/semmelweis.hu\/jogigfoig\/wp-json\/wp\/v2\/types\/page"}],"author":[{"embeddable":true,"href":"https:\/\/semmelweis.hu\/jogigfoig\/wp-json\/wp\/v2\/users\/12"}],"replies":[{"embeddable":true,"href":"https:\/\/semmelweis.hu\/jogigfoig\/wp-json\/wp\/v2\/comments?post=5721"}],"version-history":[{"count":3,"href":"https:\/\/semmelweis.hu\/jogigfoig\/wp-json\/wp\/v2\/pages\/5721\/revisions"}],"predecessor-version":[{"id":7940,"href":"https:\/\/semmelweis.hu\/jogigfoig\/wp-json\/wp\/v2\/pages\/5721\/revisions\/7940"}],"up":[{"embeddable":true,"href":"https:\/\/semmelweis.hu\/jogigfoig\/wp-json\/wp\/v2\/pages\/5193"}],"wp:attachment":[{"href":"https:\/\/semmelweis.hu\/jogigfoig\/wp-json\/wp\/v2\/media?parent=5721"}],"wp:term":[{"taxonomy":"category","embeddable":true,"href":"https:\/\/semmelweis.hu\/jogigfoig\/wp-json\/wp\/v2\/categories?post=5721"},{"taxonomy":"post_tag","embeddable":true,"href":"https:\/\/semmelweis.hu\/jogigfoig\/wp-json\/wp\/v2\/tags?post=5721"}],"curies":[{"name":"wp","href":"https:\/\/api.w.org\/{rel}","templated":true}]}}