{"id":5712,"date":"2016-11-22T11:05:07","date_gmt":"2016-11-22T10:05:07","guid":{"rendered":"http:\/\/semmelweis.hu\/jogigfoig\/?page_id=5712"},"modified":"2017-05-05T12:04:47","modified_gmt":"2017-05-05T10:04:47","slug":"gyogyszeresztudomanyi-kar","status":"publish","type":"page","link":"https:\/\/semmelweis.hu\/jogigfoig\/testuletek\/szenatus\/2016-evi-szenatusi-hatarozatok\/2016-szeptember-29\/mellekletek-2\/gyogyszeresztudomanyi-kar\/","title":{"rendered":"Gy\u00f3gyszer\u00e9sztudom\u00e1nyi Kar"},"content":{"rendered":"<ul>\n<li><a href=\"https:\/\/semmelweis.hu\/jogigfoig\/files\/2016\/11\/Bizottsagi_ugyrendek.pdf\" target=\"_blank\" rel=\"noopener noreferrer\">Bizotts\u00e1gi \u00dcgyrendek<\/a><\/li>\n<li><a href=\"https:\/\/semmelweis.hu\/jogigfoig\/files\/2016\/11\/Tanulmanyi_es_Vizsgabizottsag_ugyrend.pdf\" target=\"_blank\" rel=\"noopener noreferrer\">Tanulm\u00e1nyi \u00e9s Vizsgabizotts\u00e1g \u00dcgyrendje<\/a><\/li>\n<\/ul>\n","protected":false},"excerpt":{"rendered":"<p><a href=\"https:\/\/semmelweis.hu\/jogigfoig\/files\/2016\/11\/Bizottsagi_ugyrendek.pdf\" target=\"_blank\" rel=\"noopener noreferrer\">Bizotts\u00e1gi \u00dcgyrendek<\/a><br \/>\n<a href=\"https:\/\/semmelweis.hu\/jogigfoig\/files\/2016\/11\/Tanulmanyi_es_Vizsgabizottsag_ugyrend.pdf\" target=\"_blank\" rel=\"noopener noreferrer\">Tanulm\u00e1nyi \u00e9s Vizsgabizotts\u00e1g \u00dcgyrendje<\/a><\/p>\n","protected":false},"author":12,"featured_media":0,"parent":5721,"menu_order":0,"comment_status":"closed","ping_status":"closed","template":"","meta":{"_acf_changed":false,"footnotes":""},"categories":[1],"tags":[],"class_list":["post-5712","page","type-page","status-publish","hentry","category-egyeb"],"acf":[],"_links":{"self":[{"href":"https:\/\/semmelweis.hu\/jogigfoig\/wp-json\/wp\/v2\/pages\/5712","targetHints":{"allow":["GET"]}}],"collection":[{"href":"https:\/\/semmelweis.hu\/jogigfoig\/wp-json\/wp\/v2\/pages"}],"about":[{"href":"https:\/\/semmelweis.hu\/jogigfoig\/wp-json\/wp\/v2\/types\/page"}],"author":[{"embeddable":true,"href":"https:\/\/semmelweis.hu\/jogigfoig\/wp-json\/wp\/v2\/users\/12"}],"replies":[{"embeddable":true,"href":"https:\/\/semmelweis.hu\/jogigfoig\/wp-json\/wp\/v2\/comments?post=5712"}],"version-history":[{"count":3,"href":"https:\/\/semmelweis.hu\/jogigfoig\/wp-json\/wp\/v2\/pages\/5712\/revisions"}],"predecessor-version":[{"id":90739,"href":"https:\/\/semmelweis.hu\/jogigfoig\/wp-json\/wp\/v2\/pages\/5712\/revisions\/90739"}],"up":[{"embeddable":true,"href":"https:\/\/semmelweis.hu\/jogigfoig\/wp-json\/wp\/v2\/pages\/5721"}],"wp:attachment":[{"href":"https:\/\/semmelweis.hu\/jogigfoig\/wp-json\/wp\/v2\/media?parent=5712"}],"wp:term":[{"taxonomy":"category","embeddable":true,"href":"https:\/\/semmelweis.hu\/jogigfoig\/wp-json\/wp\/v2\/categories?post=5712"},{"taxonomy":"post_tag","embeddable":true,"href":"https:\/\/semmelweis.hu\/jogigfoig\/wp-json\/wp\/v2\/tags?post=5712"}],"curies":[{"name":"wp","href":"https:\/\/api.w.org\/{rel}","templated":true}]}}