{"id":571,"date":"2012-07-17T07:31:29","date_gmt":"2012-07-17T07:31:29","guid":{"rendered":"http:\/\/semmelweis-egyetem.hu\/rektori-hivatal\/?page_id=571"},"modified":"2020-02-13T09:45:15","modified_gmt":"2020-02-13T08:45:15","slug":"2012-junius-28","status":"publish","type":"page","link":"https:\/\/semmelweis.hu\/jogigfoig\/testuletek\/szenatus\/2012-evi-szenatusi-hatarozatok\/2012-junius-28\/","title":{"rendered":"2012. j\u00fanius 28."},"content":{"rendered":"<ul>\n<li style=\"text-align: justify\"><a href=\"https:\/\/semmelweis.hu\/rektori-hivatal\/files\/2012\/07\/N-VI.28-2012.sz_.hat_.-napirendi-pontok-elfogad\u00e1sa.pdf\" target=\"_blank\" rel=\"noopener noreferrer\">N-VI. 28\/2012. sz. hat. A szen\u00e1tusi \u00fcl\u00e9s napirendi pontjainak elfogad\u00e1s\u00e1r\u00f3l<\/a><\/li>\n<li style=\"text-align: justify\"><a href=\"https:\/\/semmelweis.hu\/rektori-hivatal\/files\/2012\/07\/72-2012.sz_.hat_.-Rektorhelyettesi-p\u00e1ly\u00e1zatok.pdf\" target=\"_blank\" rel=\"noopener noreferrer\">72\/2012. (VI.28.) sz. hat. Rektorhelyettesi megb\u00edz\u00e1sokra be\u00e9rkezett p\u00e1ly\u00e1zatok v\u00e9lem\u00e9nyez\u00e9s\u00e9r\u0151l<\/a><\/li>\n<li style=\"text-align: justify\"><a href=\"https:\/\/semmelweis.hu\/rektori-hivatal\/files\/2012\/07\/73-2012.sz_.hat_.-Rector-Emeritus.pdf\" target=\"_blank\" rel=\"noopener noreferrer\">73\/2012. (VI.28.) sz. hat. A Semmelweis Egyetem Szervezeti \u00e9s M\u0171k\u00f6d\u00e9si Szab\u00e1lyzat\u00e1nak, valamint ezzel \u00f6sszef\u00fcgg\u00e9sben a Rector Emeritus c\u00edm visel\u00e9s\u00e9r\u0151l sz\u00f3l\u00f3 szab\u00e1lyzat m\u00f3dos\u00edt\u00e1s\u00e1r\u00f3l<\/a><\/li>\n<li style=\"text-align: justify\"><a href=\"https:\/\/semmelweis.hu\/rektori-hivatal\/files\/2012\/07\/74-2012.hat_.-Habilit\u00e1ci\u00f3s-Biz.-eln\u00f6k\u00e9nek-megv\u00e1laszt\u00e1sa.pdf\" target=\"_blank\" rel=\"noopener noreferrer\">74\/2012. (VI.28.) sz. hat. A Habilit\u00e1ci\u00f3s Bizotts\u00e1g eln\u00f6k\u00e9nek megv\u00e1laszt\u00e1s\u00e1r\u00f3l<\/a><\/li>\n<li style=\"text-align: justify\"><a href=\"https:\/\/semmelweis.hu\/jogigfoig\/files\/2012\/07\/75_sz_VI_28_Vezetoi_megbizasok.pdf\" target=\"_blank\" rel=\"noopener noreferrer\">75\/2012. (VI.28.) sz\u00e1m\u00fa hat\u00e1rozata a 2012. \u00e9vre meghirdetett vezet\u0151i megb\u00edz\u00e1sokra be\u00e9rkezett p\u00e1ly\u00e1zatok v\u00e9lem\u00e9nyez\u00e9s\u00e9r\u0151l (\u00c1OK, GYTK, ETK), igazgat\u00f3i megb\u00edz\u00e1s meghosszabb\u00edt\u00e1s\u00e1r\u00f3l a Gy\u00f3gyszer\u00e9sztudom\u00e1nyi Karon<\/a><\/li>\n<li style=\"text-align: justify\"><a href=\"https:\/\/semmelweis.hu\/rektori-hivatal\/files\/2012\/07\/76-2012.sz_.hat_.-Radiol\u00f3giai-Kl.-egyetemi-docensi-p\u00e1ly\u00e1zat.pdf\" target=\"_blank\" rel=\"noopener noreferrer\">76\/2012. (VI.28). sz. hat. A Radiol\u00f3giai \u00e9s Onkoter\u00e1pi\u00e1s Klinik\u00e1ra meghirdetett egyetemi docensi munkak\u00f6rre be\u00e9rkezett p\u00e1ly\u00e1zat v\u00e9lem\u00e9nyez\u00e9s\u00e9r\u0151l <\/a><\/li>\n<li style=\"text-align: justify\"><a href=\"https:\/\/semmelweis.hu\/rektori-hivatal\/files\/2012\/07\/77-2012.sz_.hat_.-2013.-\u00e9vi-egyetemi-f\u0151iskolai-tan\u00e1ri-p\u00e1ly\u00e1zatok.pdf\" target=\"_blank\" rel=\"noopener noreferrer\">77\/2012. (VI.28.) sz. hat. 2013. \u00e9vre meghirdetni tervezett egyetemi\/f\u0151iskolai tan\u00e1ri \u00e1ll\u00e1sp\u00e1ly\u00e1zatok<\/a><\/li>\n<li style=\"text-align: justify\"><a href=\"https:\/\/semmelweis.hu\/rektori-hivatal\/files\/2012\/07\/78-2012.sz_.-hat.-2013.-\u00e9vi-egyetemi-f\u0151iskolai-docensi-\u00e1ll\u00e1sp\u00e1ly\u00e1zatok.pdf\" target=\"_blank\" rel=\"noopener noreferrer\">78\/2012. (VI.28.) sz. hat. 2013. \u00e9vre meghirdetni tervezett egyetemi\/f\u0151iskolai docensi \u00e1ll\u00e1sp\u00e1ly\u00e1zatokr\u00f3l<\/a><\/li>\n<li style=\"text-align: justify\"><a href=\"https:\/\/semmelweis.hu\/rektori-hivatal\/files\/2012\/07\/79-2012.sz_.-hat.-C\u00edmzetes-egyetemi-tan\u00e1r-egyetemi-docens-\u00e9s-mesteroktat\u00f3i-c\u00edmek.pdf\" target=\"_blank\" rel=\"noopener noreferrer\">79\/2012. (VI.28.) sz. hat. C\u00edmzetes egyetemi tan\u00e1ri, c\u00edmzetes egyetemi docensi \u00e9s mesteroktat\u00f3i c\u00edmek adom\u00e1nyoz\u00e1s\u00e1r\u00f3l<\/a><\/li>\n<li style=\"text-align: justify\"><a href=\"https:\/\/semmelweis.hu\/jogigfoig\/files\/2012\/07\/80_sz_VI_28_allami_miniszteri_kituntetesek.pdf\" target=\"_blank\" rel=\"noopener noreferrer\">80\/2012. (VI.28.) sz\u00e1m\u00fa hat\u00e1rozata 2013. \u00e9vre vonatkoz\u00f3 \u00e1llami, miniszteri szint\u0171 kit\u00fcntet\u00e9sek adom\u00e1nyoz\u00e1s\u00e1r\u00f3l<\/a><\/li>\n<li style=\"text-align: justify\"><a href=\"https:\/\/semmelweis.hu\/rektori-hivatal\/files\/2012\/07\/81-2012.-sz.-hat.-Habilit\u00e1ci\u00f3s-Szab\u00e1lyzat-m\u00f3dos\u00edt\u00e1sa.pdf\" target=\"_blank\" rel=\"noopener noreferrer\">81\/2012. (VI.28.) sz. hat. A Semmelweis Egyetem Habilit\u00e1ci\u00f3s Szab\u00e1lyzat\u00e1nak m\u00f3dos\u00edt\u00e1s\u00e1r\u00f3l <\/a><\/li>\n<li style=\"text-align: justify\"><a href=\"https:\/\/semmelweis.hu\/rektori-hivatal\/files\/2012\/07\/82-2012.sz_.hat_.-Int\u00e9zm\u00e9nyfejleszt\u00e9si-terv-elfogad\u00e1sa-2012-2015.pdf\" target=\"_blank\" rel=\"noopener noreferrer\">82\/2012. (VI.28.) sz. hat. Az &#8222;Int\u00e9zm\u00e9nyfejleszt\u00e9si Terv 2012-2015&#8221; elfogad\u00e1s\u00e1r\u00f3l <\/a><\/li>\n<li style=\"text-align: justify\"><a href=\"https:\/\/semmelweis.hu\/rektori-hivatal\/files\/2012\/07\/83-2012.sz_.hat_.-Besz\u00e1mol\u00f3-a-2012.-\u00e9vi-ktgvet\u00e9s-teljes\u00edt\u00e9s\u00e9r\u0151l.pdf\" target=\"_blank\" rel=\"noopener noreferrer\">83\/2012. (VI.28.) sz. hat. Besz\u00e1mol\u00f3 a 2012. \u00e9vi k\u00f6lts\u00e9gvet\u00e9s teljes\u00edt\u00e9s\u00e9r\u0151l \u00e9s az aktu\u00e1lis, ill. az \u00e9v v\u00e9g\u00e9re v\u00e1rhat\u00f3 likvidit\u00e1si helyzetr\u0151l<\/a><\/li>\n<li style=\"text-align: justify\"><a href=\"https:\/\/semmelweis.hu\/rektori-hivatal\/files\/2012\/07\/84-2012.sz_.hat_.-E\u00fc-i-infrastrukt\u00fara-E\u00fc-i-informatika-N\u00e9peg\u00e9szs\u00e9g\u00fcgyi-menedzser-szakir\u00e1ny-l\u00e9tes\u00edt\u00e9se.pdf\" target=\"_blank\" rel=\"noopener noreferrer\">84\/2012. (VI.28.) sz. hat. Az Eg\u00e9szs\u00e9g\u00fcgyi menedzser mesterk\u00e9pz\u00e9si szak keret\u00e9ben Eg\u00e9szs\u00e9g\u00fcgyi infrastrukt\u00fara strat\u00e9gia fejleszt\u00e9se Eg\u00e9szs\u00e9g\u00fcgyi informatika N\u00e9peg\u00e9szs\u00e9g\u00fcgyi menedzser \u00f6n\u00e1ll\u00f3 szakk\u00e9pzetts\u00e9get nem biztos\u00edt\u00f3 szakir\u00e1ny l\u00e9tes\u00edt\u00e9s\u00e9re \u00e9s ind\u00edt\u00e1s\u00e1ra<\/a><\/li>\n<li style=\"text-align: justify\"><a href=\"https:\/\/semmelweis.hu\/rektori-hivatal\/files\/2012\/07\/85-2012.sz_.hat_.SZMSZ-m\u00f3d-T\u00e9r\u00edt\u00e9si-\u00e9s-Juttat\u00e1si-szab\u00e1lyzat1.pdf\" target=\"_blank\" rel=\"noopener noreferrer\">85\/2012. (VI.28.) sz. hat. A Semmelweis Egyetem Szervezeti \u00e9s M\u0171k\u00f6d\u00e9si Szab\u00e1lyzat III. R\u00e9sz IV. fejezet &#8211; T\u00e9r\u00edt\u00e9si \u00e9s Juttat\u00e1si Szab\u00e1lyzat\u00e1nak m\u00f3dos\u00edt\u00e1s\u00e1r\u00f3<\/a>l<\/li>\n<li style=\"text-align: justify\"><a href=\"https:\/\/semmelweis.hu\/rektori-hivatal\/files\/2012\/07\/86-2012.sz_.hat_.-EH\u00d6K-Alapszab\u00e1ly-m\u00f3dos\u00edt\u00e1sa.pdf\" target=\"_blank\" rel=\"noopener noreferrer\">86\/2012. (VI.28.) sz. hat. Az Egyetemi Hallgat\u00f3i \u00d6nkorm\u00e1nyzat Alapszab\u00e1ly\u00e1nak m\u00f3dos\u00edt\u00e1s\u00e1r\u00f3l <\/a><\/li>\n<li style=\"text-align: justify\"><a href=\"https:\/\/semmelweis.hu\/rektori-hivatal\/files\/2012\/07\/87-2012.sz_.hat_.-Nagyszombati-Fels\u0151oktat\u00e1si-\u00e9s-Kutat\u00e1si-Sz\u00f6vets\u00e9ggel-val\u00f3-egy\u00fcttm\u0171k\u00f6d\u00e9sr\u00f3l-sz\u00f3l\u00f3-nyilatkozat-tervezet.pdf\" target=\"_blank\" rel=\"noopener noreferrer\">87\/2012. (VI.28.) sz. hat. A &#8222;Nagyszombati Fels\u0151oktat\u00e1si- \u00e9s Kutat\u00e1si Sz\u00f6vets\u00e9g&#8221; keret\u00e9ben t\u00f6rt\u00e9n\u0151 egy\u00fcttm\u0171k\u00f6d\u00e9sr\u0151l sz\u00f3l\u00f3 nyilatkozat-tervezetr\u0151l<\/a><\/li>\n<\/ul>\n<p>&nbsp;<\/p>\n","protected":false},"excerpt":{"rendered":"<p><a href=\"https:\/\/semmelweis.hu\/rektori-hivatal\/files\/2012\/07\/N-VI.28-2012.sz_.hat_.-napirendi-pontok-elfogad\u00e1sa.pdf\" target=\"_blank\" rel=\"noopener noreferrer\">N-VI. 28\/2012. sz. hat. A szen\u00e1tusi \u00fcl\u00e9s napirendi pontjainak elfogad\u00e1s\u00e1r\u00f3l<\/a><br \/>\n<a href=\"https:\/\/semmelweis.hu\/rektori-hivatal\/files\/2012\/07\/72-2012.sz_.hat_.-Rektorhelyettesi-p\u00e1ly\u00e1zatok.pdf\" target=\"_blank\" rel=\"noopener noreferrer\">72\/2012. (VI.28.) sz. hat. Rektorhelyettesi megb\u00edz\u00e1sokra be\u00e9rkezett p\u00e1ly\u00e1zatok v\u00e9lem\u00e9nyez\u00e9s\u00e9r\u0151l<\/a><br \/>\n<a href=\"https:\/\/semmelweis.hu\/rektori-hivatal\/files\/2012\/07\/73-2012.sz_.hat_.-Rector-Emeritus.pdf\" target=\"_blank\" rel=\"noopener noreferrer\">73\/2012. (VI.28.) sz. hat. A Semmelweis Egyetem Szervezeti \u00e9s M\u0171k\u00f6d\u00e9si Szab\u00e1lyzat\u00e1nak, valamint ezzel \u00f6sszef\u00fcgg\u00e9sben a Rector Emeritus c\u00edm visel\u00e9s\u00e9r\u0151l sz\u00f3l\u00f3 szab\u00e1lyzat m\u00f3dos\u00edt\u00e1s\u00e1r\u00f3l<\/a><br \/>\n<a href=\"https:\/\/semmelweis.hu\/rektori-hivatal\/files\/2012\/07\/74-2012.hat_.-Habilit\u00e1ci\u00f3s-Biz.-eln\u00f6k\u00e9nek-megv\u00e1laszt\u00e1sa.pdf\" target=\"_blank\" rel=\"noopener noreferrer\">74\/2012. (VI.28.) sz. hat. A Habilit\u00e1ci\u00f3s Bizotts\u00e1g eln\u00f6k\u00e9nek megv\u00e1laszt\u00e1s\u00e1r\u00f3l<\/a><br \/>\n<a href=\"https:\/\/semmelweis.hu\/jogigfoig\/files\/2012\/07\/75_sz_VI_28_Vezetoi_megbizasok.pdf\" target=\"_blank\" rel=\"noopener noreferrer\">75\/2012. (VI.28.) sz\u00e1m\u00fa hat\u00e1rozata a 2012. \u00e9vre meghirdetett vezet\u0151i megb\u00edz\u00e1sokra be\u00e9rkezett p\u00e1ly\u00e1zatok v\u00e9lem\u00e9nyez\u00e9s\u00e9r\u0151l (\u00c1OK, GYTK, ETK), igazgat\u00f3i megb\u00edz\u00e1s meghosszabb\u00edt\u00e1s\u00e1r\u00f3l a Gy\u00f3gyszer\u00e9sztudom\u00e1nyi Karon<\/a><br \/>\n<a href=\"https:\/\/semmelweis.hu\/rektori-hivatal\/files\/2012\/07\/76-2012.sz_.hat_.-Radiol\u00f3giai-Kl.-egyetemi-docensi-p\u00e1ly\u00e1zat.pdf\" target=\"_blank\" rel=\"noopener noreferrer\">76\/2012. (VI.28). sz. hat. A Radiol\u00f3giai \u00e9s Onkoter\u00e1pi\u00e1s Klinik\u00e1ra meghirdetett egyetemi docensi munkak\u00f6rre be\u00e9rkezett p\u00e1ly\u00e1zat v\u00e9lem\u00e9nyez\u00e9s\u00e9r\u0151l <\/a><br \/>\n<a href=\"https:\/\/semmelweis.hu\/rektori-hivatal\/files\/2012\/07\/77-2012.sz_.hat_.-2013.-\u00e9vi-egyetemi-f\u0151iskolai-tan\u00e1ri-p\u00e1ly\u00e1zatok.pdf\" target=\"_blank\" rel=\"noopener noreferrer\">77\/2012. (VI.28.) sz. hat. 2013. \u00e9vre meghirdetni tervezett egyetemi\/f\u0151iskolai tan\u00e1ri \u00e1ll\u00e1sp\u00e1ly\u00e1zatok<\/a><br \/>\n<a href=\"https:\/\/semmelweis.hu\/rektori-hivatal\/files\/2012\/07\/78-2012.sz_.-hat.-2013.-\u00e9vi-egyetemi-f\u0151iskolai-docensi-\u00e1ll\u00e1sp\u00e1ly\u00e1zatok.pdf\" target=\"_blank\" rel=\"noopener noreferrer\">78\/2012. (VI.28.) sz. hat. 2013. \u00e9vre meghirdetni tervezett egyetemi\/f\u0151iskolai docensi \u00e1ll\u00e1sp\u00e1ly\u00e1zatokr\u00f3l<\/a><br \/>\n<a href=\"https:\/\/semmelweis.hu\/rektori-hivatal\/files\/2012\/07\/79-2012.sz_.-hat.-C\u00edmzetes-egyetemi-tan\u00e1r-egyetemi-docens-\u00e9s-mesteroktat\u00f3i-c\u00edmek.pdf\" target=\"_blank\" rel=\"noopener noreferrer\">79\/2012. (VI.28.) sz. hat. C\u00edmzetes egyetemi tan\u00e1ri, c\u00edmzetes egyetemi docensi \u00e9s mesteroktat\u00f3i c\u00edmek adom\u00e1nyoz\u00e1s\u00e1r\u00f3l<\/a><br \/>\n<a href=\"https:\/\/semmelweis.hu\/jogigfoig\/files\/2012\/07\/80_sz_VI_28_allami_miniszteri_kituntetesek.pdf\" target=\"_blank\" rel=\"noopener noreferrer\">80\/2012. (VI.28.) sz\u00e1m\u00fa hat\u00e1rozata 2013. \u00e9vre vonatkoz\u00f3 \u00e1llami, miniszteri szint\u0171 kit\u00fcntet\u00e9sek adom\u00e1nyoz\u00e1s\u00e1r\u00f3l<\/a><br \/>\n<a href=\"https:\/\/semmelweis.hu\/rektori-hivatal\/files\/2012\/07\/81-2012.-sz.-hat.-Habilit\u00e1ci\u00f3s-Szab\u00e1lyzat-m\u00f3dos\u00edt\u00e1sa.pdf\" target=\"_blank\" rel=\"noopener noreferrer\">81\/2012. (VI.28.) sz. hat. A Semmelweis Egyetem Habilit\u00e1ci\u00f3s Szab\u00e1lyzat\u00e1nak m\u00f3dos\u00edt\u00e1s\u00e1r\u00f3l <\/a><br \/>\n<a href=\"https:\/\/semmelweis.hu\/rektori-hivatal\/files\/2012\/07\/82-2012.sz_.hat_.-Int\u00e9zm\u00e9nyfejleszt\u00e9si-terv-elfogad\u00e1sa-2012-2015.pdf\" target=\"_blank\" rel=\"noopener noreferrer\">82\/2012. (VI.28.) sz. hat. Az &#8222;Int\u00e9zm\u00e9nyfejleszt\u00e9si Terv 2012-2015&#8221; elfogad\u00e1s\u00e1r\u00f3l <\/a><br \/>\n<a href=\"https:\/\/semmelweis.hu\/rektori-hivatal\/files\/2012\/07\/83-2012.sz_.hat_.-Besz\u00e1mol\u00f3-a-2012.-\u00e9vi-ktgvet\u00e9s-teljes\u00edt\u00e9s\u00e9r\u0151l.pdf\" target=\"_blank\" rel=\"noopener noreferrer\">83\/2012. (VI.28.) sz. hat. Besz\u00e1mol\u00f3 a 2012. \u00e9vi k\u00f6lts\u00e9gvet\u00e9s teljes\u00edt\u00e9s\u00e9r\u0151l \u00e9s az aktu\u00e1lis, ill. az \u00e9v v\u00e9g\u00e9re v\u00e1rhat\u00f3 likvidit\u00e1si helyzetr\u0151l<\/a><br \/>\n<a href=\"https:\/\/semmelweis.hu\/rektori-hivatal\/files\/2012\/07\/84-2012.sz_.hat_.-E\u00fc-i-infrastrukt\u00fara-E\u00fc-i-informatika-N\u00e9peg\u00e9szs\u00e9g\u00fcgyi-menedzser-szakir\u00e1ny-l\u00e9tes\u00edt\u00e9se.pdf\" target=\"_blank\" rel=\"noopener noreferrer\">84\/2012. (VI.28.) sz. hat. Az Eg\u00e9szs\u00e9g\u00fcgyi menedzser mesterk\u00e9pz\u00e9si szak keret\u00e9ben Eg\u00e9szs\u00e9g\u00fcgyi infrastrukt\u00fara strat\u00e9gia fejleszt\u00e9se Eg\u00e9szs\u00e9g\u00fcgyi informatika N\u00e9peg\u00e9szs\u00e9g\u00fcgyi menedzser \u00f6n\u00e1ll\u00f3 szakk\u00e9pzetts\u00e9get nem biztos\u00edt\u00f3 szakir\u00e1ny l\u00e9tes\u00edt\u00e9s\u00e9re \u00e9s ind\u00edt\u00e1s\u00e1ra<\/a><br \/>\n<a href=\"https:\/\/semmelweis.hu\/rektori-hivatal\/files\/2012\/07\/85-2012.sz_.hat_.SZMSZ-m\u00f3d-T\u00e9r\u00edt\u00e9si-\u00e9s-Juttat\u00e1si-szab\u00e1lyzat1.pdf\" target=\"_blank\" rel=\"noopener noreferrer\">85\/2012. (VI.28.) sz. hat. A Semmelweis Egyetem Szervezeti \u00e9s M\u0171k\u00f6d\u00e9si Szab\u00e1lyzat III. R\u00e9sz IV. fejezet &#8211; T\u00e9r\u00edt\u00e9si \u00e9s Juttat\u00e1si Szab\u00e1lyzat\u00e1nak m\u00f3dos\u00edt\u00e1s\u00e1r\u00f3<\/a>l<br \/>\n<a href=\"https:\/\/semmelweis.hu\/rektori-hivatal\/files\/2012\/07\/86-2012.sz_.hat_.-EH\u00d6K-Alapszab\u00e1ly-m\u00f3dos\u00edt\u00e1sa.pdf\" target=\"_blank\" rel=\"noopener noreferrer\">86\/2012. (VI.28.) sz. hat. Az Egyetemi Hallgat\u00f3i \u00d6nkorm\u00e1nyzat Alapszab\u00e1ly\u00e1nak m\u00f3dos\u00edt\u00e1s\u00e1r\u00f3l <\/a><br \/>\n<a href=\"https:\/\/semmelweis.hu\/rektori-hivatal\/files\/2012\/07\/87-2012.sz_.hat_.-Nagyszombati-Fels\u0151oktat\u00e1si-\u00e9s-Kutat\u00e1si-Sz\u00f6vets\u00e9ggel-val\u00f3-egy\u00fcttm\u0171k\u00f6d\u00e9sr\u00f3l-sz\u00f3l\u00f3-nyilatkozat-tervezet.pdf\" target=\"_blank\" rel=\"noopener noreferrer\">87\/2012. (VI.28.) sz. hat. A &#8222;Nagyszombati Fels\u0151oktat\u00e1si- \u00e9s Kutat\u00e1si Sz\u00f6vets\u00e9g&#8221; keret\u00e9ben t\u00f6rt\u00e9n\u0151 egy\u00fcttm\u0171k\u00f6d\u00e9sr\u0151l sz\u00f3l\u00f3 nyilatkozat-tervezetr\u0151l<\/a><\/p>\n<p>&nbsp;<\/p>\n","protected":false},"author":12,"featured_media":0,"parent":7842,"menu_order":6,"comment_status":"open","ping_status":"open","template":"","meta":{"_acf_changed":false,"footnotes":""},"categories":[1],"tags":[],"class_list":["post-571","page","type-page","status-publish","hentry","category-egyeb"],"acf":[],"_links":{"self":[{"href":"https:\/\/semmelweis.hu\/jogigfoig\/wp-json\/wp\/v2\/pages\/571","targetHints":{"allow":["GET"]}}],"collection":[{"href":"https:\/\/semmelweis.hu\/jogigfoig\/wp-json\/wp\/v2\/pages"}],"about":[{"href":"https:\/\/semmelweis.hu\/jogigfoig\/wp-json\/wp\/v2\/types\/page"}],"author":[{"embeddable":true,"href":"https:\/\/semmelweis.hu\/jogigfoig\/wp-json\/wp\/v2\/users\/12"}],"replies":[{"embeddable":true,"href":"https:\/\/semmelweis.hu\/jogigfoig\/wp-json\/wp\/v2\/comments?post=571"}],"version-history":[{"count":8,"href":"https:\/\/semmelweis.hu\/jogigfoig\/wp-json\/wp\/v2\/pages\/571\/revisions"}],"predecessor-version":[{"id":7923,"href":"https:\/\/semmelweis.hu\/jogigfoig\/wp-json\/wp\/v2\/pages\/571\/revisions\/7923"}],"up":[{"embeddable":true,"href":"https:\/\/semmelweis.hu\/jogigfoig\/wp-json\/wp\/v2\/pages\/7842"}],"wp:attachment":[{"href":"https:\/\/semmelweis.hu\/jogigfoig\/wp-json\/wp\/v2\/media?parent=571"}],"wp:term":[{"taxonomy":"category","embeddable":true,"href":"https:\/\/semmelweis.hu\/jogigfoig\/wp-json\/wp\/v2\/categories?post=571"},{"taxonomy":"post_tag","embeddable":true,"href":"https:\/\/semmelweis.hu\/jogigfoig\/wp-json\/wp\/v2\/tags?post=571"}],"curies":[{"name":"wp","href":"https:\/\/api.w.org\/{rel}","templated":true}]}}