{"id":5700,"date":"2016-11-22T11:00:57","date_gmt":"2016-11-22T10:00:57","guid":{"rendered":"http:\/\/semmelweis.hu\/jogigfoig\/?page_id=5700"},"modified":"2017-05-05T12:04:28","modified_gmt":"2017-05-05T10:04:28","slug":"fogorvostudomanyi-kar","status":"publish","type":"page","link":"https:\/\/semmelweis.hu\/jogigfoig\/testuletek\/szenatus\/2016-evi-szenatusi-hatarozatok\/2016-szeptember-29\/mellekletek-2\/fogorvostudomanyi-kar\/","title":{"rendered":"Fogorvostudom\u00e1nyi Kar"},"content":{"rendered":"<ul>\n<li><a href=\"https:\/\/semmelweis.hu\/jogigfoig\/files\/2016\/11\/Fegyelmi_Bizottsag_FOK.pdf\" target=\"_blank\" rel=\"noopener noreferrer\">Fegyelmi Bizotts\u00e1g M\u0171k\u00f6d\u00e9si Rendje<\/a><\/li>\n<li><a href=\"https:\/\/semmelweis.hu\/jogigfoig\/files\/2016\/11\/Oktatasi_Kredit_es_Kreditatviteli_Bizottsag_FOK.pdf\" target=\"_blank\" rel=\"noopener noreferrer\">Oktat\u00e1si \u00e9s Kredit\u00e1tviteli Bizotts\u00e1g \u00dcgyrendje<\/a><\/li>\n<li><a href=\"https:\/\/semmelweis.hu\/jogigfoig\/files\/2016\/11\/Szocialis_es_Eselyegyenlosegi_Bizottsag_FOK.pdf\" target=\"_blank\" rel=\"noopener noreferrer\">Szoci\u00e1lis \u00e9s Es\u00e9lyegyenl\u0151s\u00e9gi Bizotts\u00e1g \u00dcgyrendje<\/a><\/li>\n<li><a href=\"https:\/\/semmelweis.hu\/jogigfoig\/files\/2016\/11\/Tanulmanyi_es_Vizsga_Bizottsag_FOK.pdf\" target=\"_blank\" rel=\"noopener noreferrer\">Tanulm\u00e1nyi \u00e9s Vizsga Bizotts\u00e1g \u00dcgyrendje<\/a><\/li>\n<li><a href=\"https:\/\/semmelweis.hu\/jogigfoig\/files\/2016\/11\/32326-13.pdf\" target=\"_blank\" rel=\"noopener noreferrer\">32326-13<\/a><\/li>\n<\/ul>\n","protected":false},"excerpt":{"rendered":"<p><a href=\"https:\/\/semmelweis.hu\/jogigfoig\/files\/2016\/11\/Fegyelmi_Bizottsag_FOK.pdf\" target=\"_blank\" rel=\"noopener noreferrer\">Fegyelmi Bizotts\u00e1g M\u0171k\u00f6d\u00e9si Rendje<\/a><br \/>\n<a href=\"https:\/\/semmelweis.hu\/jogigfoig\/files\/2016\/11\/Oktatasi_Kredit_es_Kreditatviteli_Bizottsag_FOK.pdf\" target=\"_blank\" rel=\"noopener noreferrer\">Oktat\u00e1si \u00e9s Kredit\u00e1tviteli Bizotts\u00e1g \u00dcgyrendje<\/a><br \/>\n<a href=\"https:\/\/semmelweis.hu\/jogigfoig\/files\/2016\/11\/Szocialis_es_Eselyegyenlosegi_Bizottsag_FOK.pdf\" target=\"_blank\" rel=\"noopener noreferrer\">Szoci\u00e1lis \u00e9s Es\u00e9lyegyenl\u0151s\u00e9gi Bizotts\u00e1g \u00dcgyrendje<\/a><br \/>\n<a href=\"https:\/\/semmelweis.hu\/jogigfoig\/files\/2016\/11\/Tanulmanyi_es_Vizsga_Bizottsag_FOK.pdf\" target=\"_blank\" rel=\"noopener noreferrer\">Tanulm\u00e1nyi \u00e9s Vizsga Bizotts\u00e1g \u00dcgyrendje<\/a><br \/>\n<a href=\"https:\/\/semmelweis.hu\/jogigfoig\/files\/2016\/11\/32326-13.pdf\" target=\"_blank\" rel=\"noopener noreferrer\">32326-13<\/a><\/p>\n","protected":false},"author":12,"featured_media":0,"parent":5721,"menu_order":0,"comment_status":"closed","ping_status":"closed","template":"","meta":{"_acf_changed":false,"footnotes":""},"categories":[1],"tags":[],"class_list":["post-5700","page","type-page","status-publish","hentry","category-egyeb"],"acf":[],"_links":{"self":[{"href":"https:\/\/semmelweis.hu\/jogigfoig\/wp-json\/wp\/v2\/pages\/5700","targetHints":{"allow":["GET"]}}],"collection":[{"href":"https:\/\/semmelweis.hu\/jogigfoig\/wp-json\/wp\/v2\/pages"}],"about":[{"href":"https:\/\/semmelweis.hu\/jogigfoig\/wp-json\/wp\/v2\/types\/page"}],"author":[{"embeddable":true,"href":"https:\/\/semmelweis.hu\/jogigfoig\/wp-json\/wp\/v2\/users\/12"}],"replies":[{"embeddable":true,"href":"https:\/\/semmelweis.hu\/jogigfoig\/wp-json\/wp\/v2\/comments?post=5700"}],"version-history":[{"count":2,"href":"https:\/\/semmelweis.hu\/jogigfoig\/wp-json\/wp\/v2\/pages\/5700\/revisions"}],"predecessor-version":[{"id":7946,"href":"https:\/\/semmelweis.hu\/jogigfoig\/wp-json\/wp\/v2\/pages\/5700\/revisions\/7946"}],"up":[{"embeddable":true,"href":"https:\/\/semmelweis.hu\/jogigfoig\/wp-json\/wp\/v2\/pages\/5721"}],"wp:attachment":[{"href":"https:\/\/semmelweis.hu\/jogigfoig\/wp-json\/wp\/v2\/media?parent=5700"}],"wp:term":[{"taxonomy":"category","embeddable":true,"href":"https:\/\/semmelweis.hu\/jogigfoig\/wp-json\/wp\/v2\/categories?post=5700"},{"taxonomy":"post_tag","embeddable":true,"href":"https:\/\/semmelweis.hu\/jogigfoig\/wp-json\/wp\/v2\/tags?post=5700"}],"curies":[{"name":"wp","href":"https:\/\/api.w.org\/{rel}","templated":true}]}}