{"id":5630,"date":"2016-11-02T16:11:37","date_gmt":"2016-11-02T15:11:37","guid":{"rendered":"http:\/\/semmelweis.hu\/jogigfoig\/?page_id=5630"},"modified":"2024-10-29T12:30:23","modified_gmt":"2024-10-29T11:30:23","slug":"gyujtokori-szabalyzat","status":"publish","type":"page","link":"https:\/\/semmelweis.hu\/jogigfoig\/dokumentumtar\/szabalyzattar\/gyujtokori-szabalyzat\/","title":{"rendered":"K\u00f6zponti K\u00f6nyvt\u00e1r gy\u0171jt\u0151k\u00f6ri szab\u00e1lyzata"},"content":{"rendered":"<p><strong>A szab\u00e1lyzat aktu\u00e1lis v\u00e1ltozata: <\/strong><a href=\"https:\/\/semmelweis.hu\/jogigfoig\/files\/2024\/10\/Kozponti_Konyvtar_gyujtokori_szabalyzata_hataly_2024.XI_.01-tol.pdf\">K\u00f6zponti K\u00f6nyvt\u00e1r gy\u0171jt\u0151k\u00f6ri szab\u00e1lyzata<\/a><\/p>\n<p><strong>Elfogad\u00e1s\u00e1r\u00f3l rendelkez\u0151 hat\u00e1rozat:<\/strong>\u00a0<a href=\"https:\/\/semmelweis.hu\/jogigfoig\/files\/2022\/05\/33_2022_Szabalyzatok-Konyve-I.utem_.pdf\">33\/2022. (V.13.)<\/a><br \/>\n<strong>Hat\u00e1rozat t\u00edpusa:<\/strong>\u00a0Szen\u00e1tusi<br \/>\n<strong>Hat\u00e1ly: <\/strong>2024.XI.01.<\/p>\n","protected":false},"excerpt":{"rendered":"<p>A szab\u00e1lyzat aktu\u00e1lis v\u00e1ltozata: <a href=\"https:\/\/semmelweis.hu\/jogigfoig\/files\/2024\/10\/Kozponti_Konyvtar_gyujtokori_szabalyzata_hataly_2024.XI_.01-tol.pdf\">K\u00f6zponti K\u00f6nyvt\u00e1r gy\u0171jt\u0151k\u00f6ri szab\u00e1lyzata<\/a><br \/>\nElfogad\u00e1s\u00e1r\u00f3l rendelkez\u0151 hat\u00e1rozat:\u00a0<a href=\"https:\/\/semmelweis.hu\/jogigfoig\/files\/2022\/05\/33_2022_Szabalyzatok-Konyve-I.utem_.pdf\">33\/2022. (V.13.)<\/a><br \/>\nHat\u00e1rozat t\u00edpusa:\u00a0Szen\u00e1tusi<br \/>\nHat\u00e1ly: 2024.XI.01.<\/p>\n","protected":false},"author":101095,"featured_media":0,"parent":41,"menu_order":0,"comment_status":"closed","ping_status":"closed","template":"","meta":{"_acf_changed":false,"footnotes":""},"categories":[],"tags":[],"class_list":["post-5630","page","type-page","status-publish","hentry"],"acf":[],"_links":{"self":[{"href":"https:\/\/semmelweis.hu\/jogigfoig\/wp-json\/wp\/v2\/pages\/5630","targetHints":{"allow":["GET"]}}],"collection":[{"href":"https:\/\/semmelweis.hu\/jogigfoig\/wp-json\/wp\/v2\/pages"}],"about":[{"href":"https:\/\/semmelweis.hu\/jogigfoig\/wp-json\/wp\/v2\/types\/page"}],"author":[{"embeddable":true,"href":"https:\/\/semmelweis.hu\/jogigfoig\/wp-json\/wp\/v2\/users\/101095"}],"replies":[{"embeddable":true,"href":"https:\/\/semmelweis.hu\/jogigfoig\/wp-json\/wp\/v2\/comments?post=5630"}],"version-history":[{"count":10,"href":"https:\/\/semmelweis.hu\/jogigfoig\/wp-json\/wp\/v2\/pages\/5630\/revisions"}],"predecessor-version":[{"id":94354,"href":"https:\/\/semmelweis.hu\/jogigfoig\/wp-json\/wp\/v2\/pages\/5630\/revisions\/94354"}],"up":[{"embeddable":true,"href":"https:\/\/semmelweis.hu\/jogigfoig\/wp-json\/wp\/v2\/pages\/41"}],"wp:attachment":[{"href":"https:\/\/semmelweis.hu\/jogigfoig\/wp-json\/wp\/v2\/media?parent=5630"}],"wp:term":[{"taxonomy":"category","embeddable":true,"href":"https:\/\/semmelweis.hu\/jogigfoig\/wp-json\/wp\/v2\/categories?post=5630"},{"taxonomy":"post_tag","embeddable":true,"href":"https:\/\/semmelweis.hu\/jogigfoig\/wp-json\/wp\/v2\/tags?post=5630"}],"curies":[{"name":"wp","href":"https:\/\/api.w.org\/{rel}","templated":true}]}}