{"id":5607,"date":"2016-10-28T11:13:00","date_gmt":"2016-10-28T09:13:00","guid":{"rendered":"http:\/\/semmelweis.hu\/jogigfoig\/?page_id=5607"},"modified":"2020-02-11T11:14:02","modified_gmt":"2020-02-11T10:14:02","slug":"2016-oktober-27","status":"publish","type":"page","link":"https:\/\/semmelweis.hu\/jogigfoig\/testuletek\/szenatus\/2016-evi-szenatusi-hatarozatok\/2016-oktober-27\/","title":{"rendered":"2016. okt\u00f3ber 27."},"content":{"rendered":"<ul>\n<li style=\"text-align: justify\"><a href=\"https:\/\/semmelweis.hu\/jogigfoig\/files\/2016\/10\/115_sz_X_27_sz_hat_Habilitacios_Szabalyzat_modositasarol.pdf\" target=\"_blank\" rel=\"noopener noreferrer\">115\/2016. (X.27.) sz\u00e1m\u00fa hat\u00e1rozata a Semmelweis Egyetem Habilit\u00e1ci\u00f3s Szab\u00e1lyzat\u00e1nak m\u00f3dos\u00edt\u00e1s\u00e1r\u00f3l el\u0151terjeszt\u00e9s elfogad\u00e1s\u00e1r\u00f3l<\/a><\/li>\n<li style=\"text-align: justify\"><a href=\"https:\/\/semmelweis.hu\/jogigfoig\/files\/2016\/10\/116_sz_X_27_sz_hat_SzMSz_modositas_EIR_rendszer.pdf\" target=\"_blank\" rel=\"noopener noreferrer\">116\/2016. (X.27.) sz\u00e1m\u00fa hat\u00e1rozata a Szervezeti \u00e9s M\u0171k\u00f6d\u00e9si Szab\u00e1lyzat egyes rendelkez\u00e9seinek m\u00f3dos\u00edt\u00e1sa az Energiair\u00e1ny\u00edt\u00e1si Rendszer (EIR) bevezet\u00e9se<\/a><\/li>\n<li style=\"text-align: justify\"><a href=\"https:\/\/semmelweis.hu\/jogigfoig\/files\/2016\/10\/117_sz_X_27_Klinikai_Kutatoi_Osztondij.pdf\" target=\"_blank\" rel=\"noopener noreferrer\">117\/2016. (X.27.) sz\u00e1m\u00fa hat\u00e1rozat a 2016. \u00e9vi &#8222;Semmelweis Klinikai Kutat\u00f3 \u00d6szt\u00f6nd\u00edj&#8221; oda\u00edt\u00e9l\u00e9s\u00e9r\u0151l<\/a><\/li>\n<li style=\"text-align: justify\"><a href=\"https:\/\/semmelweis.hu\/jogigfoig\/files\/2016\/10\/118_sz_X_27_AOK_tud_tanacsadoi_fomunk_allashelyek.pdf\" target=\"_blank\" rel=\"noopener noreferrer\">118\/2016. (X.27.) sz\u00e1m\u00fa hat\u00e1rozat az \u00c1ltal\u00e1nos Orvostudom\u00e1nyi Karon meghirdetett tudom\u00e1nyos tan\u00e1csad\u00f3i \u00e9s tudom\u00e1nyos f\u0151munkat\u00e1rsi \u00e1ll\u00e1shelyekre be\u00e9rkezett p\u00e1ly\u00e1zatok v\u00e9lem\u00e9nyez\u00e9s\u00e9r\u0151l<\/a><\/li>\n<li style=\"text-align: justify\"><a href=\"https:\/\/semmelweis.hu\/jogigfoig\/files\/2016\/10\/119_sz_X_27_AOK_FOK_egy_docensi.pdf\" target=\"_blank\" rel=\"noopener noreferrer\">119\/2016. (X.27.) sz\u00e1m\u00fa hat\u00e1rozat az \u00c1ltal\u00e1nos Orvostudom\u00e1nyi Kar \u00e9s a Fogorvostudom\u00e1nyi Kar \u00e1ltal meghirdetett soron k\u00edv\u00fcli egyetemi docensi \u00e1ll\u00e1shelyekre be\u00e9rkezett p\u00e1ly\u00e1zatok v\u00e9lem\u00e9nyez\u00e9s\u00e9r\u0151l<\/a><\/li>\n<li style=\"text-align: justify\"><a href=\"https:\/\/semmelweis.hu\/jogigfoig\/files\/2016\/10\/120_sz_X_27_Elearning_igazg_megbizas.pdf\" target=\"_blank\" rel=\"noopener noreferrer\">120\/2016. (X.27.) sz\u00e1m\u00fa hat\u00e1rozat Az E-learning \u00e9s Digit\u00e1lis Tartalomfejleszt\u0151 Igazgat\u00f3s\u00e1g igazgat\u00f3i megb\u00edz\u00e1s\u00e1ra be\u00e9rkezett p\u00e1ly\u00e1zat v\u00e9lem\u00e9nyez\u00e9s\u00e9r\u0151l<\/a><\/li>\n<li style=\"text-align: justify\"><a href=\"https:\/\/semmelweis.hu\/jogigfoig\/files\/2016\/10\/121_sz_X_27_ProUnivers_dij.pdf\" target=\"_blank\" rel=\"noopener noreferrer\">121\/2016. (X.27.) sz\u00e1m\u00fa hat\u00e1rozat Pro Universitate d\u00edj adom\u00e1nyoz\u00e1s\u00e1r\u00f3l<\/a><\/li>\n<li style=\"text-align: justify\"><a href=\"https:\/\/semmelweis.hu\/jogigfoig\/files\/2016\/10\/122_sz_X_27_2017_evi_miniszteri_kitunt.pdf\" target=\"_blank\" rel=\"noopener noreferrer\">122\/2016. (X.27.) sz\u00e1m\u00fa hat\u00e1rozat 2017. \u00e9vi miniszteri kit\u00fcntet\u00e9sre t\u00f6rt\u00e9n\u0151 felterjeszt\u00e9sr\u0151l<\/a><\/li>\n<li style=\"text-align: justify\"><a href=\"https:\/\/semmelweis.hu\/jogigfoig\/files\/2016\/10\/123_sz_X_27_kari_bizotts_szemelyi_osszet.pdf\" target=\"_blank\" rel=\"noopener noreferrer\">123\/2016. (X.27.) sz\u00e1m\u00fa hat\u00e1rozat A Szen\u00e1tus \u00e1ltal l\u00e9trehozott, kari bizotts\u00e1gok (\u00c1OK, FOK, GYTK, EKK) szem\u00e9lyi \u00f6sszet\u00e9tel\u00e9nek m\u00f3dos\u00edt\u00e1s\u00e1r\u00f3l, valamint a hallgat\u00f3i \u00f6sszet\u00e9tel\u00e9nek meg\u00faj\u00edt\u00e1s\u00e1r\u00f3l [a 83\/2016.(VI.29.) sz\u00e1m\u00fa szen\u00e1tusi hat\u00e1rozat m\u00f3dos\u00edt\u00e1s\u00e1r\u00f3l]<\/a><\/li>\n<li style=\"text-align: justify\"><a href=\"https:\/\/semmelweis.hu\/jogigfoig\/files\/2016\/10\/124_sz_X_27_AOK_egyes_szerv_egysegei_jogallasa.pdf\" target=\"_blank\" rel=\"noopener noreferrer\">124\/2016. (X.27.) sz\u00e1m\u00fa hat\u00e1rozata \u00c1OK egyes szervezeti egys\u00e9gei jog\u00e1ll\u00e1s\u00e1nak rendez\u00e9s\u00e9r\u0151l sz\u00f3l\u00f3 el\u0151terjeszt\u00e9s elfogad\u00e1s\u00e1r\u00f3l<\/a><\/li>\n<li style=\"text-align: justify\"><a href=\"https:\/\/semmelweis.hu\/jogigfoig\/files\/2016\/10\/125_sz_X_27_Nuklearis_Medicina.pdf\" target=\"_blank\" rel=\"noopener noreferrer\">125\/2016. (X.27.) sz\u00e1m\u00fa hat\u00e1rozata Nukle\u00e1ris Medicina K\u00f6zpont \u00e9s a Radiol\u00f3giai Klinik\u00e1hoz rendelten Nukle\u00e1ris Medicina Tansz\u00e9ki Csoport megalak\u00edt\u00e1s\u00e1r\u00f3l c\u00edm\u0171 el\u0151terjeszt\u00e9s elfogad\u00e1s\u00e1r\u00f3l<\/a><\/li>\n<li style=\"text-align: justify\"><a href=\"https:\/\/semmelweis.hu\/jogigfoig\/files\/2016\/10\/126_sz_X_27_Pasteur_Tanszeki_Csoport.pdf\" target=\"_blank\" rel=\"noopener noreferrer\">126\/2016. (X.27.) sz\u00e1m\u00fa hat\u00e1rozata a &#8222;Pasteur&#8221; Tansz\u00e9ki Csoport l\u00e9trehoz\u00e1s\u00e1r\u00f3l az Orvosi Mikrobiol\u00f3giai Int\u00e9zethez rendelten c\u00edm\u0171 el\u0151terjeszt\u00e9s elfogad\u00e1sa<\/a><\/li>\n<li style=\"text-align: justify\"><a href=\"https:\/\/semmelweis.hu\/jogigfoig\/files\/2016\/10\/127.sz_X.27._SZMSZ-egyes-rendelk.-jogtechnikai-m\u00f3d.pdf\" target=\"_blank\" rel=\"noopener noreferrer\">127\/2016. (X.27.) sz\u00e1m\u00fa hat\u00e1rozata a Szervezeti \u00e9s M\u0171k\u00f6d\u00e9si Szab\u00e1lyzat egyes rendelkez\u00e9seinek jogtechnikai jelleg\u0171 m\u00f3dos\u00edt\u00e1s\u00e1r\u00f3l c\u00edm\u0171 el\u0151terjeszt\u00e9s elfogad\u00e1s\u00e1r\u00f3l<\/a><\/li>\n<\/ul>\n","protected":false},"excerpt":{"rendered":"<p><a href=\"https:\/\/semmelweis.hu\/jogigfoig\/files\/2016\/10\/115_sz_X_27_sz_hat_Habilitacios_Szabalyzat_modositasarol.pdf\" target=\"_blank\" rel=\"noopener noreferrer\">115\/2016. (X.27.) sz\u00e1m\u00fa hat\u00e1rozata a Semmelweis Egyetem Habilit\u00e1ci\u00f3s Szab\u00e1lyzat\u00e1nak m\u00f3dos\u00edt\u00e1s\u00e1r\u00f3l el\u0151terjeszt\u00e9s elfogad\u00e1s\u00e1r\u00f3l<\/a><br \/>\n<a href=\"https:\/\/semmelweis.hu\/jogigfoig\/files\/2016\/10\/116_sz_X_27_sz_hat_SzMSz_modositas_EIR_rendszer.pdf\" target=\"_blank\" rel=\"noopener noreferrer\">116\/2016. (X.27.) sz\u00e1m\u00fa hat\u00e1rozata a Szervezeti \u00e9s M\u0171k\u00f6d\u00e9si Szab\u00e1lyzat egyes rendelkez\u00e9seinek m\u00f3dos\u00edt\u00e1sa az Energiair\u00e1ny\u00edt\u00e1si Rendszer (EIR) bevezet\u00e9se<\/a><br \/>\n<a href=\"https:\/\/semmelweis.hu\/jogigfoig\/files\/2016\/10\/117_sz_X_27_Klinikai_Kutatoi_Osztondij.pdf\" target=\"_blank\" rel=\"noopener noreferrer\">117\/2016. (X.27.) sz\u00e1m\u00fa hat\u00e1rozat a 2016. \u00e9vi &#8222;Semmelweis Klinikai Kutat\u00f3 \u00d6szt\u00f6nd\u00edj&#8221; oda\u00edt\u00e9l\u00e9s\u00e9r\u0151l<\/a><br \/>\n<a href=\"https:\/\/semmelweis.hu\/jogigfoig\/files\/2016\/10\/118_sz_X_27_AOK_tud_tanacsadoi_fomunk_allashelyek.pdf\" target=\"_blank\" rel=\"noopener noreferrer\">118\/2016. (X.27.) sz\u00e1m\u00fa hat\u00e1rozat az \u00c1ltal\u00e1nos Orvostudom\u00e1nyi Karon meghirdetett tudom\u00e1nyos tan\u00e1csad\u00f3i \u00e9s tudom\u00e1nyos f\u0151munkat\u00e1rsi \u00e1ll\u00e1shelyekre be\u00e9rkezett p\u00e1ly\u00e1zatok v\u00e9lem\u00e9nyez\u00e9s\u00e9r\u0151l<\/a><br \/>\n<a href=\"https:\/\/semmelweis.hu\/jogigfoig\/files\/2016\/10\/119_sz_X_27_AOK_FOK_egy_docensi.pdf\" target=\"_blank\" rel=\"noopener noreferrer\">119\/2016. (X.27.) sz\u00e1m\u00fa hat\u00e1rozat az \u00c1ltal\u00e1nos Orvostudom\u00e1nyi Kar \u00e9s a Fogorvostudom\u00e1nyi Kar \u00e1ltal meghirdetett soron k\u00edv\u00fcli egyetemi docensi \u00e1ll\u00e1shelyekre be\u00e9rkezett p\u00e1ly\u00e1zatok v\u00e9lem\u00e9nyez\u00e9s\u00e9r\u0151l<\/a><br \/>\n<a href=\"https:\/\/semmelweis.hu\/jogigfoig\/files\/2016\/10\/120_sz_X_27_Elearning_igazg_megbizas.pdf\" target=\"_blank\" rel=\"noopener noreferrer\">120\/2016. (X.27.) sz\u00e1m\u00fa hat\u00e1rozat Az E-learning \u00e9s Digit\u00e1lis Tartalomfejleszt\u0151 Igazgat\u00f3s\u00e1g igazgat\u00f3i megb\u00edz\u00e1s\u00e1ra be\u00e9rkezett p\u00e1ly\u00e1zat v\u00e9lem\u00e9nyez\u00e9s\u00e9r\u0151l<\/a><br \/>\n<a href=\"https:\/\/semmelweis.hu\/jogigfoig\/files\/2016\/10\/121_sz_X_27_ProUnivers_dij.pdf\" target=\"_blank\" rel=\"noopener noreferrer\">121\/2016. (X.27.) sz\u00e1m\u00fa hat\u00e1rozat Pro Universitate d\u00edj adom\u00e1nyoz\u00e1s\u00e1r\u00f3l<\/a><br \/>\n<a href=\"https:\/\/semmelweis.hu\/jogigfoig\/files\/2016\/10\/122_sz_X_27_2017_evi_miniszteri_kitunt.pdf\" target=\"_blank\" rel=\"noopener noreferrer\">122\/2016. (X.27.) sz\u00e1m\u00fa hat\u00e1rozat 2017. \u00e9vi miniszteri kit\u00fcntet\u00e9sre t\u00f6rt\u00e9n\u0151 felterjeszt\u00e9sr\u0151l<\/a><br \/>\n<a href=\"https:\/\/semmelweis.hu\/jogigfoig\/files\/2016\/10\/123_sz_X_27_kari_bizotts_szemelyi_osszet.pdf\" target=\"_blank\" rel=\"noopener noreferrer\">123\/2016. (X.27.) sz\u00e1m\u00fa hat\u00e1rozat A Szen\u00e1tus \u00e1ltal l\u00e9trehozott, kari bizotts\u00e1gok (\u00c1OK, FOK, GYTK, EKK) szem\u00e9lyi \u00f6sszet\u00e9tel\u00e9nek m\u00f3dos\u00edt\u00e1s\u00e1r\u00f3l, valamint a hallgat\u00f3i \u00f6sszet\u00e9tel\u00e9nek meg\u00faj\u00edt\u00e1s\u00e1r\u00f3l [a 83\/2016.(VI.29.) sz\u00e1m\u00fa szen\u00e1tusi hat\u00e1rozat m\u00f3dos\u00edt\u00e1s\u00e1r\u00f3l]<\/a><br \/>\n<a href=\"https:\/\/semmelweis.hu\/jogigfoig\/files\/2016\/10\/124_sz_X_27_AOK_egyes_szerv_egysegei_jogallasa.pdf\" target=\"_blank\" rel=\"noopener noreferrer\">124\/2016. (X.27.) sz\u00e1m\u00fa hat\u00e1rozata \u00c1OK egyes szervezeti egys\u00e9gei jog\u00e1ll\u00e1s\u00e1nak rendez\u00e9s\u00e9r\u0151l sz\u00f3l\u00f3 el\u0151terjeszt\u00e9s elfogad\u00e1s\u00e1r\u00f3l<\/a><br \/>\n<a href=\"https:\/\/semmelweis.hu\/jogigfoig\/files\/2016\/10\/125_sz_X_27_Nuklearis_Medicina.pdf\" target=\"_blank\" rel=\"noopener noreferrer\">125\/2016. (X.27.) sz\u00e1m\u00fa hat\u00e1rozata Nukle\u00e1ris Medicina K\u00f6zpont \u00e9s a Radiol\u00f3giai Klinik\u00e1hoz rendelten Nukle\u00e1ris Medicina Tansz\u00e9ki Csoport megalak\u00edt\u00e1s\u00e1r\u00f3l c\u00edm\u0171 el\u0151terjeszt\u00e9s elfogad\u00e1s\u00e1r\u00f3l<\/a><br \/>\n<a href=\"https:\/\/semmelweis.hu\/jogigfoig\/files\/2016\/10\/126_sz_X_27_Pasteur_Tanszeki_Csoport.pdf\" target=\"_blank\" rel=\"noopener noreferrer\">126\/2016. (X.27.) sz\u00e1m\u00fa hat\u00e1rozata a &#8222;Pasteur&#8221; Tansz\u00e9ki Csoport l\u00e9trehoz\u00e1s\u00e1r\u00f3l az Orvosi Mikrobiol\u00f3giai Int\u00e9zethez rendelten c\u00edm\u0171 el\u0151terjeszt\u00e9s elfogad\u00e1sa<\/a><br \/>\n<a href=\"https:\/\/semmelweis.hu\/jogigfoig\/files\/2016\/10\/127.sz_X.27._SZMSZ-egyes-rendelk.-jogtechnikai-m\u00f3d.pdf\" target=\"_blank\" rel=\"noopener noreferrer\">127\/2016. (X.27.) sz\u00e1m\u00fa hat\u00e1rozata a Szervezeti \u00e9s M\u0171k\u00f6d\u00e9si Szab\u00e1lyzat egyes rendelkez\u00e9seinek jogtechnikai jelleg\u0171 m\u00f3dos\u00edt\u00e1s\u00e1r\u00f3l c\u00edm\u0171 el\u0151terjeszt\u00e9s elfogad\u00e1s\u00e1r\u00f3l<\/a><\/p>\n","protected":false},"author":12,"featured_media":0,"parent":7792,"menu_order":14,"comment_status":"closed","ping_status":"closed","template":"","meta":{"_acf_changed":false,"footnotes":""},"categories":[1],"tags":[],"class_list":["post-5607","page","type-page","status-publish","hentry","category-egyeb"],"acf":[],"_links":{"self":[{"href":"https:\/\/semmelweis.hu\/jogigfoig\/wp-json\/wp\/v2\/pages\/5607","targetHints":{"allow":["GET"]}}],"collection":[{"href":"https:\/\/semmelweis.hu\/jogigfoig\/wp-json\/wp\/v2\/pages"}],"about":[{"href":"https:\/\/semmelweis.hu\/jogigfoig\/wp-json\/wp\/v2\/types\/page"}],"author":[{"embeddable":true,"href":"https:\/\/semmelweis.hu\/jogigfoig\/wp-json\/wp\/v2\/users\/12"}],"replies":[{"embeddable":true,"href":"https:\/\/semmelweis.hu\/jogigfoig\/wp-json\/wp\/v2\/comments?post=5607"}],"version-history":[{"count":10,"href":"https:\/\/semmelweis.hu\/jogigfoig\/wp-json\/wp\/v2\/pages\/5607\/revisions"}],"predecessor-version":[{"id":7802,"href":"https:\/\/semmelweis.hu\/jogigfoig\/wp-json\/wp\/v2\/pages\/5607\/revisions\/7802"}],"up":[{"embeddable":true,"href":"https:\/\/semmelweis.hu\/jogigfoig\/wp-json\/wp\/v2\/pages\/7792"}],"wp:attachment":[{"href":"https:\/\/semmelweis.hu\/jogigfoig\/wp-json\/wp\/v2\/media?parent=5607"}],"wp:term":[{"taxonomy":"category","embeddable":true,"href":"https:\/\/semmelweis.hu\/jogigfoig\/wp-json\/wp\/v2\/categories?post=5607"},{"taxonomy":"post_tag","embeddable":true,"href":"https:\/\/semmelweis.hu\/jogigfoig\/wp-json\/wp\/v2\/tags?post=5607"}],"curies":[{"name":"wp","href":"https:\/\/api.w.org\/{rel}","templated":true}]}}