{"id":5539,"date":"2016-10-18T13:32:20","date_gmt":"2016-10-18T11:32:20","guid":{"rendered":"http:\/\/semmelweis.hu\/jogigfoig\/?page_id=5539"},"modified":"2020-02-11T11:13:50","modified_gmt":"2020-02-11T10:13:50","slug":"2016-oktober-17-elektronikus-szavazas","status":"publish","type":"page","link":"https:\/\/semmelweis.hu\/jogigfoig\/testuletek\/szenatus\/2016-evi-szenatusi-hatarozatok\/2016-oktober-17-elektronikus-szavazas\/","title":{"rendered":"2016. okt\u00f3ber 17. (elektronikus szavaz\u00e1s)"},"content":{"rendered":"<ul>\n<li><a href=\"https:\/\/semmelweis.hu\/jogigfoig\/files\/2016\/10\/114_X_17_sz_hat_Egeszsegugy_tanar_mesterkepzesi_szak_inditasa_ETK.pdf\" target=\"_blank\" rel=\"noopener noreferrer\">114\/2016. (X.17.) sz\u00e1m\u00fa hat\u00e1rozata eg\u00e9szs\u00e9g\u00fcgyi tan\u00e1r mesterk\u00e9pz\u00e9si szak ind\u00edt\u00e1sa c\u00edm\u0171 el\u0151terjeszt\u00e9s elfogad\u00e1s\u00e1r\u00f3l <\/a><\/li>\n<li><a href=\"https:\/\/semmelweis.hu\/jogigfoig\/files\/2016\/10\/Kozzetetel_Egeszsegugyi_tanar_mesterkepzes_szak_inditasa_ETK.pdf\" target=\"_blank\" rel=\"noopener noreferrer\">K\u00f6zz\u00e9t\u00e9tel az eg\u00e9szs\u00e9g\u00fcgyi tan\u00e1r mesterk\u00e9pz\u00e9s szak ind\u00edt\u00e1s\u00e1nak elfogad\u00e1s\u00e1r\u00f3l<\/a><\/li>\n<\/ul>\n","protected":false},"excerpt":{"rendered":"<p><a href=\"https:\/\/semmelweis.hu\/jogigfoig\/files\/2016\/10\/114_X_17_sz_hat_Egeszsegugy_tanar_mesterkepzesi_szak_inditasa_ETK.pdf\" target=\"_blank\" rel=\"noopener noreferrer\">114\/2016. (X.17.) sz\u00e1m\u00fa hat\u00e1rozata eg\u00e9szs\u00e9g\u00fcgyi tan\u00e1r mesterk\u00e9pz\u00e9si szak ind\u00edt\u00e1sa c\u00edm\u0171 el\u0151terjeszt\u00e9s elfogad\u00e1s\u00e1r\u00f3l <\/a><br \/>\n<a href=\"https:\/\/semmelweis.hu\/jogigfoig\/files\/2016\/10\/Kozzetetel_Egeszsegugyi_tanar_mesterkepzes_szak_inditasa_ETK.pdf\" target=\"_blank\" rel=\"noopener noreferrer\">K\u00f6zz\u00e9t\u00e9tel az eg\u00e9szs\u00e9g\u00fcgyi tan\u00e1r mesterk\u00e9pz\u00e9s szak ind\u00edt\u00e1s\u00e1nak elfogad\u00e1s\u00e1r\u00f3l<\/a><\/p>\n","protected":false},"author":12,"featured_media":0,"parent":7792,"menu_order":13,"comment_status":"closed","ping_status":"closed","template":"","meta":{"_acf_changed":false,"footnotes":""},"categories":[1],"tags":[],"class_list":["post-5539","page","type-page","status-publish","hentry","category-egyeb"],"acf":[],"_links":{"self":[{"href":"https:\/\/semmelweis.hu\/jogigfoig\/wp-json\/wp\/v2\/pages\/5539","targetHints":{"allow":["GET"]}}],"collection":[{"href":"https:\/\/semmelweis.hu\/jogigfoig\/wp-json\/wp\/v2\/pages"}],"about":[{"href":"https:\/\/semmelweis.hu\/jogigfoig\/wp-json\/wp\/v2\/types\/page"}],"author":[{"embeddable":true,"href":"https:\/\/semmelweis.hu\/jogigfoig\/wp-json\/wp\/v2\/users\/12"}],"replies":[{"embeddable":true,"href":"https:\/\/semmelweis.hu\/jogigfoig\/wp-json\/wp\/v2\/comments?post=5539"}],"version-history":[{"count":3,"href":"https:\/\/semmelweis.hu\/jogigfoig\/wp-json\/wp\/v2\/pages\/5539\/revisions"}],"predecessor-version":[{"id":7803,"href":"https:\/\/semmelweis.hu\/jogigfoig\/wp-json\/wp\/v2\/pages\/5539\/revisions\/7803"}],"up":[{"embeddable":true,"href":"https:\/\/semmelweis.hu\/jogigfoig\/wp-json\/wp\/v2\/pages\/7792"}],"wp:attachment":[{"href":"https:\/\/semmelweis.hu\/jogigfoig\/wp-json\/wp\/v2\/media?parent=5539"}],"wp:term":[{"taxonomy":"category","embeddable":true,"href":"https:\/\/semmelweis.hu\/jogigfoig\/wp-json\/wp\/v2\/categories?post=5539"},{"taxonomy":"post_tag","embeddable":true,"href":"https:\/\/semmelweis.hu\/jogigfoig\/wp-json\/wp\/v2\/tags?post=5539"}],"curies":[{"name":"wp","href":"https:\/\/api.w.org\/{rel}","templated":true}]}}