{"id":552,"date":"2012-07-17T06:46:59","date_gmt":"2012-07-17T06:46:59","guid":{"rendered":"http:\/\/semmelweis-egyetem.hu\/rektori-hivatal\/?page_id=552"},"modified":"2020-02-13T09:45:09","modified_gmt":"2020-02-13T08:45:09","slug":"2012-majus-31","status":"publish","type":"page","link":"https:\/\/semmelweis.hu\/jogigfoig\/testuletek\/szenatus\/2012-evi-szenatusi-hatarozatok\/2012-majus-31\/","title":{"rendered":"2012. m\u00e1jus 31."},"content":{"rendered":"<ul>\n<li><a href=\"https:\/\/semmelweis.hu\/rektori-hivatal\/files\/2012\/07\/N-V.31-2012.sz_.hat_.-A-szen\u00e1tusi-\u00fcl\u00e9s-napirendi-pontjainak-elfogad\u00e1s\u00e1r\u00f3l.pdf\" target=\"_blank\" rel=\"noopener noreferrer\">N-V.31\/2012. sz. hat. A szen\u00e1tusi \u00fcl\u00e9s napirendi pontjainak elfogad\u00e1s\u00e1r\u00f3l<\/a><\/li>\n<li><a href=\"https:\/\/semmelweis.hu\/rektori-hivatal\/files\/2012\/07\/56-2012.sz_.hat_.-A-Hagyom\u00e1nyos-k\u00ednai-gy\u00f3gy\u00e1szat-szakir\u00e1ny\u00fa-tov\u00e1bbk\u00e9pz\u00e9s-l\u00e9tes\u00edt\u00e9s\u00e9r\u0151l-\u00e9s-ind\u00edt\u00e1s\u00e1r\u00f3l-az-ETK-n.pdf\" target=\"_blank\" rel=\"noopener noreferrer\">56\/2012. (V.31.) sz. hat. A Hagyom\u00e1nyos k\u00ednai gy\u00f3gy\u00e1szat szakir\u00e1ny\u00fa tov\u00e1bbk\u00e9pz\u00e9s l\u00e9tes\u00edt\u00e9s\u00e9r\u0151l \u00e9s ind\u00edt\u00e1s\u00e1r\u00f3l az Eg\u00e9szs\u00e9gtudom\u00e1nyi Karon<\/a><\/li>\n<li><a href=\"https:\/\/semmelweis.hu\/rektori-hivatal\/files\/2012\/07\/57-2012.sz_.hat_.-A-Biostatisztikus-szakir\u00e1ny\u00fa-tov\u00e1bbk\u00e9pz\u00e9s-l\u00e9tes\u00edt\u00e9s\u00e9r\u0151l-\u00e9s-ind\u00edt\u00e1s\u00e1r\u00f3l-az-EKK-n.pdf\" target=\"_blank\" rel=\"noopener noreferrer\">57\/2012. (V.31.) sz. hat. A Biostatisztikus (Biostatistician) szakir\u00e1ny\u00fa tov\u00e1bbk\u00e9pz\u00e9s l\u00e9tes\u00edt\u00e9s\u00e9r\u0151l \u00e9s ind\u00edt\u00e1s\u00e1r\u00f3l az Eg\u00e9szs\u00e9g\u00fcgyi K\u00f6zszolg\u00e1lati Karon<\/a><\/li>\n<li><a href=\"https:\/\/semmelweis.hu\/rektori-hivatal\/files\/2012\/07\/58-2012.sz_.hat_.-A-V\u00e1rosmajori-Sz\u00edv-\u00e9s-\u00c9rgy\u00f3gy\u00e1szati-Klinika-l\u00e9trehoz\u00e1s\u00e1r\u00f3l.pdf\" target=\"_blank\" rel=\"noopener noreferrer\">58\/2012. (V.31.) sz. hat. A V\u00e1rosmajori Sz\u00edv- \u00e9s \u00c9rgy\u00f3gy\u00e1szati Klinika l\u00e9trehoz\u00e1s\u00e1r\u00f3l \u00e9s ezzel \u00f6sszef\u00fcgg\u00e9sben a Szervezeti \u00e9s M\u0171k\u00f6d\u00e9si Szab\u00e1lyzat m\u00f3dos\u00edt\u00e1s\u00e1r\u00f3l<\/a><\/li>\n<li><a href=\"https:\/\/semmelweis.hu\/rektori-hivatal\/files\/2012\/07\/59-2012.sz_.hat_.-Doctor-Honoris-Causa-c\u00edm-adom\u00e1nyoz\u00e1s\u00e1r\u00f3l.pdf\" target=\"_blank\" rel=\"noopener noreferrer\">59\/2012. (V.31.) sz. hat. Doctor Honoris Causa c\u00edm adom\u00e1nyoz\u00e1s\u00e1r\u00f3l<\/a><\/li>\n<li><a href=\"https:\/\/semmelweis.hu\/rektori-hivatal\/files\/2012\/07\/60-2012.sz_.hat_.-A-Semmelweis-Egyetem-Hum\u00e1n-Agysz\u00f6vet-Bank.pdf\" target=\"_blank\" rel=\"noopener noreferrer\">60\/2012. (V.31.) sz. hat. A Semmelweis Egyetem Hum\u00e1n Agysz\u00f6vet\u00a0 Bankr\u00f3l \u00e9s ezzel \u00f6sszef\u00fcgg\u00e9sben a Szervezeti \u00e9s M\u0171k\u00f6d\u00e9si Szab\u00e1lyzat, valamint a Semmelweis Egyetem Biobank H\u00e1l\u00f3zat\u00e1nak M\u0171k\u00f6d\u00e9si Rendje m\u00f3dos\u00edt\u00e1s\u00e1r\u00f3l<\/a><\/li>\n<li><a href=\"https:\/\/semmelweis.hu\/rektori-hivatal\/files\/2012\/07\/61-2012.sz_.hat_.-A-Semmelweis-Ign\u00e1c-Eml\u00e9k\u00e9rem-\u00e9s-Jutalomd\u00edj-adom\u00e1nyoz\u00e1s\u00e1r\u00f3l.pdf\" target=\"_blank\" rel=\"noopener noreferrer\">61\/2012. (V.31.) sz. hat. A Semmelweis Ign\u00e1c eml\u00e9k\u00e9rem \u00e9s jutalomd\u00edj\u00a0 adom\u00e1nyoz\u00e1s\u00e1r\u00f3l<\/a><\/li>\n<li><a href=\"https:\/\/semmelweis.hu\/rektori-hivatal\/files\/2012\/07\/62-2012.sz_.hat_.-A-Jendrassik-Ern\u0151-eml\u00e9k\u00e9rem-\u00e9s-jutalomd\u00edj-adom\u00e1nyoz\u00e1s\u00e1r\u00f3l.pdf\" target=\"_blank\" rel=\"noopener noreferrer\">62\/2012. (V.31.) sz. hat. A Jendrassik Ern\u0151 eml\u00e9k\u00e9rem \u00e9s jutalomd\u00edj adom\u00e1nyoz\u00e1s\u00e1r\u00f3l<\/a><\/li>\n<li><a href=\"https:\/\/semmelweis.hu\/rektori-hivatal\/files\/2012\/07\/63-2012.sz_.hat_.-A-Huzella-Tivadar-eml\u00e9k\u00e9rem-\u00e9s-jutalomd\u00edj-adom\u00e1nyoz\u00e1s\u00e1r\u00f3l.pdf\" target=\"_blank\" rel=\"noopener noreferrer\">63\/2012. (V.31) sz. hat. A Huzella Tivadar eml\u00e9k\u00e9rem \u00e9s jutalomd\u00edj adom\u00e1nyoz\u00e1s\u00e1r\u00f3l <\/a><\/li>\n<li><a href=\"https:\/\/semmelweis.hu\/rektori-hivatal\/files\/2012\/07\/64-2012.sz_.hat_.-A-Hugonnai-Vilma-eml\u00e9k\u00e9rem-\u00e9s-jutalomd\u00edj-adom\u00e1nyoz\u00e1s\u00e1r\u00f3l.pdf\" target=\"_blank\" rel=\"noopener noreferrer\">64\/2012. (V.31.) sz. hat. A Hugonnai Vilma eml\u00e9k\u00e9rem \u00e9s jutalomd\u00edj adom\u00e1nyoz\u00e1s\u00e1r\u00f3l<\/a><\/li>\n<li><a href=\"https:\/\/semmelweis.hu\/rektori-hivatal\/files\/2012\/07\/65-2012.sz_.hat_.-A-2013.-\u00e9vi-Semmelweis-Symposium-megrendez\u00e9s\u00e9re-beny\u00fajtott-p\u00e1ly\u00e1zatok-elb\u00edr\u00e1l\u00e1s\u00e1r\u00f3l.pdf\" target=\"_blank\" rel=\"noopener noreferrer\">65\/2012. (V.31.) sz. hat. A 2013. \u00e9vi Semmelweis Symposium megrendez\u00e9s\u00e9re beny\u00fajtott p\u00e1ly\u00e1zatok elb\u00edr\u00e1l\u00e1s\u00e1r\u00f3l<\/a><\/li>\n<li><a href=\"https:\/\/semmelweis.hu\/rektori-hivatal\/files\/2012\/07\/66-2012.sz_.hat_.-Az-ETK-Csal\u00e1dgondoz\u00e1si-\u00e9s-M\u00f3dszertani-Tansz\u00e9k\u00e9n-2012.-\u00e9vre-meghirdetett-tansz\u00e9kvezet\u0151i-megb\u00edz\u00e1sra-be\u00e9rkezett-p\u00e1ly\u00e1zat-v\u00e9lem\u00e9nyez\u00e9s\u00e9r\u0151l.pdf\" target=\"_blank\" rel=\"noopener noreferrer\">66\/2012. (V.31.) sz. hat. Az Eg\u00e9szs\u00e9gtudom\u00e1nyi Kar Csal\u00e1dgondoz\u00e1si M\u00f3dszertani Tansz\u00e9k\u00e9n 2012. \u00e9vre meghirdetett tansz\u00e9kvezet\u0151i megb\u00edz\u00e1sra be\u00e9rkezett p\u00e1ly\u00e1zat v\u00e9lem\u00e9nyez\u00e9s\u00e9r\u0151l <\/a><\/li>\n<li><a href=\"https:\/\/semmelweis.hu\/rektori-hivatal\/files\/2012\/07\/67-2012.sz_.hat_.-A-2012.-\u00e9vben-az-ETK-n-meghirdetni-tervezett-f\u0151iskolai-docensi-\u00e1ll\u00e1shely-v\u00e9lem\u00e9nyez\u00e9s\u00e9r\u0151l.pdf\" target=\"_blank\" rel=\"noopener noreferrer\">67\/2012. (V.31.) sz. hat. A 2012. \u00e9vben az Eg\u00e9szs\u00e9gtudom\u00e1nyi Karon meghirdetni tervezett f\u0151iskolai docensi \u00e1ll\u00e1shely v\u00e9lem\u00e9nyez\u00e9s\u00e9r\u0151l<\/a><\/li>\n<li><a href=\"https:\/\/semmelweis.hu\/rektori-hivatal\/files\/2012\/07\/68-2012.sz_.hat_.-A-Semmelweis-Egyetem-Beszerz\u00e9si-Szab\u00e1lyzat\u00e1r\u00f3l.pdf\" target=\"_blank\" rel=\"noopener noreferrer\">68\/2012. (V.31.) sz. hat. A Semmelweis Egyetem Beszerz\u00e9si Szab\u00e1lyzat\u00e1r\u00f3l<\/a><\/li>\n<li><a href=\"https:\/\/semmelweis.hu\/rektori-hivatal\/files\/2012\/07\/69-2012.sz_.hat_.-A-P\u00e9nzkezel\u00e9si-Szab\u00e1lyzatr\u00f3l.pdf\" target=\"_blank\" rel=\"noopener noreferrer\">69\/2012. (V.31.) sz. hat. A P\u00e9nzkezel\u00e9si Szab\u00e1lyzatr\u00f3l <\/a><\/li>\n<li><a href=\"https:\/\/semmelweis.hu\/rektori-hivatal\/files\/2012\/07\/70-2012.sz_.hat_.-A-Semmelweis-Egyetem-tulajdonosi-joggyakorl\u00e1sa-al\u00e1-tartoz\u00f3-gazdas\u00e1gi-t\u00e1rsas\u00e1gok-2011.-\u00e9vi-m\u0171k\u00f6d\u00e9s\u00e9r\u0151l.pdf\" target=\"_blank\" rel=\"noopener noreferrer\">70\/2012. (V.31.) sz. hat. A Semmelweis Egyetem tulajdonosi joggyakorl\u00e1sa al\u00e1 tartoz\u00f3 gazdas\u00e1gi t\u00e1rsas\u00e1gok 2011. \u00e9vi m\u0171k\u00f6d\u00e9s\u00e9r\u0151l sz\u00f3l\u00f3 el\u0151terjeszt\u00e9sr\u0151l<\/a><\/li>\n<li><a href=\"https:\/\/semmelweis.hu\/rektori-hivatal\/files\/2012\/07\/71-2012.sz_.hat_.-A-Semmelweis-Eg\u00e9szs\u00e9g\u00fcgyi-Kft.-jegyzett-t\u0151k\u00e9j\u00e9nek-emel\u00e9s\u00e9r\u0151l.pdf\" target=\"_blank\" rel=\"noopener noreferrer\">71\/2012. (V.31.) sz. hat. A Semmelweis Eg\u00e9szs\u00e9g\u00fcgyi Kft jegyzett t\u0151k\u00e9j\u00e9nek emel\u00e9s\u00e9r\u0151l<\/a><\/li>\n<\/ul>\n<p>&nbsp;<\/p>\n","protected":false},"excerpt":{"rendered":"<p><a href=\"https:\/\/semmelweis.hu\/rektori-hivatal\/files\/2012\/07\/N-V.31-2012.sz_.hat_.-A-szen\u00e1tusi-\u00fcl\u00e9s-napirendi-pontjainak-elfogad\u00e1s\u00e1r\u00f3l.pdf\" target=\"_blank\" rel=\"noopener noreferrer\">N-V.31\/2012. sz. hat. A szen\u00e1tusi \u00fcl\u00e9s napirendi pontjainak elfogad\u00e1s\u00e1r\u00f3l<\/a><br \/>\n<a href=\"https:\/\/semmelweis.hu\/rektori-hivatal\/files\/2012\/07\/56-2012.sz_.hat_.-A-Hagyom\u00e1nyos-k\u00ednai-gy\u00f3gy\u00e1szat-szakir\u00e1ny\u00fa-tov\u00e1bbk\u00e9pz\u00e9s-l\u00e9tes\u00edt\u00e9s\u00e9r\u0151l-\u00e9s-ind\u00edt\u00e1s\u00e1r\u00f3l-az-ETK-n.pdf\" target=\"_blank\" rel=\"noopener noreferrer\">56\/2012. (V.31.) sz. hat. A Hagyom\u00e1nyos k\u00ednai gy\u00f3gy\u00e1szat szakir\u00e1ny\u00fa tov\u00e1bbk\u00e9pz\u00e9s l\u00e9tes\u00edt\u00e9s\u00e9r\u0151l \u00e9s ind\u00edt\u00e1s\u00e1r\u00f3l az Eg\u00e9szs\u00e9gtudom\u00e1nyi Karon<\/a><br \/>\n<a href=\"https:\/\/semmelweis.hu\/rektori-hivatal\/files\/2012\/07\/57-2012.sz_.hat_.-A-Biostatisztikus-szakir\u00e1ny\u00fa-tov\u00e1bbk\u00e9pz\u00e9s-l\u00e9tes\u00edt\u00e9s\u00e9r\u0151l-\u00e9s-ind\u00edt\u00e1s\u00e1r\u00f3l-az-EKK-n.pdf\" target=\"_blank\" rel=\"noopener noreferrer\">57\/2012. (V.31.) sz. hat. A Biostatisztikus (Biostatistician) szakir\u00e1ny\u00fa tov\u00e1bbk\u00e9pz\u00e9s l\u00e9tes\u00edt\u00e9s\u00e9r\u0151l \u00e9s ind\u00edt\u00e1s\u00e1r\u00f3l az Eg\u00e9szs\u00e9g\u00fcgyi K\u00f6zszolg\u00e1lati Karon<\/a><br \/>\n<a href=\"https:\/\/semmelweis.hu\/rektori-hivatal\/files\/2012\/07\/58-2012.sz_.hat_.-A-V\u00e1rosmajori-Sz\u00edv-\u00e9s-\u00c9rgy\u00f3gy\u00e1szati-Klinika-l\u00e9trehoz\u00e1s\u00e1r\u00f3l.pdf\" target=\"_blank\" rel=\"noopener noreferrer\">58\/2012. (V.31.) sz. hat. A V\u00e1rosmajori Sz\u00edv- \u00e9s \u00c9rgy\u00f3gy\u00e1szati Klinika l\u00e9trehoz\u00e1s\u00e1r\u00f3l \u00e9s ezzel \u00f6sszef\u00fcgg\u00e9sben a Szervezeti \u00e9s M\u0171k\u00f6d\u00e9si Szab\u00e1lyzat m\u00f3dos\u00edt\u00e1s\u00e1r\u00f3l<\/a><br \/>\n<a href=\"https:\/\/semmelweis.hu\/rektori-hivatal\/files\/2012\/07\/59-2012.sz_.hat_.-Doctor-Honoris-Causa-c\u00edm-adom\u00e1nyoz\u00e1s\u00e1r\u00f3l.pdf\" target=\"_blank\" rel=\"noopener noreferrer\">59\/2012. (V.31.) sz. hat. Doctor Honoris Causa c\u00edm adom\u00e1nyoz\u00e1s\u00e1r\u00f3l<\/a><br \/>\n<a href=\"https:\/\/semmelweis.hu\/rektori-hivatal\/files\/2012\/07\/60-2012.sz_.hat_.-A-Semmelweis-Egyetem-Hum\u00e1n-Agysz\u00f6vet-Bank.pdf\" target=\"_blank\" rel=\"noopener noreferrer\">60\/2012. (V.31.) sz. hat. A Semmelweis Egyetem Hum\u00e1n Agysz\u00f6vet\u00a0 Bankr\u00f3l \u00e9s ezzel \u00f6sszef\u00fcgg\u00e9sben a Szervezeti \u00e9s M\u0171k\u00f6d\u00e9si Szab\u00e1lyzat, valamint a Semmelweis Egyetem Biobank H\u00e1l\u00f3zat\u00e1nak M\u0171k\u00f6d\u00e9si Rendje m\u00f3dos\u00edt\u00e1s\u00e1r\u00f3l<\/a><br \/>\n<a href=\"https:\/\/semmelweis.hu\/rektori-hivatal\/files\/2012\/07\/61-2012.sz_.hat_.-A-Semmelweis-Ign\u00e1c-Eml\u00e9k\u00e9rem-\u00e9s-Jutalomd\u00edj-adom\u00e1nyoz\u00e1s\u00e1r\u00f3l.pdf\" target=\"_blank\" rel=\"noopener noreferrer\">61\/2012. (V.31.) sz. hat. A Semmelweis Ign\u00e1c eml\u00e9k\u00e9rem \u00e9s jutalomd\u00edj\u00a0 adom\u00e1nyoz\u00e1s\u00e1r\u00f3l<\/a><br \/>\n<a href=\"https:\/\/semmelweis.hu\/rektori-hivatal\/files\/2012\/07\/62-2012.sz_.hat_.-A-Jendrassik-Ern\u0151-eml\u00e9k\u00e9rem-\u00e9s-jutalomd\u00edj-adom\u00e1nyoz\u00e1s\u00e1r\u00f3l.pdf\" target=\"_blank\" rel=\"noopener noreferrer\">62\/2012. (V.31.) sz. hat. A Jendrassik Ern\u0151 eml\u00e9k\u00e9rem \u00e9s jutalomd\u00edj adom\u00e1nyoz\u00e1s\u00e1r\u00f3l<\/a><br \/>\n<a href=\"https:\/\/semmelweis.hu\/rektori-hivatal\/files\/2012\/07\/63-2012.sz_.hat_.-A-Huzella-Tivadar-eml\u00e9k\u00e9rem-\u00e9s-jutalomd\u00edj-adom\u00e1nyoz\u00e1s\u00e1r\u00f3l.pdf\" target=\"_blank\" rel=\"noopener noreferrer\">63\/2012. (V.31) sz. hat. A Huzella Tivadar eml\u00e9k\u00e9rem \u00e9s jutalomd\u00edj adom\u00e1nyoz\u00e1s\u00e1r\u00f3l <\/a><br \/>\n<a href=\"https:\/\/semmelweis.hu\/rektori-hivatal\/files\/2012\/07\/64-2012.sz_.hat_.-A-Hugonnai-Vilma-eml\u00e9k\u00e9rem-\u00e9s-jutalomd\u00edj-adom\u00e1nyoz\u00e1s\u00e1r\u00f3l.pdf\" target=\"_blank\" rel=\"noopener noreferrer\">64\/2012. (V.31.) sz. hat. A Hugonnai Vilma eml\u00e9k\u00e9rem \u00e9s jutalomd\u00edj adom\u00e1nyoz\u00e1s\u00e1r\u00f3l<\/a><br \/>\n<a href=\"https:\/\/semmelweis.hu\/rektori-hivatal\/files\/2012\/07\/65-2012.sz_.hat_.-A-2013.-\u00e9vi-Semmelweis-Symposium-megrendez\u00e9s\u00e9re-beny\u00fajtott-p\u00e1ly\u00e1zatok-elb\u00edr\u00e1l\u00e1s\u00e1r\u00f3l.pdf\" target=\"_blank\" rel=\"noopener noreferrer\">65\/2012. (V.31.) sz. hat. A 2013. \u00e9vi Semmelweis Symposium megrendez\u00e9s\u00e9re beny\u00fajtott p\u00e1ly\u00e1zatok elb\u00edr\u00e1l\u00e1s\u00e1r\u00f3l<\/a><br \/>\n<a href=\"https:\/\/semmelweis.hu\/rektori-hivatal\/files\/2012\/07\/66-2012.sz_.hat_.-Az-ETK-Csal\u00e1dgondoz\u00e1si-\u00e9s-M\u00f3dszertani-Tansz\u00e9k\u00e9n-2012.-\u00e9vre-meghirdetett-tansz\u00e9kvezet\u0151i-megb\u00edz\u00e1sra-be\u00e9rkezett-p\u00e1ly\u00e1zat-v\u00e9lem\u00e9nyez\u00e9s\u00e9r\u0151l.pdf\" target=\"_blank\" rel=\"noopener noreferrer\">66\/2012. (V.31.) sz. hat. Az Eg\u00e9szs\u00e9gtudom\u00e1nyi Kar Csal\u00e1dgondoz\u00e1si M\u00f3dszertani Tansz\u00e9k\u00e9n 2012. \u00e9vre meghirdetett tansz\u00e9kvezet\u0151i megb\u00edz\u00e1sra be\u00e9rkezett p\u00e1ly\u00e1zat v\u00e9lem\u00e9nyez\u00e9s\u00e9r\u0151l <\/a><br \/>\n<a href=\"https:\/\/semmelweis.hu\/rektori-hivatal\/files\/2012\/07\/67-2012.sz_.hat_.-A-2012.-\u00e9vben-az-ETK-n-meghirdetni-tervezett-f\u0151iskolai-docensi-\u00e1ll\u00e1shely-v\u00e9lem\u00e9nyez\u00e9s\u00e9r\u0151l.pdf\" target=\"_blank\" rel=\"noopener noreferrer\">67\/2012. (V.31.) sz. hat. A 2012. \u00e9vben az Eg\u00e9szs\u00e9gtudom\u00e1nyi Karon meghirdetni tervezett f\u0151iskolai docensi \u00e1ll\u00e1shely v\u00e9lem\u00e9nyez\u00e9s\u00e9r\u0151l<\/a><br \/>\n<a href=\"https:\/\/semmelweis.hu\/rektori-hivatal\/files\/2012\/07\/68-2012.sz_.hat_.-A-Semmelweis-Egyetem-Beszerz\u00e9si-Szab\u00e1lyzat\u00e1r\u00f3l.pdf\" target=\"_blank\" rel=\"noopener noreferrer\">68\/2012. (V.31.) sz. hat. A Semmelweis Egyetem Beszerz\u00e9si Szab\u00e1lyzat\u00e1r\u00f3l<\/a><br \/>\n<a href=\"https:\/\/semmelweis.hu\/rektori-hivatal\/files\/2012\/07\/69-2012.sz_.hat_.-A-P\u00e9nzkezel\u00e9si-Szab\u00e1lyzatr\u00f3l.pdf\" target=\"_blank\" rel=\"noopener noreferrer\">69\/2012. (V.31.) sz. hat. A P\u00e9nzkezel\u00e9si Szab\u00e1lyzatr\u00f3l <\/a><br \/>\n<a href=\"https:\/\/semmelweis.hu\/rektori-hivatal\/files\/2012\/07\/70-2012.sz_.hat_.-A-Semmelweis-Egyetem-tulajdonosi-joggyakorl\u00e1sa-al\u00e1-tartoz\u00f3-gazdas\u00e1gi-t\u00e1rsas\u00e1gok-2011.-\u00e9vi-m\u0171k\u00f6d\u00e9s\u00e9r\u0151l.pdf\" target=\"_blank\" rel=\"noopener noreferrer\">70\/2012. (V.31.) sz. hat. A Semmelweis Egyetem tulajdonosi joggyakorl\u00e1sa al\u00e1 tartoz\u00f3 gazdas\u00e1gi t\u00e1rsas\u00e1gok 2011. \u00e9vi m\u0171k\u00f6d\u00e9s\u00e9r\u0151l sz\u00f3l\u00f3 el\u0151terjeszt\u00e9sr\u0151l<\/a><br \/>\n<a href=\"https:\/\/semmelweis.hu\/rektori-hivatal\/files\/2012\/07\/71-2012.sz_.hat_.-A-Semmelweis-Eg\u00e9szs\u00e9g\u00fcgyi-Kft.-jegyzett-t\u0151k\u00e9j\u00e9nek-emel\u00e9s\u00e9r\u0151l.pdf\" target=\"_blank\" rel=\"noopener noreferrer\">71\/2012. (V.31.) sz. hat. A Semmelweis Eg\u00e9szs\u00e9g\u00fcgyi Kft jegyzett t\u0151k\u00e9j\u00e9nek emel\u00e9s\u00e9r\u0151l<\/a><\/p>\n<p>&nbsp;<\/p>\n","protected":false},"author":12,"featured_media":0,"parent":7842,"menu_order":5,"comment_status":"open","ping_status":"open","template":"","meta":{"_acf_changed":false,"footnotes":""},"categories":[1],"tags":[],"class_list":["post-552","page","type-page","status-publish","hentry","category-egyeb"],"acf":[],"_links":{"self":[{"href":"https:\/\/semmelweis.hu\/jogigfoig\/wp-json\/wp\/v2\/pages\/552","targetHints":{"allow":["GET"]}}],"collection":[{"href":"https:\/\/semmelweis.hu\/jogigfoig\/wp-json\/wp\/v2\/pages"}],"about":[{"href":"https:\/\/semmelweis.hu\/jogigfoig\/wp-json\/wp\/v2\/types\/page"}],"author":[{"embeddable":true,"href":"https:\/\/semmelweis.hu\/jogigfoig\/wp-json\/wp\/v2\/users\/12"}],"replies":[{"embeddable":true,"href":"https:\/\/semmelweis.hu\/jogigfoig\/wp-json\/wp\/v2\/comments?post=552"}],"version-history":[{"count":6,"href":"https:\/\/semmelweis.hu\/jogigfoig\/wp-json\/wp\/v2\/pages\/552\/revisions"}],"predecessor-version":[{"id":7924,"href":"https:\/\/semmelweis.hu\/jogigfoig\/wp-json\/wp\/v2\/pages\/552\/revisions\/7924"}],"up":[{"embeddable":true,"href":"https:\/\/semmelweis.hu\/jogigfoig\/wp-json\/wp\/v2\/pages\/7842"}],"wp:attachment":[{"href":"https:\/\/semmelweis.hu\/jogigfoig\/wp-json\/wp\/v2\/media?parent=552"}],"wp:term":[{"taxonomy":"category","embeddable":true,"href":"https:\/\/semmelweis.hu\/jogigfoig\/wp-json\/wp\/v2\/categories?post=552"},{"taxonomy":"post_tag","embeddable":true,"href":"https:\/\/semmelweis.hu\/jogigfoig\/wp-json\/wp\/v2\/tags?post=552"}],"curies":[{"name":"wp","href":"https:\/\/api.w.org\/{rel}","templated":true}]}}