{"id":54894,"date":"2018-04-23T09:44:33","date_gmt":"2018-04-23T07:44:33","guid":{"rendered":"http:\/\/semmelweis.hu\/jogigfoig\/?page_id=54894"},"modified":"2025-08-08T09:35:16","modified_gmt":"2025-08-08T07:35:16","slug":"informacioatadasi-szabalyzat","status":"publish","type":"page","link":"https:\/\/semmelweis.hu\/jogigfoig\/dokumentumtar\/szabalyzattar\/informacioatadasi-szabalyzat\/","title":{"rendered":"Semmelweis Egyetem szab\u00e1lyzata az inform\u00e1ci\u00f3\u00e1tad\u00e1sr\u00f3l"},"content":{"rendered":"<p><strong>A szab\u00e1lyzat aktu\u00e1lis v\u00e1ltozata:<\/strong> <a href=\"https:\/\/semmelweis.hu\/jogigfoig\/files\/2025\/08\/Informacioatadasi_szabalyzat_hataly_20250823.pdf\">Semmelweis Egyetem szab\u00e1lyzata az inform\u00e1ci\u00f3\u00e1tad\u00e1sr\u00f3l\u00a0<\/a><\/p>\n<p><strong>Elfogad\u00e1s\u00e1r\u00f3l rendelkez\u0151 hat\u00e1rozat:<\/strong> <a href=\"https:\/\/semmelweis.hu\/jogigfoig\/files\/2025\/08\/62_2025_Hatarozat_az-egyes-szabalyzatok-modositasarol.pdf\">62\/2025. (VII.25.)<\/a><br \/>\n<strong>Hat\u00e1rozat t\u00edpusa:<\/strong>\u00a0Szen\u00e1tusi<br \/>\n<strong>Hat\u00e1ly:\u00a0<\/strong>2025.VIII.23.<\/p>\n<p>&nbsp;<\/p>\n","protected":false},"excerpt":{"rendered":"<p>A szab\u00e1lyzat aktu\u00e1lis v\u00e1ltozata: <a href=\"https:\/\/semmelweis.hu\/jogigfoig\/files\/2025\/08\/Informacioatadasi_szabalyzat_hataly_20250823.pdf\">Semmelweis Egyetem szab\u00e1lyzata az inform\u00e1ci\u00f3\u00e1tad\u00e1sr\u00f3l\u00a0<\/a><br \/>\nElfogad\u00e1s\u00e1r\u00f3l rendelkez\u0151 hat\u00e1rozat: <a href=\"https:\/\/semmelweis.hu\/jogigfoig\/files\/2025\/08\/62_2025_Hatarozat_az-egyes-szabalyzatok-modositasarol.pdf\">62\/2025. (VII.25.)<\/a><br \/>\nHat\u00e1rozat t\u00edpusa:\u00a0Szen\u00e1tusi<br \/>\nHat\u00e1ly:\u00a02025.VIII.23.<br \/>\n&nbsp;<\/p>\n","protected":false},"author":101117,"featured_media":0,"parent":41,"menu_order":0,"comment_status":"closed","ping_status":"closed","template":"","meta":{"_acf_changed":false,"footnotes":""},"categories":[],"tags":[],"class_list":["post-54894","page","type-page","status-publish","hentry"],"acf":[],"_links":{"self":[{"href":"https:\/\/semmelweis.hu\/jogigfoig\/wp-json\/wp\/v2\/pages\/54894","targetHints":{"allow":["GET"]}}],"collection":[{"href":"https:\/\/semmelweis.hu\/jogigfoig\/wp-json\/wp\/v2\/pages"}],"about":[{"href":"https:\/\/semmelweis.hu\/jogigfoig\/wp-json\/wp\/v2\/types\/page"}],"author":[{"embeddable":true,"href":"https:\/\/semmelweis.hu\/jogigfoig\/wp-json\/wp\/v2\/users\/101117"}],"replies":[{"embeddable":true,"href":"https:\/\/semmelweis.hu\/jogigfoig\/wp-json\/wp\/v2\/comments?post=54894"}],"version-history":[{"count":10,"href":"https:\/\/semmelweis.hu\/jogigfoig\/wp-json\/wp\/v2\/pages\/54894\/revisions"}],"predecessor-version":[{"id":100488,"href":"https:\/\/semmelweis.hu\/jogigfoig\/wp-json\/wp\/v2\/pages\/54894\/revisions\/100488"}],"up":[{"embeddable":true,"href":"https:\/\/semmelweis.hu\/jogigfoig\/wp-json\/wp\/v2\/pages\/41"}],"wp:attachment":[{"href":"https:\/\/semmelweis.hu\/jogigfoig\/wp-json\/wp\/v2\/media?parent=54894"}],"wp:term":[{"taxonomy":"category","embeddable":true,"href":"https:\/\/semmelweis.hu\/jogigfoig\/wp-json\/wp\/v2\/categories?post=54894"},{"taxonomy":"post_tag","embeddable":true,"href":"https:\/\/semmelweis.hu\/jogigfoig\/wp-json\/wp\/v2\/tags?post=54894"}],"curies":[{"name":"wp","href":"https:\/\/api.w.org\/{rel}","templated":true}]}}