{"id":5356,"date":"2016-10-07T10:28:45","date_gmt":"2016-10-07T08:28:45","guid":{"rendered":"http:\/\/semmelweis.hu\/jogigfoig\/?page_id=5356"},"modified":"2017-05-05T11:15:17","modified_gmt":"2017-05-05T09:15:17","slug":"962016-vi-29-szamu-hatarozata-a-szenatus-altal-letrehozott-az-egyetem-egeszere-kiterjedo-hataskorrel-rendelkezo-allando-bizottsagok-ugyrendjerol-es-mellekletei","status":"publish","type":"page","link":"https:\/\/semmelweis.hu\/jogigfoig\/testuletek\/szenatus\/2016-evi-szenatusi-hatarozatok\/2016-junius-29\/962016-vi-29-szamu-hatarozata-a-szenatus-altal-letrehozott-az-egyetem-egeszere-kiterjedo-hataskorrel-rendelkezo-allando-bizottsagok-ugyrendjerol-es-mellekletei\/","title":{"rendered":"96\/2016. (VI.29.) sz\u00e1m\u00fa hat\u00e1rozata A Szen\u00e1tus \u00e1ltal l\u00e9trehozott, az egyetem eg\u00e9sz\u00e9re kiterjed\u0151 hat\u00e1sk\u00f6rrel rendelkez\u0151 \u00e1lland\u00f3 bizotts\u00e1gok \u00fcgyrendj\u00e9r\u0151l \u00e9s mell\u00e9kletei"},"content":{"rendered":"<ul>\n<li><a href=\"https:\/\/semmelweis.hu\/jogigfoig\/files\/2016\/09\/96_sz_VI_29_allando_bizottsag_ugyrend.pdf\" target=\"_blank\" rel=\"noopener noreferrer\">96\/2016. (VI.29.) sz\u00e1m\u00fa hat\u00e1rozata A Szen\u00e1tus \u00e1ltal l\u00e9trehozott, az egyetem eg\u00e9sz\u00e9re kiterjed\u0151 hat\u00e1sk\u00f6rrel rendelkez\u0151 \u00e1lland\u00f3 bizotts\u00e1gok \u00fcgyrendj\u00e9r\u0151l<\/a><\/li>\n<li><a href=\"https:\/\/semmelweis.hu\/jogigfoig\/dokumentumtar\/szenatusi-hatarozatok\/2016-junius-29\/mellekletek\/\">A 96\/2016. (VI.29.) sz\u00e1m\u00fa hat\u00e1rozathoz tartoz\u00f3 mell\u00e9kletek<\/a><\/li>\n<\/ul>\n","protected":false},"excerpt":{"rendered":"<p><a href=\"https:\/\/semmelweis.hu\/jogigfoig\/files\/2016\/09\/96_sz_VI_29_allando_bizottsag_ugyrend.pdf\" target=\"_blank\" rel=\"noopener noreferrer\">96\/2016. (VI.29.) sz\u00e1m\u00fa hat\u00e1rozata A Szen\u00e1tus \u00e1ltal l\u00e9trehozott, az egyetem eg\u00e9sz\u00e9re kiterjed\u0151 hat\u00e1sk\u00f6rrel rendelkez\u0151 \u00e1lland\u00f3 bizotts\u00e1gok \u00fcgyrendj\u00e9r\u0151l<\/a><br \/>\n<a href=\"https:\/\/semmelweis.hu\/jogigfoig\/dokumentumtar\/szenatusi-hatarozatok\/2016-junius-29\/mellekletek\/\">A 96\/2016. (VI.29.) sz\u00e1m\u00fa hat\u00e1rozathoz tartoz\u00f3 mell\u00e9kletek<\/a><\/p>\n","protected":false},"author":12,"featured_media":0,"parent":5163,"menu_order":0,"comment_status":"closed","ping_status":"closed","template":"","meta":{"_acf_changed":false,"footnotes":""},"categories":[1],"tags":[],"class_list":["post-5356","page","type-page","status-publish","hentry","category-egyeb"],"acf":[],"_links":{"self":[{"href":"https:\/\/semmelweis.hu\/jogigfoig\/wp-json\/wp\/v2\/pages\/5356","targetHints":{"allow":["GET"]}}],"collection":[{"href":"https:\/\/semmelweis.hu\/jogigfoig\/wp-json\/wp\/v2\/pages"}],"about":[{"href":"https:\/\/semmelweis.hu\/jogigfoig\/wp-json\/wp\/v2\/types\/page"}],"author":[{"embeddable":true,"href":"https:\/\/semmelweis.hu\/jogigfoig\/wp-json\/wp\/v2\/users\/12"}],"replies":[{"embeddable":true,"href":"https:\/\/semmelweis.hu\/jogigfoig\/wp-json\/wp\/v2\/comments?post=5356"}],"version-history":[{"count":2,"href":"https:\/\/semmelweis.hu\/jogigfoig\/wp-json\/wp\/v2\/pages\/5356\/revisions"}],"predecessor-version":[{"id":7930,"href":"https:\/\/semmelweis.hu\/jogigfoig\/wp-json\/wp\/v2\/pages\/5356\/revisions\/7930"}],"up":[{"embeddable":true,"href":"https:\/\/semmelweis.hu\/jogigfoig\/wp-json\/wp\/v2\/pages\/5163"}],"wp:attachment":[{"href":"https:\/\/semmelweis.hu\/jogigfoig\/wp-json\/wp\/v2\/media?parent=5356"}],"wp:term":[{"taxonomy":"category","embeddable":true,"href":"https:\/\/semmelweis.hu\/jogigfoig\/wp-json\/wp\/v2\/categories?post=5356"},{"taxonomy":"post_tag","embeddable":true,"href":"https:\/\/semmelweis.hu\/jogigfoig\/wp-json\/wp\/v2\/tags?post=5356"}],"curies":[{"name":"wp","href":"https:\/\/api.w.org\/{rel}","templated":true}]}}