{"id":5306,"date":"2016-10-03T14:25:24","date_gmt":"2016-10-03T12:25:24","guid":{"rendered":"http:\/\/semmelweis.hu\/jogigfoig\/?page_id=5306"},"modified":"2021-07-07T09:27:56","modified_gmt":"2021-07-07T07:27:56","slug":"tanulmanyi-es-vizsgaszabalyzat-es-a-modosito-hatarozatok","status":"publish","type":"page","link":"https:\/\/semmelweis.hu\/jogigfoig\/dokumentumtar\/szabalyzattar-archivum\/tanulmanyi-es-vizsgaszabalyzat-es-a-modosito-hatarozatok\/","title":{"rendered":"Tanulm\u00e1nyi \u00e9s Vizsgaszab\u00e1lyzat (Arch\u00edvum)"},"content":{"rendered":"<p><strong>Szab\u00e1lyzat arch\u00edv v\u00e1ltozatai:<\/strong><\/p>\n<ul>\n<li><a href=\"https:\/\/semmelweis.hu\/jogigfoig\/files\/2016\/09\/SZMSZ_egyseges_2016_09_02.pdf\">Tanulm\u00e1nyi \u00e9s Vizsgaszab\u00e1lyzat (<i>A Tanulm\u00e1nyi \u00e9s Vizsgaszab\u00e1lyzat a Szervezeti \u00e9s M\u0171k\u00f6d\u00e9si Szab\u00e1lyzat r\u00e9sz\u00e9t k\u00e9pezi<\/i><\/a>)<\/li>\n<\/ul>\n","protected":false},"excerpt":{"rendered":"<p>Szab\u00e1lyzat arch\u00edv v\u00e1ltozatai:<\/p>\n<p><a href=\"https:\/\/semmelweis.hu\/jogigfoig\/files\/2016\/09\/SZMSZ_egyseges_2016_09_02.pdf\">Tanulm\u00e1nyi \u00e9s Vizsgaszab\u00e1lyzat (A Tanulm\u00e1nyi \u00e9s Vizsgaszab\u00e1lyzat a Szervezeti \u00e9s M\u0171k\u00f6d\u00e9si Szab\u00e1lyzat r\u00e9sz\u00e9t k\u00e9pezi<\/a>)<\/p>\n","protected":false},"author":101117,"featured_media":0,"parent":362,"menu_order":0,"comment_status":"closed","ping_status":"closed","template":"","meta":{"_acf_changed":false,"footnotes":""},"categories":[],"tags":[],"class_list":["post-5306","page","type-page","status-publish","hentry"],"acf":[],"_links":{"self":[{"href":"https:\/\/semmelweis.hu\/jogigfoig\/wp-json\/wp\/v2\/pages\/5306","targetHints":{"allow":["GET"]}}],"collection":[{"href":"https:\/\/semmelweis.hu\/jogigfoig\/wp-json\/wp\/v2\/pages"}],"about":[{"href":"https:\/\/semmelweis.hu\/jogigfoig\/wp-json\/wp\/v2\/types\/page"}],"author":[{"embeddable":true,"href":"https:\/\/semmelweis.hu\/jogigfoig\/wp-json\/wp\/v2\/users\/101117"}],"replies":[{"embeddable":true,"href":"https:\/\/semmelweis.hu\/jogigfoig\/wp-json\/wp\/v2\/comments?post=5306"}],"version-history":[{"count":3,"href":"https:\/\/semmelweis.hu\/jogigfoig\/wp-json\/wp\/v2\/pages\/5306\/revisions"}],"predecessor-version":[{"id":81495,"href":"https:\/\/semmelweis.hu\/jogigfoig\/wp-json\/wp\/v2\/pages\/5306\/revisions\/81495"}],"up":[{"embeddable":true,"href":"https:\/\/semmelweis.hu\/jogigfoig\/wp-json\/wp\/v2\/pages\/362"}],"wp:attachment":[{"href":"https:\/\/semmelweis.hu\/jogigfoig\/wp-json\/wp\/v2\/media?parent=5306"}],"wp:term":[{"taxonomy":"category","embeddable":true,"href":"https:\/\/semmelweis.hu\/jogigfoig\/wp-json\/wp\/v2\/categories?post=5306"},{"taxonomy":"post_tag","embeddable":true,"href":"https:\/\/semmelweis.hu\/jogigfoig\/wp-json\/wp\/v2\/tags?post=5306"}],"curies":[{"name":"wp","href":"https:\/\/api.w.org\/{rel}","templated":true}]}}