{"id":5199,"date":"2016-09-30T14:25:17","date_gmt":"2016-09-30T12:25:17","guid":{"rendered":"http:\/\/semmelweis.hu\/jogigfoig\/?page_id=5199"},"modified":"2017-05-05T11:15:56","modified_gmt":"2017-05-05T09:15:56","slug":"mellekletek","status":"publish","type":"page","link":"https:\/\/semmelweis.hu\/jogigfoig\/testuletek\/szenatus\/2016-evi-szenatusi-hatarozatok\/2016-junius-29\/962016-vi-29-szamu-hatarozata-a-szenatus-altal-letrehozott-az-egyetem-egeszere-kiterjedo-hataskorrel-rendelkezo-allando-bizottsagok-ugyrendjerol-es-mellekletei\/mellekletek\/","title":{"rendered":"A 96\/2016. (VI.29.) sz\u00e1m\u00fa hat\u00e1rozathoz tartoz\u00f3 mell\u00e9kletek"},"content":{"rendered":"<ul>\n<li><a href=\"https:\/\/semmelweis.hu\/jogigfoig\/files\/2016\/09\/Alumni_Igazgatotanacs_ugyrendje.pdf\" target=\"_blank\" rel=\"noopener noreferrer\">Az Alumni Igazgat\u00f3tan\u00e1cs \u00fcgyrendje<\/a><\/li>\n<li><a href=\"https:\/\/semmelweis.hu\/jogigfoig\/files\/2016\/09\/Habiltacios_Bizottsag_ugyrendje_2016.pdf\">A Semmelweis Egyetem Habilt\u00e1ci\u00f3s Bizotts\u00e1g\u00e1nak \u00fcgyrendje<\/a><\/li>\n<li><a href=\"https:\/\/semmelweis.hu\/jogigfoig\/files\/2016\/09\/MMB_Ugyrend_VI_29.pdf\">Min\u0151s\u00e9gfejleszt\u00e9si \u00e9s Min\u0151s\u00e9g\u00e9rt\u00e9kel\u0151 Bizotts\u00e1g \u00dcgyrend<\/a><\/li>\n<li><a href=\"https:\/\/semmelweis.hu\/jogigfoig\/files\/2016\/09\/KK_Bizottsag_Ugyrend_VI_29.pdf\">Semmelweis Egyetem K\u00fcls\u0151 Kutat\u00e1si Munk\u00e1kat V\u00e9lem\u00e9nyez\u0151 Bizotts\u00e1g \u00dcgyrend<\/a><\/li>\n<li><a href=\"https:\/\/semmelweis.hu\/jogigfoig\/files\/2016\/09\/GYTBmukodesi_rend.pdf\" target=\"_blank\" rel=\"noopener noreferrer\">A Semmelweis Egyetem Gy\u00f3gyszerter\u00e1pi\u00e1s Bizotts\u00e1g m\u0171k\u00f6d\u00e9si rendje 2015-2017<\/a><\/li>\n<li><a href=\"https:\/\/semmelweis.hu\/jogigfoig\/files\/2016\/09\/FHUFB_ugyrend.pdf\" target=\"_blank\" rel=\"noopener noreferrer\">Fogyat\u00e9kos Hallgat\u00f3k \u00dcgyeivel Foglalkoz\u00f3 Bizotts\u00e1g \u00fcgyrend<\/a><\/li>\n<\/ul>\n","protected":false},"excerpt":{"rendered":"<p><a href=\"https:\/\/semmelweis.hu\/jogigfoig\/files\/2016\/09\/Alumni_Igazgatotanacs_ugyrendje.pdf\" target=\"_blank\" rel=\"noopener noreferrer\">Az Alumni Igazgat\u00f3tan\u00e1cs \u00fcgyrendje<\/a><br \/>\n<a href=\"https:\/\/semmelweis.hu\/jogigfoig\/files\/2016\/09\/Habiltacios_Bizottsag_ugyrendje_2016.pdf\">A Semmelweis Egyetem Habilt\u00e1ci\u00f3s Bizotts\u00e1g\u00e1nak \u00fcgyrendje<\/a><br \/>\n<a href=\"https:\/\/semmelweis.hu\/jogigfoig\/files\/2016\/09\/MMB_Ugyrend_VI_29.pdf\">Min\u0151s\u00e9gfejleszt\u00e9si \u00e9s Min\u0151s\u00e9g\u00e9rt\u00e9kel\u0151 Bizotts\u00e1g \u00dcgyrend<\/a><br \/>\n<a href=\"https:\/\/semmelweis.hu\/jogigfoig\/files\/2016\/09\/KK_Bizottsag_Ugyrend_VI_29.pdf\">Semmelweis Egyetem K\u00fcls\u0151 Kutat\u00e1si Munk\u00e1kat V\u00e9lem\u00e9nyez\u0151 Bizotts\u00e1g \u00dcgyrend<\/a><br \/>\n<a href=\"https:\/\/semmelweis.hu\/jogigfoig\/files\/2016\/09\/GYTBmukodesi_rend.pdf\" target=\"_blank\" rel=\"noopener noreferrer\">A Semmelweis Egyetem Gy\u00f3gyszerter\u00e1pi\u00e1s Bizotts\u00e1g m\u0171k\u00f6d\u00e9si rendje 2015-2017<\/a><br \/>\n<a href=\"https:\/\/semmelweis.hu\/jogigfoig\/files\/2016\/09\/FHUFB_ugyrend.pdf\" target=\"_blank\" rel=\"noopener noreferrer\">Fogyat\u00e9kos Hallgat\u00f3k \u00dcgyeivel Foglalkoz\u00f3 Bizotts\u00e1g \u00fcgyrend<\/a><\/p>\n","protected":false},"author":12,"featured_media":0,"parent":5356,"menu_order":0,"comment_status":"closed","ping_status":"closed","template":"","meta":{"_acf_changed":false,"footnotes":""},"categories":[1],"tags":[],"class_list":["post-5199","page","type-page","status-publish","hentry","category-egyeb"],"acf":[],"_links":{"self":[{"href":"https:\/\/semmelweis.hu\/jogigfoig\/wp-json\/wp\/v2\/pages\/5199","targetHints":{"allow":["GET"]}}],"collection":[{"href":"https:\/\/semmelweis.hu\/jogigfoig\/wp-json\/wp\/v2\/pages"}],"about":[{"href":"https:\/\/semmelweis.hu\/jogigfoig\/wp-json\/wp\/v2\/types\/page"}],"author":[{"embeddable":true,"href":"https:\/\/semmelweis.hu\/jogigfoig\/wp-json\/wp\/v2\/users\/12"}],"replies":[{"embeddable":true,"href":"https:\/\/semmelweis.hu\/jogigfoig\/wp-json\/wp\/v2\/comments?post=5199"}],"version-history":[{"count":9,"href":"https:\/\/semmelweis.hu\/jogigfoig\/wp-json\/wp\/v2\/pages\/5199\/revisions"}],"predecessor-version":[{"id":7931,"href":"https:\/\/semmelweis.hu\/jogigfoig\/wp-json\/wp\/v2\/pages\/5199\/revisions\/7931"}],"up":[{"embeddable":true,"href":"https:\/\/semmelweis.hu\/jogigfoig\/wp-json\/wp\/v2\/pages\/5356"}],"wp:attachment":[{"href":"https:\/\/semmelweis.hu\/jogigfoig\/wp-json\/wp\/v2\/media?parent=5199"}],"wp:term":[{"taxonomy":"category","embeddable":true,"href":"https:\/\/semmelweis.hu\/jogigfoig\/wp-json\/wp\/v2\/categories?post=5199"},{"taxonomy":"post_tag","embeddable":true,"href":"https:\/\/semmelweis.hu\/jogigfoig\/wp-json\/wp\/v2\/tags?post=5199"}],"curies":[{"name":"wp","href":"https:\/\/api.w.org\/{rel}","templated":true}]}}