{"id":5193,"date":"2016-09-30T14:12:53","date_gmt":"2016-09-30T12:12:53","guid":{"rendered":"http:\/\/semmelweis.hu\/jogigfoig\/?page_id=5193"},"modified":"2020-02-11T11:13:46","modified_gmt":"2020-02-11T10:13:46","slug":"2016-szeptember-29","status":"publish","type":"page","link":"https:\/\/semmelweis.hu\/jogigfoig\/testuletek\/szenatus\/2016-evi-szenatusi-hatarozatok\/2016-szeptember-29\/","title":{"rendered":"2016. szeptember 29."},"content":{"rendered":"<ul>\n<li style=\"text-align: justify\"><a href=\"https:\/\/semmelweis.hu\/jogigfoig\/files\/2016\/09\/106_sz_IX_29_2016_II_fv_munkaterv.pdf\" target=\"_blank\" rel=\"noopener noreferrer\">106\/2016. (IX.29.) sz\u00e1m\u00fa hat\u00e1rozata a Szen\u00e1tus 2016. \u00e9v II. f\u00e9l\u00e9vi (\u0151szi szemeszter) \u00fcl\u00e9s \u00e9s munkaterv\u00e9nek j\u00f3v\u00e1hagy\u00e1s\u00e1r\u00f3l<\/a><\/li>\n<li style=\"text-align: justify\"><a href=\"https:\/\/semmelweis.hu\/jogigfoig\/files\/2016\/09\/107_sz_IX_29_tajek_2016_I_fv_gazd_rol.pdf\" target=\"_blank\" rel=\"noopener noreferrer\">107\/2016. (IX.29.) sz\u00e1m\u00fa hat\u00e1rozata a &#8222;T\u00e1j\u00e9koztat\u00f3 a Semmelweis Egyetem 2016. \u00e9v 1-6. havi gazd\u00e1lkod\u00e1s\u00e1r\u00f3l&#8221; c\u00edm\u0171 el\u0151terjeszt\u00e9s megt\u00e1rgyal\u00e1s\u00e1r\u00f3l<\/a><\/li>\n<li style=\"text-align: justify\"><a href=\"https:\/\/semmelweis.hu\/jogigfoig\/files\/2016\/09\/108_sz_IX_29_SZMSZ_mod.pdf\" target=\"_blank\" rel=\"noopener noreferrer\">108.\/2016 (IX.29.) sz\u00e1m\u00fa hat\u00e1rozata a Szervezeti \u00e9s M\u0171k\u00f6d\u00e9si Szab\u00e1lyzat egyes rendelkez\u00e9seinek m\u00f3dos\u00edt\u00e1sair\u00f3l c\u00edm\u0171 el\u0151terjeszt\u00e9s elfogad\u00e1s\u00e1r\u00f3l<\/a><\/li>\n<li style=\"text-align: justify\"><a href=\"https:\/\/semmelweis.hu\/jogigfoig\/files\/2016\/09\/109_sz_IX_29_SZMSZ_SZMR_OMHV.pdf\" target=\"_blank\" rel=\"noopener noreferrer\">109\/2016. (IX.29.) sz\u00e1m\u00fa hat\u00e1rozata a Semmelweis Egyetem Szervezeti \u00e9s M\u0171k\u00f6d\u00e9si Szab\u00e1lyzat egyes rendelkez\u00e9seinek (SzMR) m\u00f3dos\u00edt\u00e1s\u00e1r\u00f3l, az oktat\u00f3i munka hallgat\u00f3i v\u00e9lem\u00e9nyez\u00e9si rendje c\u00edm\u0171 el\u0151terjeszt\u00e9s \u00e1tdolgoz\u00e1s\u00e1r\u00f3l<\/a><\/li>\n<li style=\"text-align: justify\"><a href=\"https:\/\/semmelweis.hu\/jogigfoig\/files\/2016\/10\/110_2016_IX_29_Doktori-szabalyzat.pdf\" target=\"_blank\" rel=\"noopener noreferrer\">110\/2016. (IX.29.) sz\u00e1m\u00fa hat\u00e1rozata a Doktori Szab\u00e1lyzat \u00e9s a 2016. szeptember 1. napj\u00e1t k\u00f6vet\u0151en megkezdett doktori k\u00e9pz\u00e9s \u00e9s fokozatszerz\u00e9si elj\u00e1r\u00e1s szab\u00e1lyai egyes rendelkez\u00e9seinek m\u00f3dos\u00edt\u00e1s\u00e1r\u00f3l sz\u00f3l\u00f3 el\u0151terjeszt\u00e9s elfogad\u00e1s\u00e1r\u00f3l<\/a><\/li>\n<li style=\"text-align: justify\"><a href=\"https:\/\/semmelweis.hu\/jogigfoig\/files\/2016\/09\/111_sz_IX_29_2017_evi_miniszteri_hat_mod.pdf\" target=\"_blank\" rel=\"noopener noreferrer\">111\/2016. (VI.29.) sz\u00e1m\u00fa hat\u00e1rozat az 55\/2016. (V.25.) sz\u00e1m\u00fa, a 2017. \u00e9vi miniszteri kit\u00fcntet\u00e9sre t\u00f6rt\u00e9n\u0151 felterjeszt\u00e9sr\u0151l sz\u00f3l\u00f3 szen\u00e1tusi hat\u00e1rozat m\u00f3dos\u00edt\u00e1s\u00e1r\u00f3l<\/a><\/li>\n<li style=\"text-align: justify\"><a href=\"https:\/\/semmelweis.hu\/jogigfoig\/dokumentumtar\/szenatusi-hatarozatok\/2016-evi-szenatusi-hatarozatok\/2016-szeptember-29\/mellekletek-2\/1122016-ix-29-szamu-hatarozat-es-annak-mellekletei\/\" target=\"_blank\" rel=\"noopener noreferrer\">112\/2016. (IX.29.) sz\u00e1m\u00fa hat\u00e1rozata\u00a0a Szen\u00e1tus \u00e1ltal l\u00e9trehozott, a Karon m\u0171k\u00f6d\u0151 \u00e1lland\u00f3 bizotts\u00e1gok \u00fcgyrendj\u00e9nek j\u00f3v\u00e1hagy\u00e1s\u00e1r\u00f3l\u00a0\u00e9s mell\u00e9kletei<\/a><\/li>\n<li style=\"text-align: justify\"><a href=\"https:\/\/semmelweis.hu\/jogigfoig\/files\/2016\/09\/113_sz_IX_29_apolas_betegellatas_hang_beszed_nyeles_szakirany.pdf\" target=\"_blank\" rel=\"noopener noreferrer\">113\/2016. (IX.29.) sz\u00e1m\u00fa hat\u00e1rozata az \u00c1pol\u00e1s \u00e9s betegell\u00e1t\u00e1s alapszak hang-, besz\u00e9d- \u00e9s nyel\u00e9sterapeuta szakir\u00e1ny ind\u00edt\u00e1sa c\u00edm\u0171 el\u0151terjeszt\u00e9s elfogad\u00e1s\u00e1r\u00f3l<\/a><\/li>\n<\/ul>\n","protected":false},"excerpt":{"rendered":"<p><a href=\"https:\/\/semmelweis.hu\/jogigfoig\/files\/2016\/09\/106_sz_IX_29_2016_II_fv_munkaterv.pdf\" target=\"_blank\" rel=\"noopener noreferrer\">106\/2016. (IX.29.) sz\u00e1m\u00fa hat\u00e1rozata a Szen\u00e1tus 2016. \u00e9v II. f\u00e9l\u00e9vi (\u0151szi szemeszter) \u00fcl\u00e9s \u00e9s munkaterv\u00e9nek j\u00f3v\u00e1hagy\u00e1s\u00e1r\u00f3l<\/a><br \/>\n<a href=\"https:\/\/semmelweis.hu\/jogigfoig\/files\/2016\/09\/107_sz_IX_29_tajek_2016_I_fv_gazd_rol.pdf\" target=\"_blank\" rel=\"noopener noreferrer\">107\/2016. (IX.29.) sz\u00e1m\u00fa hat\u00e1rozata a &#8222;T\u00e1j\u00e9koztat\u00f3 a Semmelweis Egyetem 2016. \u00e9v 1-6. havi gazd\u00e1lkod\u00e1s\u00e1r\u00f3l&#8221; c\u00edm\u0171 el\u0151terjeszt\u00e9s megt\u00e1rgyal\u00e1s\u00e1r\u00f3l<\/a><br \/>\n<a href=\"https:\/\/semmelweis.hu\/jogigfoig\/files\/2016\/09\/108_sz_IX_29_SZMSZ_mod.pdf\" target=\"_blank\" rel=\"noopener noreferrer\">108.\/2016 (IX.29.) sz\u00e1m\u00fa hat\u00e1rozata a Szervezeti \u00e9s M\u0171k\u00f6d\u00e9si Szab\u00e1lyzat egyes rendelkez\u00e9seinek m\u00f3dos\u00edt\u00e1sair\u00f3l c\u00edm\u0171 el\u0151terjeszt\u00e9s elfogad\u00e1s\u00e1r\u00f3l<\/a><br \/>\n<a href=\"https:\/\/semmelweis.hu\/jogigfoig\/files\/2016\/09\/109_sz_IX_29_SZMSZ_SZMR_OMHV.pdf\" target=\"_blank\" rel=\"noopener noreferrer\">109\/2016. (IX.29.) sz\u00e1m\u00fa hat\u00e1rozata a Semmelweis Egyetem Szervezeti \u00e9s M\u0171k\u00f6d\u00e9si Szab\u00e1lyzat egyes rendelkez\u00e9seinek (SzMR) m\u00f3dos\u00edt\u00e1s\u00e1r\u00f3l, az oktat\u00f3i munka hallgat\u00f3i v\u00e9lem\u00e9nyez\u00e9si rendje c\u00edm\u0171 el\u0151terjeszt\u00e9s \u00e1tdolgoz\u00e1s\u00e1r\u00f3l<\/a><br \/>\n<a href=\"https:\/\/semmelweis.hu\/jogigfoig\/files\/2016\/10\/110_2016_IX_29_Doktori-szabalyzat.pdf\" target=\"_blank\" rel=\"noopener noreferrer\">110\/2016. (IX.29.) sz\u00e1m\u00fa hat\u00e1rozata a Doktori Szab\u00e1lyzat \u00e9s a 2016. szeptember 1. napj\u00e1t k\u00f6vet\u0151en megkezdett doktori k\u00e9pz\u00e9s \u00e9s fokozatszerz\u00e9si elj\u00e1r\u00e1s szab\u00e1lyai egyes rendelkez\u00e9seinek m\u00f3dos\u00edt\u00e1s\u00e1r\u00f3l sz\u00f3l\u00f3 el\u0151terjeszt\u00e9s elfogad\u00e1s\u00e1r\u00f3l<\/a><br \/>\n<a href=\"https:\/\/semmelweis.hu\/jogigfoig\/files\/2016\/09\/111_sz_IX_29_2017_evi_miniszteri_hat_mod.pdf\" target=\"_blank\" rel=\"noopener noreferrer\">111\/2016. (VI.29.) sz\u00e1m\u00fa hat\u00e1rozat az 55\/2016. (V.25.) sz\u00e1m\u00fa, a 2017. \u00e9vi miniszteri kit\u00fcntet\u00e9sre t\u00f6rt\u00e9n\u0151 felterjeszt\u00e9sr\u0151l sz\u00f3l\u00f3 szen\u00e1tusi hat\u00e1rozat m\u00f3dos\u00edt\u00e1s\u00e1r\u00f3l<\/a><br \/>\n<a href=\"https:\/\/semmelweis.hu\/jogigfoig\/dokumentumtar\/szenatusi-hatarozatok\/2016-evi-szenatusi-hatarozatok\/2016-szeptember-29\/mellekletek-2\/1122016-ix-29-szamu-hatarozat-es-annak-mellekletei\/\" target=\"_blank\" rel=\"noopener noreferrer\">112\/2016. (IX.29.) sz\u00e1m\u00fa hat\u00e1rozata\u00a0a Szen\u00e1tus \u00e1ltal l\u00e9trehozott, a Karon m\u0171k\u00f6d\u0151 \u00e1lland\u00f3 bizotts\u00e1gok \u00fcgyrendj\u00e9nek j\u00f3v\u00e1hagy\u00e1s\u00e1r\u00f3l\u00a0\u00e9s mell\u00e9kletei<\/a><br \/>\n<a href=\"https:\/\/semmelweis.hu\/jogigfoig\/files\/2016\/09\/113_sz_IX_29_apolas_betegellatas_hang_beszed_nyeles_szakirany.pdf\" target=\"_blank\" rel=\"noopener noreferrer\">113\/2016. (IX.29.) sz\u00e1m\u00fa hat\u00e1rozata az \u00c1pol\u00e1s \u00e9s betegell\u00e1t\u00e1s alapszak hang-, besz\u00e9d- \u00e9s nyel\u00e9sterapeuta szakir\u00e1ny ind\u00edt\u00e1sa c\u00edm\u0171 el\u0151terjeszt\u00e9s elfogad\u00e1s\u00e1r\u00f3l<\/a><\/p>\n","protected":false},"author":12,"featured_media":0,"parent":7792,"menu_order":12,"comment_status":"closed","ping_status":"closed","template":"","meta":{"_acf_changed":false,"footnotes":""},"categories":[1],"tags":[],"class_list":["post-5193","page","type-page","status-publish","hentry","category-egyeb"],"acf":[],"_links":{"self":[{"href":"https:\/\/semmelweis.hu\/jogigfoig\/wp-json\/wp\/v2\/pages\/5193","targetHints":{"allow":["GET"]}}],"collection":[{"href":"https:\/\/semmelweis.hu\/jogigfoig\/wp-json\/wp\/v2\/pages"}],"about":[{"href":"https:\/\/semmelweis.hu\/jogigfoig\/wp-json\/wp\/v2\/types\/page"}],"author":[{"embeddable":true,"href":"https:\/\/semmelweis.hu\/jogigfoig\/wp-json\/wp\/v2\/users\/12"}],"replies":[{"embeddable":true,"href":"https:\/\/semmelweis.hu\/jogigfoig\/wp-json\/wp\/v2\/comments?post=5193"}],"version-history":[{"count":10,"href":"https:\/\/semmelweis.hu\/jogigfoig\/wp-json\/wp\/v2\/pages\/5193\/revisions"}],"predecessor-version":[{"id":7943,"href":"https:\/\/semmelweis.hu\/jogigfoig\/wp-json\/wp\/v2\/pages\/5193\/revisions\/7943"}],"up":[{"embeddable":true,"href":"https:\/\/semmelweis.hu\/jogigfoig\/wp-json\/wp\/v2\/pages\/7792"}],"wp:attachment":[{"href":"https:\/\/semmelweis.hu\/jogigfoig\/wp-json\/wp\/v2\/media?parent=5193"}],"wp:term":[{"taxonomy":"category","embeddable":true,"href":"https:\/\/semmelweis.hu\/jogigfoig\/wp-json\/wp\/v2\/categories?post=5193"},{"taxonomy":"post_tag","embeddable":true,"href":"https:\/\/semmelweis.hu\/jogigfoig\/wp-json\/wp\/v2\/tags?post=5193"}],"curies":[{"name":"wp","href":"https:\/\/api.w.org\/{rel}","templated":true}]}}