{"id":5149,"date":"2016-09-30T12:06:23","date_gmt":"2016-09-30T10:06:23","guid":{"rendered":"http:\/\/semmelweis.hu\/jogigfoig\/?page_id=5149"},"modified":"2018-03-28T15:26:00","modified_gmt":"2018-03-28T13:26:00","slug":"2016-augusztus-22","status":"publish","type":"page","link":"https:\/\/semmelweis.hu\/jogigfoig\/testuletek\/konzisztorium\/2016-augusztus-22\/","title":{"rendered":"2016. augusztus 22."},"content":{"rendered":"<ul>\n<li><a href=\"https:\/\/semmelweis.hu\/jogigfoig\/files\/2016\/09\/12.sz_._VIII.22._napirend-elfog.pdf\">12\/2016 (VIII.22.) sz. hat. napirend elfogad\u00e1s\u00e1r\u00f3l<\/a><\/li>\n<li><a href=\"https:\/\/semmelweis.hu\/jogigfoig\/files\/2016\/09\/13.sz_._VIII.22._k\u00f6z\u00f6s-int\u00e9zm\u00e9nyi-gazd.t\u00e1rs.-alap.-Szeged.pdf\">13\/2016 ((VIII.22.) sz. hat. a K\u00f6z\u00f6s int\u00e9zm\u00e9nyi gazdas\u00e1gi t\u00e1rsas\u00e1g alap\u00edt\u00e1sa a Szegedi Tudom\u00e1nyegyetemmel k\u00fclf\u00f6ldi hallgat\u00f3k toborz\u00e1s\u00e1nak v\u00e9gz\u00e9s\u00e9r\u0151l sz\u00f3l\u00f3 el\u0151terjeszt\u00e9s elfogad\u00e1s\u00e1r\u00f3l<\/a><\/li>\n<\/ul>\n","protected":false},"excerpt":{"rendered":"<p><a href=\"https:\/\/semmelweis.hu\/jogigfoig\/files\/2016\/09\/12.sz_._VIII.22._napirend-elfog.pdf\">12\/2016 (VIII.22.) sz. hat. napirend elfogad\u00e1s\u00e1r\u00f3l<\/a><br \/>\n<a href=\"https:\/\/semmelweis.hu\/jogigfoig\/files\/2016\/09\/13.sz_._VIII.22._k\u00f6z\u00f6s-int\u00e9zm\u00e9nyi-gazd.t\u00e1rs.-alap.-Szeged.pdf\">13\/2016 ((VIII.22.) sz. hat. a K\u00f6z\u00f6s int\u00e9zm\u00e9nyi gazdas\u00e1gi t\u00e1rsas\u00e1g alap\u00edt\u00e1sa a Szegedi Tudom\u00e1nyegyetemmel k\u00fclf\u00f6ldi hallgat\u00f3k toborz\u00e1s\u00e1nak v\u00e9gz\u00e9s\u00e9r\u0151l sz\u00f3l\u00f3 el\u0151terjeszt\u00e9s elfogad\u00e1s\u00e1r\u00f3l<\/a><\/p>\n","protected":false},"author":101095,"featured_media":0,"parent":4612,"menu_order":18,"comment_status":"closed","ping_status":"closed","template":"","meta":{"_acf_changed":false,"footnotes":""},"categories":[],"tags":[],"class_list":["post-5149","page","type-page","status-publish","hentry"],"acf":[],"_links":{"self":[{"href":"https:\/\/semmelweis.hu\/jogigfoig\/wp-json\/wp\/v2\/pages\/5149","targetHints":{"allow":["GET"]}}],"collection":[{"href":"https:\/\/semmelweis.hu\/jogigfoig\/wp-json\/wp\/v2\/pages"}],"about":[{"href":"https:\/\/semmelweis.hu\/jogigfoig\/wp-json\/wp\/v2\/types\/page"}],"author":[{"embeddable":true,"href":"https:\/\/semmelweis.hu\/jogigfoig\/wp-json\/wp\/v2\/users\/101095"}],"replies":[{"embeddable":true,"href":"https:\/\/semmelweis.hu\/jogigfoig\/wp-json\/wp\/v2\/comments?post=5149"}],"version-history":[{"count":2,"href":"https:\/\/semmelweis.hu\/jogigfoig\/wp-json\/wp\/v2\/pages\/5149\/revisions"}],"predecessor-version":[{"id":5159,"href":"https:\/\/semmelweis.hu\/jogigfoig\/wp-json\/wp\/v2\/pages\/5149\/revisions\/5159"}],"up":[{"embeddable":true,"href":"https:\/\/semmelweis.hu\/jogigfoig\/wp-json\/wp\/v2\/pages\/4612"}],"wp:attachment":[{"href":"https:\/\/semmelweis.hu\/jogigfoig\/wp-json\/wp\/v2\/media?parent=5149"}],"wp:term":[{"taxonomy":"category","embeddable":true,"href":"https:\/\/semmelweis.hu\/jogigfoig\/wp-json\/wp\/v2\/categories?post=5149"},{"taxonomy":"post_tag","embeddable":true,"href":"https:\/\/semmelweis.hu\/jogigfoig\/wp-json\/wp\/v2\/tags?post=5149"}],"curies":[{"name":"wp","href":"https:\/\/api.w.org\/{rel}","templated":true}]}}