{"id":5143,"date":"2016-09-30T11:45:42","date_gmt":"2016-09-30T09:45:42","guid":{"rendered":"http:\/\/semmelweis.hu\/jogigfoig\/?page_id=5143"},"modified":"2018-03-28T15:25:45","modified_gmt":"2018-03-28T13:25:45","slug":"2016-junius-14","status":"publish","type":"page","link":"https:\/\/semmelweis.hu\/jogigfoig\/testuletek\/konzisztorium\/2016-junius-14\/","title":{"rendered":"2016. J\u00fanius 14."},"content":{"rendered":"<ul style=\"list-style-type: disc\">\n<li><a href=\"https:\/\/semmelweis.hu\/jogigfoig\/files\/2016\/09\/9.sz_._VI.14._napirend-elfog.pdf\">9\/2016 (VI. 14.) sz. hat. a napirend elfogad\u00e1s\u00e1r\u00f3l<\/a><\/li>\n<li><a href=\"https:\/\/semmelweis.hu\/jogigfoig\/files\/2016\/09\/10.sz_._VI.14._2016.-\u00e9vi-vezet\u0151i-k\u00f6ltsgv.-kieg.2.pdf\">10\/2016 (VI. 14.) sz. hat. a 2016. \u00e9vi vezet\u0151i k\u00f6lts\u00e9gvet\u00e9s kieg\u00e9sz\u00edt\u00e9se -2 c\u00edm\u0171 el\u0151terjeszt\u00e9s elfogad\u00e1s\u00e1r\u00f3l<\/a><\/li>\n<li><a href=\"https:\/\/semmelweis.hu\/jogigfoig\/files\/2016\/09\/11.sz_._VI.14._HU_MOLMEDEX-Teaming.pdf\">11\/2016 (VI.14.) sz. hat. a Semmelweis Egyetem HU-MOLMEDEX Teaming projektben val\u00f3 r\u00e9szv\u00e9tel\u00e9nek t\u00e1mogat\u00e1s\u00e1r\u00f3l sz\u00f3l\u00f3 el\u0151terjeszt\u00e9s elfogad\u00e1s\u00e1r\u00f3l<\/a><\/li>\n<\/ul>\n","protected":false},"excerpt":{"rendered":"<p><a href=\"https:\/\/semmelweis.hu\/jogigfoig\/files\/2016\/09\/9.sz_._VI.14._napirend-elfog.pdf\">9\/2016 (VI. 14.) sz. hat. a napirend elfogad\u00e1s\u00e1r\u00f3l<\/a><br \/>\n<a href=\"https:\/\/semmelweis.hu\/jogigfoig\/files\/2016\/09\/10.sz_._VI.14._2016.-\u00e9vi-vezet\u0151i-k\u00f6ltsgv.-kieg.2.pdf\">10\/2016 (VI. 14.) sz. hat. a 2016. \u00e9vi vezet\u0151i k\u00f6lts\u00e9gvet\u00e9s kieg\u00e9sz\u00edt\u00e9se -2 c\u00edm\u0171 el\u0151terjeszt\u00e9s elfogad\u00e1s\u00e1r\u00f3l<\/a><br \/>\n<a href=\"https:\/\/semmelweis.hu\/jogigfoig\/files\/2016\/09\/11.sz_._VI.14._HU_MOLMEDEX-Teaming.pdf\">11\/2016 (VI.14.) sz. hat. a Semmelweis Egyetem HU-MOLMEDEX Teaming projektben val\u00f3 r\u00e9szv\u00e9tel\u00e9nek t\u00e1mogat\u00e1s\u00e1r\u00f3l sz\u00f3l\u00f3 el\u0151terjeszt\u00e9s elfogad\u00e1s\u00e1r\u00f3l<\/a><\/p>\n","protected":false},"author":101095,"featured_media":0,"parent":4612,"menu_order":19,"comment_status":"closed","ping_status":"closed","template":"","meta":{"_acf_changed":false,"footnotes":""},"categories":[],"tags":[],"class_list":["post-5143","page","type-page","status-publish","hentry"],"acf":[],"_links":{"self":[{"href":"https:\/\/semmelweis.hu\/jogigfoig\/wp-json\/wp\/v2\/pages\/5143","targetHints":{"allow":["GET"]}}],"collection":[{"href":"https:\/\/semmelweis.hu\/jogigfoig\/wp-json\/wp\/v2\/pages"}],"about":[{"href":"https:\/\/semmelweis.hu\/jogigfoig\/wp-json\/wp\/v2\/types\/page"}],"author":[{"embeddable":true,"href":"https:\/\/semmelweis.hu\/jogigfoig\/wp-json\/wp\/v2\/users\/101095"}],"replies":[{"embeddable":true,"href":"https:\/\/semmelweis.hu\/jogigfoig\/wp-json\/wp\/v2\/comments?post=5143"}],"version-history":[{"count":3,"href":"https:\/\/semmelweis.hu\/jogigfoig\/wp-json\/wp\/v2\/pages\/5143\/revisions"}],"predecessor-version":[{"id":5156,"href":"https:\/\/semmelweis.hu\/jogigfoig\/wp-json\/wp\/v2\/pages\/5143\/revisions\/5156"}],"up":[{"embeddable":true,"href":"https:\/\/semmelweis.hu\/jogigfoig\/wp-json\/wp\/v2\/pages\/4612"}],"wp:attachment":[{"href":"https:\/\/semmelweis.hu\/jogigfoig\/wp-json\/wp\/v2\/media?parent=5143"}],"wp:term":[{"taxonomy":"category","embeddable":true,"href":"https:\/\/semmelweis.hu\/jogigfoig\/wp-json\/wp\/v2\/categories?post=5143"},{"taxonomy":"post_tag","embeddable":true,"href":"https:\/\/semmelweis.hu\/jogigfoig\/wp-json\/wp\/v2\/tags?post=5143"}],"curies":[{"name":"wp","href":"https:\/\/api.w.org\/{rel}","templated":true}]}}