{"id":514,"date":"2012-06-05T09:08:30","date_gmt":"2012-06-05T09:08:30","guid":{"rendered":"http:\/\/semmelweis-egyetem.hu\/rektori-hivatal\/?page_id=514"},"modified":"2020-02-13T09:45:02","modified_gmt":"2020-02-13T08:45:02","slug":"2012-aprilis-26","status":"publish","type":"page","link":"https:\/\/semmelweis.hu\/jogigfoig\/testuletek\/szenatus\/2012-evi-szenatusi-hatarozatok\/2012-aprilis-26\/","title":{"rendered":"2012. \u00e1prilis 26."},"content":{"rendered":"<ul>\n<li style=\"list-style-type: none\">\n<ul>\n<li style=\"text-align: justify\"><a href=\"https:\/\/semmelweis.hu\/rektori-hivatal\/files\/2012\/06\/42.-sz.-IV-.26._Informatikai-\u00dczemeltet\u00e9si-Szab\u00e1lyzat-m\u00f3dos\u00edt\u00e1sa.pdf\">42\/2012. (IV.26.) sz. hat a Semmelweis Egyetem Informatikai \u00dczemeltet\u00e9si Szab\u00e1lyzat\u00e1nak m\u00f3dos\u00edt\u00e1s\u00e1r\u00f3l<\/a><\/li>\n<li style=\"text-align: justify\"><span style=\"color: #000000\"><span style=\"font-family: Times New Roman\"><a href=\"https:\/\/semmelweis.hu\/rektori-hivatal\/files\/2012\/06\/43.-sz.-IV-.26._Inform\u00e1ci\u00f3biztons\u00e1gi-Politika-\u00e9s-Strat\u00e9gia-m\u00f3dos\u00edt\u00e1sa.pdf\">43\/2012. (IV. 26.) sz\u00e1m\u00fa hat. a Semmelweis Egyetem Inform\u00e1ci\u00f3biztons\u00e1gi Politika \u00e9s Strat\u00e9gia m\u00f3dos\u00edt\u00e1s\u00e1r\u00f3l<\/a><\/span><\/span><\/li>\n<li style=\"text-align: justify\"><span style=\"color: #000000\"><span style=\"font-family: Times New Roman\"><a href=\"https:\/\/semmelweis.hu\/rektori-hivatal\/files\/2012\/06\/44.-sz.-IV-.26._Genomikai-Medicina-\u00e9s-Ritka-Betegs\u00e9gek-Int\u00e9zete-l\u00e9trehoz\u00e1s\u00e1ra.pdf\">44\/2012. (IV. 26.) sz\u00e1m\u00fa hat. a Genomikai Medicina \u00e9s Ritka Betegs\u00e9gek Int\u00e9zete l\u00e9trehoz\u00e1s\u00e1r\u00f3l<\/a><\/span><\/span><\/li>\n<li style=\"text-align: justify\"><span style=\"color: #000000\"><span style=\"font-family: Times New Roman\"><span style=\"font-family: Times New Roman\"><a href=\"https:\/\/semmelweis.hu\/rektori-hivatal\/files\/2012\/06\/45.-sz.-IV-.26._F\u0151iskolai-tan\u00e1ri-\u00e1ll\u00e1sp\u00e1ly\u00e1zatok.pdf\">45\/2012. (IV. 26.) sz\u00e1m\u00fa hat. a 2012. \u00e9vben meghirdetett f\u0151iskolai tan\u00e1ri \u00e1ll\u00e1shirdet\u00e9sre be\u00e9rkezett p\u00e1ly\u00e1zatok v\u00e9lem\u00e9nyez\u00e9s\u00e9r\u0151l<\/a><\/span><\/span><\/span><\/li>\n<li style=\"text-align: justify\"><a href=\"https:\/\/semmelweis.hu\/rektori-hivatal\/files\/2012\/06\/46.-sz.-IV-.26._ETK-vezet\u0151i-megb\u00edz\u00e1s-meghosszabb\u00edt\u00e1sa.pdf\">46\/2012. (IV. 26.) sz\u00e1m\u00fa hat. az Eg\u00e9szs\u00e9gtudom\u00e1nyi Kar Dietetikai \u00e9s T\u00e1pl\u00e1lkoz\u00e1studom\u00e1nyi Tansz\u00e9k\u00e9nek 2012. \u00e9vben lej\u00e1r\u00f3, hosszabb\u00edthat\u00f3 vezet\u0151i megb\u00edz\u00e1s\u00e1r\u00f3l<\/a><\/li>\n<li style=\"text-align: justify\"><a href=\"https:\/\/semmelweis.hu\/jogigfoig\/files\/2012\/06\/47_sz_IV_26_FOK_vezetoi_megbizasok.pdf\" target=\"_blank\" rel=\"noopener noreferrer\">47\/2012. (IV.26.) sz\u00e1m\u00fa hat\u00e1rozata a Fogorvostudom\u00e1nyi Karon 2012. \u00e9vre meghirdetett vezet\u0151i megb\u00edz\u00e1sokra be\u00e9rkezett p\u00e1ly\u00e1zatok v\u00e9lem\u00e9nyez\u00e9s\u00e9r\u0151l<\/a><\/li>\n<li style=\"text-align: justify\"><a href=\"https:\/\/semmelweis.hu\/rektori-hivatal\/files\/2012\/06\/48.-sz.-IV-.26._Kiv\u00e1l\u00f3-Oktat\u00f3-c\u00edm-adom\u00e1nyoz\u00e1sa-.pdf\">48\/2012. (IV. 26.) sz\u00e1m\u00fa hat. a 2012. \u00e9vi Semmelweis Egyetem Kiv\u00e1l\u00f3 Oktat\u00f3ja c\u00edm adom\u00e1nyoz\u00e1s\u00e1r\u00f3l<\/a><\/li>\n<li style=\"text-align: justify\"><a href=\"https:\/\/semmelweis.hu\/rektori-hivatal\/files\/2012\/06\/49.-sz.-IV-.26._Professor-Emeritus-c\u00edm-adom\u00e1nyoz\u00e1sa-.pdf\">49\/2012. (IV. 26.) sz\u00e1m\u00fa hat. a 2012. \u00e9vi \u201eProfessor Emeritus\u201d c\u00edm oda\u00edt\u00e9l\u00e9s\u00e9re<\/a><\/li>\n<li style=\"text-align: justify\"><a href=\"https:\/\/semmelweis.hu\/rektori-hivatal\/files\/2012\/06\/50.-sz.-IV-.26._Pro-Universitate-d\u00edj-adom\u00e1nyoz\u00e1sa-.pdf\">50\/2012. (IV. 26.) sz\u00e1m\u00fa hat. a Pro Universitate-d\u00edj adom\u00e1nyoz\u00e1s\u00e1r\u00f3l<\/a><\/li>\n<li style=\"text-align: justify\"><a href=\"https:\/\/semmelweis.hu\/rektori-hivatal\/files\/2012\/06\/51.-sz.-IV-.26._GYTK-bizotts\u00e1gok-.pdf\">51\/2012. (IV. 26.) sz\u00e1m\u00fa hat. a Gy\u00f3gyszer\u00e9sztudom\u00e1nyi Karon m\u0171k\u00f6d\u0151 Szen\u00e1tus \u00e1ltal l\u00e9trehozand\u00f3 \u00c1lland\u00f3 Bizotts\u00e1gok szem\u00e9lyi \u00f6sszet\u00e9tel\u00e9nek m\u00f3dos\u00edt\u00e1s\u00e1r\u00f3l<\/a><\/li>\n<li style=\"text-align: justify\"><a href=\"https:\/\/semmelweis.hu\/rektori-hivatal\/files\/2012\/06\/52.-sz.-IV-.26._ETK-Interkultur\u00e1lis-\u00e1pol\u00e1s-.pdf\">52\/2012. (IV. 26.) sz\u00e1m\u00fa hat. az Interkultur\u00e1lis \u00e1pol\u00e1s (angol nyelv\u0171) szakir\u00e1ny\u00fa tov\u00e1bbk\u00e9pz\u00e9s l\u00e9tes\u00edt\u00e9s\u00e9r\u0151l \u00e9s ind\u00edt\u00e1s\u00e1r\u00f3l az Eg\u00e9szs\u00e9gtudom\u00e1nyi Karon<\/a><\/li>\n<li style=\"text-align: justify\"><a href=\"https:\/\/semmelweis.hu\/rektori-hivatal\/files\/2012\/06\/53.-sz.-IV-.26._K\u00f6z\u00e9rdek\u0171-adatok-k\u00f6zz\u00e9t\u00e9tel\u00e9nek-rendj\u00e9r\u0151l-.pdf\">53\/2012. (IV. 26.) sz\u00e1m\u00fa hat. \u201eA k\u00f6z\u00e9rdek\u0171 adatok k\u00f6zz\u00e9t\u00e9tel\u00e9nek rendj\u00e9r\u0151l a Semmelweis Egyetemen\u201d c\u00edm\u0171 szab\u00e1lyzatr\u00f3l<\/a><\/li>\n<li style=\"text-align: justify\"><a href=\"https:\/\/semmelweis.hu\/rektori-hivatal\/files\/2012\/06\/54.-sz.-IV-.26._K\u00f6z\u00e9rdek\u0171-adatmegismer\u00e9si-ig\u00e9nyek-int\u00e9z\u00e9s\u00e9nek-rendj\u00e9r\u0151l-.pdf\">54\/2012. (IV. 26.) sz\u00e1m\u00fa hat. \u201eA k\u00f6z\u00e9rdek\u0171 adatmegismer\u00e9si ig\u00e9nyek int\u00e9z\u00e9s\u00e9nek rendj\u00e9r\u0151l a Semmelweis Egyetemen\u201d c\u00edm\u0171 szab\u00e1lyzatr\u00f3l<\/a><\/li>\n<li style=\"text-align: justify\"><a href=\"https:\/\/semmelweis.hu\/jogigfoig\/files\/2012\/06\/55_sz_IV_26_Tajekoztatas_a_DHC_visszavonasarol.pdf\" target=\"_blank\" rel=\"noopener noreferrer\">55\/2012. (IV.26.) sz\u00e1m\u00fa hat\u00e1rozata a &#8222;Doctor Honoris Causa&#8221; c\u00edm visszavon\u00e1s\u00e1r\u00f3l<\/a><\/li>\n<li style=\"text-align: justify\"><a href=\"https:\/\/semmelweis.hu\/rektori-hivatal\/files\/2012\/06\/N-IV.26_Napirend-elfogad\u00e1sa.pdf\">N-IV. 26\/2012. sz\u00e1m\u00fa hat. a szen\u00e1tusi \u00fcl\u00e9s napirendi pontjainak elfogad\u00e1s\u00e1r\u00f3l<\/a><\/li>\n<\/ul>\n<\/li>\n<\/ul>\n<p>&nbsp;<\/p>\n","protected":false},"excerpt":{"rendered":"<p><a href=\"https:\/\/semmelweis.hu\/rektori-hivatal\/files\/2012\/06\/42.-sz.-IV-.26._Informatikai-\u00dczemeltet\u00e9si-Szab\u00e1lyzat-m\u00f3dos\u00edt\u00e1sa.pdf\">42\/2012. (IV.26.) sz. hat a Semmelweis Egyetem Informatikai \u00dczemeltet\u00e9si Szab\u00e1lyzat\u00e1nak m\u00f3dos\u00edt\u00e1s\u00e1r\u00f3l<\/a><br \/>\n<a href=\"https:\/\/semmelweis.hu\/rektori-hivatal\/files\/2012\/06\/43.-sz.-IV-.26._Inform\u00e1ci\u00f3biztons\u00e1gi-Politika-\u00e9s-Strat\u00e9gia-m\u00f3dos\u00edt\u00e1sa.pdf\">43\/2012. (IV. 26.) sz\u00e1m\u00fa hat. a Semmelweis Egyetem Inform\u00e1ci\u00f3biztons\u00e1gi Politika \u00e9s Strat\u00e9gia m\u00f3dos\u00edt\u00e1s\u00e1r\u00f3l<\/a><br \/>\n<a href=\"https:\/\/semmelweis.hu\/rektori-hivatal\/files\/2012\/06\/44.-sz.-IV-.26._Genomikai-Medicina-\u00e9s-Ritka-Betegs\u00e9gek-Int\u00e9zete-l\u00e9trehoz\u00e1s\u00e1ra.pdf\">44\/2012. (IV. 26.) sz\u00e1m\u00fa hat. a Genomikai Medicina \u00e9s Ritka Betegs\u00e9gek Int\u00e9zete l\u00e9trehoz\u00e1s\u00e1r\u00f3l<\/a><br \/>\n<a href=\"https:\/\/semmelweis.hu\/rektori-hivatal\/files\/2012\/06\/45.-sz.-IV-.26._F\u0151iskolai-tan\u00e1ri-\u00e1ll\u00e1sp\u00e1ly\u00e1zatok.pdf\">45\/2012. (IV. 26.) sz\u00e1m\u00fa hat. a 2012. \u00e9vben meghirdetett f\u0151iskolai tan\u00e1ri \u00e1ll\u00e1shirdet\u00e9sre be\u00e9rkezett p\u00e1ly\u00e1zatok v\u00e9lem\u00e9nyez\u00e9s\u00e9r\u0151l<\/a><br \/>\n<a href=\"https:\/\/semmelweis.hu\/rektori-hivatal\/files\/2012\/06\/46.-sz.-IV-.26._ETK-vezet\u0151i-megb\u00edz\u00e1s-meghosszabb\u00edt\u00e1sa.pdf\">46\/2012. (IV. 26.) sz\u00e1m\u00fa hat. az Eg\u00e9szs\u00e9gtudom\u00e1nyi Kar Dietetikai \u00e9s T\u00e1pl\u00e1lkoz\u00e1studom\u00e1nyi Tansz\u00e9k\u00e9nek 2012. \u00e9vben lej\u00e1r\u00f3, hosszabb\u00edthat\u00f3 vezet\u0151i megb\u00edz\u00e1s\u00e1r\u00f3l<\/a><br \/>\n<a href=\"https:\/\/semmelweis.hu\/jogigfoig\/files\/2012\/06\/47_sz_IV_26_FOK_vezetoi_megbizasok.pdf\" target=\"_blank\" rel=\"noopener noreferrer\">47\/2012. (IV.26.) sz\u00e1m\u00fa hat\u00e1rozata a Fogorvostudom\u00e1nyi Karon 2012. \u00e9vre meghirdetett vezet\u0151i megb\u00edz\u00e1sokra be\u00e9rkezett p\u00e1ly\u00e1zatok v\u00e9lem\u00e9nyez\u00e9s\u00e9r\u0151l<\/a><br \/>\n<a href=\"https:\/\/semmelweis.hu\/rektori-hivatal\/files\/2012\/06\/48.-sz.-IV-.26._Kiv\u00e1l\u00f3-Oktat\u00f3-c\u00edm-adom\u00e1nyoz\u00e1sa-.pdf\">48\/2012. (IV. 26.) sz\u00e1m\u00fa hat. a 2012. \u00e9vi Semmelweis Egyetem Kiv\u00e1l\u00f3 Oktat\u00f3ja c\u00edm adom\u00e1nyoz\u00e1s\u00e1r\u00f3l<\/a><br \/>\n<a href=\"https:\/\/semmelweis.hu\/rektori-hivatal\/files\/2012\/06\/49.-sz.-IV-.26._Professor-Emeritus-c\u00edm-adom\u00e1nyoz\u00e1sa-.pdf\">49\/2012. (IV. 26.) sz\u00e1m\u00fa hat. a 2012. \u00e9vi \u201eProfessor Emeritus\u201d c\u00edm oda\u00edt\u00e9l\u00e9s\u00e9re<\/a><br \/>\n<a href=\"https:\/\/semmelweis.hu\/rektori-hivatal\/files\/2012\/06\/50.-sz.-IV-.26._Pro-Universitate-d\u00edj-adom\u00e1nyoz\u00e1sa-.pdf\">50\/2012. (IV. 26.) sz\u00e1m\u00fa hat. a Pro Universitate-d\u00edj adom\u00e1nyoz\u00e1s\u00e1r\u00f3l<\/a><br \/>\n<a href=\"https:\/\/semmelweis.hu\/rektori-hivatal\/files\/2012\/06\/51.-sz.-IV-.26._GYTK-bizotts\u00e1gok-.pdf\">51\/2012. (IV. 26.) sz\u00e1m\u00fa hat. a Gy\u00f3gyszer\u00e9sztudom\u00e1nyi Karon m\u0171k\u00f6d\u0151 Szen\u00e1tus \u00e1ltal l\u00e9trehozand\u00f3 \u00c1lland\u00f3 Bizotts\u00e1gok szem\u00e9lyi \u00f6sszet\u00e9tel\u00e9nek m\u00f3dos\u00edt\u00e1s\u00e1r\u00f3l<\/a><br \/>\n<a href=\"https:\/\/semmelweis.hu\/rektori-hivatal\/files\/2012\/06\/52.-sz.-IV-.26._ETK-Interkultur\u00e1lis-\u00e1pol\u00e1s-.pdf\">52\/2012. (IV. 26.) sz\u00e1m\u00fa hat. az Interkultur\u00e1lis \u00e1pol\u00e1s (angol nyelv\u0171) szakir\u00e1ny\u00fa tov\u00e1bbk\u00e9pz\u00e9s l\u00e9tes\u00edt\u00e9s\u00e9r\u0151l \u00e9s ind\u00edt\u00e1s\u00e1r\u00f3l az Eg\u00e9szs\u00e9gtudom\u00e1nyi Karon<\/a><br \/>\n<a href=\"https:\/\/semmelweis.hu\/rektori-hivatal\/files\/2012\/06\/53.-sz.-IV-.26._K\u00f6z\u00e9rdek\u0171-adatok-k\u00f6zz\u00e9t\u00e9tel\u00e9nek-rendj\u00e9r\u0151l-.pdf\">53\/2012. (IV. 26.) sz\u00e1m\u00fa hat. \u201eA k\u00f6z\u00e9rdek\u0171 adatok k\u00f6zz\u00e9t\u00e9tel\u00e9nek rendj\u00e9r\u0151l a Semmelweis Egyetemen\u201d c\u00edm\u0171 szab\u00e1lyzatr\u00f3l<\/a><br \/>\n<a href=\"https:\/\/semmelweis.hu\/rektori-hivatal\/files\/2012\/06\/54.-sz.-IV-.26._K\u00f6z\u00e9rdek\u0171-adatmegismer\u00e9si-ig\u00e9nyek-int\u00e9z\u00e9s\u00e9nek-rendj\u00e9r\u0151l-.pdf\">54\/2012. (IV. 26.) sz\u00e1m\u00fa hat. \u201eA k\u00f6z\u00e9rdek\u0171 adatmegismer\u00e9si ig\u00e9nyek int\u00e9z\u00e9s\u00e9nek rendj\u00e9r\u0151l a Semmelweis Egyetemen\u201d c\u00edm\u0171 szab\u00e1lyzatr\u00f3l<\/a><br \/>\n<a href=\"https:\/\/semmelweis.hu\/jogigfoig\/files\/2012\/06\/55_sz_IV_26_Tajekoztatas_a_DHC_visszavonasarol.pdf\" target=\"_blank\" rel=\"noopener noreferrer\">55\/2012. (IV.26.) sz\u00e1m\u00fa hat\u00e1rozata a &#8222;Doctor Honoris Causa&#8221; c\u00edm visszavon\u00e1s\u00e1r\u00f3l<\/a><br \/>\n<a href=\"https:\/\/semmelweis.hu\/rektori-hivatal\/files\/2012\/06\/N-IV.26_Napirend-elfogad\u00e1sa.pdf\">N-IV. 26\/2012. sz\u00e1m\u00fa hat. a szen\u00e1tusi \u00fcl\u00e9s napirendi pontjainak elfogad\u00e1s\u00e1r\u00f3l<\/a><\/p>\n<p>&nbsp;<\/p>\n","protected":false},"author":12,"featured_media":0,"parent":7842,"menu_order":4,"comment_status":"open","ping_status":"open","template":"","meta":{"_acf_changed":false,"footnotes":""},"categories":[1],"tags":[],"class_list":["post-514","page","type-page","status-publish","hentry","category-egyeb"],"acf":[],"_links":{"self":[{"href":"https:\/\/semmelweis.hu\/jogigfoig\/wp-json\/wp\/v2\/pages\/514","targetHints":{"allow":["GET"]}}],"collection":[{"href":"https:\/\/semmelweis.hu\/jogigfoig\/wp-json\/wp\/v2\/pages"}],"about":[{"href":"https:\/\/semmelweis.hu\/jogigfoig\/wp-json\/wp\/v2\/types\/page"}],"author":[{"embeddable":true,"href":"https:\/\/semmelweis.hu\/jogigfoig\/wp-json\/wp\/v2\/users\/12"}],"replies":[{"embeddable":true,"href":"https:\/\/semmelweis.hu\/jogigfoig\/wp-json\/wp\/v2\/comments?post=514"}],"version-history":[{"count":10,"href":"https:\/\/semmelweis.hu\/jogigfoig\/wp-json\/wp\/v2\/pages\/514\/revisions"}],"predecessor-version":[{"id":7925,"href":"https:\/\/semmelweis.hu\/jogigfoig\/wp-json\/wp\/v2\/pages\/514\/revisions\/7925"}],"up":[{"embeddable":true,"href":"https:\/\/semmelweis.hu\/jogigfoig\/wp-json\/wp\/v2\/pages\/7842"}],"wp:attachment":[{"href":"https:\/\/semmelweis.hu\/jogigfoig\/wp-json\/wp\/v2\/media?parent=514"}],"wp:term":[{"taxonomy":"category","embeddable":true,"href":"https:\/\/semmelweis.hu\/jogigfoig\/wp-json\/wp\/v2\/categories?post=514"},{"taxonomy":"post_tag","embeddable":true,"href":"https:\/\/semmelweis.hu\/jogigfoig\/wp-json\/wp\/v2\/tags?post=514"}],"curies":[{"name":"wp","href":"https:\/\/api.w.org\/{rel}","templated":true}]}}