{"id":5101,"date":"2016-09-26T15:06:17","date_gmt":"2016-09-26T13:06:17","guid":{"rendered":"http:\/\/semmelweis.hu\/jogigfoig\/?page_id=5101"},"modified":"2020-02-11T11:13:33","modified_gmt":"2020-02-11T10:13:33","slug":"2016-szeptember-23-elektronikus-szavazas","status":"publish","type":"page","link":"https:\/\/semmelweis.hu\/jogigfoig\/testuletek\/szenatus\/2016-evi-szenatusi-hatarozatok\/2016-szeptember-23-elektronikus-szavazas\/","title":{"rendered":"2016. szeptember 23. (elektronikus szavaz\u00e1s)"},"content":{"rendered":"<ul style=\"list-style-type: disc\">\n<li><a href=\"https:\/\/semmelweis.hu\/jogigfoig\/files\/2016\/09\/105.-IX.-23-sz.-hat_FIEK.pdf\">105\/2016 (IX. 23.) sz\u00e1m\u00fa hat\u00e1rozat a FIEK_16 k\u00f3dsz\u00e1m\u00fa, Fels\u0151oktat\u00e1si \u00e9s Ipari Egy\u00fcttm\u0171k\u00f6d\u00e9si K\u00f6zpont &#8211; Kutat\u00e1si infrastrukt\u00fara fejleszt\u00e9se c\u00edm\u0171 projektben val\u00f3 r\u00e9szv\u00e9tel t\u00e1mogat\u00e1s\u00e1r\u00f3l<\/a><\/li>\n<\/ul>\n<ul style=\"list-style-type: disc\">\n<li><a href=\"https:\/\/semmelweis.hu\/jogigfoig\/files\/2016\/09\/K\u00f6zz\u00e9t\u00e9tel_FIEK.pdf\">K\u00f6zz\u00e9t\u00e9tel a FIEK_16 k\u00f3dsz\u00e1m\u00fa, Fels\u0151oktat\u00e1si \u00e9s Ipari Egy\u00fcttm\u0171k\u00f6d\u00e9si K\u00f6zpont &#8211; Kutat\u00e1si infrastrukt\u00fara fejleszt\u00e9se c\u00edm\u0171 projektben val\u00f3 r\u00e9szv\u00e9tel t\u00e1mogat\u00e1s\u00e1r\u00f3l<\/a><\/li>\n<\/ul>\n","protected":false},"excerpt":{"rendered":"<p><a href=\"https:\/\/semmelweis.hu\/jogigfoig\/files\/2016\/09\/105.-IX.-23-sz.-hat_FIEK.pdf\">105\/2016 (IX. 23.) sz\u00e1m\u00fa hat\u00e1rozat a FIEK_16 k\u00f3dsz\u00e1m\u00fa, Fels\u0151oktat\u00e1si \u00e9s Ipari Egy\u00fcttm\u0171k\u00f6d\u00e9si K\u00f6zpont &#8211; Kutat\u00e1si infrastrukt\u00fara fejleszt\u00e9se c\u00edm\u0171 projektben val\u00f3 r\u00e9szv\u00e9tel t\u00e1mogat\u00e1s\u00e1r\u00f3l<\/a><\/p>\n<p><a href=\"https:\/\/semmelweis.hu\/jogigfoig\/files\/2016\/09\/K\u00f6zz\u00e9t\u00e9tel_FIEK.pdf\">K\u00f6zz\u00e9t\u00e9tel a FIEK_16 k\u00f3dsz\u00e1m\u00fa, Fels\u0151oktat\u00e1si \u00e9s Ipari Egy\u00fcttm\u0171k\u00f6d\u00e9si K\u00f6zpont &#8211; Kutat\u00e1si infrastrukt\u00fara fejleszt\u00e9se c\u00edm\u0171 projektben val\u00f3 r\u00e9szv\u00e9tel t\u00e1mogat\u00e1s\u00e1r\u00f3l<\/a><\/p>\n","protected":false},"author":12,"featured_media":0,"parent":7792,"menu_order":11,"comment_status":"closed","ping_status":"closed","template":"","meta":{"_acf_changed":false,"footnotes":""},"categories":[1],"tags":[],"class_list":["post-5101","page","type-page","status-publish","hentry","category-egyeb"],"acf":[],"_links":{"self":[{"href":"https:\/\/semmelweis.hu\/jogigfoig\/wp-json\/wp\/v2\/pages\/5101","targetHints":{"allow":["GET"]}}],"collection":[{"href":"https:\/\/semmelweis.hu\/jogigfoig\/wp-json\/wp\/v2\/pages"}],"about":[{"href":"https:\/\/semmelweis.hu\/jogigfoig\/wp-json\/wp\/v2\/types\/page"}],"author":[{"embeddable":true,"href":"https:\/\/semmelweis.hu\/jogigfoig\/wp-json\/wp\/v2\/users\/12"}],"replies":[{"embeddable":true,"href":"https:\/\/semmelweis.hu\/jogigfoig\/wp-json\/wp\/v2\/comments?post=5101"}],"version-history":[{"count":3,"href":"https:\/\/semmelweis.hu\/jogigfoig\/wp-json\/wp\/v2\/pages\/5101\/revisions"}],"predecessor-version":[{"id":5110,"href":"https:\/\/semmelweis.hu\/jogigfoig\/wp-json\/wp\/v2\/pages\/5101\/revisions\/5110"}],"up":[{"embeddable":true,"href":"https:\/\/semmelweis.hu\/jogigfoig\/wp-json\/wp\/v2\/pages\/7792"}],"wp:attachment":[{"href":"https:\/\/semmelweis.hu\/jogigfoig\/wp-json\/wp\/v2\/media?parent=5101"}],"wp:term":[{"taxonomy":"category","embeddable":true,"href":"https:\/\/semmelweis.hu\/jogigfoig\/wp-json\/wp\/v2\/categories?post=5101"},{"taxonomy":"post_tag","embeddable":true,"href":"https:\/\/semmelweis.hu\/jogigfoig\/wp-json\/wp\/v2\/tags?post=5101"}],"curies":[{"name":"wp","href":"https:\/\/api.w.org\/{rel}","templated":true}]}}