{"id":5069,"date":"2016-09-05T16:25:52","date_gmt":"2016-09-05T14:25:52","guid":{"rendered":"http:\/\/semmelweis.hu\/jogigfoig\/?page_id=5069"},"modified":"2020-02-11T11:12:33","modified_gmt":"2020-02-11T10:12:33","slug":"2016-szeptember-01","status":"publish","type":"page","link":"https:\/\/semmelweis.hu\/jogigfoig\/testuletek\/szenatus\/2016-evi-szenatusi-hatarozatok\/2016-szeptember-01\/","title":{"rendered":"2016. szeptember 01."},"content":{"rendered":"<ul>\n<li style=\"text-align: justify\"><a href=\"https:\/\/semmelweis.hu\/jogigfoig\/files\/2016\/09\/100_sz_IX_1_kozos-intezmenyi-gazd_-tars_Szeged.pdf\">100\/2016. (IX.01.) sz\u00e1m\u00fa hat\u00e1rozata a K\u00f6z\u00f6s int\u00e9zm\u00e9nyi gazdas\u00e1gi t\u00e1rsas\u00e1g alap\u00edt\u00e1sa a Szegedi Tudom\u00e1nyegyetemmel k\u00fclf\u00f6ldi hallgat\u00f3k toborz\u00e1s\u00e1nak v\u00e9gz\u00e9s\u00e9re c\u00edm\u0171 el\u0151terjeszt\u00e9s elfogad\u00e1s\u00e1r\u00f3l<\/a><\/li>\n<li style=\"text-align: justify\"><a href=\"https:\/\/semmelweis.hu\/jogigfoig\/files\/2016\/09\/101_sz_IX_01_Nepligeti_sporttelep.pdf\">101\/2016. (IX.01.) sz\u00e1m\u00fa hat\u00e1rozata a Budapest X. ker\u00fclet 38440\/39. helyrajzi sz\u00e1m\u00fa, K\u00f6nyves K\u00e1lm\u00e1n krt. 19. sz\u00e1m alatti N\u00e9pligeti sporttelep ingatlan &#8222;\u00fczemsz\u00fcneti&#8221; \u00e1llapot\u00e1nak id\u0151leges fenntart\u00e1s\u00e1r\u00f3l<\/a><\/li>\n<li style=\"text-align: justify\"><a href=\"https:\/\/semmelweis.hu\/jogigfoig\/files\/2016\/09\/102_sz_IX_01_szantok.pdf\">102\/2016. (IX.01.) sz\u00e1m\u00fa hat\u00e1rozata a Budapest XXII. ker\u00fclet 0239171 helyrajzi sz\u00e1m\u00fa, \u00e9s a Budapest XXII. ker\u00fclet 0239170 helyrajzi sz\u00e1m\u00fa, sz\u00e1nt\u00f3 m\u0171vel\u00e9si \u00e1g\u00fa, term\u0151f\u00f6ld ingatlanok \u00e9rt\u00e9kes\u00edt\u00e9se c\u00edm\u0171 el\u0151terjeszt\u00e9s elfogad\u00e1s\u00e1r\u00f3l<\/a><\/li>\n<li style=\"text-align: justify\"><a href=\"https:\/\/semmelweis.hu\/jogigfoig\/files\/2016\/09\/103_2016_IX_1_SZMSZ_mod_alairt.pdf\" target=\"_blank\" rel=\"noopener noreferrer\">103\/2016. (IX.01.) sz. hat. a Szervezeti \u00e9s M\u0171k\u00f6d\u00e9si Szab\u00e1lyzat egyes rendelkez\u00e9seinek m\u00f3dos\u00edt\u00e1s\u00e1r\u00f3l c\u00edm\u0171 el\u0151terjeszt\u00e9s elfogad\u00e1s\u00e1r\u00f3l\u00a0<\/a><\/li>\n<\/ul>\n","protected":false},"excerpt":{"rendered":"<p><a href=\"https:\/\/semmelweis.hu\/jogigfoig\/files\/2016\/09\/100_sz_IX_1_kozos-intezmenyi-gazd_-tars_Szeged.pdf\">100\/2016. (IX.01.) sz\u00e1m\u00fa hat\u00e1rozata a K\u00f6z\u00f6s int\u00e9zm\u00e9nyi gazdas\u00e1gi t\u00e1rsas\u00e1g alap\u00edt\u00e1sa a Szegedi Tudom\u00e1nyegyetemmel k\u00fclf\u00f6ldi hallgat\u00f3k toborz\u00e1s\u00e1nak v\u00e9gz\u00e9s\u00e9re c\u00edm\u0171 el\u0151terjeszt\u00e9s elfogad\u00e1s\u00e1r\u00f3l<\/a><br \/>\n<a href=\"https:\/\/semmelweis.hu\/jogigfoig\/files\/2016\/09\/101_sz_IX_01_Nepligeti_sporttelep.pdf\">101\/2016. (IX.01.) sz\u00e1m\u00fa hat\u00e1rozata a Budapest X. ker\u00fclet 38440\/39. helyrajzi sz\u00e1m\u00fa, K\u00f6nyves K\u00e1lm\u00e1n krt. 19. sz\u00e1m alatti N\u00e9pligeti sporttelep ingatlan &#8222;\u00fczemsz\u00fcneti&#8221; \u00e1llapot\u00e1nak id\u0151leges fenntart\u00e1s\u00e1r\u00f3l<\/a><br \/>\n<a href=\"https:\/\/semmelweis.hu\/jogigfoig\/files\/2016\/09\/102_sz_IX_01_szantok.pdf\">102\/2016. (IX.01.) sz\u00e1m\u00fa hat\u00e1rozata a Budapest XXII. ker\u00fclet 0239171 helyrajzi sz\u00e1m\u00fa, \u00e9s a Budapest XXII. ker\u00fclet 0239170 helyrajzi sz\u00e1m\u00fa, sz\u00e1nt\u00f3 m\u0171vel\u00e9si \u00e1g\u00fa, term\u0151f\u00f6ld ingatlanok \u00e9rt\u00e9kes\u00edt\u00e9se c\u00edm\u0171 el\u0151terjeszt\u00e9s elfogad\u00e1s\u00e1r\u00f3l<\/a><br \/>\n<a href=\"https:\/\/semmelweis.hu\/jogigfoig\/files\/2016\/09\/103_2016_IX_1_SZMSZ_mod_alairt.pdf\" target=\"_blank\" rel=\"noopener noreferrer\">103\/2016. (IX.01.) sz. hat. a Szervezeti \u00e9s M\u0171k\u00f6d\u00e9si Szab\u00e1lyzat egyes rendelkez\u00e9seinek m\u00f3dos\u00edt\u00e1s\u00e1r\u00f3l c\u00edm\u0171 el\u0151terjeszt\u00e9s elfogad\u00e1s\u00e1r\u00f3l\u00a0<\/a><\/p>\n","protected":false},"author":12,"featured_media":0,"parent":7792,"menu_order":9,"comment_status":"closed","ping_status":"closed","template":"","meta":{"_acf_changed":false,"footnotes":""},"categories":[1],"tags":[],"class_list":["post-5069","page","type-page","status-publish","hentry","category-egyeb"],"acf":[],"_links":{"self":[{"href":"https:\/\/semmelweis.hu\/jogigfoig\/wp-json\/wp\/v2\/pages\/5069","targetHints":{"allow":["GET"]}}],"collection":[{"href":"https:\/\/semmelweis.hu\/jogigfoig\/wp-json\/wp\/v2\/pages"}],"about":[{"href":"https:\/\/semmelweis.hu\/jogigfoig\/wp-json\/wp\/v2\/types\/page"}],"author":[{"embeddable":true,"href":"https:\/\/semmelweis.hu\/jogigfoig\/wp-json\/wp\/v2\/users\/12"}],"replies":[{"embeddable":true,"href":"https:\/\/semmelweis.hu\/jogigfoig\/wp-json\/wp\/v2\/comments?post=5069"}],"version-history":[{"count":5,"href":"https:\/\/semmelweis.hu\/jogigfoig\/wp-json\/wp\/v2\/pages\/5069\/revisions"}],"predecessor-version":[{"id":7805,"href":"https:\/\/semmelweis.hu\/jogigfoig\/wp-json\/wp\/v2\/pages\/5069\/revisions\/7805"}],"up":[{"embeddable":true,"href":"https:\/\/semmelweis.hu\/jogigfoig\/wp-json\/wp\/v2\/pages\/7792"}],"wp:attachment":[{"href":"https:\/\/semmelweis.hu\/jogigfoig\/wp-json\/wp\/v2\/media?parent=5069"}],"wp:term":[{"taxonomy":"category","embeddable":true,"href":"https:\/\/semmelweis.hu\/jogigfoig\/wp-json\/wp\/v2\/categories?post=5069"},{"taxonomy":"post_tag","embeddable":true,"href":"https:\/\/semmelweis.hu\/jogigfoig\/wp-json\/wp\/v2\/tags?post=5069"}],"curies":[{"name":"wp","href":"https:\/\/api.w.org\/{rel}","templated":true}]}}