{"id":5034,"date":"2016-08-26T14:11:25","date_gmt":"2016-08-26T12:11:25","guid":{"rendered":"http:\/\/semmelweis.hu\/jogigfoig\/?page_id=5034"},"modified":"2016-08-26T14:15:54","modified_gmt":"2016-08-26T12:15:54","slug":"informatikai-uzemeltetesi-szabalyzat-archivum","status":"publish","type":"page","link":"https:\/\/semmelweis.hu\/jogigfoig\/dokumentumtar\/szabalyzattar-archivum\/informatikai-uzemeltetesi-szabalyzat-archivum\/","title":{"rendered":"Informatikai \u00dczemeltet\u00e9si Szab\u00e1lyzat (Arch\u00edvum)"},"content":{"rendered":"<ul style=\"list-style-type: square\">\n<li><a href=\"https:\/\/semmelweis.hu\/jogigfoig\/files\/2014\/11\/Informatikai-es-Uzemeltetesi-Szabalyzat_2014_szeptember.pdf\">A 2016. j\u00fanius 30-ig hat\u00e1lyos szab\u00e1lyzat sz\u00f6vege.<\/a><\/li>\n<\/ul>\n","protected":false},"excerpt":{"rendered":"<p><a href=\"https:\/\/semmelweis.hu\/jogigfoig\/files\/2014\/11\/Informatikai-es-Uzemeltetesi-Szabalyzat_2014_szeptember.pdf\">A 2016. j\u00fanius 30-ig hat\u00e1lyos szab\u00e1lyzat sz\u00f6vege.<\/a><\/p>\n","protected":false},"author":101117,"featured_media":0,"parent":362,"menu_order":0,"comment_status":"closed","ping_status":"closed","template":"","meta":{"_acf_changed":false,"footnotes":""},"categories":[],"tags":[],"class_list":["post-5034","page","type-page","status-publish","hentry"],"acf":[],"_links":{"self":[{"href":"https:\/\/semmelweis.hu\/jogigfoig\/wp-json\/wp\/v2\/pages\/5034","targetHints":{"allow":["GET"]}}],"collection":[{"href":"https:\/\/semmelweis.hu\/jogigfoig\/wp-json\/wp\/v2\/pages"}],"about":[{"href":"https:\/\/semmelweis.hu\/jogigfoig\/wp-json\/wp\/v2\/types\/page"}],"author":[{"embeddable":true,"href":"https:\/\/semmelweis.hu\/jogigfoig\/wp-json\/wp\/v2\/users\/101117"}],"replies":[{"embeddable":true,"href":"https:\/\/semmelweis.hu\/jogigfoig\/wp-json\/wp\/v2\/comments?post=5034"}],"version-history":[{"count":2,"href":"https:\/\/semmelweis.hu\/jogigfoig\/wp-json\/wp\/v2\/pages\/5034\/revisions"}],"predecessor-version":[{"id":5038,"href":"https:\/\/semmelweis.hu\/jogigfoig\/wp-json\/wp\/v2\/pages\/5034\/revisions\/5038"}],"up":[{"embeddable":true,"href":"https:\/\/semmelweis.hu\/jogigfoig\/wp-json\/wp\/v2\/pages\/362"}],"wp:attachment":[{"href":"https:\/\/semmelweis.hu\/jogigfoig\/wp-json\/wp\/v2\/media?parent=5034"}],"wp:term":[{"taxonomy":"category","embeddable":true,"href":"https:\/\/semmelweis.hu\/jogigfoig\/wp-json\/wp\/v2\/categories?post=5034"},{"taxonomy":"post_tag","embeddable":true,"href":"https:\/\/semmelweis.hu\/jogigfoig\/wp-json\/wp\/v2\/tags?post=5034"}],"curies":[{"name":"wp","href":"https:\/\/api.w.org\/{rel}","templated":true}]}}