{"id":4972,"date":"2016-08-26T10:53:12","date_gmt":"2016-08-26T08:53:12","guid":{"rendered":"http:\/\/semmelweis.hu\/jogigfoig\/?page_id=4972"},"modified":"2024-10-29T11:19:36","modified_gmt":"2024-10-29T10:19:36","slug":"egyetemi-varolista-szabalyzat-archivum","status":"publish","type":"page","link":"https:\/\/semmelweis.hu\/jogigfoig\/dokumentumtar\/szabalyzattar-archivum\/egyetemi-varolista-szabalyzat-archivum\/","title":{"rendered":"Egyetemi v\u00e1r\u00f3lista szab\u00e1lyzat (Arch\u00edvum)"},"content":{"rendered":"<div class=\"responsive-tabs\">\n<h2 class=\"tabtitle\">Szab\u00e1lyzat arch\u00edv v\u00e1ltozatai<\/h2>\n<div class=\"tabcontent\">\n\n<ul style=\"list-style-type: disc\">\n<li><a href=\"https:\/\/semmelweis.hu\/jogigfoig\/files\/2021\/02\/V\u00e1r\u00f3-El\u0151jegyz\u00e9si-\u00e9s-Betegfogad\u00e1si-List\u00e1kr\u00f3l-sz\u00f3l\u00f3-szab\u00e1lyzat_20180918_20200716.pdf\">2020. j\u00falius 16-ig<\/a><\/li>\n<li><a href=\"https:\/\/semmelweis.hu\/jogigfoig\/files\/2020\/07\/Varo_Elojegyzesi_es_Betegfogadasi_Listakrol_szolo_szabalyzat_hatalyos_2020_07_17.pdf\">2021. \u00e1prilis 14-ig<\/a><\/li>\n<li><a href=\"https:\/\/semmelweis.hu\/jogigfoig\/files\/2021\/07\/Varo_Elojegyzesi_es_Betegfogadasi_Listakrol_szolo_szabalyzat_hatalyos_2021_04_15.pdf\">2022. m\u00e1jus 20-ig<\/a><\/li>\n<li><a href=\"https:\/\/semmelweis.hu\/jogigfoig\/files\/2022\/05\/Egyetemi_varolista_szabalyzat_hataly_2022_V_21.pdf\">2022. m\u00e1jus 21 &#8211; 2024. okt\u00f3ber 31.<\/a><\/li>\n<\/ul>\n\n<\/div><h2 class=\"tabtitle\">Hat\u00e1lyon k\u00edv\u00fcl helyezett <br \/>\nhat\u00e1rozatok<\/h2>\n<div class=\"tabcontent\">\n\n<ul>\n<li><a href=\"https:\/\/semmelweis.hu\/jogigfoig\/files\/2015\/07\/24_2007_II_22_Varolista_Szabalyzat.pdf\">24\/2007. (II.22.)<\/a><\/li>\n<li><a href=\"https:\/\/semmelweis.hu\/jogigfoig\/files\/2018\/09\/48_2015_V_28_sz_szenatusi_hatarozat.pdf\">48\/2015.(V. 28.)<\/a><\/li>\n<li><a href=\"https:\/\/semmelweis.hu\/jogigfoig\/files\/2016\/02\/9_sz_I_28_Varo_Elojegyzesi_Betegfogadasi_Szab_mod.pdf\">9\/2016. (I.28.)<\/a><\/li>\n<li><a href=\"https:\/\/semmelweis.hu\/jogigfoig\/files\/2011\/11\/68_2016_V.-25._20160602.pdf\">68\/2016. (V. 25.)<\/a><\/li>\n<li><a href=\"https:\/\/semmelweis.hu\/jogigfoig\/files\/2018\/09\/R_1_2018_IX_14_szamu_rektori_hatarozat.pdf\">R\/1\/2018. (IX.14.)<\/a><\/li>\n<li><a href=\"https:\/\/semmelweis.hu\/jogigfoig\/files\/2020\/07\/109_2020_hat%C3%A1rozat_V%C3%A1r%C3%B3-El%C5%91jegyz%C3%A9si-Regisztr%C3%A1ci%C3%B3s-%C3%A9s-Betegfogad%C3%A1si-list%C3%A1kr%C3%B3l-sz%C3%B3l%C3%B3-szab%C3%A1lyzat.pdf\">109\/2020. (VII.07.)<\/a><\/li>\n<\/ul>\n<\/div><\/div>\n","protected":false},"excerpt":{"rendered":"<p><a href=\"https:\/\/semmelweis.hu\/jogigfoig\/files\/2021\/02\/V\u00e1r\u00f3-El\u0151jegyz\u00e9si-\u00e9s-Betegfogad\u00e1si-List\u00e1kr\u00f3l-sz\u00f3l\u00f3-szab\u00e1lyzat_20180918_20200716.pdf\">2020. j\u00falius 16-ig<\/a><br \/>\n<a href=\"https:\/\/semmelweis.hu\/jogigfoig\/files\/2020\/07\/Varo_Elojegyzesi_es_Betegfogadasi_Listakrol_szolo_szabalyzat_hatalyos_2020_07_17.pdf\">2021. \u00e1prilis 14-ig<\/a><br \/>\n<a href=\"https:\/\/semmelweis.hu\/jogigfoig\/files\/2021\/07\/Varo_Elojegyzesi_es_Betegfogadasi_Listakrol_szolo_szabalyzat_hatalyos_2021_04_15.pdf\">2022. m\u00e1jus 20-ig<\/a><br \/>\n<a href=\"https:\/\/semmelweis.hu\/jogigfoig\/files\/2022\/05\/Egyetemi_varolista_szabalyzat_hataly_2022_V_21.pdf\">2022. m\u00e1jus 21 &#8211; 2024. okt\u00f3ber 31.<\/a><\/p>\n<p><a href=\"https:\/\/semmelweis.hu\/jogigfoig\/files\/2015\/07\/24_2007_II_22_Varolista_Szabalyzat.pdf\">24\/2007. (II.22.)<\/a><br \/>\n<a href=\"https:\/\/semmelweis.hu\/jogigfoig\/files\/2018\/09\/48_2015_V_28_sz_szenatusi_hatarozat.pdf\">48\/2015.(V. 28.)<\/a><br \/>\n<a href=\"https:\/\/semmelweis.hu\/jogigfoig\/files\/2016\/02\/9_sz_I_28_Varo_Elojegyzesi_Betegfogadasi_Szab_mod.pdf\">9\/2016. (I.28.)<\/a><br \/>\n<a href=\"https:\/\/semmelweis.hu\/jogigfoig\/files\/2011\/11\/68_2016_V.-25._20160602.pdf\">68\/2016. (V. 25.)<\/a><br \/>\n<a href=\"https:\/\/semmelweis.hu\/jogigfoig\/files\/2018\/09\/R_1_2018_IX_14_szamu_rektori_hatarozat.pdf\">R\/1\/2018. (IX.14.)<\/a><br \/>\n<a href=\"https:\/\/semmelweis.hu\/jogigfoig\/files\/2020\/07\/109_2020_hat%C3%A1rozat_V%C3%A1r%C3%B3-El%C5%91jegyz%C3%A9si-Regisztr%C3%A1ci%C3%B3s-%C3%A9s-Betegfogad%C3%A1si-list%C3%A1kr%C3%B3l-sz%C3%B3l%C3%B3-szab%C3%A1lyzat.pdf\">109\/2020. (VII.07.)<\/a><\/p>\n","protected":false},"author":101117,"featured_media":0,"parent":362,"menu_order":0,"comment_status":"closed","ping_status":"closed","template":"","meta":{"_acf_changed":false,"footnotes":""},"categories":[],"tags":[],"class_list":["post-4972","page","type-page","status-publish","hentry"],"acf":[],"_links":{"self":[{"href":"https:\/\/semmelweis.hu\/jogigfoig\/wp-json\/wp\/v2\/pages\/4972","targetHints":{"allow":["GET"]}}],"collection":[{"href":"https:\/\/semmelweis.hu\/jogigfoig\/wp-json\/wp\/v2\/pages"}],"about":[{"href":"https:\/\/semmelweis.hu\/jogigfoig\/wp-json\/wp\/v2\/types\/page"}],"author":[{"embeddable":true,"href":"https:\/\/semmelweis.hu\/jogigfoig\/wp-json\/wp\/v2\/users\/101117"}],"replies":[{"embeddable":true,"href":"https:\/\/semmelweis.hu\/jogigfoig\/wp-json\/wp\/v2\/comments?post=4972"}],"version-history":[{"count":10,"href":"https:\/\/semmelweis.hu\/jogigfoig\/wp-json\/wp\/v2\/pages\/4972\/revisions"}],"predecessor-version":[{"id":94317,"href":"https:\/\/semmelweis.hu\/jogigfoig\/wp-json\/wp\/v2\/pages\/4972\/revisions\/94317"}],"up":[{"embeddable":true,"href":"https:\/\/semmelweis.hu\/jogigfoig\/wp-json\/wp\/v2\/pages\/362"}],"wp:attachment":[{"href":"https:\/\/semmelweis.hu\/jogigfoig\/wp-json\/wp\/v2\/media?parent=4972"}],"wp:term":[{"taxonomy":"category","embeddable":true,"href":"https:\/\/semmelweis.hu\/jogigfoig\/wp-json\/wp\/v2\/categories?post=4972"},{"taxonomy":"post_tag","embeddable":true,"href":"https:\/\/semmelweis.hu\/jogigfoig\/wp-json\/wp\/v2\/tags?post=4972"}],"curies":[{"name":"wp","href":"https:\/\/api.w.org\/{rel}","templated":true}]}}