{"id":4785,"date":"2016-05-26T15:20:15","date_gmt":"2016-05-26T13:20:15","guid":{"rendered":"http:\/\/semmelweis.hu\/jogigfoig\/?page_id=4785"},"modified":"2020-02-11T11:12:22","modified_gmt":"2020-02-11T10:12:22","slug":"2016-majus-25","status":"publish","type":"page","link":"https:\/\/semmelweis.hu\/jogigfoig\/testuletek\/szenatus\/2016-evi-szenatusi-hatarozatok\/2016-majus-25\/","title":{"rendered":"2016. m\u00e1jus 25."},"content":{"rendered":"<ul>\n<li style=\"text-align: justify\"><a href=\"https:\/\/semmelweis.hu\/jogigfoig\/files\/2016\/06\/51_sz_V_25_SzMSz_mod_jav.pdf\" target=\"_blank\" rel=\"noopener noreferrer\">51\/2016. (V.25.) sz\u00e1m\u00fa hat\u00e1rozat a Szervezeti \u00e9s M\u0171k\u00f6d\u00e9si Szab\u00e1lyzat egyes rendelkez\u00e9seinek m\u00f3dos\u00edt\u00e1s\u00e1r\u00f3l c\u00edm\u0171 el\u0151terjeszt\u00e9s elfogad\u00e1s\u00e1r\u00f3l<\/a><\/li>\n<li style=\"text-align: justify\"><a href=\"https:\/\/semmelweis.hu\/jogigfoig\/files\/2016\/06\/52_A_B_V_25_Prof_Emerit_kari_szab.pdf\" target=\"_blank\" rel=\"noopener noreferrer\">52\/A\/2016. (V.25.) sz\u00e1m\u00fa hat\u00e1rozat a Professor Emeritus c\u00edm adom\u00e1nyoz\u00e1s\u00e1r\u00f3l sz\u00f3l\u00f3, \u00c1OK 44\/2016. sz\u00e1m\u00fa\u00a0kari tan\u00e1csi hat\u00e1rozat j\u00f3v\u00e1hagy\u00e1s\u00e1r\u00f3l, <\/a><a href=\"https:\/\/semmelweis.hu\/jogigfoig\/files\/2016\/06\/52_A_B_V_25_Prof_Emerit_kari_szab.pdf\" target=\"_blank\" rel=\"noopener noreferrer\">52\/B\/2016. (V.25.)<\/a><a href=\"https:\/\/semmelweis.hu\/jogigfoig\/files\/2016\/06\/52_A_B_V_25_Prof_Emerit_kari_szab.pdf\" target=\"_blank\" rel=\"noopener noreferrer\">\u00a0a Professor Emeritus c\u00edm adom\u00e1nyoz\u00e1s\u00e1ra vonatkoz\u00f3 kari szab\u00e1lyzat elfogad\u00e1s\u00e1r\u00f3l sz\u00f3l\u00f3 el\u0151terjeszt\u00e9s<\/a><\/li>\n<li style=\"text-align: justify\"><a href=\"https:\/\/semmelweis.hu\/jogigfoig\/files\/2016\/05\/53_sz_V_25_-kituntetesi_szabalyzat.pdf\" target=\"_blank\" rel=\"noopener noreferrer\">53\/2016. (V.25.) sz\u00e1m\u00fa hat\u00e1rozat az Egyetemi kit\u00fcntet\u00e9sek, d\u00edjak adom\u00e1nyoz\u00e1s\u00e1r\u00f3l, valamint az \u00e1llami kit\u00fcntet\u00e9sek felterjeszt\u00e9si elj\u00e1r\u00e1s\u00e1r\u00f3l c\u00edm\u0171 szab\u00e1lyzat m\u00f3dos\u00edt\u00e1s\u00e1r\u00f3l <\/a><\/li>\n<li style=\"text-align: justify\"><a href=\"https:\/\/semmelweis.hu\/jogigfoig\/files\/2016\/05\/54_sz_V_25_ProfEmer_dijak.pdf\">54\/2016. (V.25.) sz\u00e1m\u00fa hat\u00e1rozat a 2016. \u00e9vi Professor Emeritus c\u00edmek adom\u00e1nyoz\u00e1s\u00e1r\u00f3l<\/a><\/li>\n<li style=\"text-align: justify\"><a href=\"https:\/\/semmelweis.hu\/jogigfoig\/files\/2016\/05\/55_sz_V_25_allami_miniszteri_kitunt.pdf\">55\/2016. (V.25.) sz\u00e1m\u00fa hat\u00e1rozat a 2017. \u00e9vi \u00e1llami \u00e9s miniszteri kit\u00fcntet\u00e9sekre val\u00f3 felterjeszt\u00e9sr\u0151l<\/a><\/li>\n<li style=\"text-align: justify\"><a href=\"https:\/\/semmelweis.hu\/jogigfoig\/files\/2016\/05\/56_sz_V_25_ProUniv.pdf\">56\/2016. (V.25.) sz\u00e1m\u00fa hat\u00e1rozat Pro Universitate d\u00edj adom\u00e1nyoz\u00e1s\u00e1r\u00f3l<\/a><\/li>\n<li style=\"text-align: justify\"><a href=\"https:\/\/semmelweis.hu\/jogigfoig\/files\/2016\/05\/57_sz_V_25_KivaloOktato.pdf\">57\/2016. (V.25.) sz\u00e1m\u00fa hat\u00e1rozat a Semmelweis Egyetem Kiv\u00e1l\u00f3 Oktat\u00f3ja kit\u00fcntet\u00e9s adom\u00e1nyoz\u00e1s\u00e1r\u00f3l<\/a><\/li>\n<li style=\"text-align: justify\"><a href=\"https:\/\/semmelweis.hu\/jogigfoig\/files\/2016\/05\/58_sz_V_25_oraado_oktatoknak_cimek.pdf\">58\/2016. (V.25.) sz\u00e1m\u00fa hat\u00e1rozat az \u00f3raad\u00f3 oktat\u00f3knak adom\u00e1nyozhat\u00f3 c\u00edmek oda\u00edt\u00e9l\u00e9s\u00e9re<\/a><\/li>\n<li style=\"text-align: justify\"><a href=\"https:\/\/semmelweis.hu\/jogigfoig\/files\/2016\/05\/59_sz_V_25_AOK_igazg_tanszekv.pdf\">59\/2016. (V.25.) sz\u00e1m\u00fa hat\u00e1rozat az \u00c1ltal\u00e1nos Orvostudom\u00e1nyi Kar igazgat\u00f3i\/tansz\u00e9kvezet\u0151i megb\u00edz\u00e1saira be\u00e9rkezett p\u00e1ly\u00e1zatok v\u00e9lem\u00e9nyez\u00e9s\u00e9r\u0151l<\/a><\/li>\n<li style=\"text-align: justify\"><a href=\"https:\/\/semmelweis.hu\/jogigfoig\/files\/2016\/05\/60_sz_V_25_MR_Kutatokozpont.pdf\">60\/2016. (V.25.) sz\u00e1m\u00fa hat\u00e1rozat az MR Kutat\u00f3k\u00f6zpont igazgat\u00f3i megb\u00edz\u00e1s\u00e1ra be\u00e9rkezett p\u00e1ly\u00e1zat v\u00e9lem\u00e9nyez\u00e9s\u00e9r\u0151l<\/a><\/li>\n<li style=\"text-align: justify\"><a href=\"https:\/\/semmelweis.hu\/jogigfoig\/files\/2016\/06\/61_sz_V_25_Angiologiai_Tanszek_letreh.pdf\" target=\"_blank\" rel=\"noopener noreferrer\">61\/2016. (V.25.) sz\u00e1m\u00fa hat\u00e1rozat &#8222;az Angiol\u00f3giai Tansz\u00e9ki Csoport l\u00e9trehoz\u00e1s\u00e1r\u00f3l az \u00c9rseb\u00e9szeti Tansz\u00e9khez rendelten&#8221; c\u00edm\u0171 el\u0151terjeszt\u00e9s elfogad\u00e1s\u00e1r\u00f3l <\/a><\/li>\n<li style=\"text-align: justify\"><a href=\"https:\/\/semmelweis.hu\/jogigfoig\/files\/2016\/05\/62_sz_V_25_HugonnaiVilma.pdf\">62\/2016. (V.25.) sz\u00e1m\u00fa hat\u00e1rozat a 2016. \u00e9vi Hugonnai Vilma jutalomd\u00edj adom\u00e1nyoz\u00e1s\u00e1r\u00f3l c\u00edm\u0171 el\u0151terjeszt\u00e9s elfogad\u00e1s\u00e1r\u00f3l<\/a><\/li>\n<li style=\"text-align: justify\"><a href=\"https:\/\/semmelweis.hu\/jogigfoig\/files\/2016\/05\/63_sz_V_25_JendrassikErno.pdf\">63\/2016. (V.25.) sz\u00e1m\u00fa hat\u00e1rozat a 2016. \u00e9vi Jendrassik Ern\u0151 jutalomd\u00edj adom\u00e1nyoz\u00e1s\u00e1r\u00f3l c\u00edm\u0171 el\u0151terjeszt\u00e9s elfogad\u00e1s\u00e1r\u00f3l<\/a><\/li>\n<li style=\"text-align: justify\"><a href=\"https:\/\/semmelweis.hu\/jogigfoig\/files\/2016\/05\/64_sz_V_25_S_BudapestAward.pdf\">64\/2016. (V.25.) sz\u00e1m\u00fa hat\u00e1rozat a 2016. \u00e9vi Semmelweis Budapest Award nemzetk\u00f6zi d\u00edj adom\u00e1nyoz\u00e1s\u00e1r\u00f3l c\u00edm\u0171 el\u0151terjeszt\u00e9s elfogad\u00e1s\u00e1r\u00f3l<\/a><\/li>\n<li style=\"text-align: justify\"><a href=\"https:\/\/semmelweis.hu\/jogigfoig\/files\/2016\/05\/65_sz_V_25_FB_ugyrend.pdf\">65\/2016. (V.25.) sz\u00e1m\u00fa hat\u00e1rozat a Fel\u00fclb\u00edr\u00e1lati Bizotts\u00e1g \u00fcgyrendj\u00e9nek m\u00f3dos\u00edt\u00e1s\u00e1r\u00f3l<\/a><\/li>\n<li style=\"text-align: justify\"><a href=\"https:\/\/semmelweis.hu\/jogigfoig\/files\/2016\/06\/66_sz_V_25_Fekvobetegell_kapcs_gyogyszerell.pdf\" target=\"_blank\" rel=\"noopener noreferrer\">66\/2016. (V.25.) sz\u00e1m\u00fa hat\u00e1rozat a Fekv\u0151beteg ell\u00e1t\u00e1ssal kapcsolatos gy\u00f3gyszerell\u00e1t\u00e1sr\u00f3l c\u00edm\u0171 szab\u00e1lyzat m\u00f3dos\u00edt\u00e1s\u00e1r\u00f3l <\/a><\/li>\n<li style=\"text-align: justify\"><a href=\"https:\/\/semmelweis.hu\/jogigfoig\/files\/2016\/06\/67_sz_V_25_Teritesi_dij_Szabalyzat.pdf\" target=\"_blank\" rel=\"noopener noreferrer\">67\/2016. (V.25.) sz\u00e1m\u00fa hat\u00e1rozat a T\u00e9r\u00edt\u00e9si d\u00edj szab\u00e1lyzat m\u00f3dos\u00edt\u00e1s\u00e1r\u00f3l <\/a><\/li>\n<li style=\"text-align: justify\"><a href=\"https:\/\/semmelweis.hu\/jogigfoig\/files\/2016\/06\/68_sz_V_25_Varo_Elojegyzesi_szab_mod.pdf\" target=\"_blank\" rel=\"noopener noreferrer\">68\/2016. (V.25.) sz\u00e1m\u00fa hat\u00e1rozat a V\u00e1r\u00f3-, El\u0151jegyz\u00e9si \u00e9s Betegfogad\u00e1si List\u00e1kr\u00f3l c\u00edm\u0171 szab\u00e1lyzat m\u00f3dos\u00edt\u00e1s\u00e1r\u00f3l <\/a><\/li>\n<\/ul>\n","protected":false},"excerpt":{"rendered":"<p><a href=\"https:\/\/semmelweis.hu\/jogigfoig\/files\/2016\/06\/51_sz_V_25_SzMSz_mod_jav.pdf\" target=\"_blank\" rel=\"noopener noreferrer\">51\/2016. (V.25.) sz\u00e1m\u00fa hat\u00e1rozat a Szervezeti \u00e9s M\u0171k\u00f6d\u00e9si Szab\u00e1lyzat egyes rendelkez\u00e9seinek m\u00f3dos\u00edt\u00e1s\u00e1r\u00f3l c\u00edm\u0171 el\u0151terjeszt\u00e9s elfogad\u00e1s\u00e1r\u00f3l<\/a><br \/>\n<a href=\"https:\/\/semmelweis.hu\/jogigfoig\/files\/2016\/06\/52_A_B_V_25_Prof_Emerit_kari_szab.pdf\" target=\"_blank\" rel=\"noopener noreferrer\">52\/A\/2016. (V.25.) sz\u00e1m\u00fa hat\u00e1rozat a Professor Emeritus c\u00edm adom\u00e1nyoz\u00e1s\u00e1r\u00f3l sz\u00f3l\u00f3, \u00c1OK 44\/2016. sz\u00e1m\u00fa\u00a0kari tan\u00e1csi hat\u00e1rozat j\u00f3v\u00e1hagy\u00e1s\u00e1r\u00f3l, <\/a><a href=\"https:\/\/semmelweis.hu\/jogigfoig\/files\/2016\/06\/52_A_B_V_25_Prof_Emerit_kari_szab.pdf\" target=\"_blank\" rel=\"noopener noreferrer\">52\/B\/2016. (V.25.)<\/a><a href=\"https:\/\/semmelweis.hu\/jogigfoig\/files\/2016\/06\/52_A_B_V_25_Prof_Emerit_kari_szab.pdf\" target=\"_blank\" rel=\"noopener noreferrer\">\u00a0a Professor Emeritus c\u00edm adom\u00e1nyoz\u00e1s\u00e1ra vonatkoz\u00f3 kari szab\u00e1lyzat elfogad\u00e1s\u00e1r\u00f3l sz\u00f3l\u00f3 el\u0151terjeszt\u00e9s<\/a><br \/>\n<a href=\"https:\/\/semmelweis.hu\/jogigfoig\/files\/2016\/05\/53_sz_V_25_-kituntetesi_szabalyzat.pdf\" target=\"_blank\" rel=\"noopener noreferrer\">53\/2016. (V.25.) sz\u00e1m\u00fa hat\u00e1rozat az Egyetemi kit\u00fcntet\u00e9sek, d\u00edjak adom\u00e1nyoz\u00e1s\u00e1r\u00f3l, valamint az \u00e1llami kit\u00fcntet\u00e9sek felterjeszt\u00e9si elj\u00e1r\u00e1s\u00e1r\u00f3l c\u00edm\u0171 szab\u00e1lyzat m\u00f3dos\u00edt\u00e1s\u00e1r\u00f3l <\/a><br \/>\n<a href=\"https:\/\/semmelweis.hu\/jogigfoig\/files\/2016\/05\/54_sz_V_25_ProfEmer_dijak.pdf\">54\/2016. (V.25.) sz\u00e1m\u00fa hat\u00e1rozat a 2016. \u00e9vi Professor Emeritus c\u00edmek adom\u00e1nyoz\u00e1s\u00e1r\u00f3l<\/a><br \/>\n<a href=\"https:\/\/semmelweis.hu\/jogigfoig\/files\/2016\/05\/55_sz_V_25_allami_miniszteri_kitunt.pdf\">55\/2016. (V.25.) sz\u00e1m\u00fa hat\u00e1rozat a 2017. \u00e9vi \u00e1llami \u00e9s miniszteri kit\u00fcntet\u00e9sekre val\u00f3 felterjeszt\u00e9sr\u0151l<\/a><br \/>\n<a href=\"https:\/\/semmelweis.hu\/jogigfoig\/files\/2016\/05\/56_sz_V_25_ProUniv.pdf\">56\/2016. (V.25.) sz\u00e1m\u00fa hat\u00e1rozat Pro Universitate d\u00edj adom\u00e1nyoz\u00e1s\u00e1r\u00f3l<\/a><br \/>\n<a href=\"https:\/\/semmelweis.hu\/jogigfoig\/files\/2016\/05\/57_sz_V_25_KivaloOktato.pdf\">57\/2016. (V.25.) sz\u00e1m\u00fa hat\u00e1rozat a Semmelweis Egyetem Kiv\u00e1l\u00f3 Oktat\u00f3ja kit\u00fcntet\u00e9s adom\u00e1nyoz\u00e1s\u00e1r\u00f3l<\/a><br \/>\n<a href=\"https:\/\/semmelweis.hu\/jogigfoig\/files\/2016\/05\/58_sz_V_25_oraado_oktatoknak_cimek.pdf\">58\/2016. (V.25.) sz\u00e1m\u00fa hat\u00e1rozat az \u00f3raad\u00f3 oktat\u00f3knak adom\u00e1nyozhat\u00f3 c\u00edmek oda\u00edt\u00e9l\u00e9s\u00e9re<\/a><br \/>\n<a href=\"https:\/\/semmelweis.hu\/jogigfoig\/files\/2016\/05\/59_sz_V_25_AOK_igazg_tanszekv.pdf\">59\/2016. (V.25.) sz\u00e1m\u00fa hat\u00e1rozat az \u00c1ltal\u00e1nos Orvostudom\u00e1nyi Kar igazgat\u00f3i\/tansz\u00e9kvezet\u0151i megb\u00edz\u00e1saira be\u00e9rkezett p\u00e1ly\u00e1zatok v\u00e9lem\u00e9nyez\u00e9s\u00e9r\u0151l<\/a><br \/>\n<a href=\"https:\/\/semmelweis.hu\/jogigfoig\/files\/2016\/05\/60_sz_V_25_MR_Kutatokozpont.pdf\">60\/2016. (V.25.) sz\u00e1m\u00fa hat\u00e1rozat az MR Kutat\u00f3k\u00f6zpont igazgat\u00f3i megb\u00edz\u00e1s\u00e1ra be\u00e9rkezett p\u00e1ly\u00e1zat v\u00e9lem\u00e9nyez\u00e9s\u00e9r\u0151l<\/a><br \/>\n<a href=\"https:\/\/semmelweis.hu\/jogigfoig\/files\/2016\/06\/61_sz_V_25_Angiologiai_Tanszek_letreh.pdf\" target=\"_blank\" rel=\"noopener noreferrer\">61\/2016. (V.25.) sz\u00e1m\u00fa hat\u00e1rozat &#8222;az Angiol\u00f3giai Tansz\u00e9ki Csoport l\u00e9trehoz\u00e1s\u00e1r\u00f3l az \u00c9rseb\u00e9szeti Tansz\u00e9khez rendelten&#8221; c\u00edm\u0171 el\u0151terjeszt\u00e9s elfogad\u00e1s\u00e1r\u00f3l <\/a><br \/>\n<a href=\"https:\/\/semmelweis.hu\/jogigfoig\/files\/2016\/05\/62_sz_V_25_HugonnaiVilma.pdf\">62\/2016. (V.25.) sz\u00e1m\u00fa hat\u00e1rozat a 2016. \u00e9vi Hugonnai Vilma jutalomd\u00edj adom\u00e1nyoz\u00e1s\u00e1r\u00f3l c\u00edm\u0171 el\u0151terjeszt\u00e9s elfogad\u00e1s\u00e1r\u00f3l<\/a><br \/>\n<a href=\"https:\/\/semmelweis.hu\/jogigfoig\/files\/2016\/05\/63_sz_V_25_JendrassikErno.pdf\">63\/2016. (V.25.) sz\u00e1m\u00fa hat\u00e1rozat a 2016. \u00e9vi Jendrassik Ern\u0151 jutalomd\u00edj adom\u00e1nyoz\u00e1s\u00e1r\u00f3l c\u00edm\u0171 el\u0151terjeszt\u00e9s elfogad\u00e1s\u00e1r\u00f3l<\/a><br \/>\n<a href=\"https:\/\/semmelweis.hu\/jogigfoig\/files\/2016\/05\/64_sz_V_25_S_BudapestAward.pdf\">64\/2016. (V.25.) sz\u00e1m\u00fa hat\u00e1rozat a 2016. \u00e9vi Semmelweis Budapest Award nemzetk\u00f6zi d\u00edj adom\u00e1nyoz\u00e1s\u00e1r\u00f3l c\u00edm\u0171 el\u0151terjeszt\u00e9s elfogad\u00e1s\u00e1r\u00f3l<\/a><br \/>\n<a href=\"https:\/\/semmelweis.hu\/jogigfoig\/files\/2016\/05\/65_sz_V_25_FB_ugyrend.pdf\">65\/2016. (V.25.) sz\u00e1m\u00fa hat\u00e1rozat a Fel\u00fclb\u00edr\u00e1lati Bizotts\u00e1g \u00fcgyrendj\u00e9nek m\u00f3dos\u00edt\u00e1s\u00e1r\u00f3l<\/a><br \/>\n<a href=\"https:\/\/semmelweis.hu\/jogigfoig\/files\/2016\/06\/66_sz_V_25_Fekvobetegell_kapcs_gyogyszerell.pdf\" target=\"_blank\" rel=\"noopener noreferrer\">66\/2016. (V.25.) sz\u00e1m\u00fa hat\u00e1rozat a Fekv\u0151beteg ell\u00e1t\u00e1ssal kapcsolatos gy\u00f3gyszerell\u00e1t\u00e1sr\u00f3l c\u00edm\u0171 szab\u00e1lyzat m\u00f3dos\u00edt\u00e1s\u00e1r\u00f3l <\/a><br \/>\n<a href=\"https:\/\/semmelweis.hu\/jogigfoig\/files\/2016\/06\/67_sz_V_25_Teritesi_dij_Szabalyzat.pdf\" target=\"_blank\" rel=\"noopener noreferrer\">67\/2016. (V.25.) sz\u00e1m\u00fa hat\u00e1rozat a T\u00e9r\u00edt\u00e9si d\u00edj szab\u00e1lyzat m\u00f3dos\u00edt\u00e1s\u00e1r\u00f3l <\/a><br \/>\n<a href=\"https:\/\/semmelweis.hu\/jogigfoig\/files\/2016\/06\/68_sz_V_25_Varo_Elojegyzesi_szab_mod.pdf\" target=\"_blank\" rel=\"noopener noreferrer\">68\/2016. (V.25.) sz\u00e1m\u00fa hat\u00e1rozat a V\u00e1r\u00f3-, El\u0151jegyz\u00e9si \u00e9s Betegfogad\u00e1si List\u00e1kr\u00f3l c\u00edm\u0171 szab\u00e1lyzat m\u00f3dos\u00edt\u00e1s\u00e1r\u00f3l <\/a><\/p>\n","protected":false},"author":12,"featured_media":0,"parent":7792,"menu_order":6,"comment_status":"closed","ping_status":"closed","template":"","meta":{"_acf_changed":false,"footnotes":""},"categories":[1],"tags":[],"class_list":["post-4785","page","type-page","status-publish","hentry","category-egyeb"],"acf":[],"_links":{"self":[{"href":"https:\/\/semmelweis.hu\/jogigfoig\/wp-json\/wp\/v2\/pages\/4785","targetHints":{"allow":["GET"]}}],"collection":[{"href":"https:\/\/semmelweis.hu\/jogigfoig\/wp-json\/wp\/v2\/pages"}],"about":[{"href":"https:\/\/semmelweis.hu\/jogigfoig\/wp-json\/wp\/v2\/types\/page"}],"author":[{"embeddable":true,"href":"https:\/\/semmelweis.hu\/jogigfoig\/wp-json\/wp\/v2\/users\/12"}],"replies":[{"embeddable":true,"href":"https:\/\/semmelweis.hu\/jogigfoig\/wp-json\/wp\/v2\/comments?post=4785"}],"version-history":[{"count":10,"href":"https:\/\/semmelweis.hu\/jogigfoig\/wp-json\/wp\/v2\/pages\/4785\/revisions"}],"predecessor-version":[{"id":7808,"href":"https:\/\/semmelweis.hu\/jogigfoig\/wp-json\/wp\/v2\/pages\/4785\/revisions\/7808"}],"up":[{"embeddable":true,"href":"https:\/\/semmelweis.hu\/jogigfoig\/wp-json\/wp\/v2\/pages\/7792"}],"wp:attachment":[{"href":"https:\/\/semmelweis.hu\/jogigfoig\/wp-json\/wp\/v2\/media?parent=4785"}],"wp:term":[{"taxonomy":"category","embeddable":true,"href":"https:\/\/semmelweis.hu\/jogigfoig\/wp-json\/wp\/v2\/categories?post=4785"},{"taxonomy":"post_tag","embeddable":true,"href":"https:\/\/semmelweis.hu\/jogigfoig\/wp-json\/wp\/v2\/tags?post=4785"}],"curies":[{"name":"wp","href":"https:\/\/api.w.org\/{rel}","templated":true}]}}