{"id":4693,"date":"2016-05-05T15:51:13","date_gmt":"2016-05-05T13:51:13","guid":{"rendered":"http:\/\/semmelweis.hu\/jogigfoig\/?page_id=4693"},"modified":"2020-02-11T11:12:17","modified_gmt":"2020-02-11T10:12:17","slug":"2016-aprilis-28","status":"publish","type":"page","link":"https:\/\/semmelweis.hu\/jogigfoig\/testuletek\/szenatus\/2016-evi-szenatusi-hatarozatok\/2016-aprilis-28\/","title":{"rendered":"2016. \u00e1prilis 28."},"content":{"rendered":"<ul>\n<li style=\"text-align: justify\"><a href=\"https:\/\/semmelweis.hu\/jogigfoig\/files\/2016\/05\/N_IV_28_napirend_elfogadasarol.pdf\" target=\"_blank\" rel=\"noopener noreferrer\">N-IV.28.\/2016. sz\u00e1m\u00fa hat\u00e1rozat a szen\u00e1tusi \u00fcl\u00e9s napirendi pontjainak elfogad\u00e1s\u00e1r\u00f3l <\/a><\/li>\n<li style=\"text-align: justify\"><a href=\"https:\/\/semmelweis.hu\/jogigfoig\/files\/2016\/05\/36_sz_IV_28_Beszamolo_rektor_vez_tev.pdf\" target=\"_blank\" rel=\"noopener noreferrer\">36\/2016. (IV.28.) sz\u00e1m\u00fa hat\u00e1rozat Besz\u00e1mol\u00f3 a Semmelweis Egyetem Rektor\u00e1nak el\u0151z\u0151 \u00e9vi vezet\u0151i tev\u00e9kenys\u00e9g\u00e9r\u0151l <\/a><\/li>\n<li style=\"text-align: justify\"><a href=\"https:\/\/semmelweis.hu\/jogigfoig\/files\/2016\/06\/37_sz_IV_28_SZMSZ_egyes_rendelkezesei_jav.pdf\" target=\"_blank\" rel=\"noopener noreferrer\">37\/2016. (IV.28.) sz\u00e1m\u00fa hat\u00e1rozat a Szervezeti \u00e9s M\u0171k\u00f6d\u00e9si Szab\u00e1lyzat egyes rendelkez\u00e9seinek m\u00f3dos\u00edt\u00e1s\u00e1r\u00f3l sz\u00f3l\u00f3 el\u0151terjeszt\u00e9s elfogad\u00e1s\u00e1r\u00f3l<\/a><\/li>\n<li style=\"text-align: justify\"><a href=\"https:\/\/semmelweis.hu\/jogigfoig\/files\/2016\/05\/38_sz_IV_28_EKK_dekani_megbizas.pdf\">38\/2016. (IV.28.) sz\u00e1m\u00fa hat\u00e1rozat az Eg\u00e9szs\u00e9g\u00fcgyi K\u00f6zszolg\u00e1lati Kar d\u00e9k\u00e1ni megb\u00edz\u00e1s\u00e1ra be\u00e9rkezett p\u00e1ly\u00e1zat v\u00e9lem\u00e9nyez\u00e9s\u00e9r\u0151l<\/a><\/li>\n<li style=\"text-align: justify\"><a href=\"https:\/\/semmelweis.hu\/jogigfoig\/files\/2016\/05\/39_sz_IV_28_docensi_palyazatok.pdf\">39\/2016. (IV.28.) sz\u00e1m\u00fa hat\u00e1rozat a 2016. \u00e9vre meghirdetett egyetemi\/f\u0151iskolai docensi \u00e1ll\u00e1shelyekre be\u00e9rkezett p\u00e1ly\u00e1zatok v\u00e9lem\u00e9nyez\u00e9s\u00e9r\u0151l<\/a><\/li>\n<li style=\"text-align: justify\"><a href=\"https:\/\/semmelweis.hu\/jogigfoig\/files\/2016\/05\/40_sz_IV_28_AOK_igazgatoi_megbizasok.pdf\">40\/2016. (IV.28.) sz\u00e1m\u00fa hat\u00e1rozat az \u00c1ltal\u00e1nos Orvostudom\u00e1nyi Kar igazgat\u00f3i megb\u00edz\u00e1saira be\u00e9rkezett p\u00e1ly\u00e1zatok v\u00e9lem\u00e9nyez\u00e9s\u00e9r\u0151l<\/a><\/li>\n<li style=\"text-align: justify\"><a href=\"https:\/\/semmelweis.hu\/jogigfoig\/files\/2016\/05\/41_sz_IV_28_Gyogyszerterapi_es_Biz_uj_tag.pdf\">41\/2016. (IV.28.) sz\u00e1m\u00fa hat\u00e1rozat a Gy\u00f3gyszerter\u00e1pi\u00e1s Bizotts\u00e1g szem\u00e9lyi \u00f6sszet\u00e9tel\u00e9nek v\u00e1ltoz\u00e1s\u00e1r\u00f3l<\/a><\/li>\n<li style=\"text-align: justify\"><a href=\"https:\/\/semmelweis.hu\/jogigfoig\/files\/2016\/05\/42_sz_IV_28_arany_pecsetgyuru.pdf\">42\/2016. (IV.28.) sz\u00e1m\u00fa hat\u00e1rozat az Egyetem c\u00edmer\u00e9vel d\u00edsz\u00edtett arany pecs\u00e9tgy\u0171r\u0171 adom\u00e1nyoz\u00e1s\u00e1r\u00f3l c\u00edm\u0171 el\u0151terjeszt\u00e9s elfogad\u00e1s\u00e1r\u00f3l<\/a><\/li>\n<li style=\"text-align: justify\"><a href=\"https:\/\/semmelweis.hu\/jogigfoig\/files\/2016\/05\/43_sz_IV_28_Szabalytalansagok_kezelese_szab.pdf\">43\/2016. (IV.28.) sz\u00e1m\u00fa hat\u00e1rozat a Szab\u00e1lytalans\u00e1gok kezel\u00e9s\u00e9nek elj\u00e1r\u00e1srendje c\u00edm\u0171 szab\u00e1lyzat elfogad\u00e1s\u00e1r\u00f3l<\/a><\/li>\n<li style=\"text-align: justify\"><a href=\"https:\/\/semmelweis.hu\/jogigfoig\/files\/2016\/06\/44_2016_IV_28_Egyetemi-kitunt.pdf\" target=\"_blank\" rel=\"noopener noreferrer\">44\/2016. (IV.28.) sz\u00e1m\u00fa hat\u00e1rozat\u00a0az Egyetemi kit\u00fcntet\u00e9sek, d\u00edjak adom\u00e1nyoz\u00e1s\u00e1r\u00f3l, valamint az \u00e1llami kit\u00fcntet\u00e9sek felterjeszt\u00e9si elj\u00e1r\u00e1s\u00e1r\u00f3l c\u00edm\u0171 szab\u00e1lyzat m\u00f3dos\u00edt\u00e1s\u00e1r\u00f3l<\/a><\/li>\n<li style=\"text-align: justify\"><a href=\"https:\/\/semmelweis.hu\/jogigfoig\/files\/2016\/05\/45_sz_IV_28_Mozgasszervi_Daganatok_tanszeki_csoport_letreh.pdf\" target=\"_blank\" rel=\"noopener noreferrer\">45\/2016. (IV.28.) sz\u00e1m\u00fa hat\u00e1rozat a Mozg\u00e1sszervi Daganatok Tansz\u00e9ki Csoport l\u00e9trehoz\u00e1s\u00e1nak elfogad\u00e1s\u00e1r\u00f3l sz\u00f3l\u00f3 el\u0151terjeszt\u00e9s <\/a><\/li>\n<li style=\"text-align: justify\"><a href=\"https:\/\/semmelweis.hu\/jogigfoig\/files\/2016\/05\/46_sz_IV_28_Podiater_sztsz_ind.pdf\" target=\"_blank\" rel=\"noopener noreferrer\">46\/2016. (IV.28.) sz\u00e1m\u00fa hat\u00e1rozat a Podi\u00e1ter szakir\u00e1ny\u00fa tov\u00e1bbk\u00e9pz\u00e9s ind\u00edt\u00e1sa c\u00edm\u0171 el\u0151terjeszt\u00e9s elfogad\u00e1s\u00e1r\u00f3l <\/a><\/li>\n<li style=\"text-align: justify\"><a href=\"https:\/\/semmelweis.hu\/jogigfoig\/files\/2016\/05\/47_sz_IV_28_EKK_Mentalhigienes_szervezetfejl_sztsz_megszuntetes-1.pdf\" target=\"_blank\" rel=\"noopener noreferrer\">47\/2016. (IV.28.) sz\u00e1m\u00fa hat\u00e1rozat az Eg\u00e9szs\u00e9g\u00fcgyi K\u00f6zszolg\u00e1lati Kar Ment\u00e1lhigi\u00e9n\u00e9 Int\u00e9zet Ment\u00e1lhigi\u00e9n\u00e9s \u00e9s szervezetfejleszt\u0151 szakir\u00e1ny\u00fa tov\u00e1bbk\u00e9pz\u00e9si szak megsz\u00fcntet\u00e9s\u00e9r\u0151l <\/a><\/li>\n<li style=\"text-align: justify\"><a href=\"https:\/\/semmelweis.hu\/jogigfoig\/files\/2016\/05\/48_sz_IV_28_Laktacios_szaktanacsado_vizsg_felk_sztsz_megszuntetes.pdf\" target=\"_blank\" rel=\"noopener noreferrer\">48\/2016. (IV.28.) sz\u00e1m\u00fa hat\u00e1rozat az Eg\u00e9szs\u00e9g\u00fcgyi K\u00f6zszolg\u00e1lati Kar Ment\u00e1lhigi\u00e9n\u00e9 Int\u00e9zet Lakt\u00e1ci\u00f3s szaktan\u00e1csad\u00f3 vizsg\u00e1ra felk\u00e9sz\u00edt\u0151 szakir\u00e1ny\u00fa tov\u00e1bbk\u00e9pz\u00e9si szak megsz\u00fcntet\u00e9s\u00e9r\u0151l <\/a><\/li>\n<li style=\"text-align: justify\"><a href=\"https:\/\/semmelweis.hu\/jogigfoig\/files\/2016\/05\/49_sz_IV_28_Laktacios_szakt_sztsz_letes_es_ind.pdf\" target=\"_blank\" rel=\"noopener noreferrer\">49\/2016. (IV.28.) sz\u00e1m\u00fa hat\u00e1rozat az Eg\u00e9szs\u00e9g\u00fcgyi K\u00f6zszolg\u00e1lati Kar Ment\u00e1lhigi\u00e9n\u00e9 Int\u00e9zet Lakt\u00e1ci\u00f3s szaktan\u00e1csad\u00f3 szakir\u00e1ny\u00fa tov\u00e1bbk\u00e9pz\u00e9si szak l\u00e9tes\u00edt\u00e9s\u00e9nek \u00e9s ind\u00edt\u00e1s\u00e1nak elfogad\u00e1s\u00e1r\u00f3l <\/a><\/li>\n<li style=\"text-align: justify\"><a href=\"https:\/\/semmelweis.hu\/jogigfoig\/files\/2016\/05\/50_sz_IV_28_Minesegugyi_es_betegbizt_menedzs_sztsz_letes_es_ind.pdf\" target=\"_blank\" rel=\"noopener noreferrer\">50\/2016. (IV.28.) sz\u00e1m\u00fa hat\u00e1rozat az Eg\u00e9szs\u00e9g\u00fcgyi K\u00f6zszolg\u00e1lati Kar Menedzserk\u00e9pz\u0151 K\u00f6zpont Min\u0151s\u00e9g\u00fcgyi \u00e9s betegbiztons\u00e1gi menedzser (quality and patient safety manager) szakir\u00e1ny\u00fa tov\u00e1bbk\u00e9pz\u00e9si szak l\u00e9tes\u00edt\u00e9s\u00e9nek \u00e9s ind\u00edt\u00e1s\u00e1nak elfogad\u00e1s\u00e1r\u00f3l <\/a><\/li>\n<\/ul>\n","protected":false},"excerpt":{"rendered":"<p><a href=\"https:\/\/semmelweis.hu\/jogigfoig\/files\/2016\/05\/N_IV_28_napirend_elfogadasarol.pdf\" target=\"_blank\" rel=\"noopener noreferrer\">N-IV.28.\/2016. sz\u00e1m\u00fa hat\u00e1rozat a szen\u00e1tusi \u00fcl\u00e9s napirendi pontjainak elfogad\u00e1s\u00e1r\u00f3l <\/a><br \/>\n<a href=\"https:\/\/semmelweis.hu\/jogigfoig\/files\/2016\/05\/36_sz_IV_28_Beszamolo_rektor_vez_tev.pdf\" target=\"_blank\" rel=\"noopener noreferrer\">36\/2016. (IV.28.) sz\u00e1m\u00fa hat\u00e1rozat Besz\u00e1mol\u00f3 a Semmelweis Egyetem Rektor\u00e1nak el\u0151z\u0151 \u00e9vi vezet\u0151i tev\u00e9kenys\u00e9g\u00e9r\u0151l <\/a><br \/>\n<a href=\"https:\/\/semmelweis.hu\/jogigfoig\/files\/2016\/06\/37_sz_IV_28_SZMSZ_egyes_rendelkezesei_jav.pdf\" target=\"_blank\" rel=\"noopener noreferrer\">37\/2016. (IV.28.) sz\u00e1m\u00fa hat\u00e1rozat a Szervezeti \u00e9s M\u0171k\u00f6d\u00e9si Szab\u00e1lyzat egyes rendelkez\u00e9seinek m\u00f3dos\u00edt\u00e1s\u00e1r\u00f3l sz\u00f3l\u00f3 el\u0151terjeszt\u00e9s elfogad\u00e1s\u00e1r\u00f3l<\/a><br \/>\n<a href=\"https:\/\/semmelweis.hu\/jogigfoig\/files\/2016\/05\/38_sz_IV_28_EKK_dekani_megbizas.pdf\">38\/2016. (IV.28.) sz\u00e1m\u00fa hat\u00e1rozat az Eg\u00e9szs\u00e9g\u00fcgyi K\u00f6zszolg\u00e1lati Kar d\u00e9k\u00e1ni megb\u00edz\u00e1s\u00e1ra be\u00e9rkezett p\u00e1ly\u00e1zat v\u00e9lem\u00e9nyez\u00e9s\u00e9r\u0151l<\/a><br \/>\n<a href=\"https:\/\/semmelweis.hu\/jogigfoig\/files\/2016\/05\/39_sz_IV_28_docensi_palyazatok.pdf\">39\/2016. (IV.28.) sz\u00e1m\u00fa hat\u00e1rozat a 2016. \u00e9vre meghirdetett egyetemi\/f\u0151iskolai docensi \u00e1ll\u00e1shelyekre be\u00e9rkezett p\u00e1ly\u00e1zatok v\u00e9lem\u00e9nyez\u00e9s\u00e9r\u0151l<\/a><br \/>\n<a href=\"https:\/\/semmelweis.hu\/jogigfoig\/files\/2016\/05\/40_sz_IV_28_AOK_igazgatoi_megbizasok.pdf\">40\/2016. (IV.28.) sz\u00e1m\u00fa hat\u00e1rozat az \u00c1ltal\u00e1nos Orvostudom\u00e1nyi Kar igazgat\u00f3i megb\u00edz\u00e1saira be\u00e9rkezett p\u00e1ly\u00e1zatok v\u00e9lem\u00e9nyez\u00e9s\u00e9r\u0151l<\/a><br \/>\n<a href=\"https:\/\/semmelweis.hu\/jogigfoig\/files\/2016\/05\/41_sz_IV_28_Gyogyszerterapi_es_Biz_uj_tag.pdf\">41\/2016. (IV.28.) sz\u00e1m\u00fa hat\u00e1rozat a Gy\u00f3gyszerter\u00e1pi\u00e1s Bizotts\u00e1g szem\u00e9lyi \u00f6sszet\u00e9tel\u00e9nek v\u00e1ltoz\u00e1s\u00e1r\u00f3l<\/a><br \/>\n<a href=\"https:\/\/semmelweis.hu\/jogigfoig\/files\/2016\/05\/42_sz_IV_28_arany_pecsetgyuru.pdf\">42\/2016. (IV.28.) sz\u00e1m\u00fa hat\u00e1rozat az Egyetem c\u00edmer\u00e9vel d\u00edsz\u00edtett arany pecs\u00e9tgy\u0171r\u0171 adom\u00e1nyoz\u00e1s\u00e1r\u00f3l c\u00edm\u0171 el\u0151terjeszt\u00e9s elfogad\u00e1s\u00e1r\u00f3l<\/a><br \/>\n<a href=\"https:\/\/semmelweis.hu\/jogigfoig\/files\/2016\/05\/43_sz_IV_28_Szabalytalansagok_kezelese_szab.pdf\">43\/2016. (IV.28.) sz\u00e1m\u00fa hat\u00e1rozat a Szab\u00e1lytalans\u00e1gok kezel\u00e9s\u00e9nek elj\u00e1r\u00e1srendje c\u00edm\u0171 szab\u00e1lyzat elfogad\u00e1s\u00e1r\u00f3l<\/a><br \/>\n<a href=\"https:\/\/semmelweis.hu\/jogigfoig\/files\/2016\/06\/44_2016_IV_28_Egyetemi-kitunt.pdf\" target=\"_blank\" rel=\"noopener noreferrer\">44\/2016. (IV.28.) sz\u00e1m\u00fa hat\u00e1rozat\u00a0az Egyetemi kit\u00fcntet\u00e9sek, d\u00edjak adom\u00e1nyoz\u00e1s\u00e1r\u00f3l, valamint az \u00e1llami kit\u00fcntet\u00e9sek felterjeszt\u00e9si elj\u00e1r\u00e1s\u00e1r\u00f3l c\u00edm\u0171 szab\u00e1lyzat m\u00f3dos\u00edt\u00e1s\u00e1r\u00f3l<\/a><br \/>\n<a href=\"https:\/\/semmelweis.hu\/jogigfoig\/files\/2016\/05\/45_sz_IV_28_Mozgasszervi_Daganatok_tanszeki_csoport_letreh.pdf\" target=\"_blank\" rel=\"noopener noreferrer\">45\/2016. (IV.28.) sz\u00e1m\u00fa hat\u00e1rozat a Mozg\u00e1sszervi Daganatok Tansz\u00e9ki Csoport l\u00e9trehoz\u00e1s\u00e1nak elfogad\u00e1s\u00e1r\u00f3l sz\u00f3l\u00f3 el\u0151terjeszt\u00e9s <\/a><br \/>\n<a href=\"https:\/\/semmelweis.hu\/jogigfoig\/files\/2016\/05\/46_sz_IV_28_Podiater_sztsz_ind.pdf\" target=\"_blank\" rel=\"noopener noreferrer\">46\/2016. (IV.28.) sz\u00e1m\u00fa hat\u00e1rozat a Podi\u00e1ter szakir\u00e1ny\u00fa tov\u00e1bbk\u00e9pz\u00e9s ind\u00edt\u00e1sa c\u00edm\u0171 el\u0151terjeszt\u00e9s elfogad\u00e1s\u00e1r\u00f3l <\/a><br \/>\n<a href=\"https:\/\/semmelweis.hu\/jogigfoig\/files\/2016\/05\/47_sz_IV_28_EKK_Mentalhigienes_szervezetfejl_sztsz_megszuntetes-1.pdf\" target=\"_blank\" rel=\"noopener noreferrer\">47\/2016. (IV.28.) sz\u00e1m\u00fa hat\u00e1rozat az Eg\u00e9szs\u00e9g\u00fcgyi K\u00f6zszolg\u00e1lati Kar Ment\u00e1lhigi\u00e9n\u00e9 Int\u00e9zet Ment\u00e1lhigi\u00e9n\u00e9s \u00e9s szervezetfejleszt\u0151 szakir\u00e1ny\u00fa tov\u00e1bbk\u00e9pz\u00e9si szak megsz\u00fcntet\u00e9s\u00e9r\u0151l <\/a><br \/>\n<a href=\"https:\/\/semmelweis.hu\/jogigfoig\/files\/2016\/05\/48_sz_IV_28_Laktacios_szaktanacsado_vizsg_felk_sztsz_megszuntetes.pdf\" target=\"_blank\" rel=\"noopener noreferrer\">48\/2016. (IV.28.) sz\u00e1m\u00fa hat\u00e1rozat az Eg\u00e9szs\u00e9g\u00fcgyi K\u00f6zszolg\u00e1lati Kar Ment\u00e1lhigi\u00e9n\u00e9 Int\u00e9zet Lakt\u00e1ci\u00f3s szaktan\u00e1csad\u00f3 vizsg\u00e1ra felk\u00e9sz\u00edt\u0151 szakir\u00e1ny\u00fa tov\u00e1bbk\u00e9pz\u00e9si szak megsz\u00fcntet\u00e9s\u00e9r\u0151l <\/a><br \/>\n<a href=\"https:\/\/semmelweis.hu\/jogigfoig\/files\/2016\/05\/49_sz_IV_28_Laktacios_szakt_sztsz_letes_es_ind.pdf\" target=\"_blank\" rel=\"noopener noreferrer\">49\/2016. (IV.28.) sz\u00e1m\u00fa hat\u00e1rozat az Eg\u00e9szs\u00e9g\u00fcgyi K\u00f6zszolg\u00e1lati Kar Ment\u00e1lhigi\u00e9n\u00e9 Int\u00e9zet Lakt\u00e1ci\u00f3s szaktan\u00e1csad\u00f3 szakir\u00e1ny\u00fa tov\u00e1bbk\u00e9pz\u00e9si szak l\u00e9tes\u00edt\u00e9s\u00e9nek \u00e9s ind\u00edt\u00e1s\u00e1nak elfogad\u00e1s\u00e1r\u00f3l <\/a><br \/>\n<a href=\"https:\/\/semmelweis.hu\/jogigfoig\/files\/2016\/05\/50_sz_IV_28_Minesegugyi_es_betegbizt_menedzs_sztsz_letes_es_ind.pdf\" target=\"_blank\" rel=\"noopener noreferrer\">50\/2016. (IV.28.) sz\u00e1m\u00fa hat\u00e1rozat az Eg\u00e9szs\u00e9g\u00fcgyi K\u00f6zszolg\u00e1lati Kar Menedzserk\u00e9pz\u0151 K\u00f6zpont Min\u0151s\u00e9g\u00fcgyi \u00e9s betegbiztons\u00e1gi menedzser (quality and patient safety manager) szakir\u00e1ny\u00fa tov\u00e1bbk\u00e9pz\u00e9si szak l\u00e9tes\u00edt\u00e9s\u00e9nek \u00e9s ind\u00edt\u00e1s\u00e1nak elfogad\u00e1s\u00e1r\u00f3l <\/a><\/p>\n","protected":false},"author":12,"featured_media":0,"parent":7792,"menu_order":5,"comment_status":"closed","ping_status":"closed","template":"","meta":{"_acf_changed":false,"footnotes":""},"categories":[1],"tags":[],"class_list":["post-4693","page","type-page","status-publish","hentry","category-egyeb"],"acf":[],"_links":{"self":[{"href":"https:\/\/semmelweis.hu\/jogigfoig\/wp-json\/wp\/v2\/pages\/4693","targetHints":{"allow":["GET"]}}],"collection":[{"href":"https:\/\/semmelweis.hu\/jogigfoig\/wp-json\/wp\/v2\/pages"}],"about":[{"href":"https:\/\/semmelweis.hu\/jogigfoig\/wp-json\/wp\/v2\/types\/page"}],"author":[{"embeddable":true,"href":"https:\/\/semmelweis.hu\/jogigfoig\/wp-json\/wp\/v2\/users\/12"}],"replies":[{"embeddable":true,"href":"https:\/\/semmelweis.hu\/jogigfoig\/wp-json\/wp\/v2\/comments?post=4693"}],"version-history":[{"count":8,"href":"https:\/\/semmelweis.hu\/jogigfoig\/wp-json\/wp\/v2\/pages\/4693\/revisions"}],"predecessor-version":[{"id":7809,"href":"https:\/\/semmelweis.hu\/jogigfoig\/wp-json\/wp\/v2\/pages\/4693\/revisions\/7809"}],"up":[{"embeddable":true,"href":"https:\/\/semmelweis.hu\/jogigfoig\/wp-json\/wp\/v2\/pages\/7792"}],"wp:attachment":[{"href":"https:\/\/semmelweis.hu\/jogigfoig\/wp-json\/wp\/v2\/media?parent=4693"}],"wp:term":[{"taxonomy":"category","embeddable":true,"href":"https:\/\/semmelweis.hu\/jogigfoig\/wp-json\/wp\/v2\/categories?post=4693"},{"taxonomy":"post_tag","embeddable":true,"href":"https:\/\/semmelweis.hu\/jogigfoig\/wp-json\/wp\/v2\/tags?post=4693"}],"curies":[{"name":"wp","href":"https:\/\/api.w.org\/{rel}","templated":true}]}}