{"id":4615,"date":"2016-04-13T14:37:17","date_gmt":"2016-04-13T12:37:17","guid":{"rendered":"http:\/\/semmelweis.hu\/jogigfoig\/?page_id=4615"},"modified":"2018-03-28T15:25:26","modified_gmt":"2018-03-28T13:25:26","slug":"2016-marcius-22","status":"publish","type":"page","link":"https:\/\/semmelweis.hu\/jogigfoig\/testuletek\/konzisztorium\/2016-marcius-22\/","title":{"rendered":"2016. m\u00e1rcius 22."},"content":{"rendered":"<ul>\n<li><a href=\"https:\/\/semmelweis.hu\/jogigfoig\/files\/2016\/04\/1_sz_III_22_hat_kepesseg_ugyrend_elnok_megval.pdf\" target=\"_blank\" rel=\"noopener\">1\/2016. (III.22.) sz. hat. a hat\u00e1rozatk\u00e9pess\u00e9g meg\u00e1llap\u00edt\u00e1s\u00e1ra, a Konziszt\u00f3rium \u00fcgyrendj\u00e9nek elfogad\u00e1s\u00e1ra \u00e9s az Eln\u00f6k megv\u00e1laszt\u00e1s\u00e1ra ir\u00e1nyul\u00f3 napirendi pontok tekintet\u00e9ben <\/a><\/li>\n<li><a href=\"https:\/\/semmelweis.hu\/jogigfoig\/files\/2016\/04\/2_sz_III_22_hat_napirend_elfogadasrol.pdf\" target=\"_blank\" rel=\"noopener\">2\/2016. (III.22.) sz. hat. a napirend elfogad\u00e1s\u00e1r\u00f3l<\/a><\/li>\n<li><a href=\"https:\/\/semmelweis.hu\/jogigfoig\/files\/2016\/04\/3_sz_III_22_-hat_ugyrend_elfogadasarol.pdf\" target=\"_blank\" rel=\"noopener\">3\/2016. (III.22.) sz. hat. az \u00fcgyrend elfogad\u00e1s\u00e1r\u00f3l<\/a><\/li>\n<li><a href=\"https:\/\/semmelweis.hu\/jogigfoig\/files\/2016\/04\/5_sz_III_22_hat_IFT.pdf\" target=\"_blank\" rel=\"noopener\">5\/2016. (III.22.) sz. hat. a Semmelweis Egyetem Int\u00e9zm\u00e9nyfejleszt\u00e9si Terve 2016-2020 c\u00edm\u0171 el\u0151terjeszt\u00e9sr\u0151l <\/a><\/li>\n<li><a href=\"https:\/\/semmelweis.hu\/jogigfoig\/files\/2016\/04\/6_sz_III_22_hat_2015_evi_beszamolo.pdf\" target=\"_blank\" rel=\"noopener\">6\/2016. (III.22.) sz. hat. a 2015. \u00e9vi k\u00f6lts\u00e9gvet\u00e9si besz\u00e1mol\u00f3r\u00f3l sz\u00f3l\u00f3 el\u0151terjeszt\u00e9sr\u0151l <\/a><\/li>\n<li><a href=\"https:\/\/semmelweis.hu\/jogigfoig\/files\/2016\/04\/7_sz_III_22_hat_2016_evi_vezetoi_koltsegvetes.pdf\" target=\"_blank\" rel=\"noopener\">7\/2016. (III.22.) sz. hat. a Semmelweis Egyetem 2016. \u00e9vi vezet\u0151i k\u00f6lts\u00e9gvet\u00e9se c\u00edm\u0171 el\u0151terjeszt\u00e9sr\u0151l <\/a><\/li>\n<li><a href=\"https:\/\/semmelweis.hu\/jogigfoig\/files\/2016\/04\/8_sz_III_22_hat_Vagyongazdalkodasi_Terv.pdf\" target=\"_blank\" rel=\"noopener\">8\/2016. (III.22.) sz. hat. a Semmelweis Egyetem Vagyongazd\u00e1lkod\u00e1si Terve 2016. c\u00edm\u0171 el\u0151terjeszt\u00e9sr\u0151l<\/a><\/li>\n<\/ul>\n","protected":false},"excerpt":{"rendered":"<p><a href=\"https:\/\/semmelweis.hu\/jogigfoig\/files\/2016\/04\/1_sz_III_22_hat_kepesseg_ugyrend_elnok_megval.pdf\" target=\"_blank\" rel=\"noopener\">1\/2016. (III.22.) sz. hat. a hat\u00e1rozatk\u00e9pess\u00e9g meg\u00e1llap\u00edt\u00e1s\u00e1ra, a Konziszt\u00f3rium \u00fcgyrendj\u00e9nek elfogad\u00e1s\u00e1ra \u00e9s az Eln\u00f6k megv\u00e1laszt\u00e1s\u00e1ra ir\u00e1nyul\u00f3 napirendi pontok tekintet\u00e9ben <\/a><br \/>\n<a href=\"https:\/\/semmelweis.hu\/jogigfoig\/files\/2016\/04\/2_sz_III_22_hat_napirend_elfogadasrol.pdf\" target=\"_blank\" rel=\"noopener\">2\/2016. (III.22.) sz. hat. a napirend elfogad\u00e1s\u00e1r\u00f3l<\/a><br \/>\n<a href=\"https:\/\/semmelweis.hu\/jogigfoig\/files\/2016\/04\/3_sz_III_22_-hat_ugyrend_elfogadasarol.pdf\" target=\"_blank\" rel=\"noopener\">3\/2016. (III.22.) sz. hat. az \u00fcgyrend elfogad\u00e1s\u00e1r\u00f3l<\/a><br \/>\n<a href=\"https:\/\/semmelweis.hu\/jogigfoig\/files\/2016\/04\/5_sz_III_22_hat_IFT.pdf\" target=\"_blank\" rel=\"noopener\">5\/2016. (III.22.) sz. hat. a Semmelweis Egyetem Int\u00e9zm\u00e9nyfejleszt\u00e9si Terve 2016-2020 c\u00edm\u0171 el\u0151terjeszt\u00e9sr\u0151l <\/a><br \/>\n<a href=\"https:\/\/semmelweis.hu\/jogigfoig\/files\/2016\/04\/6_sz_III_22_hat_2015_evi_beszamolo.pdf\" target=\"_blank\" rel=\"noopener\">6\/2016. (III.22.) sz. hat. a 2015. \u00e9vi k\u00f6lts\u00e9gvet\u00e9si besz\u00e1mol\u00f3r\u00f3l sz\u00f3l\u00f3 el\u0151terjeszt\u00e9sr\u0151l <\/a><br \/>\n<a href=\"https:\/\/semmelweis.hu\/jogigfoig\/files\/2016\/04\/7_sz_III_22_hat_2016_evi_vezetoi_koltsegvetes.pdf\" target=\"_blank\" rel=\"noopener\">7\/2016. (III.22.) sz. hat. a Semmelweis Egyetem 2016. \u00e9vi vezet\u0151i k\u00f6lts\u00e9gvet\u00e9se c\u00edm\u0171 el\u0151terjeszt\u00e9sr\u0151l <\/a><br \/>\n<a href=\"https:\/\/semmelweis.hu\/jogigfoig\/files\/2016\/04\/8_sz_III_22_hat_Vagyongazdalkodasi_Terv.pdf\" target=\"_blank\" rel=\"noopener\">8\/2016. (III.22.) sz. hat. a Semmelweis Egyetem Vagyongazd\u00e1lkod\u00e1si Terve 2016. c\u00edm\u0171 el\u0151terjeszt\u00e9sr\u0151l<\/a><\/p>\n","protected":false},"author":128,"featured_media":0,"parent":4612,"menu_order":20,"comment_status":"closed","ping_status":"closed","template":"","meta":{"_acf_changed":false,"footnotes":""},"categories":[],"tags":[],"class_list":["post-4615","page","type-page","status-publish","hentry"],"acf":[],"_links":{"self":[{"href":"https:\/\/semmelweis.hu\/jogigfoig\/wp-json\/wp\/v2\/pages\/4615","targetHints":{"allow":["GET"]}}],"collection":[{"href":"https:\/\/semmelweis.hu\/jogigfoig\/wp-json\/wp\/v2\/pages"}],"about":[{"href":"https:\/\/semmelweis.hu\/jogigfoig\/wp-json\/wp\/v2\/types\/page"}],"author":[{"embeddable":true,"href":"https:\/\/semmelweis.hu\/jogigfoig\/wp-json\/wp\/v2\/users\/128"}],"replies":[{"embeddable":true,"href":"https:\/\/semmelweis.hu\/jogigfoig\/wp-json\/wp\/v2\/comments?post=4615"}],"version-history":[{"count":6,"href":"https:\/\/semmelweis.hu\/jogigfoig\/wp-json\/wp\/v2\/pages\/4615\/revisions"}],"predecessor-version":[{"id":10913,"href":"https:\/\/semmelweis.hu\/jogigfoig\/wp-json\/wp\/v2\/pages\/4615\/revisions\/10913"}],"up":[{"embeddable":true,"href":"https:\/\/semmelweis.hu\/jogigfoig\/wp-json\/wp\/v2\/pages\/4612"}],"wp:attachment":[{"href":"https:\/\/semmelweis.hu\/jogigfoig\/wp-json\/wp\/v2\/media?parent=4615"}],"wp:term":[{"taxonomy":"category","embeddable":true,"href":"https:\/\/semmelweis.hu\/jogigfoig\/wp-json\/wp\/v2\/categories?post=4615"},{"taxonomy":"post_tag","embeddable":true,"href":"https:\/\/semmelweis.hu\/jogigfoig\/wp-json\/wp\/v2\/tags?post=4615"}],"curies":[{"name":"wp","href":"https:\/\/api.w.org\/{rel}","templated":true}]}}