{"id":4612,"date":"2016-04-13T14:03:27","date_gmt":"2016-04-13T12:03:27","guid":{"rendered":"http:\/\/semmelweis.hu\/jogigfoig\/?page_id=4612"},"modified":"2022-09-12T12:01:30","modified_gmt":"2022-09-12T10:01:30","slug":"konzisztorium","status":"publish","type":"page","link":"https:\/\/semmelweis.hu\/jogigfoig\/testuletek\/konzisztorium\/","title":{"rendered":"Konziszt\u00f3rium (arch\u00edv)"},"content":{"rendered":"<p><strong>A Konziszt\u00f3rium 2021.08.01-el a Semmelweis Egyetem modellv\u00e1lt\u00e1s\u00e1val megsz\u00fcntette m\u0171k\u0151d\u00e9s\u00e9t.<\/strong><\/p>\n<p>&nbsp;<\/p>\n<p style=\"text-align: justify\">A konziszt\u00f3rium el\u0151zetes egyet\u00e9rt\u00e9se sz\u00fcks\u00e9ges az int\u00e9zm\u00e9nyfejleszt\u00e9si tervek, az \u00e9ves k\u00f6lts\u00e9gvet\u00e9s, a vagyongazd\u00e1lkod\u00e1si terv elfogad\u00e1s\u00e1hoz, valamint a szen\u00e1tus egyes, a fels\u0151oktat\u00e1sr\u00f3l sz\u00f3l\u00f3 t\u00f6rv\u00e9nyben meghat\u00e1rozott gazdas\u00e1gi k\u00f6vetkezm\u00e9nnyel j\u00e1r\u00f3 d\u00f6nt\u00e9seinek \u00e9rv\u00e9nyess\u00e9g\u00e9hez. A test\u00fclet sz\u00fcks\u00e9g szerint, de legal\u00e1bb \u00e9vente k\u00e9tszer \u00fcl\u00e9sezik. A deleg\u00e1lt tagok megb\u00edzat\u00e1sa \u00f6t \u00e9vre sz\u00f3l, \u00fajrav\u00e1laszthat\u00f3k \u00e9s t\u00e1rsadalmi munk\u00e1ban v\u00e9gzik a tev\u00e9kenys\u00e9g\u00fcket.<\/p>\n<p style=\"text-align: justify\">Az \u00f6ttag\u00fa test\u00fcletbe h\u00e1rom tagot az oktat\u00e1s\u00e9rt felel\u0151s miniszter deleg\u00e1l az int\u00e9zm\u00e9ny gazdas\u00e1gi-t\u00e1rsadalmi k\u00f6rnyezete, az int\u00e9zm\u00e9ny \u00e9s a hallgat\u00f3i \u00f6nkorm\u00e1nyzat javaslat\u00e1ra, valamint a konziszt\u00f3rium tagja a rektor \u00e9s a kancell\u00e1r.\u00a0<\/p>\n<p style=\"text-align: justify\">A test\u00fclet 2016-ban\u00a0elfogadta a m\u0171k\u00f6d\u00e9se alapj\u00e1ul szolg\u00e1l\u00f3 \u00fcgyrendet, amely pdf form\u00e1tumban az al\u00e1bbi linken el\u00e9rhet\u0151: <a href=\"https:\/\/semmelweis.hu\/jogigfoig\/files\/2018\/02\/SE_Konzisztorium_ugyrend.pdf\" target=\"_blank\" rel=\"noopener noreferrer\">Konziszt\u00f3riumi \u00fcgyrend<\/a>.<\/p>\n<div class=\"responsive-tabs\">\n<h2 class=\"tabtitle\">A konziszt\u00f3rium tagjai<\/h2>\n<div class=\"tabcontent\">\n\n<p><strong>Az egyetem konziszt\u00f3rium\u00e1nak tagjai:<\/strong><\/p>\n<ul>\n<li><strong>Dr. Nagy Zolt\u00e1n<\/strong>, Konziszt\u00f3rium eln\u00f6ke,\u00a0 Orsz\u00e1gos Idegtudom\u00e1nyi Int\u00e9zet\u00a0<\/li>\n<li>\n<div id=\"GroupWiseSection_1601621837000_valyon.beatrix@semmelweis-univ.hu_FE5D94000F3C0000BAA0A90DA2C4FA3B_\" class=\"GroupWiseMessageBody active\">\n<div><strong>Dr. Pavlik L\u00edvia<\/strong><span style=\"font-size: 1rem\">, a Semmelweis Egyetem kancell\u00e1rja<\/span><\/div>\n<\/div>\n<\/li>\n<li><strong>Dr. Merkely B\u00e9la<\/strong>, a Semmelweis Egyetem rektora<\/li>\n<li>\n<div id=\"GroupWiseSection_1571730417000_valyon.beatrix@semmelweis-univ.hu_FE5D94000F3C0000BAA0A90DA2C4FA3B_\" class=\"GroupWiseMessageBody\"><strong>Orb\u00e1n G\u00e1bor<\/strong>, Richter Gedeon Nyrt. vez\u00e9rigazgat\u00f3ja<\/div>\n<\/li>\n<li>\n<div id=\"GroupWiseSection_1571730417000_valyon.beatrix@semmelweis-univ.hu_FE5D94000F3C0000BAA0A90DA2C4FA3B_\" class=\"GroupWiseMessageBody\"><strong>Dr. Nagy R\u00f3za<\/strong>, Magyar Nemzeti Bank eln\u00f6k f\u0151tan\u00e1csad\u00f3ja<\/div>\n<\/li>\n<\/ul>\n\n<\/div><h2 class=\"tabtitle\">Konziszt\u00f3riumi hat\u00e1rozatok<\/h2>\n<div class=\"tabcontent\">\n\n<p><strong>Az egyetem konziszt\u00f3rium\u00e1nak hat\u00e1rozatai:<\/strong><\/p>\n<ul>\n<li><a href=\"https:\/\/semmelweis.hu\/jogigfoig\/testuletek\/konzisztorium\/2021-aprilis-8\/\">2021. \u00e1prilis 8.<\/a><\/li>\n<li><a href=\"https:\/\/semmelweis.hu\/jogigfoig\/files\/2020\/12\/6_2020_XII.-17._konz_hat_2021.-%C3%A9vi-vezet%C5%91i-k%C3%B6lts%C3%A9gvet%C3%A9s-koncepci%C3%B3j%C3%A1r%C3%B3l.pdf\">2020. december 17.<\/a><\/li>\n<li><a href=\"https:\/\/semmelweis.hu\/jogigfoig\/files\/2020\/11\/5_2020_XI.-24_konz_hat_Sportegyesulet.pdf\">2020. november 24.<\/a><\/li>\n<li><a href=\"https:\/\/semmelweis.hu\/jogigfoig\/files\/2020\/09\/4_2020_IX_21_a_Semmelweis_Egyetem_2020_evi_vezetoi_koltsegvetes_modositasarol.pdf\">2020. szeptember. 21.<\/a><\/li>\n<li><a href=\"https:\/\/semmelweis.hu\/jogigfoig\/files\/2020\/04\/3_2020_IV_27_-sz_hat__-a-Semmelweis_Egyetem_2020_evi_vezetoi_koltsegveteserol.pdf\">2020. \u00e1prilis 27.<\/a><\/li>\n<li><a href=\"https:\/\/semmelweis.hu\/jogigfoig\/testuletek\/konzisztorium\/2020-marcius-20\/\">2020. m\u00e1rcius 20.<\/a><\/li>\n<li><a href=\"https:\/\/semmelweis.hu\/jogigfoig\/testuletek\/konzisztorium\/2019-oktober-21\/\">2019. okt\u00f3ber 21.<\/a><\/li>\n<li><a href=\"https:\/\/semmelweis.hu\/jogigfoig\/testuletek\/konzisztorium\/2019-marcius-25\/\">2019. m\u00e1rcius 25.<\/a><\/li>\n<li><a href=\"https:\/\/semmelweis.hu\/jogigfoig\/testuletek\/konzisztorium\/2018-november-26\/\">2018. november 26.<\/a><\/li>\n<li><a href=\"https:\/\/semmelweis.hu\/jogigfoig\/testuletek\/konzisztorium\/2018-szeptember-24\/\">2018. szeptember 24.<\/a><\/li>\n<li><a href=\"https:\/\/semmelweis.hu\/jogigfoig\/testuletek\/konzisztorium\/2018-junius-14\/\">2018. j\u00fanius 14.<\/a><\/li>\n<li><a href=\"https:\/\/semmelweis.hu\/jogigfoig\/testuletek\/konzisztorium\/2018-marcius-23\/\">2018. m\u00e1rcius 23. (Elektronikus szavaz\u00e1s)<\/a><\/li>\n<li><a href=\"https:\/\/semmelweis.hu\/jogigfoig\/dokumentumtar\/konzisztoriumi-hatarozatok\/2017-szeptember-20\/\">2017. szeptember 18.<\/a><\/li>\n<li><a href=\"https:\/\/semmelweis.hu\/jogigfoig\/dokumentumtar\/konzisztoriumi-hatarozatok\/2017-aprilis-12\/\" target=\"_blank\" rel=\"noopener noreferrer\">2017. \u00e1prilis 12.<\/a><\/li>\n<li><a href=\"https:\/\/semmelweis.hu\/jogigfoig\/dokumentumtar\/konzisztoriumi-hatarozatok\/2017-marcius-27\/\" target=\"_blank\" rel=\"noopener noreferrer\">2017. m\u00e1rcius 27. (Elektronikus szavaz\u00e1s)<\/a><\/li>\n<li><a href=\"https:\/\/semmelweis.hu\/jogigfoig\/dokumentumtar\/konzisztoriumi-hatarozatok\/2016-december-6\/\" target=\"_blank\" rel=\"noopener noreferrer\">2016. december 6. (Elektronikus szavaz\u00e1s)<\/a><\/li>\n<li><a href=\"https:\/\/semmelweis.hu\/jogigfoig\/2016-augusztus-22\/\">2016. augusztus 22.<\/a><\/li>\n<li><a href=\"https:\/\/semmelweis.hu\/jogigfoig\/dokumentumtar\/konzisztoriumi-hatarozatok\/2016-junius-14\/\">2016. j\u00fanius 14.<\/a><\/li>\n<li><a href=\"https:\/\/semmelweis.hu\/jogigfoig\/dokumentumtar\/konzisztoriumi-hatarozatok\/2016-marcius-22\/\">2016. m\u00e1rcius 22.<\/a><\/li>\n<\/ul>\n<\/div><\/div>\n","protected":false},"excerpt":{"rendered":"<p>A Konziszt\u00f3rium 2021.08.01-el a Semmelweis Egyetem modellv\u00e1lt\u00e1s\u00e1val megsz\u00fcntette m\u0171k\u0151d\u00e9s\u00e9t. &nbsp; A konziszt\u00f3rium el\u0151zetes egyet\u00e9rt\u00e9se sz\u00fcks\u00e9ges az int\u00e9zm\u00e9nyfejleszt\u00e9si tervek, az \u00e9ves k\u00f6lts\u00e9gvet\u00e9s, a vagyongazd\u00e1lkod\u00e1si terv elfogad\u00e1s\u00e1hoz, valamint a szen\u00e1tus egyes, a fels\u0151oktat\u00e1sr\u00f3l sz\u00f3l\u00f3 t\u00f6rv\u00e9nyben meghat\u00e1rozott gazdas\u00e1gi k\u00f6vetkezm\u00e9nnyel j\u00e1r\u00f3 d\u00f6nt\u00e9seinek \u00e9rv\u00e9nyess\u00e9g\u00e9hez. A test\u00fclet sz\u00fcks\u00e9g szerint, de legal\u00e1bb \u00e9vente k\u00e9tszer \u00fcl\u00e9sezik. A deleg\u00e1lt tagok megb\u00edzat\u00e1sa \u00f6t \u00e9vre sz\u00f3l, &hellip;<\/p>\n","protected":false},"author":128,"featured_media":0,"parent":10496,"menu_order":2,"comment_status":"closed","ping_status":"closed","template":"","meta":{"_acf_changed":false,"footnotes":""},"categories":[],"tags":[],"class_list":["post-4612","page","type-page","status-publish","hentry"],"acf":[],"_links":{"self":[{"href":"https:\/\/semmelweis.hu\/jogigfoig\/wp-json\/wp\/v2\/pages\/4612","targetHints":{"allow":["GET"]}}],"collection":[{"href":"https:\/\/semmelweis.hu\/jogigfoig\/wp-json\/wp\/v2\/pages"}],"about":[{"href":"https:\/\/semmelweis.hu\/jogigfoig\/wp-json\/wp\/v2\/types\/page"}],"author":[{"embeddable":true,"href":"https:\/\/semmelweis.hu\/jogigfoig\/wp-json\/wp\/v2\/users\/128"}],"replies":[{"embeddable":true,"href":"https:\/\/semmelweis.hu\/jogigfoig\/wp-json\/wp\/v2\/comments?post=4612"}],"version-history":[{"count":12,"href":"https:\/\/semmelweis.hu\/jogigfoig\/wp-json\/wp\/v2\/pages\/4612\/revisions"}],"predecessor-version":[{"id":84751,"href":"https:\/\/semmelweis.hu\/jogigfoig\/wp-json\/wp\/v2\/pages\/4612\/revisions\/84751"}],"up":[{"embeddable":true,"href":"https:\/\/semmelweis.hu\/jogigfoig\/wp-json\/wp\/v2\/pages\/10496"}],"wp:attachment":[{"href":"https:\/\/semmelweis.hu\/jogigfoig\/wp-json\/wp\/v2\/media?parent=4612"}],"wp:term":[{"taxonomy":"category","embeddable":true,"href":"https:\/\/semmelweis.hu\/jogigfoig\/wp-json\/wp\/v2\/categories?post=4612"},{"taxonomy":"post_tag","embeddable":true,"href":"https:\/\/semmelweis.hu\/jogigfoig\/wp-json\/wp\/v2\/tags?post=4612"}],"curies":[{"name":"wp","href":"https:\/\/api.w.org\/{rel}","templated":true}]}}