{"id":4588,"date":"2016-04-11T11:38:53","date_gmt":"2016-04-11T09:38:53","guid":{"rendered":"http:\/\/semmelweis.hu\/jogigfoig\/?page_id=4588"},"modified":"2024-04-26T19:14:19","modified_gmt":"2024-04-26T17:14:19","slug":"2016-marcius-30","status":"publish","type":"page","link":"https:\/\/semmelweis.hu\/jogigfoig\/testuletek\/szenatus\/2016-evi-szenatusi-hatarozatok\/2016-marcius-30\/","title":{"rendered":"2016. m\u00e1rcius 30."},"content":{"rendered":"<ul>\n<li style=\"text-align: justify\"><a href=\"https:\/\/semmelweis.hu\/jogigfoig\/files\/2016\/04\/N_III_30_napirend_elfogadasarol.pdf\" target=\"_blank\" rel=\"noopener noreferrer\">N-III.30.\/2016. sz\u00e1m\u00fa hat\u00e1rozat a szen\u00e1tusi \u00fcl\u00e9s napirendi pontjainak elfogad\u00e1s\u00e1r\u00f3l<\/a><\/li>\n<li style=\"text-align: justify\"><a href=\"https:\/\/semmelweis.hu\/jogigfoig\/files\/2016\/04\/25_sz_III_30_2015_evi_beszamolo.pdf\" target=\"_blank\" rel=\"noopener noreferrer\">25\/2016. (III.30.) sz\u00e1m\u00fa hat\u00e1rozat a Semmelweis Egyetem 2015. \u00e9vi gazd\u00e1lkod\u00e1s\u00e1r\u00f3l sz\u00f3l\u00f3 besz\u00e1mol\u00f3 elfogad\u00e1s\u00e1r\u00f3l<\/a><\/li>\n<li style=\"text-align: justify\"><a href=\"https:\/\/semmelweis.hu\/jogigfoig\/files\/2016\/04\/26_sz_III_30_IFT.pdf\" target=\"_blank\" rel=\"noopener noreferrer\">26\/2016. (III.30.) sz\u00e1m\u00fa hat\u00e1rozat a Semmelweis Egyetem Int\u00e9zm\u00e9nyfejleszt\u00e9si Terv\u00e9nek elfogad\u00e1s\u00e1r\u00f3l<\/a><\/li>\n<li style=\"text-align: justify\"><a href=\"https:\/\/semmelweis.hu\/jogigfoig\/files\/2016\/04\/27_sz_III_30_2016_evi_koltsegvetes.pdf\" target=\"_blank\" rel=\"noopener noreferrer\">27\/2016. (III.30.) sz\u00e1m\u00fa hat\u00e1rozat a 2016. \u00e9vi vezet\u0151i k\u00f6lts\u00e9gvet\u00e9s elfogad\u00e1s\u00e1r\u00f3l<\/a><\/li>\n<li style=\"text-align: justify\"><a href=\"https:\/\/semmelweis.hu\/jogigfoig\/files\/2016\/04\/28_sz_III_30_Vagyongazd_terv.pdf\" target=\"_blank\" rel=\"noopener noreferrer\">28\/2016. (III.30.) sz\u00e1m\u00fa hat\u00e1rozat a Semmelweis Egyetem 2016. \u00e9vi Vagyongazd\u00e1lkod\u00e1si terv\u00e9nek elfogad\u00e1s\u00e1r\u00f3l<\/a><\/li>\n<li style=\"text-align: justify\"><a href=\"https:\/\/semmelweis.hu\/jogigfoig\/files\/2016\/04\/29_sz_III_30_ETK_dekanhelyettes.pdf\">29\/2016. (III.30.) sz\u00e1m\u00fa hat\u00e1rozat az Eg\u00e9szs\u00e9gtudom\u00e1nyi Kar tudom\u00e1nyos d\u00e9k\u00e1nhelyettesi megb\u00edz\u00e1s\u00e1ra be\u00e9rkezett p\u00e1ly\u00e1zat v\u00e9lem\u00e9nyez\u00e9s\u00e9r\u0151l<\/a><\/li>\n<li style=\"text-align: justify\"><a href=\"https:\/\/semmelweis.hu\/jogigfoig\/files\/2016\/04\/30_sz_III_30_FOK_igazgatoi_megbizas.pdf\">30\/2016. (III.30.) sz\u00e1m\u00fa hat\u00e1rozat az Eg\u00e9szs\u00e9gtudom\u00e1nyi Kar tudom\u00e1nyos d\u00e9k\u00e1nhelyettesi megb\u00edz\u00e1s\u00e1ra be\u00e9rkezett p\u00e1ly\u00e1zat v\u00e9lem\u00e9nyez\u00e9s\u00e9r\u0151l<\/a><\/li>\n<li style=\"text-align: justify\"><a href=\"https:\/\/semmelweis.hu\/jogigfoig\/files\/2016\/04\/31_sz_III_30_ETK_hivatalvezeto.pdf\">31\/2016. (III.30.) sz\u00e1m\u00fa hat\u00e1rozat az Eg\u00e9szs\u00e9gtudom\u00e1nyi Kar d\u00e9k\u00e1ni hivatalvezet\u0151i megb\u00edz\u00e1s\u00e1ra be\u00e9rkezett p\u00e1ly\u00e1zat v\u00e9lem\u00e9nyez\u00e9s\u00e9r\u0151l<\/a><\/li>\n<li style=\"text-align: justify\"><a href=\"https:\/\/semmelweis.hu\/jogigfoig\/files\/2016\/04\/32_sz_III_30_FogyatekosHallgatok_Bizotts_szemelyi_osszetetel.pdf\">32\/2016. (III.30.) sz\u00e1m\u00fa hat\u00e1rozat a Fogyat\u00e9kos Hallgat\u00f3k \u00dcgyeivel Foglalkoz\u00f3 Bizotts\u00e1g szem\u00e9lyi \u00f6sszet\u00e9tel\u00e9nek v\u00e1ltoz\u00e1s\u00e1r\u00f3l<\/a><\/li>\n<li style=\"text-align: justify\"><a href=\"https:\/\/semmelweis.hu\/jogigfoig\/files\/2016\/04\/33_sz_HOK_Alapszabaly_jovahagyasa.pdf\" target=\"_blank\" rel=\"noopener noreferrer\">33\/2016. (III.30.) sz\u00e1m\u00fa hat\u00e1rozat a Hallgat\u00f3i \u00d6nkorm\u00e1nyzat Alapszab\u00e1ly\u00e1nak j\u00f3v\u00e1hagy\u00e1s\u00e1r\u00f3l<\/a><\/li>\n<li style=\"text-align: justify\"><a href=\"https:\/\/semmelweis.hu\/jogigfoig\/files\/2016\/04\/34_sz_SzMSz_egyes_rendelkezeseinek_modositasarol.pdf\" target=\"_blank\" rel=\"noopener noreferrer\">34\/2016. (III.30.) sz\u00e1m\u00fa hat\u00e1rozat a Szervezeti \u00e9s M\u0171k\u00f6d\u00e9si Szab\u00e1lyzat egyes rendelkez\u00e9seinek m\u00f3dos\u00edt\u00e1s\u00e1r\u00f3l c\u00edm\u0171 el\u0151terjeszt\u00e9s elfogad\u00e1s\u00e1r\u00f3l<\/a><\/li>\n<li style=\"text-align: justify\"><a href=\"https:\/\/semmelweis.hu\/jogigfoig\/files\/2016\/04\/35_sz-_III_30_apolas_es_betegellatas_alapszak.pdf\" target=\"_blank\" rel=\"noopener noreferrer\">35\/2016. (III.30.) sz\u00e1m\u00fa hat\u00e1rozat az \u00c1pol\u00e1s \u00e9s betegell\u00e1t\u00e1s alapszak hang-, \u00e9s besz\u00e9d- \u00e9s nyel\u00e9sterapeuta szakir\u00e1ny l\u00e9tes\u00edt\u00e9s\u00e9nek elfogad\u00e1s\u00e1r\u00f3l<\/a><\/li>\n<\/ul>\n","protected":false},"excerpt":{"rendered":"<p><a href=\"https:\/\/semmelweis.hu\/jogigfoig\/files\/2016\/04\/N_III_30_napirend_elfogadasarol.pdf\" target=\"_blank\" rel=\"noopener noreferrer\">N-III.30.\/2016. sz\u00e1m\u00fa hat\u00e1rozat a szen\u00e1tusi \u00fcl\u00e9s napirendi pontjainak elfogad\u00e1s\u00e1r\u00f3l<\/a><br \/>\n<a href=\"https:\/\/semmelweis.hu\/jogigfoig\/files\/2016\/04\/25_sz_III_30_2015_evi_beszamolo.pdf\" target=\"_blank\" rel=\"noopener noreferrer\">25\/2016. (III.30.) sz\u00e1m\u00fa hat\u00e1rozat a Semmelweis Egyetem 2015. \u00e9vi gazd\u00e1lkod\u00e1s\u00e1r\u00f3l sz\u00f3l\u00f3 besz\u00e1mol\u00f3 elfogad\u00e1s\u00e1r\u00f3l<\/a><br \/>\n<a href=\"https:\/\/semmelweis.hu\/jogigfoig\/files\/2016\/04\/26_sz_III_30_IFT.pdf\" target=\"_blank\" rel=\"noopener noreferrer\">26\/2016. (III.30.) sz\u00e1m\u00fa hat\u00e1rozat a Semmelweis Egyetem Int\u00e9zm\u00e9nyfejleszt\u00e9si Terv\u00e9nek elfogad\u00e1s\u00e1r\u00f3l<\/a><br \/>\n<a href=\"https:\/\/semmelweis.hu\/jogigfoig\/files\/2016\/04\/27_sz_III_30_2016_evi_koltsegvetes.pdf\" target=\"_blank\" rel=\"noopener noreferrer\">27\/2016. (III.30.) sz\u00e1m\u00fa hat\u00e1rozat a 2016. \u00e9vi vezet\u0151i k\u00f6lts\u00e9gvet\u00e9s elfogad\u00e1s\u00e1r\u00f3l<\/a><br \/>\n<a href=\"https:\/\/semmelweis.hu\/jogigfoig\/files\/2016\/04\/28_sz_III_30_Vagyongazd_terv.pdf\" target=\"_blank\" rel=\"noopener noreferrer\">28\/2016. (III.30.) sz\u00e1m\u00fa hat\u00e1rozat a Semmelweis Egyetem 2016. \u00e9vi Vagyongazd\u00e1lkod\u00e1si terv\u00e9nek elfogad\u00e1s\u00e1r\u00f3l<\/a><br \/>\n<a href=\"https:\/\/semmelweis.hu\/jogigfoig\/files\/2016\/04\/29_sz_III_30_ETK_dekanhelyettes.pdf\">29\/2016. (III.30.) sz\u00e1m\u00fa hat\u00e1rozat az Eg\u00e9szs\u00e9gtudom\u00e1nyi Kar tudom\u00e1nyos d\u00e9k\u00e1nhelyettesi megb\u00edz\u00e1s\u00e1ra be\u00e9rkezett p\u00e1ly\u00e1zat v\u00e9lem\u00e9nyez\u00e9s\u00e9r\u0151l<\/a><br \/>\n<a href=\"https:\/\/semmelweis.hu\/jogigfoig\/files\/2016\/04\/30_sz_III_30_FOK_igazgatoi_megbizas.pdf\">30\/2016. (III.30.) sz\u00e1m\u00fa hat\u00e1rozat az Eg\u00e9szs\u00e9gtudom\u00e1nyi Kar tudom\u00e1nyos d\u00e9k\u00e1nhelyettesi megb\u00edz\u00e1s\u00e1ra be\u00e9rkezett p\u00e1ly\u00e1zat v\u00e9lem\u00e9nyez\u00e9s\u00e9r\u0151l<\/a><br \/>\n<a href=\"https:\/\/semmelweis.hu\/jogigfoig\/files\/2016\/04\/31_sz_III_30_ETK_hivatalvezeto.pdf\">31\/2016. (III.30.) sz\u00e1m\u00fa hat\u00e1rozat az Eg\u00e9szs\u00e9gtudom\u00e1nyi Kar d\u00e9k\u00e1ni hivatalvezet\u0151i megb\u00edz\u00e1s\u00e1ra be\u00e9rkezett p\u00e1ly\u00e1zat v\u00e9lem\u00e9nyez\u00e9s\u00e9r\u0151l<\/a><br \/>\n<a href=\"https:\/\/semmelweis.hu\/jogigfoig\/files\/2016\/04\/32_sz_III_30_FogyatekosHallgatok_Bizotts_szemelyi_osszetetel.pdf\">32\/2016. (III.30.) sz\u00e1m\u00fa hat\u00e1rozat a Fogyat\u00e9kos Hallgat\u00f3k \u00dcgyeivel Foglalkoz\u00f3 Bizotts\u00e1g szem\u00e9lyi \u00f6sszet\u00e9tel\u00e9nek v\u00e1ltoz\u00e1s\u00e1r\u00f3l<\/a><br \/>\n<a href=\"https:\/\/semmelweis.hu\/jogigfoig\/files\/2016\/04\/33_sz_HOK_Alapszabaly_jovahagyasa.pdf\" target=\"_blank\" rel=\"noopener noreferrer\">33\/2016. (III.30.) sz\u00e1m\u00fa hat\u00e1rozat a Hallgat\u00f3i \u00d6nkorm\u00e1nyzat Alapszab\u00e1ly\u00e1nak j\u00f3v\u00e1hagy\u00e1s\u00e1r\u00f3l<\/a><br \/>\n<a href=\"https:\/\/semmelweis.hu\/jogigfoig\/files\/2016\/04\/34_sz_SzMSz_egyes_rendelkezeseinek_modositasarol.pdf\" target=\"_blank\" rel=\"noopener noreferrer\">34\/2016. (III.30.) sz\u00e1m\u00fa hat\u00e1rozat a Szervezeti \u00e9s M\u0171k\u00f6d\u00e9si Szab\u00e1lyzat egyes rendelkez\u00e9seinek m\u00f3dos\u00edt\u00e1s\u00e1r\u00f3l c\u00edm\u0171 el\u0151terjeszt\u00e9s elfogad\u00e1s\u00e1r\u00f3l<\/a><br \/>\n<a href=\"https:\/\/semmelweis.hu\/jogigfoig\/files\/2016\/04\/35_sz-_III_30_apolas_es_betegellatas_alapszak.pdf\" target=\"_blank\" rel=\"noopener noreferrer\">35\/2016. (III.30.) sz\u00e1m\u00fa hat\u00e1rozat az \u00c1pol\u00e1s \u00e9s betegell\u00e1t\u00e1s alapszak hang-, \u00e9s besz\u00e9d- \u00e9s nyel\u00e9sterapeuta szakir\u00e1ny l\u00e9tes\u00edt\u00e9s\u00e9nek elfogad\u00e1s\u00e1r\u00f3l<\/a><\/p>\n","protected":false},"author":12,"featured_media":0,"parent":7792,"menu_order":4,"comment_status":"closed","ping_status":"closed","template":"","meta":{"_acf_changed":false,"footnotes":""},"categories":[1],"tags":[],"class_list":["post-4588","page","type-page","status-publish","hentry","category-egyeb"],"acf":[],"_links":{"self":[{"href":"https:\/\/semmelweis.hu\/jogigfoig\/wp-json\/wp\/v2\/pages\/4588","targetHints":{"allow":["GET"]}}],"collection":[{"href":"https:\/\/semmelweis.hu\/jogigfoig\/wp-json\/wp\/v2\/pages"}],"about":[{"href":"https:\/\/semmelweis.hu\/jogigfoig\/wp-json\/wp\/v2\/types\/page"}],"author":[{"embeddable":true,"href":"https:\/\/semmelweis.hu\/jogigfoig\/wp-json\/wp\/v2\/users\/12"}],"replies":[{"embeddable":true,"href":"https:\/\/semmelweis.hu\/jogigfoig\/wp-json\/wp\/v2\/comments?post=4588"}],"version-history":[{"count":10,"href":"https:\/\/semmelweis.hu\/jogigfoig\/wp-json\/wp\/v2\/pages\/4588\/revisions"}],"predecessor-version":[{"id":90320,"href":"https:\/\/semmelweis.hu\/jogigfoig\/wp-json\/wp\/v2\/pages\/4588\/revisions\/90320"}],"up":[{"embeddable":true,"href":"https:\/\/semmelweis.hu\/jogigfoig\/wp-json\/wp\/v2\/pages\/7792"}],"wp:attachment":[{"href":"https:\/\/semmelweis.hu\/jogigfoig\/wp-json\/wp\/v2\/media?parent=4588"}],"wp:term":[{"taxonomy":"category","embeddable":true,"href":"https:\/\/semmelweis.hu\/jogigfoig\/wp-json\/wp\/v2\/categories?post=4588"},{"taxonomy":"post_tag","embeddable":true,"href":"https:\/\/semmelweis.hu\/jogigfoig\/wp-json\/wp\/v2\/tags?post=4588"}],"curies":[{"name":"wp","href":"https:\/\/api.w.org\/{rel}","templated":true}]}}