{"id":4480,"date":"2016-03-11T20:24:39","date_gmt":"2016-03-11T19:24:39","guid":{"rendered":"http:\/\/semmelweis.hu\/jogigfoig\/?page_id=4480"},"modified":"2020-02-11T11:12:08","modified_gmt":"2020-02-11T10:12:08","slug":"2016-februar-25","status":"publish","type":"page","link":"https:\/\/semmelweis.hu\/jogigfoig\/testuletek\/szenatus\/2016-evi-szenatusi-hatarozatok\/2016-februar-25\/","title":{"rendered":"2016. febru\u00e1r 25."},"content":{"rendered":"<ul>\n<li style=\"text-align: justify\">N-II. 25.\/2016. sz\u00e1m\u00fa hat\u00e1rozat a szen\u00e1tusi \u00fcl\u00e9s napirendi pontjainak elfogad\u00e1s\u00e1r\u00f3l\u00a0<\/li>\n<li style=\"text-align: justify\"><a href=\"https:\/\/semmelweis.hu\/jogigfoig\/files\/2016\/03\/14_sz_II_25_Doktori_Tanacs_elnokh.pdf\">14\/2016. (II.25.) sz\u00e1m\u00fa hat\u00e1rozat a Semmelweis Egyetem Doktori Tan\u00e1cs\u00e1nak hat\u00e1rozata alapj\u00e1n Dr. Rig\u00f3 J\u00e1nos egyetemi tan\u00e1r felterjeszt\u00e9s\u00e9r\u0151l a Semmelweis Egyetem Doktori Tan\u00e1cs eln\u00f6khelyettes\u00e9nek<\/a><\/li>\n<li style=\"text-align: justify\"><a href=\"https:\/\/semmelweis.hu\/jogigfoig\/files\/2016\/03\/15_sz_II_25_ETT_uj_tag.pdf\">15\/2016. (II.25.) sz\u00e1m\u00fa hat\u00e1rozat az Egyetemi Tudom\u00e1nyos Tan\u00e1cs szem\u00e9lyi \u00f6sszet\u00e9tel\u00e9nek m\u00f3dos\u00edt\u00e1s\u00e1r\u00f3l<\/a><\/li>\n<li style=\"text-align: justify\"><a href=\"https:\/\/semmelweis.hu\/jogigfoig\/files\/2016\/03\/16_sz_II_25_Symposium.pdf\">16\/2016. (II.25.) sz\u00e1m\u00fa hat\u00e1rozat a 2016. \u00e9vi Semmelweis Symposium megrendez\u00e9si jog\u00e1nak oda\u00edt\u00e9l\u00e9s\u00e9r\u0151l<\/a><\/li>\n<li style=\"text-align: justify\"><a href=\"https:\/\/semmelweis.hu\/jogigfoig\/files\/2016\/03\/17_sz_II_25_egyetemi_tanari_palyazatok.pdf\">17\/2016. (II.25.) sz\u00e1m\u00fa hat\u00e1rozat 2016. \u00e9vre meghirdetett egyetemi tan\u00e1ri \u00e1ll\u00e1shelyekre be\u00e9rkezett p\u00e1ly\u00e1zatok v\u00e9lem\u00e9nyez\u00e9s\u00e9r\u0151l <\/a><\/li>\n<li style=\"text-align: justify\"><a href=\"https:\/\/semmelweis.hu\/jogigfoig\/files\/2016\/03\/18_sz_II_25_KKKI_igazgatoi_megbizas.pdf\">18\/2016. (II.25.) sz\u00e1m\u00fa hat\u00e1rozat a Klinikai K\u00eds\u00e9rleti Kutat\u00f3 Int\u00e9zet igazgat\u00f3i megb\u00edz\u00e1s\u00e1ra be\u00e9rkezett p\u00e1ly\u00e1zat v\u00e9lem\u00e9nyez\u00e9s\u00e9r\u0151l <\/a><\/li>\n<li style=\"text-align: justify\"><a href=\"https:\/\/semmelweis.hu\/jogigfoig\/files\/2016\/03\/19_sz_II_25_soron_kivuli_allashelyek.pdf\" target=\"_blank\" rel=\"noopener noreferrer\">19\/2016. (II.25.) sz\u00e1m\u00fa hat\u00e1rozat a 2016. \u00e9vben meghirdetni tervezett soron k\u00edv\u00fcli egyetemi docensi \u00e1ll\u00e1shelyek, valamint egy f\u0151 tudom\u00e1nyos f\u0151munkat\u00e1rsi \u00e1ll\u00e1shely l\u00e9trehoz\u00e1s\u00e1r\u00f3l az \u00c1ltal\u00e1nos Orvostudom\u00e1nyi Karon<\/a><\/li>\n<li style=\"text-align: justify\"><a href=\"https:\/\/semmelweis.hu\/jogigfoig\/files\/2016\/03\/20_sz_II_25_ProUniv_dij.pdf\">20\/2016. (II.25.) sz\u00e1m\u00fa hat\u00e1rozat Pro Universitate d\u00edj adom\u00e1nyoz\u00e1s\u00e1r\u00f3l<\/a><\/li>\n<li style=\"text-align: justify\"><a href=\"https:\/\/semmelweis.hu\/jogigfoig\/files\/2016\/03\/21_A_B_sz_II_25_DOK_Alapszab_mod_2016_02_25.pdf\" target=\"_blank\" rel=\"noopener noreferrer\">21\/A\/B\/2016. sz\u00e1m\u00fa hat\u00e1rozat a Doktorandusz \u00d6nkorm\u00e1nyzat Alapszab\u00e1lya m\u00f3dos\u00edt\u00e1s\u00e1nak j\u00f3v\u00e1hagy\u00e1s\u00e1r\u00f3l c\u00edm\u0171 el\u0151terjeszt\u00e9s elfogad\u00e1s\u00e1r\u00f3l \u00a0<\/a><\/li>\n<li style=\"text-align: justify\"><a href=\"https:\/\/semmelweis.hu\/jogigfoig\/files\/2016\/03\/22_sz_II_25_Nuklearis_Medicina_telephely_osszevonas.pdf\" target=\"_blank\" rel=\"noopener noreferrer\">22\/2016. (II.25.) sz\u00e1m\u00fa hat\u00e1rozat a Nukle\u00e1ris Medicina Tansz\u00e9k k\u00e9t telephely\u00e9nek az \u00f6sszevon\u00e1s\u00e1r\u00f3l\u00a0<\/a><\/li>\n<li style=\"text-align: justify\"><a href=\"https:\/\/semmelweis.hu\/jogigfoig\/files\/2016\/03\/koztarsasagi_osztondij_2016_03_12.pdf\" target=\"_blank\" rel=\"noopener noreferrer\">23\/2016. (II.25.) sz\u00e1m\u00fa hat\u00e1rozat a k\u00f6zt\u00e1rsas\u00e1gi \u00f6szt\u00f6nd\u00edj p\u00e1ly\u00e1zat elj\u00e1r\u00e1srendj\u00e9r\u0151l sz\u00f3l\u00f3 szab\u00e1lyzat elfogad\u00e1s\u00e1r\u00f3l<\/a><\/li>\n<li style=\"text-align: justify\"><a href=\"https:\/\/semmelweis.hu\/jogigfoig\/files\/2016\/03\/24_A_B_II_25_SZMSZ_kollegium.pdf\" target=\"_blank\" rel=\"noopener noreferrer\">24\/A\/B\/2016. (II.25.) sz\u00e1m\u00fa hat\u00e1rozat a Szervezeti \u00e9s M\u0171k\u00f6d\u00e9si Szab\u00e1lyzatnak a koll\u00e9giumi szervezeti v\u00e1ltoz\u00e1sok miatt sz\u00fcks\u00e9ges m\u00f3dos\u00edt\u00e1s\u00e1r\u00f3l <\/a><\/li>\n<\/ul>\n","protected":false},"excerpt":{"rendered":"<p>N-II. 25.\/2016. sz\u00e1m\u00fa hat\u00e1rozat a szen\u00e1tusi \u00fcl\u00e9s napirendi pontjainak elfogad\u00e1s\u00e1r\u00f3l\u00a0<br \/>\n<a href=\"https:\/\/semmelweis.hu\/jogigfoig\/files\/2016\/03\/14_sz_II_25_Doktori_Tanacs_elnokh.pdf\">14\/2016. (II.25.) sz\u00e1m\u00fa hat\u00e1rozat a Semmelweis Egyetem Doktori Tan\u00e1cs\u00e1nak hat\u00e1rozata alapj\u00e1n Dr. Rig\u00f3 J\u00e1nos egyetemi tan\u00e1r felterjeszt\u00e9s\u00e9r\u0151l a Semmelweis Egyetem Doktori Tan\u00e1cs eln\u00f6khelyettes\u00e9nek<\/a><br \/>\n<a href=\"https:\/\/semmelweis.hu\/jogigfoig\/files\/2016\/03\/15_sz_II_25_ETT_uj_tag.pdf\">15\/2016. (II.25.) sz\u00e1m\u00fa hat\u00e1rozat az Egyetemi Tudom\u00e1nyos Tan\u00e1cs szem\u00e9lyi \u00f6sszet\u00e9tel\u00e9nek m\u00f3dos\u00edt\u00e1s\u00e1r\u00f3l<\/a><br \/>\n<a href=\"https:\/\/semmelweis.hu\/jogigfoig\/files\/2016\/03\/16_sz_II_25_Symposium.pdf\">16\/2016. (II.25.) sz\u00e1m\u00fa hat\u00e1rozat a 2016. \u00e9vi Semmelweis Symposium megrendez\u00e9si jog\u00e1nak oda\u00edt\u00e9l\u00e9s\u00e9r\u0151l<\/a><br \/>\n<a href=\"https:\/\/semmelweis.hu\/jogigfoig\/files\/2016\/03\/17_sz_II_25_egyetemi_tanari_palyazatok.pdf\">17\/2016. (II.25.) sz\u00e1m\u00fa hat\u00e1rozat 2016. \u00e9vre meghirdetett egyetemi tan\u00e1ri \u00e1ll\u00e1shelyekre be\u00e9rkezett p\u00e1ly\u00e1zatok v\u00e9lem\u00e9nyez\u00e9s\u00e9r\u0151l <\/a><br \/>\n<a href=\"https:\/\/semmelweis.hu\/jogigfoig\/files\/2016\/03\/18_sz_II_25_KKKI_igazgatoi_megbizas.pdf\">18\/2016. (II.25.) sz\u00e1m\u00fa hat\u00e1rozat a Klinikai K\u00eds\u00e9rleti Kutat\u00f3 Int\u00e9zet igazgat\u00f3i megb\u00edz\u00e1s\u00e1ra be\u00e9rkezett p\u00e1ly\u00e1zat v\u00e9lem\u00e9nyez\u00e9s\u00e9r\u0151l <\/a><br \/>\n<a href=\"https:\/\/semmelweis.hu\/jogigfoig\/files\/2016\/03\/19_sz_II_25_soron_kivuli_allashelyek.pdf\" target=\"_blank\" rel=\"noopener noreferrer\">19\/2016. (II.25.) sz\u00e1m\u00fa hat\u00e1rozat a 2016. \u00e9vben meghirdetni tervezett soron k\u00edv\u00fcli egyetemi docensi \u00e1ll\u00e1shelyek, valamint egy f\u0151 tudom\u00e1nyos f\u0151munkat\u00e1rsi \u00e1ll\u00e1shely l\u00e9trehoz\u00e1s\u00e1r\u00f3l az \u00c1ltal\u00e1nos Orvostudom\u00e1nyi Karon<\/a><br \/>\n<a href=\"https:\/\/semmelweis.hu\/jogigfoig\/files\/2016\/03\/20_sz_II_25_ProUniv_dij.pdf\">20\/2016. (II.25.) sz\u00e1m\u00fa hat\u00e1rozat Pro Universitate d\u00edj adom\u00e1nyoz\u00e1s\u00e1r\u00f3l<\/a><br \/>\n<a href=\"https:\/\/semmelweis.hu\/jogigfoig\/files\/2016\/03\/21_A_B_sz_II_25_DOK_Alapszab_mod_2016_02_25.pdf\" target=\"_blank\" rel=\"noopener noreferrer\">21\/A\/B\/2016. sz\u00e1m\u00fa hat\u00e1rozat a Doktorandusz \u00d6nkorm\u00e1nyzat Alapszab\u00e1lya m\u00f3dos\u00edt\u00e1s\u00e1nak j\u00f3v\u00e1hagy\u00e1s\u00e1r\u00f3l c\u00edm\u0171 el\u0151terjeszt\u00e9s elfogad\u00e1s\u00e1r\u00f3l \u00a0<\/a><br \/>\n<a href=\"https:\/\/semmelweis.hu\/jogigfoig\/files\/2016\/03\/22_sz_II_25_Nuklearis_Medicina_telephely_osszevonas.pdf\" target=\"_blank\" rel=\"noopener noreferrer\">22\/2016. (II.25.) sz\u00e1m\u00fa hat\u00e1rozat a Nukle\u00e1ris Medicina Tansz\u00e9k k\u00e9t telephely\u00e9nek az \u00f6sszevon\u00e1s\u00e1r\u00f3l\u00a0<\/a><br \/>\n<a href=\"https:\/\/semmelweis.hu\/jogigfoig\/files\/2016\/03\/koztarsasagi_osztondij_2016_03_12.pdf\" target=\"_blank\" rel=\"noopener noreferrer\">23\/2016. (II.25.) sz\u00e1m\u00fa hat\u00e1rozat a k\u00f6zt\u00e1rsas\u00e1gi \u00f6szt\u00f6nd\u00edj p\u00e1ly\u00e1zat elj\u00e1r\u00e1srendj\u00e9r\u0151l sz\u00f3l\u00f3 szab\u00e1lyzat elfogad\u00e1s\u00e1r\u00f3l<\/a><br \/>\n<a href=\"https:\/\/semmelweis.hu\/jogigfoig\/files\/2016\/03\/24_A_B_II_25_SZMSZ_kollegium.pdf\" target=\"_blank\" rel=\"noopener noreferrer\">24\/A\/B\/2016. (II.25.) sz\u00e1m\u00fa hat\u00e1rozat a Szervezeti \u00e9s M\u0171k\u00f6d\u00e9si Szab\u00e1lyzatnak a koll\u00e9giumi szervezeti v\u00e1ltoz\u00e1sok miatt sz\u00fcks\u00e9ges m\u00f3dos\u00edt\u00e1s\u00e1r\u00f3l <\/a><\/p>\n","protected":false},"author":12,"featured_media":0,"parent":7792,"menu_order":3,"comment_status":"closed","ping_status":"closed","template":"","meta":{"_acf_changed":false,"footnotes":""},"categories":[1],"tags":[],"class_list":["post-4480","page","type-page","status-publish","hentry","category-egyeb"],"acf":[],"_links":{"self":[{"href":"https:\/\/semmelweis.hu\/jogigfoig\/wp-json\/wp\/v2\/pages\/4480","targetHints":{"allow":["GET"]}}],"collection":[{"href":"https:\/\/semmelweis.hu\/jogigfoig\/wp-json\/wp\/v2\/pages"}],"about":[{"href":"https:\/\/semmelweis.hu\/jogigfoig\/wp-json\/wp\/v2\/types\/page"}],"author":[{"embeddable":true,"href":"https:\/\/semmelweis.hu\/jogigfoig\/wp-json\/wp\/v2\/users\/12"}],"replies":[{"embeddable":true,"href":"https:\/\/semmelweis.hu\/jogigfoig\/wp-json\/wp\/v2\/comments?post=4480"}],"version-history":[{"count":9,"href":"https:\/\/semmelweis.hu\/jogigfoig\/wp-json\/wp\/v2\/pages\/4480\/revisions"}],"predecessor-version":[{"id":7811,"href":"https:\/\/semmelweis.hu\/jogigfoig\/wp-json\/wp\/v2\/pages\/4480\/revisions\/7811"}],"up":[{"embeddable":true,"href":"https:\/\/semmelweis.hu\/jogigfoig\/wp-json\/wp\/v2\/pages\/7792"}],"wp:attachment":[{"href":"https:\/\/semmelweis.hu\/jogigfoig\/wp-json\/wp\/v2\/media?parent=4480"}],"wp:term":[{"taxonomy":"category","embeddable":true,"href":"https:\/\/semmelweis.hu\/jogigfoig\/wp-json\/wp\/v2\/categories?post=4480"},{"taxonomy":"post_tag","embeddable":true,"href":"https:\/\/semmelweis.hu\/jogigfoig\/wp-json\/wp\/v2\/tags?post=4480"}],"curies":[{"name":"wp","href":"https:\/\/api.w.org\/{rel}","templated":true}]}}