{"id":4442,"date":"2016-02-19T10:22:05","date_gmt":"2016-02-19T09:22:05","guid":{"rendered":"http:\/\/semmelweis.hu\/jogigfoig\/?page_id=4442"},"modified":"2020-02-11T11:12:03","modified_gmt":"2020-02-11T10:12:03","slug":"2016-februar-12-elektronikus-szavazas","status":"publish","type":"page","link":"https:\/\/semmelweis.hu\/jogigfoig\/testuletek\/szenatus\/2016-evi-szenatusi-hatarozatok\/2016-februar-12-elektronikus-szavazas\/","title":{"rendered":"2016. febru\u00e1r 12. (elektronikus szavaz\u00e1s)"},"content":{"rendered":"<ul>\n<li style=\"text-align: justify\"><a href=\"https:\/\/semmelweis.hu\/jogigfoig\/files\/2016\/02\/12_2016_II_12_Mentalhigiene_Int_mentalhigiene-szakir.pdf\" target=\"_blank\" rel=\"noopener noreferrer\">12\/2016. (II.12.) sz. hat. a Ment\u00e1lhigi\u00e9n\u00e9 Int\u00e9zet Ment\u00e1lhigi\u00e9n\u00e9 szakir\u00e1ny\u00fa tov\u00e1bbk\u00e9pz\u00e9si szak ind\u00edt\u00e1s\u00e1r\u00f3l <\/a><\/li>\n<li style=\"text-align: justify\"><a href=\"https:\/\/semmelweis.hu\/jogigfoig\/files\/2016\/02\/13_2016_II_12_EKK_Digitalis-EgtInt_klinikai_vizsg_koordinator.pdf\" target=\"_blank\" rel=\"noopener noreferrer\">13\/2016. (II.12.) sz. hat az Eg\u00e9szs\u00e9g\u00fcgyi K\u00f6zszolg\u00e1lati Kar Digit\u00e1lis Eg\u00e9szs\u00e9gtudom\u00e1nyi Int\u00e9zet &#8222;Klinikai vizsg\u00e1lati koordin\u00e1tor (study coordin\u00e1tor, study nurse) szakir\u00e1ny\u00fa tov\u00e1bbk\u00e9pz\u00e9si szak&#8221; tanterv\u00e9nek \u00e9s tant\u00e1rgyi programj\u00e1nak m\u00f3dos\u00edt\u00e1s\u00e1r\u00f3l <\/a><\/li>\n<\/ul>\n<p>&nbsp;<\/p>\n","protected":false},"excerpt":{"rendered":"<p><a href=\"https:\/\/semmelweis.hu\/jogigfoig\/files\/2016\/02\/12_2016_II_12_Mentalhigiene_Int_mentalhigiene-szakir.pdf\" target=\"_blank\" rel=\"noopener noreferrer\">12\/2016. (II.12.) sz. hat. a Ment\u00e1lhigi\u00e9n\u00e9 Int\u00e9zet Ment\u00e1lhigi\u00e9n\u00e9 szakir\u00e1ny\u00fa tov\u00e1bbk\u00e9pz\u00e9si szak ind\u00edt\u00e1s\u00e1r\u00f3l <\/a><br \/>\n<a href=\"https:\/\/semmelweis.hu\/jogigfoig\/files\/2016\/02\/13_2016_II_12_EKK_Digitalis-EgtInt_klinikai_vizsg_koordinator.pdf\" target=\"_blank\" rel=\"noopener noreferrer\">13\/2016. (II.12.) sz. hat az Eg\u00e9szs\u00e9g\u00fcgyi K\u00f6zszolg\u00e1lati Kar Digit\u00e1lis Eg\u00e9szs\u00e9gtudom\u00e1nyi Int\u00e9zet &#8222;Klinikai vizsg\u00e1lati koordin\u00e1tor (study coordin\u00e1tor, study nurse) szakir\u00e1ny\u00fa tov\u00e1bbk\u00e9pz\u00e9si szak&#8221; tanterv\u00e9nek \u00e9s tant\u00e1rgyi programj\u00e1nak m\u00f3dos\u00edt\u00e1s\u00e1r\u00f3l <\/a><\/p>\n<p>&nbsp;<\/p>\n","protected":false},"author":12,"featured_media":0,"parent":7792,"menu_order":2,"comment_status":"closed","ping_status":"closed","template":"","meta":{"_acf_changed":false,"footnotes":""},"categories":[1],"tags":[],"class_list":["post-4442","page","type-page","status-publish","hentry","category-egyeb"],"acf":[],"_links":{"self":[{"href":"https:\/\/semmelweis.hu\/jogigfoig\/wp-json\/wp\/v2\/pages\/4442","targetHints":{"allow":["GET"]}}],"collection":[{"href":"https:\/\/semmelweis.hu\/jogigfoig\/wp-json\/wp\/v2\/pages"}],"about":[{"href":"https:\/\/semmelweis.hu\/jogigfoig\/wp-json\/wp\/v2\/types\/page"}],"author":[{"embeddable":true,"href":"https:\/\/semmelweis.hu\/jogigfoig\/wp-json\/wp\/v2\/users\/12"}],"replies":[{"embeddable":true,"href":"https:\/\/semmelweis.hu\/jogigfoig\/wp-json\/wp\/v2\/comments?post=4442"}],"version-history":[{"count":3,"href":"https:\/\/semmelweis.hu\/jogigfoig\/wp-json\/wp\/v2\/pages\/4442\/revisions"}],"predecessor-version":[{"id":7812,"href":"https:\/\/semmelweis.hu\/jogigfoig\/wp-json\/wp\/v2\/pages\/4442\/revisions\/7812"}],"up":[{"embeddable":true,"href":"https:\/\/semmelweis.hu\/jogigfoig\/wp-json\/wp\/v2\/pages\/7792"}],"wp:attachment":[{"href":"https:\/\/semmelweis.hu\/jogigfoig\/wp-json\/wp\/v2\/media?parent=4442"}],"wp:term":[{"taxonomy":"category","embeddable":true,"href":"https:\/\/semmelweis.hu\/jogigfoig\/wp-json\/wp\/v2\/categories?post=4442"},{"taxonomy":"post_tag","embeddable":true,"href":"https:\/\/semmelweis.hu\/jogigfoig\/wp-json\/wp\/v2\/tags?post=4442"}],"curies":[{"name":"wp","href":"https:\/\/api.w.org\/{rel}","templated":true}]}}