{"id":3676,"date":"2015-12-03T14:42:03","date_gmt":"2015-12-03T13:42:03","guid":{"rendered":"http:\/\/semmelweis.hu\/jogigfoig\/?page_id=3676"},"modified":"2020-02-11T11:27:44","modified_gmt":"2020-02-11T10:27:44","slug":"2015-november-26","status":"publish","type":"page","link":"https:\/\/semmelweis.hu\/jogigfoig\/testuletek\/szenatus\/2015-evi-szenatusi-hatarozatok\/2015-november-26\/","title":{"rendered":"2015. november 26."},"content":{"rendered":"<ul>\n<li style=\"text-align: justify\"><a href=\"https:\/\/semmelweis.hu\/jogigfoig\/files\/2016\/01\/N_XI_26_XII_17_napirend-elf.pdf\" target=\"_blank\" rel=\"noopener noreferrer\">N-XI.26.\/2015. sz\u00e1m\u00fa hat\u00e1rozat a szen\u00e1tusi \u00fcl\u00e9s napirendi pontjainak elfogad\u00e1s\u00e1r\u00f3l<\/a><\/li>\n<li style=\"text-align: justify\"><a href=\"https:\/\/semmelweis.hu\/jogigfoig\/files\/2015\/12\/130_sz_XI_26_Doktori_Tanacs_elnok.pdf\" target=\"_blank\" rel=\"noopener noreferrer\">130\/2015. (XI.26.) sz\u00e1m\u00fa hat\u00e1rozat a Semmelweis Egyetem Doktori Tan\u00e1cs eln\u00f6ki megb\u00edz\u00e1s\u00e1ra be\u00e9rkezett p\u00e1ly\u00e1zat v\u00e9lem\u00e9nyez\u00e9s\u00e9r\u0151l<\/a><\/li>\n<li style=\"text-align: justify\"><a href=\"https:\/\/semmelweis.hu\/jogigfoig\/files\/2016\/01\/131_XI_26_onallo_Onkologiai_Kozpont.pdf\" target=\"_blank\" rel=\"noopener noreferrer\">131\/2015. (XI.26.) sz\u00e1m\u00fa hat\u00e1rozat az \u00f6n\u00e1ll\u00f3 Onkol\u00f3giai K\u00f6zpont l\u00e9trehoz\u00e1s\u00e1r\u00f3l<\/a><\/li>\n<li style=\"text-align: justify\"><a href=\"https:\/\/semmelweis.hu\/jogigfoig\/files\/2016\/01\/132_XI_26_beszamolo_bizotts_munkajarol.pdf\" target=\"_blank\" rel=\"noopener noreferrer\">132\/2015. (XI.26.) sz\u00e1m\u00fa hat\u00e1rozat Besz\u00e1mol\u00f3 a Szen\u00e1tus \u00e1ltal l\u00e9trehozott Bizotts\u00e1gok munk\u00e1j\u00e1r\u00f3l<\/a><\/li>\n<li style=\"text-align: justify\"><a href=\"https:\/\/semmelweis.hu\/jogigfoig\/files\/2015\/12\/133_sz_XI_26_beren_kivuli_juttatas.pdf\" target=\"_blank\" rel=\"noopener noreferrer\">133\/2015. (XI.26.) sz\u00e1m\u00fa hat\u00e1rozat a Semmelweis Egyetem \u00e1ltal foglalkoztatottak b\u00e9ren k\u00edv\u00fcli juttat\u00e1sainak rendszer\u00e9r\u0151l sz\u00f3l\u00f3 szab\u00e1lyzat elfogad\u00e1s\u00e1r\u00f3l<\/a><\/li>\n<li style=\"text-align: justify\"><a href=\"https:\/\/semmelweis.hu\/jogigfoig\/files\/2015\/12\/134_sz_XI_26_egyetemi_kitunt_dijak.pdf\" target=\"_blank\" rel=\"noopener noreferrer\">134\/2015. (XI.26.) sz\u00e1m\u00fa hat\u00e1rozat az Egyetemi kit\u00fcntet\u00e9sek, d\u00edjak adom\u00e1nyoz\u00e1s\u00e1r\u00f3l, valamint az \u00e1llami kit\u00fcntet\u00e9sek felterjeszt\u00e9si elj\u00e1r\u00e1s\u00e1r\u00f3l sz\u00f3l\u00f3 szab\u00e1lyzat elfogad\u00e1s\u00e1r\u00f3l<\/a><\/li>\n<li style=\"text-align: justify\"><a href=\"https:\/\/semmelweis.hu\/jogigfoig\/files\/2015\/12\/135_sz_XI_26_Prof_Emer_cimmel_jaro_juttatasok.pdf\" target=\"_blank\" rel=\"noopener noreferrer\">135\/2015. (XI.26.) sz\u00e1m\u00fa hat\u00e1rozat a 2015. j\u00fanius 30. napj\u00e1t megel\u0151z\u0151en adom\u00e1nyozott Professor Emeritus c\u00edmmel j\u00e1r\u00f3 juttat\u00e1sok fel\u00fclvizsg\u00e1lat\u00e1ra vonatkoz\u00f3an<\/a><\/li>\n<li style=\"text-align: justify\"><a href=\"https:\/\/semmelweis.hu\/jogigfoig\/files\/2015\/12\/136_sz_XI_26_Kivalo_Tud_Diakk_Nevelo.pdf\" target=\"_blank\" rel=\"noopener noreferrer\">136\/2015. (XI.26.) sz\u00e1m\u00fa hat\u00e1rozat a &#8222;Semmelweis Egyetem Kiv\u00e1l\u00f3 Tudom\u00e1nyos Di\u00e1kk\u00f6ri Nevel\u0151je&#8221; kit\u00fcntet\u0151 c\u00edm adom\u00e1nyoz\u00e1s\u00e1r\u00f3l<\/a><\/li>\n<li style=\"text-align: justify\"><a href=\"https:\/\/semmelweis.hu\/jogigfoig\/files\/2015\/12\/137_sz_XI_26_klinikai_nem_klinikai_vizsg_szabalyai.pdf\" target=\"_blank\" rel=\"noopener noreferrer\">137\/2015. (XI.26.) sz\u00e1m\u00fa hat\u00e1rozat a kutat\u00e1sok rendj\u00e9r\u0151l \u00e9s a kutat\u00e1sokban, p\u00e1ly\u00e1zatokon t\u00f6rt\u00e9n\u0151 r\u00e9szv\u00e9tel szervezeti felt\u00e9teleir\u0151l sz\u00f3l\u00f3 szab\u00e1lyzat elfogad\u00e1s\u00e1r\u00f3l<\/a><\/li>\n<li style=\"text-align: justify\"><a href=\"https:\/\/semmelweis.hu\/jogigfoig\/files\/2015\/12\/138_sz_XI_26_palyazati_szabalyzat.pdf\" target=\"_blank\" rel=\"noopener noreferrer\">138\/2015. (XI.26.) sz\u00e1m\u00fa hat\u00e1rozat a P\u00e1ly\u00e1zati szab\u00e1lyzat elfogad\u00e1s\u00e1r\u00f3l<\/a><\/li>\n<li style=\"text-align: justify\"><a href=\"https:\/\/semmelweis.hu\/jogigfoig\/files\/2015\/12\/139_sz_XI_26_jo_tanulo_jo_sportolo.pdf\" target=\"_blank\" rel=\"noopener noreferrer\">139\/2015. (XI.26.) sz\u00e1m\u00fa hat\u00e1rozat &#8222;J\u00f3 tanul\u00f3 &#8211; J\u00f3 sportol\u00f3&#8221; kit\u00fcntet\u0151 c\u00edm adom\u00e1nyoz\u00e1si rendj\u00e9r\u0151l c\u00edm\u0171 szab\u00e1lyzat elfogad\u00e1s\u00e1r\u00f3l<\/a><\/li>\n<li style=\"text-align: justify\"><a href=\"https:\/\/semmelweis.hu\/jogigfoig\/files\/2016\/01\/140_A_B_XI_26_SZMSZ_egyes_rendelk.pdf\" target=\"_blank\" rel=\"noopener noreferrer\">140\/A\/B\/2015. (XI.26.) sz\u00e1m\u00fa hat\u00e1rozat a Szervezeti \u00e9s M\u0171k\u00f6d\u00e9si Szab\u00e1lyzat egyes rendelkez\u00e9seinek m\u00f3dos\u00edt\u00e1s\u00e1r\u00f3l<\/a><\/li>\n<\/ul>\n","protected":false},"excerpt":{"rendered":"<p><a href=\"https:\/\/semmelweis.hu\/jogigfoig\/files\/2016\/01\/N_XI_26_XII_17_napirend-elf.pdf\" target=\"_blank\" rel=\"noopener noreferrer\">N-XI.26.\/2015. sz\u00e1m\u00fa hat\u00e1rozat a szen\u00e1tusi \u00fcl\u00e9s napirendi pontjainak elfogad\u00e1s\u00e1r\u00f3l<\/a><br \/>\n<a href=\"https:\/\/semmelweis.hu\/jogigfoig\/files\/2015\/12\/130_sz_XI_26_Doktori_Tanacs_elnok.pdf\" target=\"_blank\" rel=\"noopener noreferrer\">130\/2015. (XI.26.) sz\u00e1m\u00fa hat\u00e1rozat a Semmelweis Egyetem Doktori Tan\u00e1cs eln\u00f6ki megb\u00edz\u00e1s\u00e1ra be\u00e9rkezett p\u00e1ly\u00e1zat v\u00e9lem\u00e9nyez\u00e9s\u00e9r\u0151l<\/a><br \/>\n<a href=\"https:\/\/semmelweis.hu\/jogigfoig\/files\/2016\/01\/131_XI_26_onallo_Onkologiai_Kozpont.pdf\" target=\"_blank\" rel=\"noopener noreferrer\">131\/2015. (XI.26.) sz\u00e1m\u00fa hat\u00e1rozat az \u00f6n\u00e1ll\u00f3 Onkol\u00f3giai K\u00f6zpont l\u00e9trehoz\u00e1s\u00e1r\u00f3l<\/a><br \/>\n<a href=\"https:\/\/semmelweis.hu\/jogigfoig\/files\/2016\/01\/132_XI_26_beszamolo_bizotts_munkajarol.pdf\" target=\"_blank\" rel=\"noopener noreferrer\">132\/2015. (XI.26.) sz\u00e1m\u00fa hat\u00e1rozat Besz\u00e1mol\u00f3 a Szen\u00e1tus \u00e1ltal l\u00e9trehozott Bizotts\u00e1gok munk\u00e1j\u00e1r\u00f3l<\/a><br \/>\n<a href=\"https:\/\/semmelweis.hu\/jogigfoig\/files\/2015\/12\/133_sz_XI_26_beren_kivuli_juttatas.pdf\" target=\"_blank\" rel=\"noopener noreferrer\">133\/2015. (XI.26.) sz\u00e1m\u00fa hat\u00e1rozat a Semmelweis Egyetem \u00e1ltal foglalkoztatottak b\u00e9ren k\u00edv\u00fcli juttat\u00e1sainak rendszer\u00e9r\u0151l sz\u00f3l\u00f3 szab\u00e1lyzat elfogad\u00e1s\u00e1r\u00f3l<\/a><br \/>\n<a href=\"https:\/\/semmelweis.hu\/jogigfoig\/files\/2015\/12\/134_sz_XI_26_egyetemi_kitunt_dijak.pdf\" target=\"_blank\" rel=\"noopener noreferrer\">134\/2015. (XI.26.) sz\u00e1m\u00fa hat\u00e1rozat az Egyetemi kit\u00fcntet\u00e9sek, d\u00edjak adom\u00e1nyoz\u00e1s\u00e1r\u00f3l, valamint az \u00e1llami kit\u00fcntet\u00e9sek felterjeszt\u00e9si elj\u00e1r\u00e1s\u00e1r\u00f3l sz\u00f3l\u00f3 szab\u00e1lyzat elfogad\u00e1s\u00e1r\u00f3l<\/a><br \/>\n<a href=\"https:\/\/semmelweis.hu\/jogigfoig\/files\/2015\/12\/135_sz_XI_26_Prof_Emer_cimmel_jaro_juttatasok.pdf\" target=\"_blank\" rel=\"noopener noreferrer\">135\/2015. (XI.26.) sz\u00e1m\u00fa hat\u00e1rozat a 2015. j\u00fanius 30. napj\u00e1t megel\u0151z\u0151en adom\u00e1nyozott Professor Emeritus c\u00edmmel j\u00e1r\u00f3 juttat\u00e1sok fel\u00fclvizsg\u00e1lat\u00e1ra vonatkoz\u00f3an<\/a><br \/>\n<a href=\"https:\/\/semmelweis.hu\/jogigfoig\/files\/2015\/12\/136_sz_XI_26_Kivalo_Tud_Diakk_Nevelo.pdf\" target=\"_blank\" rel=\"noopener noreferrer\">136\/2015. (XI.26.) sz\u00e1m\u00fa hat\u00e1rozat a &#8222;Semmelweis Egyetem Kiv\u00e1l\u00f3 Tudom\u00e1nyos Di\u00e1kk\u00f6ri Nevel\u0151je&#8221; kit\u00fcntet\u0151 c\u00edm adom\u00e1nyoz\u00e1s\u00e1r\u00f3l<\/a><br \/>\n<a href=\"https:\/\/semmelweis.hu\/jogigfoig\/files\/2015\/12\/137_sz_XI_26_klinikai_nem_klinikai_vizsg_szabalyai.pdf\" target=\"_blank\" rel=\"noopener noreferrer\">137\/2015. (XI.26.) sz\u00e1m\u00fa hat\u00e1rozat a kutat\u00e1sok rendj\u00e9r\u0151l \u00e9s a kutat\u00e1sokban, p\u00e1ly\u00e1zatokon t\u00f6rt\u00e9n\u0151 r\u00e9szv\u00e9tel szervezeti felt\u00e9teleir\u0151l sz\u00f3l\u00f3 szab\u00e1lyzat elfogad\u00e1s\u00e1r\u00f3l<\/a><br \/>\n<a href=\"https:\/\/semmelweis.hu\/jogigfoig\/files\/2015\/12\/138_sz_XI_26_palyazati_szabalyzat.pdf\" target=\"_blank\" rel=\"noopener noreferrer\">138\/2015. (XI.26.) sz\u00e1m\u00fa hat\u00e1rozat a P\u00e1ly\u00e1zati szab\u00e1lyzat elfogad\u00e1s\u00e1r\u00f3l<\/a><br \/>\n<a href=\"https:\/\/semmelweis.hu\/jogigfoig\/files\/2015\/12\/139_sz_XI_26_jo_tanulo_jo_sportolo.pdf\" target=\"_blank\" rel=\"noopener noreferrer\">139\/2015. (XI.26.) sz\u00e1m\u00fa hat\u00e1rozat &#8222;J\u00f3 tanul\u00f3 &#8211; J\u00f3 sportol\u00f3&#8221; kit\u00fcntet\u0151 c\u00edm adom\u00e1nyoz\u00e1si rendj\u00e9r\u0151l c\u00edm\u0171 szab\u00e1lyzat elfogad\u00e1s\u00e1r\u00f3l<\/a><br \/>\n<a href=\"https:\/\/semmelweis.hu\/jogigfoig\/files\/2016\/01\/140_A_B_XI_26_SZMSZ_egyes_rendelk.pdf\" target=\"_blank\" rel=\"noopener noreferrer\">140\/A\/B\/2015. (XI.26.) sz\u00e1m\u00fa hat\u00e1rozat a Szervezeti \u00e9s M\u0171k\u00f6d\u00e9si Szab\u00e1lyzat egyes rendelkez\u00e9seinek m\u00f3dos\u00edt\u00e1s\u00e1r\u00f3l<\/a><\/p>\n","protected":false},"author":12,"featured_media":0,"parent":7839,"menu_order":11,"comment_status":"closed","ping_status":"closed","template":"","meta":{"_acf_changed":false,"footnotes":""},"categories":[1],"tags":[],"class_list":["post-3676","page","type-page","status-publish","hentry","category-egyeb"],"acf":[],"_links":{"self":[{"href":"https:\/\/semmelweis.hu\/jogigfoig\/wp-json\/wp\/v2\/pages\/3676","targetHints":{"allow":["GET"]}}],"collection":[{"href":"https:\/\/semmelweis.hu\/jogigfoig\/wp-json\/wp\/v2\/pages"}],"about":[{"href":"https:\/\/semmelweis.hu\/jogigfoig\/wp-json\/wp\/v2\/types\/page"}],"author":[{"embeddable":true,"href":"https:\/\/semmelweis.hu\/jogigfoig\/wp-json\/wp\/v2\/users\/12"}],"replies":[{"embeddable":true,"href":"https:\/\/semmelweis.hu\/jogigfoig\/wp-json\/wp\/v2\/comments?post=3676"}],"version-history":[{"count":10,"href":"https:\/\/semmelweis.hu\/jogigfoig\/wp-json\/wp\/v2\/pages\/3676\/revisions"}],"predecessor-version":[{"id":7870,"href":"https:\/\/semmelweis.hu\/jogigfoig\/wp-json\/wp\/v2\/pages\/3676\/revisions\/7870"}],"up":[{"embeddable":true,"href":"https:\/\/semmelweis.hu\/jogigfoig\/wp-json\/wp\/v2\/pages\/7839"}],"wp:attachment":[{"href":"https:\/\/semmelweis.hu\/jogigfoig\/wp-json\/wp\/v2\/media?parent=3676"}],"wp:term":[{"taxonomy":"category","embeddable":true,"href":"https:\/\/semmelweis.hu\/jogigfoig\/wp-json\/wp\/v2\/categories?post=3676"},{"taxonomy":"post_tag","embeddable":true,"href":"https:\/\/semmelweis.hu\/jogigfoig\/wp-json\/wp\/v2\/tags?post=3676"}],"curies":[{"name":"wp","href":"https:\/\/api.w.org\/{rel}","templated":true}]}}