{"id":3613,"date":"2015-11-16T17:04:58","date_gmt":"2015-11-16T16:04:58","guid":{"rendered":"http:\/\/semmelweis.hu\/jogigfoig\/?page_id=3613"},"modified":"2020-02-11T11:27:37","modified_gmt":"2020-02-11T10:27:37","slug":"2015-oktober-29","status":"publish","type":"page","link":"https:\/\/semmelweis.hu\/jogigfoig\/testuletek\/szenatus\/2015-evi-szenatusi-hatarozatok\/2015-oktober-29\/","title":{"rendered":"2015. okt\u00f3ber 29."},"content":{"rendered":"<ul>\n<li style=\"text-align: justify\"><a href=\"https:\/\/semmelweis.hu\/jogigfoig\/files\/2015\/11\/N_X_29_napirend_elfog.pdf\" target=\"_blank\" rel=\"noopener noreferrer\">N-X.29.\/2015. sz. hat. a szen\u00e1tusi \u00fcl\u00e9s napirendi pontjainak elfogad\u00e1s\u00e1r\u00f3l <\/a><\/li>\n<li style=\"text-align: justify\"><a href=\"https:\/\/semmelweis.hu\/jogigfoig\/files\/2015\/11\/112_A_B_X_29_SZMSZ_egyes_rendelkezesei.pdf\" target=\"_blank\" rel=\"noopener noreferrer\">112\/A\/B\/2015. (X.29.) sz. hat. a Szervezeti \u00e9s M\u0171k\u00f6d\u00e9si Szab\u00e1lyzat egyes rendelkez\u00e9seinek m\u00f3dos\u00edt\u00e1s\u00e1r\u00f3l <\/a><\/li>\n<li style=\"text-align: justify\"><a href=\"https:\/\/semmelweis.hu\/jogigfoig\/files\/2015\/11\/Vagonyedelmi_es_Rendeszeti_Szabalyzat_2015_11_14.pdf\" target=\"_blank\" rel=\"noopener noreferrer\">113\/2015. (X.29.) sz. hat. a Vagyonv\u00e9delmi \u00e9s Rend\u00e9szeti Szab\u00e1lyzat elfogad\u00e1s\u00e1r\u00f3l <\/a><\/li>\n<li style=\"text-align: justify\"><a href=\"https:\/\/semmelweis.hu\/jogigfoig\/files\/2016\/01\/Tuzvedelmi_Szabalyzat_mod_20160129.pdf\" target=\"_blank\" rel=\"noopener noreferrer\">114\/2015. (X.29.) sz. hat. a T\u0171zv\u00e9delmi Szab\u00e1lyzat elfogad\u00e1s\u00e1r\u00f3l <\/a><\/li>\n<li style=\"text-align: justify\"><a href=\"https:\/\/semmelweis.hu\/jogigfoig\/files\/2015\/11\/115_X_29_AOK_dekanhelyettesi.pdf\" target=\"_blank\" rel=\"noopener noreferrer\">115\/2015. (X.29.) sz\u00e1m\u00fa hat\u00e1rozat az \u00c1ltal\u00e1nos Orvostudom\u00e1nyi Kar gradu\u00e1lis k\u00e9pz\u00e9s\u00e9rt felel\u0151s d\u00e9k\u00e1nhelyettesi megb\u00edz\u00e1s\u00e1ra be\u00e9rkezett p\u00e1ly\u00e1zat v\u00e9lem\u00e9nyez\u00e9s\u00e9r\u0151l<\/a><\/li>\n<li style=\"text-align: justify\"><a href=\"https:\/\/semmelweis.hu\/jogigfoig\/files\/2015\/11\/116_X_29_Gyermekgyogyaszati_fonover.pdf\" target=\"_blank\" rel=\"noopener noreferrer\">116\/2015. (X.29.) sz\u00e1m\u00fa hat\u00e1rozat az I. sz. Gyermekgy\u00f3gy\u00e1szati Klinika klinikavezet\u0151 f\u0151n\u0151v\u00e9ri megb\u00edz\u00e1s\u00e1ra be\u00e9rkezett p\u00e1ly\u00e1zat v\u00e9lem\u00e9nyez\u00e9s\u00e9r\u0151l<\/a><\/li>\n<li style=\"text-align: justify\"><a href=\"https:\/\/semmelweis.hu\/jogigfoig\/files\/2015\/11\/117_X_29_ovodavezetoi.pdf\" target=\"_blank\" rel=\"noopener noreferrer\">117\/2015. (X.29.) sz\u00e1m\u00fa hat\u00e1rozat az \u00f3vodavezet\u0151i megb\u00edz\u00e1sra be\u00e9rkezett p\u00e1ly\u00e1zatok v\u00e9lem\u00e9nyez\u00e9s\u00e9r\u0151l<\/a><\/li>\n<li style=\"text-align: justify\"><a href=\"https:\/\/semmelweis.hu\/jogigfoig\/files\/2015\/11\/118_X_29_RT_titkarsagvezetoi.pdf\" target=\"_blank\" rel=\"noopener noreferrer\">118\/2015. (X.29.) sz\u00e1m\u00fa hat\u00e1rozat a Rektori Titk\u00e1rs\u00e1g titk\u00e1rs\u00e1gvezet\u0151i megb\u00edz\u00e1s\u00e1ra be\u00e9rkezett p\u00e1ly\u00e1zatok v\u00e9lem\u00e9nyez\u00e9s\u00e9r\u0151l<\/a><\/li>\n<li style=\"text-align: justify\"><a href=\"https:\/\/semmelweis.hu\/jogigfoig\/files\/2015\/11\/119_X_29_Elettani_Transzplantacios_docensi.pdf\" target=\"_blank\" rel=\"noopener noreferrer\">119\/2015. (X.29.) sz\u00e1m\u00fa hat\u00e1rozat az \u00c9lettani Int\u00e9zet \u00e9s a Transzplant\u00e1ci\u00f3s \u00e9s Seb\u00e9szeti Klinika soron k\u00edv\u00fcli egyetemi docensi \u00e1ll\u00e1shelyeire be\u00e9rkezett p\u00e1ly\u00e1zatok v\u00e9lem\u00e9nyez\u00e9s\u00e9r\u0151l<\/a><\/li>\n<li style=\"text-align: justify\"><a href=\"https:\/\/semmelweis.hu\/jogigfoig\/files\/2015\/11\/120_A_B__X_29_SZMSZ_FKR.pdf\" target=\"_blank\" rel=\"noopener noreferrer\">120\/A\/B\/2015. (X.29.) sz. hat. a Szervezeti \u00e9s M\u0171k\u00f6d\u00e9si Szab\u00e1lyzatban foglalt &#8222;A Semmelweis Egyetem oktat\u00f3inak \u00e9s kutat\u00f3inak, tov\u00e1bb\u00e1 m\u00e1s dolgoz\u00f3inak jog\u00e1ll\u00e1s\u00e1r\u00f3l, a foglalkoztat\u00e1si k\u00f6vetelm\u00e9nyrendszer r\u00e9szletes szab\u00e1lyair\u00f3l&#8221; sz\u00f3l\u00f3 II. r\u00e9sz, tov\u00e1bb\u00e1 az SZMR kapcsol\u00f3d\u00f3 rendelkez\u00e9seinek m\u00f3dos\u00edt\u00e1s\u00e1r\u00f3l <\/a><\/li>\n<li style=\"text-align: justify\"><a href=\"https:\/\/semmelweis.hu\/jogigfoig\/files\/2015\/11\/121_sz-_X_29_KK_Tanacsado_Testulete.pdf\" target=\"_blank\" rel=\"noopener noreferrer\">121\/2015. (X.29.) sz\u00e1m\u00fa hat\u00e1rozat a Klinikai K\u00f6zpont Tan\u00e1csad\u00f3 Test\u00fclete 5 klinikaigazgat\u00f3 \u00e1lland\u00f3 tagj\u00e1nak a Klinikai K\u00f6zpont eln\u00f6ke \u00e1ltal t\u00f6rt\u00e9n\u0151 kijel\u00f6l\u00e9s\u00e9r\u0151l \u00e9s megb\u00edz\u00e1s\u00e1r\u00f3l<\/a><\/li>\n<li style=\"text-align: justify\"><a href=\"https:\/\/semmelweis.hu\/jogigfoig\/files\/2015\/11\/122_sz_X_29_Neurologiai_Kl_es_KUT_Neurologiai_Klinikai_csop_osszevonas.pdf\" target=\"_blank\" rel=\"noopener noreferrer\">122\/2015. (X.29.) sz. hat. a Semmelweis Egyetem Neurol\u00f3giai Klinika \u00e9s a K\u00fatv\u00f6lgyi Klinikai T\u00f6mb Neurol\u00f3giai Klinikai Csoport \u00f6sszevon\u00e1s\u00e1r\u00f3l <\/a><\/li>\n<li style=\"text-align: justify\"><a href=\"https:\/\/semmelweis.hu\/jogigfoig\/files\/2015\/11\/123_A_X_29_FB_uj_szemelyi_osszetetel.pdf\" target=\"_blank\" rel=\"noopener noreferrer\">123\/A\/2015. (X.29.) sz. hat. a Fel\u00fclb\u00edr\u00e1lati Bizotts\u00e1g \u00faj szem\u00e9lyi \u00f6sszet\u00e9tel\u00e9r\u0151l <\/a><\/li>\n<li style=\"text-align: justify\"><a href=\"https:\/\/semmelweis.hu\/jogigfoig\/files\/2015\/11\/123_B_X_29_FB_jogorvoslati-rend_mod.pdf\" target=\"_blank\" rel=\"noopener noreferrer\">123\/B\/2015. (X.29.) sz. hat. a jogorvoslati rend m\u00f3dos\u00edt\u00e1s\u00e1r\u00f3l <\/a><\/li>\n<li style=\"text-align: justify\"><a href=\"https:\/\/semmelweis.hu\/jogigfoig\/files\/2015\/11\/123_A_B_C_X_29_FB_osszetetel_jogorv_rend.pdf\" target=\"_blank\" rel=\"noopener noreferrer\">123\/C\/2015. (X.29.) sz\u00e1m\u00fa hat\u00e1rozat a Fel\u00fclb\u00edr\u00e1lati Bizotts\u00e1g \u00faj szem\u00e9lyi \u00f6sszet\u00e9tel\u00e9r\u0151l<\/a><\/li>\n<li style=\"text-align: justify\"><a href=\"https:\/\/semmelweis.hu\/jogigfoig\/files\/2015\/11\/124_sz_X_29_AOK_KAB_uj_tag.pdf\" target=\"_blank\" rel=\"noopener noreferrer\">124\/2015. (X.29.) sz\u00e1m\u00fa hat\u00e1rozat a Kredit\u00e1tviteli Bizotts\u00e1g \u00faj tagj\u00e1ra az \u00c1ltal\u00e1nos Orvostudom\u00e1nyi Karon<\/a><\/li>\n<li style=\"text-align: justify\"><a href=\"https:\/\/semmelweis.hu\/jogigfoig\/files\/2015\/11\/125_sz_X_29_Honved_Katasztrofa_Rendvedelmi_tanszeki_csop.pdf\" target=\"_blank\" rel=\"noopener noreferrer\">125\/2015. (X.29.) sz. hat. a Honv\u00e9d-, Katasztr\u00f3fa- \u00e9s Rendv\u00e9delmi Orvostan Tansz\u00e9k tansz\u00e9ki csoportt\u00e1 t\u00f6rt\u00e9n\u0151 \u00e1talak\u00edt\u00e1s\u00e1r\u00f3l az Aneszteziol\u00f3giai \u00e9s Intenz\u00edv Ter\u00e1pi\u00e1s Klinik\u00e1hoz rendelten<\/a><\/li>\n<li style=\"text-align: justify\"><a href=\"https:\/\/semmelweis.hu\/jogigfoig\/files\/2015\/11\/126_sz_X_29_Asklepiosi_tanszeki_csoportok.pdf\" target=\"_blank\" rel=\"noopener noreferrer\">126\/2015. (X.29.) sz\u00e1m\u00fa hat\u00e1rozat Tansz\u00e9ki Csoportok l\u00e9trehoz\u00e1s\u00e1ra a Semmelweis Egyetem Asklepios Campus Hamburg r\u00e9szleg\u00e9n<\/a><\/li>\n<li style=\"text-align: justify\"><a href=\"https:\/\/semmelweis.hu\/jogigfoig\/files\/2015\/11\/Erasmus_Szabalyzat-_2015_11_13.pdf\" target=\"_blank\" rel=\"noopener noreferrer\">127\/2015. sz. hat. az Erasmus+ Szab\u00e1lyzat elfogad\u00e1s\u00e1r\u00f3l <\/a><\/li>\n<li style=\"text-align: justify\"><a href=\"https:\/\/semmelweis.hu\/jogigfoig\/files\/2015\/11\/128_sz_X_29_Ingatlanok_ertekesitese_hat_mod.pdf\" target=\"_blank\" rel=\"noopener noreferrer\">128\/2015. (X.29.) sz. hat. a Semmelweis Egyetem hasznos\u00edt\u00e1s\u00e1ban \u00e9s tulajdon\u00e1ban l\u00e9v\u0151 ingatlanok \u00e9rt\u00e9kes\u00edt\u00e9s\u00e9re vonatkoz\u00f3 koncepci\u00f3j\u00e1r\u00f3l sz\u00f3l\u00f3 hat\u00e1rozat m\u00f3dos\u00edt\u00e1s\u00e1r\u00f3l <\/a><\/li>\n<li style=\"text-align: justify\"><a href=\"https:\/\/semmelweis.hu\/jogigfoig\/files\/2015\/11\/129_X_29_Vagyongazdlkod\u00e1si_Szabalyzat_hat_mod.pdf\" target=\"_blank\" rel=\"noopener noreferrer\">129\/2015. (X.29.) sz. hat a Vagyongazd\u00e1lkod\u00e1si Szab\u00e1lyzat elfogad\u00e1s\u00e1r\u00f3l sz\u00f3l\u00f3 hat\u00e1rozat m\u00f3dos\u00edt\u00e1s\u00e1r\u00f3l <\/a><\/li>\n<\/ul>\n<p>&nbsp;<\/p>\n","protected":false},"excerpt":{"rendered":"<p><a href=\"https:\/\/semmelweis.hu\/jogigfoig\/files\/2015\/11\/N_X_29_napirend_elfog.pdf\" target=\"_blank\" rel=\"noopener noreferrer\">N-X.29.\/2015. sz. hat. a szen\u00e1tusi \u00fcl\u00e9s napirendi pontjainak elfogad\u00e1s\u00e1r\u00f3l <\/a><br \/>\n<a href=\"https:\/\/semmelweis.hu\/jogigfoig\/files\/2015\/11\/112_A_B_X_29_SZMSZ_egyes_rendelkezesei.pdf\" target=\"_blank\" rel=\"noopener noreferrer\">112\/A\/B\/2015. (X.29.) sz. hat. a Szervezeti \u00e9s M\u0171k\u00f6d\u00e9si Szab\u00e1lyzat egyes rendelkez\u00e9seinek m\u00f3dos\u00edt\u00e1s\u00e1r\u00f3l <\/a><br \/>\n<a href=\"https:\/\/semmelweis.hu\/jogigfoig\/files\/2015\/11\/Vagonyedelmi_es_Rendeszeti_Szabalyzat_2015_11_14.pdf\" target=\"_blank\" rel=\"noopener noreferrer\">113\/2015. (X.29.) sz. hat. a Vagyonv\u00e9delmi \u00e9s Rend\u00e9szeti Szab\u00e1lyzat elfogad\u00e1s\u00e1r\u00f3l <\/a><br \/>\n<a href=\"https:\/\/semmelweis.hu\/jogigfoig\/files\/2016\/01\/Tuzvedelmi_Szabalyzat_mod_20160129.pdf\" target=\"_blank\" rel=\"noopener noreferrer\">114\/2015. (X.29.) sz. hat. a T\u0171zv\u00e9delmi Szab\u00e1lyzat elfogad\u00e1s\u00e1r\u00f3l <\/a><br \/>\n<a href=\"https:\/\/semmelweis.hu\/jogigfoig\/files\/2015\/11\/115_X_29_AOK_dekanhelyettesi.pdf\" target=\"_blank\" rel=\"noopener noreferrer\">115\/2015. (X.29.) sz\u00e1m\u00fa hat\u00e1rozat az \u00c1ltal\u00e1nos Orvostudom\u00e1nyi Kar gradu\u00e1lis k\u00e9pz\u00e9s\u00e9rt felel\u0151s d\u00e9k\u00e1nhelyettesi megb\u00edz\u00e1s\u00e1ra be\u00e9rkezett p\u00e1ly\u00e1zat v\u00e9lem\u00e9nyez\u00e9s\u00e9r\u0151l<\/a><br \/>\n<a href=\"https:\/\/semmelweis.hu\/jogigfoig\/files\/2015\/11\/116_X_29_Gyermekgyogyaszati_fonover.pdf\" target=\"_blank\" rel=\"noopener noreferrer\">116\/2015. (X.29.) sz\u00e1m\u00fa hat\u00e1rozat az I. sz. Gyermekgy\u00f3gy\u00e1szati Klinika klinikavezet\u0151 f\u0151n\u0151v\u00e9ri megb\u00edz\u00e1s\u00e1ra be\u00e9rkezett p\u00e1ly\u00e1zat v\u00e9lem\u00e9nyez\u00e9s\u00e9r\u0151l<\/a><br \/>\n<a href=\"https:\/\/semmelweis.hu\/jogigfoig\/files\/2015\/11\/117_X_29_ovodavezetoi.pdf\" target=\"_blank\" rel=\"noopener noreferrer\">117\/2015. (X.29.) sz\u00e1m\u00fa hat\u00e1rozat az \u00f3vodavezet\u0151i megb\u00edz\u00e1sra be\u00e9rkezett p\u00e1ly\u00e1zatok v\u00e9lem\u00e9nyez\u00e9s\u00e9r\u0151l<\/a><br \/>\n<a href=\"https:\/\/semmelweis.hu\/jogigfoig\/files\/2015\/11\/118_X_29_RT_titkarsagvezetoi.pdf\" target=\"_blank\" rel=\"noopener noreferrer\">118\/2015. (X.29.) sz\u00e1m\u00fa hat\u00e1rozat a Rektori Titk\u00e1rs\u00e1g titk\u00e1rs\u00e1gvezet\u0151i megb\u00edz\u00e1s\u00e1ra be\u00e9rkezett p\u00e1ly\u00e1zatok v\u00e9lem\u00e9nyez\u00e9s\u00e9r\u0151l<\/a><br \/>\n<a href=\"https:\/\/semmelweis.hu\/jogigfoig\/files\/2015\/11\/119_X_29_Elettani_Transzplantacios_docensi.pdf\" target=\"_blank\" rel=\"noopener noreferrer\">119\/2015. (X.29.) sz\u00e1m\u00fa hat\u00e1rozat az \u00c9lettani Int\u00e9zet \u00e9s a Transzplant\u00e1ci\u00f3s \u00e9s Seb\u00e9szeti Klinika soron k\u00edv\u00fcli egyetemi docensi \u00e1ll\u00e1shelyeire be\u00e9rkezett p\u00e1ly\u00e1zatok v\u00e9lem\u00e9nyez\u00e9s\u00e9r\u0151l<\/a><br \/>\n<a href=\"https:\/\/semmelweis.hu\/jogigfoig\/files\/2015\/11\/120_A_B__X_29_SZMSZ_FKR.pdf\" target=\"_blank\" rel=\"noopener noreferrer\">120\/A\/B\/2015. (X.29.) sz. hat. a Szervezeti \u00e9s M\u0171k\u00f6d\u00e9si Szab\u00e1lyzatban foglalt &#8222;A Semmelweis Egyetem oktat\u00f3inak \u00e9s kutat\u00f3inak, tov\u00e1bb\u00e1 m\u00e1s dolgoz\u00f3inak jog\u00e1ll\u00e1s\u00e1r\u00f3l, a foglalkoztat\u00e1si k\u00f6vetelm\u00e9nyrendszer r\u00e9szletes szab\u00e1lyair\u00f3l&#8221; sz\u00f3l\u00f3 II. r\u00e9sz, tov\u00e1bb\u00e1 az SZMR kapcsol\u00f3d\u00f3 rendelkez\u00e9seinek m\u00f3dos\u00edt\u00e1s\u00e1r\u00f3l <\/a><br \/>\n<a href=\"https:\/\/semmelweis.hu\/jogigfoig\/files\/2015\/11\/121_sz-_X_29_KK_Tanacsado_Testulete.pdf\" target=\"_blank\" rel=\"noopener noreferrer\">121\/2015. (X.29.) sz\u00e1m\u00fa hat\u00e1rozat a Klinikai K\u00f6zpont Tan\u00e1csad\u00f3 Test\u00fclete 5 klinikaigazgat\u00f3 \u00e1lland\u00f3 tagj\u00e1nak a Klinikai K\u00f6zpont eln\u00f6ke \u00e1ltal t\u00f6rt\u00e9n\u0151 kijel\u00f6l\u00e9s\u00e9r\u0151l \u00e9s megb\u00edz\u00e1s\u00e1r\u00f3l<\/a><br \/>\n<a href=\"https:\/\/semmelweis.hu\/jogigfoig\/files\/2015\/11\/122_sz_X_29_Neurologiai_Kl_es_KUT_Neurologiai_Klinikai_csop_osszevonas.pdf\" target=\"_blank\" rel=\"noopener noreferrer\">122\/2015. (X.29.) sz. hat. a Semmelweis Egyetem Neurol\u00f3giai Klinika \u00e9s a K\u00fatv\u00f6lgyi Klinikai T\u00f6mb Neurol\u00f3giai Klinikai Csoport \u00f6sszevon\u00e1s\u00e1r\u00f3l <\/a><br \/>\n<a href=\"https:\/\/semmelweis.hu\/jogigfoig\/files\/2015\/11\/123_A_X_29_FB_uj_szemelyi_osszetetel.pdf\" target=\"_blank\" rel=\"noopener noreferrer\">123\/A\/2015. (X.29.) sz. hat. a Fel\u00fclb\u00edr\u00e1lati Bizotts\u00e1g \u00faj szem\u00e9lyi \u00f6sszet\u00e9tel\u00e9r\u0151l <\/a><br \/>\n<a href=\"https:\/\/semmelweis.hu\/jogigfoig\/files\/2015\/11\/123_B_X_29_FB_jogorvoslati-rend_mod.pdf\" target=\"_blank\" rel=\"noopener noreferrer\">123\/B\/2015. (X.29.) sz. hat. a jogorvoslati rend m\u00f3dos\u00edt\u00e1s\u00e1r\u00f3l <\/a><br \/>\n<a href=\"https:\/\/semmelweis.hu\/jogigfoig\/files\/2015\/11\/123_A_B_C_X_29_FB_osszetetel_jogorv_rend.pdf\" target=\"_blank\" rel=\"noopener noreferrer\">123\/C\/2015. (X.29.) sz\u00e1m\u00fa hat\u00e1rozat a Fel\u00fclb\u00edr\u00e1lati Bizotts\u00e1g \u00faj szem\u00e9lyi \u00f6sszet\u00e9tel\u00e9r\u0151l<\/a><br \/>\n<a href=\"https:\/\/semmelweis.hu\/jogigfoig\/files\/2015\/11\/124_sz_X_29_AOK_KAB_uj_tag.pdf\" target=\"_blank\" rel=\"noopener noreferrer\">124\/2015. (X.29.) sz\u00e1m\u00fa hat\u00e1rozat a Kredit\u00e1tviteli Bizotts\u00e1g \u00faj tagj\u00e1ra az \u00c1ltal\u00e1nos Orvostudom\u00e1nyi Karon<\/a><br \/>\n<a href=\"https:\/\/semmelweis.hu\/jogigfoig\/files\/2015\/11\/125_sz_X_29_Honved_Katasztrofa_Rendvedelmi_tanszeki_csop.pdf\" target=\"_blank\" rel=\"noopener noreferrer\">125\/2015. (X.29.) sz. hat. a Honv\u00e9d-, Katasztr\u00f3fa- \u00e9s Rendv\u00e9delmi Orvostan Tansz\u00e9k tansz\u00e9ki csoportt\u00e1 t\u00f6rt\u00e9n\u0151 \u00e1talak\u00edt\u00e1s\u00e1r\u00f3l az Aneszteziol\u00f3giai \u00e9s Intenz\u00edv Ter\u00e1pi\u00e1s Klinik\u00e1hoz rendelten<\/a><br \/>\n<a href=\"https:\/\/semmelweis.hu\/jogigfoig\/files\/2015\/11\/126_sz_X_29_Asklepiosi_tanszeki_csoportok.pdf\" target=\"_blank\" rel=\"noopener noreferrer\">126\/2015. (X.29.) sz\u00e1m\u00fa hat\u00e1rozat Tansz\u00e9ki Csoportok l\u00e9trehoz\u00e1s\u00e1ra a Semmelweis Egyetem Asklepios Campus Hamburg r\u00e9szleg\u00e9n<\/a><br \/>\n<a href=\"https:\/\/semmelweis.hu\/jogigfoig\/files\/2015\/11\/Erasmus_Szabalyzat-_2015_11_13.pdf\" target=\"_blank\" rel=\"noopener noreferrer\">127\/2015. sz. hat. az Erasmus+ Szab\u00e1lyzat elfogad\u00e1s\u00e1r\u00f3l <\/a><br \/>\n<a href=\"https:\/\/semmelweis.hu\/jogigfoig\/files\/2015\/11\/128_sz_X_29_Ingatlanok_ertekesitese_hat_mod.pdf\" target=\"_blank\" rel=\"noopener noreferrer\">128\/2015. (X.29.) sz. hat. a Semmelweis Egyetem hasznos\u00edt\u00e1s\u00e1ban \u00e9s tulajdon\u00e1ban l\u00e9v\u0151 ingatlanok \u00e9rt\u00e9kes\u00edt\u00e9s\u00e9re vonatkoz\u00f3 koncepci\u00f3j\u00e1r\u00f3l sz\u00f3l\u00f3 hat\u00e1rozat m\u00f3dos\u00edt\u00e1s\u00e1r\u00f3l <\/a><br \/>\n<a href=\"https:\/\/semmelweis.hu\/jogigfoig\/files\/2015\/11\/129_X_29_Vagyongazdlkod\u00e1si_Szabalyzat_hat_mod.pdf\" target=\"_blank\" rel=\"noopener noreferrer\">129\/2015. (X.29.) sz. hat a Vagyongazd\u00e1lkod\u00e1si Szab\u00e1lyzat elfogad\u00e1s\u00e1r\u00f3l sz\u00f3l\u00f3 hat\u00e1rozat m\u00f3dos\u00edt\u00e1s\u00e1r\u00f3l <\/a><\/p>\n<p>&nbsp;<\/p>\n","protected":false},"author":12,"featured_media":0,"parent":7839,"menu_order":10,"comment_status":"closed","ping_status":"closed","template":"","meta":{"_acf_changed":false,"footnotes":""},"categories":[1],"tags":[],"class_list":["post-3613","page","type-page","status-publish","hentry","category-egyeb"],"acf":[],"_links":{"self":[{"href":"https:\/\/semmelweis.hu\/jogigfoig\/wp-json\/wp\/v2\/pages\/3613","targetHints":{"allow":["GET"]}}],"collection":[{"href":"https:\/\/semmelweis.hu\/jogigfoig\/wp-json\/wp\/v2\/pages"}],"about":[{"href":"https:\/\/semmelweis.hu\/jogigfoig\/wp-json\/wp\/v2\/types\/page"}],"author":[{"embeddable":true,"href":"https:\/\/semmelweis.hu\/jogigfoig\/wp-json\/wp\/v2\/users\/12"}],"replies":[{"embeddable":true,"href":"https:\/\/semmelweis.hu\/jogigfoig\/wp-json\/wp\/v2\/comments?post=3613"}],"version-history":[{"count":6,"href":"https:\/\/semmelweis.hu\/jogigfoig\/wp-json\/wp\/v2\/pages\/3613\/revisions"}],"predecessor-version":[{"id":7871,"href":"https:\/\/semmelweis.hu\/jogigfoig\/wp-json\/wp\/v2\/pages\/3613\/revisions\/7871"}],"up":[{"embeddable":true,"href":"https:\/\/semmelweis.hu\/jogigfoig\/wp-json\/wp\/v2\/pages\/7839"}],"wp:attachment":[{"href":"https:\/\/semmelweis.hu\/jogigfoig\/wp-json\/wp\/v2\/media?parent=3613"}],"wp:term":[{"taxonomy":"category","embeddable":true,"href":"https:\/\/semmelweis.hu\/jogigfoig\/wp-json\/wp\/v2\/categories?post=3613"},{"taxonomy":"post_tag","embeddable":true,"href":"https:\/\/semmelweis.hu\/jogigfoig\/wp-json\/wp\/v2\/tags?post=3613"}],"curies":[{"name":"wp","href":"https:\/\/api.w.org\/{rel}","templated":true}]}}