{"id":3594,"date":"2015-11-13T12:01:30","date_gmt":"2015-11-13T11:01:30","guid":{"rendered":"http:\/\/semmelweis.hu\/jogigfoig\/?page_id=3594"},"modified":"2024-07-01T11:44:03","modified_gmt":"2024-07-01T09:44:03","slug":"tuzvedelmi-szabalyzat-archivum","status":"publish","type":"page","link":"https:\/\/semmelweis.hu\/jogigfoig\/dokumentumtar\/szabalyzattar-archivum\/tuzvedelmi-szabalyzat-archivum\/","title":{"rendered":"T\u0171zv\u00e9delmi Szab\u00e1lyzat (Arch\u00edvum)"},"content":{"rendered":"<p><strong>Szab\u00e1lyzat arch\u00edv v\u00e1ltozatai:<\/strong><\/p>\n<ul>\n<li><a href=\"https:\/\/semmelweis.hu\/jogigfoig\/files\/2021\/02\/Tuzvedelmi_Szabalyzat_20171130_20200805.pdf\">2020. augusztus 5-ig<\/a><\/li>\n<li><a href=\"https:\/\/semmelweis.hu\/jogigfoig\/files\/2020\/08\/Tuzvedelmi_szabalyzat_hatalyos_20200806.pdf\">2021. j\u00falius 8-ig<\/a><\/li>\n<li><a href=\"https:\/\/semmelweis.hu\/jogigfoig\/files\/2021\/07\/Tuzvedelmi_szabalyzat_hatalyos_2021_07_09.pdf\">2022. szeptember 9-ig<\/a><\/li>\n<\/ul>\n","protected":false},"excerpt":{"rendered":"<p>Szab\u00e1lyzat arch\u00edv v\u00e1ltozatai:<\/p>\n<p><a href=\"https:\/\/semmelweis.hu\/jogigfoig\/files\/2021\/02\/Tuzvedelmi_Szabalyzat_20171130_20200805.pdf\">2020. augusztus 5-ig<\/a><br \/>\n<a href=\"https:\/\/semmelweis.hu\/jogigfoig\/files\/2020\/08\/Tuzvedelmi_szabalyzat_hatalyos_20200806.pdf\">2021. j\u00falius 8-ig<\/a><br \/>\n<a href=\"https:\/\/semmelweis.hu\/jogigfoig\/files\/2021\/07\/Tuzvedelmi_szabalyzat_hatalyos_2021_07_09.pdf\">2022. szeptember 9-ig<\/a><\/p>\n","protected":false},"author":128,"featured_media":0,"parent":362,"menu_order":0,"comment_status":"closed","ping_status":"closed","template":"","meta":{"_acf_changed":false,"footnotes":""},"categories":[],"tags":[],"class_list":["post-3594","page","type-page","status-publish","hentry"],"acf":[],"_links":{"self":[{"href":"https:\/\/semmelweis.hu\/jogigfoig\/wp-json\/wp\/v2\/pages\/3594","targetHints":{"allow":["GET"]}}],"collection":[{"href":"https:\/\/semmelweis.hu\/jogigfoig\/wp-json\/wp\/v2\/pages"}],"about":[{"href":"https:\/\/semmelweis.hu\/jogigfoig\/wp-json\/wp\/v2\/types\/page"}],"author":[{"embeddable":true,"href":"https:\/\/semmelweis.hu\/jogigfoig\/wp-json\/wp\/v2\/users\/128"}],"replies":[{"embeddable":true,"href":"https:\/\/semmelweis.hu\/jogigfoig\/wp-json\/wp\/v2\/comments?post=3594"}],"version-history":[{"count":10,"href":"https:\/\/semmelweis.hu\/jogigfoig\/wp-json\/wp\/v2\/pages\/3594\/revisions"}],"predecessor-version":[{"id":90843,"href":"https:\/\/semmelweis.hu\/jogigfoig\/wp-json\/wp\/v2\/pages\/3594\/revisions\/90843"}],"up":[{"embeddable":true,"href":"https:\/\/semmelweis.hu\/jogigfoig\/wp-json\/wp\/v2\/pages\/362"}],"wp:attachment":[{"href":"https:\/\/semmelweis.hu\/jogigfoig\/wp-json\/wp\/v2\/media?parent=3594"}],"wp:term":[{"taxonomy":"category","embeddable":true,"href":"https:\/\/semmelweis.hu\/jogigfoig\/wp-json\/wp\/v2\/categories?post=3594"},{"taxonomy":"post_tag","embeddable":true,"href":"https:\/\/semmelweis.hu\/jogigfoig\/wp-json\/wp\/v2\/tags?post=3594"}],"curies":[{"name":"wp","href":"https:\/\/api.w.org\/{rel}","templated":true}]}}