{"id":357,"date":"2012-03-02T08:56:00","date_gmt":"2012-03-02T08:56:00","guid":{"rendered":"http:\/\/semmelweis-egyetem.hu\/rektori-hivatal\/?page_id=357"},"modified":"2020-02-13T09:44:45","modified_gmt":"2020-02-13T08:44:45","slug":"2012-februar-23","status":"publish","type":"page","link":"https:\/\/semmelweis.hu\/jogigfoig\/testuletek\/szenatus\/2012-evi-szenatusi-hatarozatok\/2012-februar-23\/","title":{"rendered":"2012. febru\u00e1r 23."},"content":{"rendered":"<ul>\n<li style=\"text-align: justify\"><a href=\"https:\/\/semmelweis.hu\/rektori-hivatal\/files\/2012\/03\/N-II.-23_2012_Napirend-elfogad\u00e1sa.pdf\">N-II.23.\/2012. sz\u00e1m\u00fa hat\u00e1rozata a szen\u00e1tusi \u00fcl\u00e9s napirendi pontjainak elfogad\u00e1s\u00e1r\u00f3l<\/a><\/li>\n<li style=\"text-align: justify\"><a href=\"https:\/\/semmelweis.hu\/rektori-hivatal\/files\/2012\/03\/11.sz_._II.23._-KK-Szab\u00e1lyzat_m\u00f3dos\u00edt\u00e1s.pdf\">11\/2012. (II.23.) sz\u00e1m\u00fa hat\u00e1rozata a Klinikai Kutat\u00e1si Szab\u00e1lyzat m\u00f3dos\u00edt\u00e1s\u00e1r\u00f3l<\/a><\/li>\n<li style=\"text-align: justify\"><a href=\"https:\/\/semmelweis.hu\/rektori-hivatal\/files\/2012\/03\/12.sz_.-_II.-23._-Besz\u00e1mol\u00f3-a-2011.-\u00e9vi-gazd\u00e1lkod\u00e1sr\u00f3l.pdf\">12\/2012. (II.23.) sz\u00e1m\u00fa hat\u00e1rozata a Semmelweis Egyetem 2011. \u00e9vi gazd\u00e1lkod\u00e1s\u00e1r\u00f3l el\u0151terjesztett besz\u00e1mol\u00f3 elfogad\u00e1s\u00e1r\u00f3l<\/a><\/li>\n<li style=\"text-align: justify\"><a href=\"https:\/\/semmelweis.hu\/rektori-hivatal\/files\/2012\/03\/13.sz_.-_II.23._-2012.-\u00e9vi-k\u00f6lts\u00e9gvet\u00e9s-elfogad\u00e1sa.pdf\">13\/2012. (II.23.) sz\u00e1m\u00fa hat\u00e1rozata a Semmelweis Egyetem 2012. \u00e9vi k\u00f6lts\u00e9gvet\u00e9s\u00e9nek elfogad\u00e1s\u00e1r\u00f3l<\/a><\/li>\n<li style=\"text-align: justify\"><a href=\"https:\/\/semmelweis.hu\/jogigfoig\/files\/2012\/03\/14_A_sz_II_23_ETK_dekani_megbizas.pdf\" target=\"_blank\" rel=\"noopener noreferrer\">14.A\/2012. (II.23.) sz\u00e1m\u00fa hat\u00e1rozata az Eg\u00e9szs\u00e9gtudom\u00e1nyi Kar d\u00e9k\u00e1ni megb\u00edz\u00e1s\u00e1ra be\u00e9rkezett p\u00e1ly\u00e1zat v\u00e9lem\u00e9nyez\u00e9s\u00e9r\u0151l<\/a><\/li>\n<li style=\"text-align: justify\"><a href=\"https:\/\/semmelweis.hu\/jogigfoig\/files\/2012\/03\/14_B_sz_II_23_GYTK_dekani_megbizas.pdf\" target=\"_blank\" rel=\"noopener noreferrer\">14.B\/2012. (II.23.) sz\u00e1m\u00fa hat\u00e1rozata a Gy\u00f3gyszer\u00e9sztudom\u00e1nyi Kar d\u00e9k\u00e1ni megb\u00edz\u00e1s\u00e1ra be\u00e9rkezett p\u00e1ly\u00e1zat v\u00e9lem\u00e9nyez\u00e9s\u00e9r\u0151l<\/a><\/li>\n<li style=\"text-align: justify\"><a href=\"https:\/\/semmelweis.hu\/jogigfoig\/files\/2012\/03\/15_sz_II_23_Semmelweis_dij_adomanyozasa.pdf\" target=\"_blank\" rel=\"noopener noreferrer\">15\/2012. (II.23.) sz\u00e1m\u00fa hat\u00e1rozata a Nemzeti Er\u0151forr\u00e1s Miniszt\u00e9rium \u00e1ltal adom\u00e1nyozhat\u00f3 Semmelweis-d\u00edj oda\u00edt\u00e9l\u00e9s\u00e9r\u0151l<\/a><\/li>\n<li style=\"text-align: justify\"><a href=\"https:\/\/semmelweis.hu\/jogigfoig\/files\/2012\/03\/16_sz_II_-23_hat_2012_evi_vezetoi_megbizasok.pdf\" target=\"_blank\" rel=\"noopener noreferrer\">16\/2012. (II.23.) sz\u00e1m\u00fa hat\u00e1rozata az \u00c1ltal\u00e1nos Orvostudom\u00e1nyi Kar Magatart\u00e1studom\u00e1nyi Int\u00e9zet\u00e9nek 2012. \u00e9vbenlej\u00e1r\u00f3, hosszabb\u00edthat\u00f3 igazgat\u00f3i megb\u00edz\u00e1s\u00e1nak v\u00e9lem\u00e9nyez\u00e9s\u00e9r\u0151l<\/a><\/li>\n<li style=\"text-align: justify\"><a href=\"https:\/\/semmelweis.hu\/jogigfoig\/files\/2012\/03\/17_sz_II_23_hat_DHC_visszavonasa.pdf\" target=\"_blank\" rel=\"noopener noreferrer\">17\/2012. (II.23.) sz\u00e1m\u00fa hat\u00e1rozata a &#8222;Doctor Honoris Causa&#8221; kit\u00fcntet\u0151 c\u00edm visszavon\u00e1s\u00e1r\u00f3l<\/a><\/li>\n<li style=\"text-align: justify\"><a href=\"https:\/\/semmelweis.hu\/rektori-hivatal\/files\/2012\/03\/18.sz_._II.23._-hat._Angolnyelv\u0171-fizioter\u00e1pia.pdf\">18\/2012. (II.23.) sz\u00e1m\u00fa hat\u00e1rozata angol nyelv\u0171 fizioter\u00e1pia mesterk\u00e9pz\u00e9si szak, \u00e9s \u00e1pol\u00e1s mesterk\u00e9pz\u00e9si szak ind\u00edt\u00e1s\u00e1r\u00f3l az Eg\u00e9szs\u00e9gtudom\u00e1nyi Karon<\/a><\/li>\n<li style=\"text-align: justify\"><a href=\"https:\/\/semmelweis.hu\/rektori-hivatal\/files\/2012\/03\/19.sz_._II.23._-hat._Klinikai-epidemiol\u00f3gia_ETK.pdf\">19\/2012. (II.23.) sz\u00e1m\u00fa hat\u00e1rozata klinikai epidemiol\u00f3gia szakir\u00e1ny\u00fa tov\u00e1bbk\u00e9pz\u00e9s l\u00e9tes\u00edt\u00e9s\u00e9r\u0151l \u00e9s ind\u00edt\u00e1s\u00e1r\u00f3l az Eg\u00e9szs\u00e9gtudom\u00e1nyi Karon<\/a><\/li>\n<li style=\"text-align: justify\"><a href=\"https:\/\/semmelweis.hu\/rektori-hivatal\/files\/2012\/03\/20.sz_._II.23._-hat._Ment\u00e1lhigi\u00e9n\u00e9s-kapcsolat-\u00e9s-k\u00f6z\u00f6ss\u00e9g\u00e9p\u00edt\u0151_EKK.pdf\">20\/2012. (II.23.) sz\u00e1m\u00fa hat\u00e1rozata Ment\u00e1lhigi\u00e9n\u00e9s kapcsolat- \u00e9s k\u00f6z\u00f6ss\u00e9g\u00e9p\u00edt\u0151 mesterszak ind\u00edt\u00e1s\u00e1r\u00f3l<\/a><\/li>\n<li style=\"text-align: justify\"><a href=\"https:\/\/semmelweis.hu\/rektori-hivatal\/files\/2012\/03\/21.sz_._II.23._-hat._Sport-fizioter\u00e1pia_TF.pdf\">21\/2012. (II.23.) sz\u00e1m\u00fa hat\u00e1rozata a sport-fizioter\u00e1pia szakir\u00e1ny\u00fa tov\u00e1bbk\u00e9pz\u00e9si szak l\u00e9tes\u00edt\u00e9s\u00e9r\u0151l \u00e9s ind\u00edt\u00e1s\u00e1r\u00f3l<\/a><\/li>\n<\/ul>\n","protected":false},"excerpt":{"rendered":"<p><a href=\"https:\/\/semmelweis.hu\/rektori-hivatal\/files\/2012\/03\/N-II.-23_2012_Napirend-elfogad\u00e1sa.pdf\">N-II.23.\/2012. sz\u00e1m\u00fa hat\u00e1rozata a szen\u00e1tusi \u00fcl\u00e9s napirendi pontjainak elfogad\u00e1s\u00e1r\u00f3l<\/a><br \/>\n<a href=\"https:\/\/semmelweis.hu\/rektori-hivatal\/files\/2012\/03\/11.sz_._II.23._-KK-Szab\u00e1lyzat_m\u00f3dos\u00edt\u00e1s.pdf\">11\/2012. (II.23.) sz\u00e1m\u00fa hat\u00e1rozata a Klinikai Kutat\u00e1si Szab\u00e1lyzat m\u00f3dos\u00edt\u00e1s\u00e1r\u00f3l<\/a><br \/>\n<a href=\"https:\/\/semmelweis.hu\/rektori-hivatal\/files\/2012\/03\/12.sz_.-_II.-23._-Besz\u00e1mol\u00f3-a-2011.-\u00e9vi-gazd\u00e1lkod\u00e1sr\u00f3l.pdf\">12\/2012. (II.23.) sz\u00e1m\u00fa hat\u00e1rozata a Semmelweis Egyetem 2011. \u00e9vi gazd\u00e1lkod\u00e1s\u00e1r\u00f3l el\u0151terjesztett besz\u00e1mol\u00f3 elfogad\u00e1s\u00e1r\u00f3l<\/a><br \/>\n<a href=\"https:\/\/semmelweis.hu\/rektori-hivatal\/files\/2012\/03\/13.sz_.-_II.23._-2012.-\u00e9vi-k\u00f6lts\u00e9gvet\u00e9s-elfogad\u00e1sa.pdf\">13\/2012. (II.23.) sz\u00e1m\u00fa hat\u00e1rozata a Semmelweis Egyetem 2012. \u00e9vi k\u00f6lts\u00e9gvet\u00e9s\u00e9nek elfogad\u00e1s\u00e1r\u00f3l<\/a><br \/>\n<a href=\"https:\/\/semmelweis.hu\/jogigfoig\/files\/2012\/03\/14_A_sz_II_23_ETK_dekani_megbizas.pdf\" target=\"_blank\" rel=\"noopener noreferrer\">14.A\/2012. (II.23.) sz\u00e1m\u00fa hat\u00e1rozata az Eg\u00e9szs\u00e9gtudom\u00e1nyi Kar d\u00e9k\u00e1ni megb\u00edz\u00e1s\u00e1ra be\u00e9rkezett p\u00e1ly\u00e1zat v\u00e9lem\u00e9nyez\u00e9s\u00e9r\u0151l<\/a><br \/>\n<a href=\"https:\/\/semmelweis.hu\/jogigfoig\/files\/2012\/03\/14_B_sz_II_23_GYTK_dekani_megbizas.pdf\" target=\"_blank\" rel=\"noopener noreferrer\">14.B\/2012. (II.23.) sz\u00e1m\u00fa hat\u00e1rozata a Gy\u00f3gyszer\u00e9sztudom\u00e1nyi Kar d\u00e9k\u00e1ni megb\u00edz\u00e1s\u00e1ra be\u00e9rkezett p\u00e1ly\u00e1zat v\u00e9lem\u00e9nyez\u00e9s\u00e9r\u0151l<\/a><br \/>\n<a href=\"https:\/\/semmelweis.hu\/jogigfoig\/files\/2012\/03\/15_sz_II_23_Semmelweis_dij_adomanyozasa.pdf\" target=\"_blank\" rel=\"noopener noreferrer\">15\/2012. (II.23.) sz\u00e1m\u00fa hat\u00e1rozata a Nemzeti Er\u0151forr\u00e1s Miniszt\u00e9rium \u00e1ltal adom\u00e1nyozhat\u00f3 Semmelweis-d\u00edj oda\u00edt\u00e9l\u00e9s\u00e9r\u0151l<\/a><br \/>\n<a href=\"https:\/\/semmelweis.hu\/jogigfoig\/files\/2012\/03\/16_sz_II_-23_hat_2012_evi_vezetoi_megbizasok.pdf\" target=\"_blank\" rel=\"noopener noreferrer\">16\/2012. (II.23.) sz\u00e1m\u00fa hat\u00e1rozata az \u00c1ltal\u00e1nos Orvostudom\u00e1nyi Kar Magatart\u00e1studom\u00e1nyi Int\u00e9zet\u00e9nek 2012. \u00e9vbenlej\u00e1r\u00f3, hosszabb\u00edthat\u00f3 igazgat\u00f3i megb\u00edz\u00e1s\u00e1nak v\u00e9lem\u00e9nyez\u00e9s\u00e9r\u0151l<\/a><br \/>\n<a href=\"https:\/\/semmelweis.hu\/jogigfoig\/files\/2012\/03\/17_sz_II_23_hat_DHC_visszavonasa.pdf\" target=\"_blank\" rel=\"noopener noreferrer\">17\/2012. (II.23.) sz\u00e1m\u00fa hat\u00e1rozata a &#8222;Doctor Honoris Causa&#8221; kit\u00fcntet\u0151 c\u00edm visszavon\u00e1s\u00e1r\u00f3l<\/a><br \/>\n<a href=\"https:\/\/semmelweis.hu\/rektori-hivatal\/files\/2012\/03\/18.sz_._II.23._-hat._Angolnyelv\u0171-fizioter\u00e1pia.pdf\">18\/2012. (II.23.) sz\u00e1m\u00fa hat\u00e1rozata angol nyelv\u0171 fizioter\u00e1pia mesterk\u00e9pz\u00e9si szak, \u00e9s \u00e1pol\u00e1s mesterk\u00e9pz\u00e9si szak ind\u00edt\u00e1s\u00e1r\u00f3l az Eg\u00e9szs\u00e9gtudom\u00e1nyi Karon<\/a><br \/>\n<a href=\"https:\/\/semmelweis.hu\/rektori-hivatal\/files\/2012\/03\/19.sz_._II.23._-hat._Klinikai-epidemiol\u00f3gia_ETK.pdf\">19\/2012. (II.23.) sz\u00e1m\u00fa hat\u00e1rozata klinikai epidemiol\u00f3gia szakir\u00e1ny\u00fa tov\u00e1bbk\u00e9pz\u00e9s l\u00e9tes\u00edt\u00e9s\u00e9r\u0151l \u00e9s ind\u00edt\u00e1s\u00e1r\u00f3l az Eg\u00e9szs\u00e9gtudom\u00e1nyi Karon<\/a><br \/>\n<a href=\"https:\/\/semmelweis.hu\/rektori-hivatal\/files\/2012\/03\/20.sz_._II.23._-hat._Ment\u00e1lhigi\u00e9n\u00e9s-kapcsolat-\u00e9s-k\u00f6z\u00f6ss\u00e9g\u00e9p\u00edt\u0151_EKK.pdf\">20\/2012. (II.23.) sz\u00e1m\u00fa hat\u00e1rozata Ment\u00e1lhigi\u00e9n\u00e9s kapcsolat- \u00e9s k\u00f6z\u00f6ss\u00e9g\u00e9p\u00edt\u0151 mesterszak ind\u00edt\u00e1s\u00e1r\u00f3l<\/a><br \/>\n<a href=\"https:\/\/semmelweis.hu\/rektori-hivatal\/files\/2012\/03\/21.sz_._II.23._-hat._Sport-fizioter\u00e1pia_TF.pdf\">21\/2012. (II.23.) sz\u00e1m\u00fa hat\u00e1rozata a sport-fizioter\u00e1pia szakir\u00e1ny\u00fa tov\u00e1bbk\u00e9pz\u00e9si szak l\u00e9tes\u00edt\u00e9s\u00e9r\u0151l \u00e9s ind\u00edt\u00e1s\u00e1r\u00f3l<\/a><\/p>\n","protected":false},"author":12,"featured_media":0,"parent":7842,"menu_order":2,"comment_status":"open","ping_status":"open","template":"","meta":{"_acf_changed":false,"footnotes":""},"categories":[1],"tags":[],"class_list":["post-357","page","type-page","status-publish","hentry","category-egyeb"],"acf":[],"_links":{"self":[{"href":"https:\/\/semmelweis.hu\/jogigfoig\/wp-json\/wp\/v2\/pages\/357","targetHints":{"allow":["GET"]}}],"collection":[{"href":"https:\/\/semmelweis.hu\/jogigfoig\/wp-json\/wp\/v2\/pages"}],"about":[{"href":"https:\/\/semmelweis.hu\/jogigfoig\/wp-json\/wp\/v2\/types\/page"}],"author":[{"embeddable":true,"href":"https:\/\/semmelweis.hu\/jogigfoig\/wp-json\/wp\/v2\/users\/12"}],"replies":[{"embeddable":true,"href":"https:\/\/semmelweis.hu\/jogigfoig\/wp-json\/wp\/v2\/comments?post=357"}],"version-history":[{"count":11,"href":"https:\/\/semmelweis.hu\/jogigfoig\/wp-json\/wp\/v2\/pages\/357\/revisions"}],"predecessor-version":[{"id":7926,"href":"https:\/\/semmelweis.hu\/jogigfoig\/wp-json\/wp\/v2\/pages\/357\/revisions\/7926"}],"up":[{"embeddable":true,"href":"https:\/\/semmelweis.hu\/jogigfoig\/wp-json\/wp\/v2\/pages\/7842"}],"wp:attachment":[{"href":"https:\/\/semmelweis.hu\/jogigfoig\/wp-json\/wp\/v2\/media?parent=357"}],"wp:term":[{"taxonomy":"category","embeddable":true,"href":"https:\/\/semmelweis.hu\/jogigfoig\/wp-json\/wp\/v2\/categories?post=357"},{"taxonomy":"post_tag","embeddable":true,"href":"https:\/\/semmelweis.hu\/jogigfoig\/wp-json\/wp\/v2\/tags?post=357"}],"curies":[{"name":"wp","href":"https:\/\/api.w.org\/{rel}","templated":true}]}}