{"id":3312,"date":"2015-09-29T10:52:12","date_gmt":"2015-09-29T08:52:12","guid":{"rendered":"http:\/\/semmelweis.hu\/jogigfoig\/?page_id=3312"},"modified":"2020-02-11T11:27:30","modified_gmt":"2020-02-11T10:27:30","slug":"2015-szeptember-24","status":"publish","type":"page","link":"https:\/\/semmelweis.hu\/jogigfoig\/testuletek\/szenatus\/2015-evi-szenatusi-hatarozatok\/2015-szeptember-24\/","title":{"rendered":"2015. szeptember 24."},"content":{"rendered":"<ul>\n<li style=\"text-align: justify\"><a href=\"https:\/\/semmelweis.hu\/jogigfoig\/files\/2015\/10\/N_IX_24_Napirend_elfogadasarol.pdf\" target=\"_blank\" rel=\"noopener noreferrer\">N-IX. 24\/2015. sz. hat. a szen\u00e1tusi \u00fcl\u00e9s napirendi pontjainak elfogad\u00e1s\u00e1r\u00f3l <\/a><\/li>\n<li style=\"text-align: justify\"><a href=\"https:\/\/semmelweis.hu\/jogigfoig\/files\/2015\/09\/88_sz_IX_24_rektorhelyettesi_megbizasok.pdf\" target=\"_blank\" rel=\"noopener noreferrer\">88\/2015. (IX.24.) sz\u00e1m\u00fa hat\u00e1rozat a rektorhelyettesi megb\u00edz\u00e1sokra be\u00e9rkezett p\u00e1ly\u00e1zatok v\u00e9lem\u00e9nyez\u00e9s\u00e9r\u0151l<\/a><\/li>\n<li style=\"text-align: justify\"><a href=\"https:\/\/semmelweis.hu\/jogigfoig\/files\/2015\/09\/89_sz_IX_24_rektorhelyettesek_szenatusi_tagsag.pdf\" target=\"_blank\" rel=\"noopener noreferrer\">89\/2015. (IX.24.) sz\u00e1m\u00fa hat\u00e1rozat a Semmelweis Egyetem rektorhelyetteseinek szen\u00e1tusi tagg\u00e1 v\u00e1laszt\u00e1s\u00e1r\u00f3l<\/a><\/li>\n<li style=\"text-align: justify\"><a href=\"https:\/\/semmelweis.hu\/jogigfoig\/files\/2015\/09\/90_A_B_2015_IX_24_sz_SZMSZ_Klinikai_Kozpont.pdf\">90\/A\/B\/2015. (IX.24.) sz. hat. a Szervezeti \u00e9s M\u0171k\u00f6d\u00e9si Szab\u00e1lyzat egyes rendelkez\u00e9seinek m\u00f3dos\u00edt\u00e1s\u00e1r\u00f3l, k\u00fcl\u00f6n\u00f6s tekintettel a Klinikai K\u00f6zpont szervezet\u00e9vel, m\u0171k\u00f6d\u00e9s\u00e9vel \u00e9s a munk\u00e1ltat\u00f3i jogok gyakorl\u00e1s\u00e1val \u00f6sszef\u00fcgg\u00e9seben<\/a><\/li>\n<li style=\"text-align: justify\"><a href=\"https:\/\/semmelweis.hu\/jogigfoig\/files\/2015\/10\/91_IX_24_2015_evi_vezetoi_koltsegv_es_kieg.pdf\" target=\"_blank\" rel=\"noopener noreferrer\">91\/2015. (IX.24.) sz. hat. sz. hat. a Semmelweis Egyetem 2015. \u00e9vi vezet\u0151i k\u00f6lts\u00e9gvet\u00e9s\u00e9r\u0151l \u00e9s kieg\u00e9sz\u00edt\u00e9s\u00e9r\u0151l <\/a><\/li>\n<li style=\"text-align: justify\"><a href=\"https:\/\/semmelweis.hu\/jogigfoig\/files\/2015\/10\/92_A_B_IX_24_SZMSZ_egyes_rendelkezesek_mod.pdf\" target=\"_blank\" rel=\"noopener noreferrer\">92\/A\/B\/2015. (IX.24.) sz. hat. a Szervezeti \u00e9s M\u0171k\u00f6d\u00e9si Szab\u00e1lyzat egyes rendelkez\u00e9seinek m\u00f3dos\u00edt\u00e1s\u00e1r\u00f3l <\/a><\/li>\n<li style=\"text-align: justify\"><a href=\"https:\/\/semmelweis.hu\/jogigfoig\/files\/2015\/10\/93_A_B_IX_24_SZMSZ_Doktori_Szabalyzat_mod.pdf\" target=\"_blank\" rel=\"noopener noreferrer\">93\/A\/B\/2015. (IX.24.) sz. hat. a Szervezeti \u00e9s M\u0171k\u00f6d\u00e9si Szab\u00e1lyzat egyes rendelkez\u00e9seinek m\u00f3dos\u00edt\u00e1s\u00e1r\u00f3l<\/a><\/li>\n<li style=\"text-align: justify\"><a href=\"https:\/\/semmelweis.hu\/jogigfoig\/files\/2015\/09\/94_sz_IX_24_FOK_dekani_megbizas.pdf\" target=\"_blank\" rel=\"noopener noreferrer\">94\/2015. (IX.24.) sz\u00e1m\u00fa hat\u00e1rozat a Fogorvostudom\u00e1nyi Kar d\u00e9k\u00e1ni megb\u00edz\u00e1s\u00e1ra be\u00e9rkezett p\u00e1ly\u00e1zat v\u00e9lem\u00e9nyez\u00e9s\u00e9r\u0151l<\/a><\/li>\n<li style=\"text-align: justify\"><a href=\"https:\/\/semmelweis.hu\/jogigfoig\/files\/2015\/09\/95_sz_IX_24_ETK_dekanhelyettesi_megbizasok.pdf\" target=\"_blank\" rel=\"noopener noreferrer\">95\/2015. (IX.24.) sz\u00e1m\u00fa hat\u00e1rozat az Eg\u00e9szs\u00e9gtudom\u00e1nyi Kar oktat\u00e1si d\u00e9k\u00e1nhelyettesi \u00e9s klinikai kapcsolatok d\u00e9k\u00e1nhelyettesi megb\u00edz\u00e1saira be\u00e9rkezett p\u00e1ly\u00e1zatok v\u00e9lem\u00e9nyez\u00e9s\u00e9r\u0151l<\/a><\/li>\n<li style=\"text-align: justify\"><a href=\"https:\/\/semmelweis.hu\/jogigfoig\/files\/2015\/09\/96_sz_IX_24_Alumni_igazg_megbizas.pdf\" target=\"_blank\" rel=\"noopener noreferrer\">96\/2015. (IX.24.) sz\u00e1m\u00fa hat\u00e1rozat az Alumni Igazgat\u00f3s\u00e1g igazgat\u00f3i megb\u00edz\u00e1s\u00e1ra be\u00e9rkezett p\u00e1ly\u00e1zatok v\u00e9lem\u00e9nyez\u00e9s\u00e9r\u0151l<\/a><\/li>\n<li style=\"text-align: justify\"><a href=\"https:\/\/semmelweis.hu\/jogigfoig\/files\/2015\/10\/97_sz_IX_24_SZMSZ_Kari_Tanacs_47_par.pdf\" target=\"_blank\" rel=\"noopener noreferrer\">97\/2015. (IX.24.) sz. hat. a Szervezeti \u00e9s M\u0171k\u00f6d\u00e9si Szab\u00e1lyzat Kari Tan\u00e1cs m\u0171k\u00f6d\u00e9si rendj\u00e9re vonatkoz\u00f3 47. \u00a7 (2) \u00e9s (6) bekezd\u00e9s m\u00f3dos\u00edt\u00e1s\u00e1r\u00f3l<\/a><\/li>\n<li style=\"text-align: justify\"><a href=\"https:\/\/semmelweis.hu\/jogigfoig\/files\/2015\/10\/98_sz_IX_24_SE_ingatlanok_ertekesitesi_koncepcio.pdf\" target=\"_blank\" rel=\"noopener noreferrer\">98\/2015. (IX.24.) sz. hat. a Semmelweis Egyetem hasznos\u00edt\u00e1s\u00e1ban \u00e9s tulajdon\u00e1ban l\u00e9v\u0151 ingatlanok \u00e9rt\u00e9kes\u00edt\u00e9s\u00e9re vonatkoz\u00f3 koncepci\u00f3j\u00e1r\u00f3l <\/a><\/li>\n<li style=\"text-align: justify\"><a href=\"https:\/\/semmelweis.hu\/jogigfoig\/files\/2015\/10\/99_A_B_sz_IX_24_SZMSZ_FKR.pdf\" target=\"_blank\" rel=\"noopener noreferrer\">99\/A\/B\/2015. (IX.24.) sz. hat. a Szervezeti \u00e9s M\u0171k\u00f6d\u00e9si Szab\u00e1lyzatban foglalt foglalkoztat\u00e1si k\u00f6vetelm\u00e9nyrendszer \u00e9s szervezeti \u00e9s m\u0171k\u00f6d\u00e9si rend kapcsol\u00f3d\u00f3 rendelkez\u00e9seinek m\u00f3dos\u00edt\u00e1s\u00e1r\u00f3l <\/a><\/li>\n<li style=\"text-align: justify\"><a href=\"https:\/\/semmelweis.hu\/jogigfoig\/files\/2015\/10\/100_sz_IX_24_SZMSZ_Szak_es_Tovabbkepzesi_Ig.pdf\" target=\"_blank\" rel=\"noopener noreferrer\">100\/2015. (IX.24.) sz. hat. a Szervezeti \u00e9s M\u0171k\u00f6d\u00e9si Szab\u00e1lyzat m\u00f3dos\u00edt\u00e1s\u00e1r\u00f3l<\/a><\/li>\n<li style=\"text-align: justify\"><a href=\"https:\/\/semmelweis.hu\/jogigfoig\/files\/2015\/09\/101_sz_IX_24_Tud_Tanacs_elnok.pdf\" target=\"_blank\" rel=\"noopener noreferrer\">101\/2015. (IX.24.) sz\u00e1m\u00fa hat\u00e1rozat a Tudom\u00e1nyos Tan\u00e1cs eln\u00f6ki poz\u00edci\u00f3j\u00e1ban t\u00f6rt\u00e9n\u0151 v\u00e1ltoz\u00e1sr\u00f3l<\/a><\/li>\n<li style=\"text-align: justify\"><a href=\"https:\/\/semmelweis.hu\/jogigfoig\/files\/2015\/09\/102_sz_IX_24_Semm_Klin_Kut_Oszt_dij.pdf\" target=\"_blank\" rel=\"noopener noreferrer\">102\/2015. (IX.24.) sz\u00e1m\u00fa hat\u00e1rozat a &#8222;Semmelweis Klinikai Kutat\u00f3 \u00d6szt\u00f6nd\u00edj&#8221; oda\u00edt\u00e9l\u00e9s\u00e9r\u0151l<\/a><\/li>\n<li style=\"text-align: justify\"><a href=\"https:\/\/semmelweis.hu\/jogigfoig\/files\/2015\/09\/103_sz_IX_24_Budapest_Award.pdf\" target=\"_blank\" rel=\"noopener noreferrer\">103\/2015. (IX.24.) sz\u00e1m\u00fa hat\u00e1rozat a &#8222;Semmelweis Budapest Award&#8221; nemzetk\u00f6zi d\u00edj 2015. \u00e9vi oda\u00edt\u00e9l\u00e9s\u00e9r\u0151l<\/a><\/li>\n<li style=\"text-align: justify\"><a href=\"https:\/\/semmelweis.hu\/jogigfoig\/files\/2015\/09\/104_sz_IX_24_ETK_bizottsagok_hallgatoi_osszetetel.pdf\" target=\"_blank\" rel=\"noopener noreferrer\">104\/2015. (IX.24.) sz\u00e1m\u00fa hat\u00e1rozat az Eg\u00e9szs\u00e9gtudom\u00e1nyi Karon m\u0171k\u00f6d\u0151 bizotts\u00e1gok hallgat\u00f3i \u00f6sszet\u00e9tel\u00e9nek m\u00f3dos\u00edt\u00e1s\u00e1r\u00f3l<\/a><\/li>\n<li style=\"text-align: justify\"><a href=\"https:\/\/semmelweis.hu\/jogigfoig\/files\/2015\/10\/105_sz_IX_24_beszam_2015_I_fv_hat.pdf\" target=\"_blank\" rel=\"noopener noreferrer\">105\/2015. (IX.24.) sz. hat. Besz\u00e1mol\u00f3 a Szen\u00e1tus 2015. \u00e9vi I. f\u00e9l\u00e9v\u00e9ben (tavaszi szemeszter) hozott hat\u00e1rozatainak v\u00e9grehajt\u00e1s\u00e1r\u00f3l <\/a><\/li>\n<li style=\"text-align: justify\"><a href=\"https:\/\/semmelweis.hu\/jogigfoig\/files\/2015\/10\/106_sz_IX_24_2015_II_fv_ules_es_munkaterv.pdf\" target=\"_blank\" rel=\"noopener noreferrer\">106\/2015. (IX.24.) sz. hat. a Szen\u00e1tus 2015. \u00e9vi II. f\u00e9l\u00e9vi (\u0151szi szemeszter) \u00fcl\u00e9s- \u00e9s munkaterv\u00e9nek elfogad\u00e1s\u00e1r\u00f3l<\/a> &#8211; <a href=\"https:\/\/semmelweis.hu\/jogigfoig\/files\/2015\/10\/106_sz_IX_24_Munkaterv_melleklet.pdf\" target=\"_blank\" rel=\"noopener noreferrer\">Munkaterv- 2015. II. f\u00e9l\u00e9v <\/a><\/li>\n<li style=\"text-align: justify\"><a href=\"https:\/\/semmelweis.hu\/jogigfoig\/files\/2015\/10\/SE_Munkavedelmi_Szabalyzat_2015_10_15.pdf\" target=\"_blank\" rel=\"noopener noreferrer\">107\/2015. (IX.24.) sz. hat. sz. hat. a Munkav\u00e9delmi Szab\u00e1lyzat elfogad\u00e1s\u00e1r\u00f3l <\/a><\/li>\n<li style=\"text-align: justify\"><a href=\"https:\/\/semmelweis.hu\/jogigfoig\/files\/2015\/10\/SE_Letesitmeny_fenntartasi_2015_10_15.pdf\" target=\"_blank\" rel=\"noopener noreferrer\">108\/2015. (IX.24.) sz. hat. a L\u00e9tes\u00edtm\u00e9ny-fenntart\u00e1si Szab\u00e1lyzat elfogad\u00e1s\u00e1r\u00f3l <\/a><\/li>\n<li style=\"text-align: justify\"><a href=\"https:\/\/semmelweis.hu\/jogigfoig\/files\/2015\/10\/SE_Vagyongazdalkodasi_Szabalyzat_2015_10_15.pdf\" target=\"_blank\" rel=\"noopener noreferrer\">109\/2015. (IX.24.) sz. hat. a Vagyongazd\u00e1lkod\u00e1si Szab\u00e1lyzat elfogad\u00e1s\u00e1r\u00f3l<\/a><\/li>\n<li style=\"text-align: justify\"><a href=\"https:\/\/semmelweis.hu\/jogigfoig\/files\/2015\/10\/110_sz__IX_24_Szabalyzatok_felulvizsgalata.pdf\" target=\"_blank\" rel=\"noopener noreferrer\">110\/2015. (IX.24.) sz. hat. a szab\u00e1lyzatoki fel\u00fclvizsg\u00e1lati rendj\u00e9r\u0151l<\/a><\/li>\n<li style=\"text-align: justify\"><a href=\"https:\/\/semmelweis.hu\/jogigfoig\/files\/2015\/10\/111_IX_24_2015_KKK_HumanElettani_jogallas.pdf\" target=\"_blank\" rel=\"noopener noreferrer\">111\/2015. (IX.24.) sz. hat. a Klinikai K\u00eds\u00e9rleti Kutat\u00f3- \u00e9s Hum\u00e1n \u00c9lettani Int\u00e9zet j\u00f6v\u0151beni jog\u00e1ll\u00e1s\u00e1r\u00f3l\u00a0<\/a><\/li>\n<\/ul>\n","protected":false},"excerpt":{"rendered":"<p><a href=\"https:\/\/semmelweis.hu\/jogigfoig\/files\/2015\/10\/N_IX_24_Napirend_elfogadasarol.pdf\" target=\"_blank\" rel=\"noopener noreferrer\">N-IX. 24\/2015. sz. hat. a szen\u00e1tusi \u00fcl\u00e9s napirendi pontjainak elfogad\u00e1s\u00e1r\u00f3l <\/a><br \/>\n<a href=\"https:\/\/semmelweis.hu\/jogigfoig\/files\/2015\/09\/88_sz_IX_24_rektorhelyettesi_megbizasok.pdf\" target=\"_blank\" rel=\"noopener noreferrer\">88\/2015. (IX.24.) sz\u00e1m\u00fa hat\u00e1rozat a rektorhelyettesi megb\u00edz\u00e1sokra be\u00e9rkezett p\u00e1ly\u00e1zatok v\u00e9lem\u00e9nyez\u00e9s\u00e9r\u0151l<\/a><br \/>\n<a href=\"https:\/\/semmelweis.hu\/jogigfoig\/files\/2015\/09\/89_sz_IX_24_rektorhelyettesek_szenatusi_tagsag.pdf\" target=\"_blank\" rel=\"noopener noreferrer\">89\/2015. (IX.24.) sz\u00e1m\u00fa hat\u00e1rozat a Semmelweis Egyetem rektorhelyetteseinek szen\u00e1tusi tagg\u00e1 v\u00e1laszt\u00e1s\u00e1r\u00f3l<\/a><br \/>\n<a href=\"https:\/\/semmelweis.hu\/jogigfoig\/files\/2015\/09\/90_A_B_2015_IX_24_sz_SZMSZ_Klinikai_Kozpont.pdf\">90\/A\/B\/2015. (IX.24.) sz. hat. a Szervezeti \u00e9s M\u0171k\u00f6d\u00e9si Szab\u00e1lyzat egyes rendelkez\u00e9seinek m\u00f3dos\u00edt\u00e1s\u00e1r\u00f3l, k\u00fcl\u00f6n\u00f6s tekintettel a Klinikai K\u00f6zpont szervezet\u00e9vel, m\u0171k\u00f6d\u00e9s\u00e9vel \u00e9s a munk\u00e1ltat\u00f3i jogok gyakorl\u00e1s\u00e1val \u00f6sszef\u00fcgg\u00e9seben<\/a><br \/>\n<a href=\"https:\/\/semmelweis.hu\/jogigfoig\/files\/2015\/10\/91_IX_24_2015_evi_vezetoi_koltsegv_es_kieg.pdf\" target=\"_blank\" rel=\"noopener noreferrer\">91\/2015. (IX.24.) sz. hat. sz. hat. a Semmelweis Egyetem 2015. \u00e9vi vezet\u0151i k\u00f6lts\u00e9gvet\u00e9s\u00e9r\u0151l \u00e9s kieg\u00e9sz\u00edt\u00e9s\u00e9r\u0151l <\/a><br \/>\n<a href=\"https:\/\/semmelweis.hu\/jogigfoig\/files\/2015\/10\/92_A_B_IX_24_SZMSZ_egyes_rendelkezesek_mod.pdf\" target=\"_blank\" rel=\"noopener noreferrer\">92\/A\/B\/2015. (IX.24.) sz. hat. a Szervezeti \u00e9s M\u0171k\u00f6d\u00e9si Szab\u00e1lyzat egyes rendelkez\u00e9seinek m\u00f3dos\u00edt\u00e1s\u00e1r\u00f3l <\/a><br \/>\n<a href=\"https:\/\/semmelweis.hu\/jogigfoig\/files\/2015\/10\/93_A_B_IX_24_SZMSZ_Doktori_Szabalyzat_mod.pdf\" target=\"_blank\" rel=\"noopener noreferrer\">93\/A\/B\/2015. (IX.24.) sz. hat. a Szervezeti \u00e9s M\u0171k\u00f6d\u00e9si Szab\u00e1lyzat egyes rendelkez\u00e9seinek m\u00f3dos\u00edt\u00e1s\u00e1r\u00f3l<\/a><br \/>\n<a href=\"https:\/\/semmelweis.hu\/jogigfoig\/files\/2015\/09\/94_sz_IX_24_FOK_dekani_megbizas.pdf\" target=\"_blank\" rel=\"noopener noreferrer\">94\/2015. (IX.24.) sz\u00e1m\u00fa hat\u00e1rozat a Fogorvostudom\u00e1nyi Kar d\u00e9k\u00e1ni megb\u00edz\u00e1s\u00e1ra be\u00e9rkezett p\u00e1ly\u00e1zat v\u00e9lem\u00e9nyez\u00e9s\u00e9r\u0151l<\/a><br \/>\n<a href=\"https:\/\/semmelweis.hu\/jogigfoig\/files\/2015\/09\/95_sz_IX_24_ETK_dekanhelyettesi_megbizasok.pdf\" target=\"_blank\" rel=\"noopener noreferrer\">95\/2015. (IX.24.) sz\u00e1m\u00fa hat\u00e1rozat az Eg\u00e9szs\u00e9gtudom\u00e1nyi Kar oktat\u00e1si d\u00e9k\u00e1nhelyettesi \u00e9s klinikai kapcsolatok d\u00e9k\u00e1nhelyettesi megb\u00edz\u00e1saira be\u00e9rkezett p\u00e1ly\u00e1zatok v\u00e9lem\u00e9nyez\u00e9s\u00e9r\u0151l<\/a><br \/>\n<a href=\"https:\/\/semmelweis.hu\/jogigfoig\/files\/2015\/09\/96_sz_IX_24_Alumni_igazg_megbizas.pdf\" target=\"_blank\" rel=\"noopener noreferrer\">96\/2015. (IX.24.) sz\u00e1m\u00fa hat\u00e1rozat az Alumni Igazgat\u00f3s\u00e1g igazgat\u00f3i megb\u00edz\u00e1s\u00e1ra be\u00e9rkezett p\u00e1ly\u00e1zatok v\u00e9lem\u00e9nyez\u00e9s\u00e9r\u0151l<\/a><br \/>\n<a href=\"https:\/\/semmelweis.hu\/jogigfoig\/files\/2015\/10\/97_sz_IX_24_SZMSZ_Kari_Tanacs_47_par.pdf\" target=\"_blank\" rel=\"noopener noreferrer\">97\/2015. (IX.24.) sz. hat. a Szervezeti \u00e9s M\u0171k\u00f6d\u00e9si Szab\u00e1lyzat Kari Tan\u00e1cs m\u0171k\u00f6d\u00e9si rendj\u00e9re vonatkoz\u00f3 47. \u00a7 (2) \u00e9s (6) bekezd\u00e9s m\u00f3dos\u00edt\u00e1s\u00e1r\u00f3l<\/a><br \/>\n<a href=\"https:\/\/semmelweis.hu\/jogigfoig\/files\/2015\/10\/98_sz_IX_24_SE_ingatlanok_ertekesitesi_koncepcio.pdf\" target=\"_blank\" rel=\"noopener noreferrer\">98\/2015. (IX.24.) sz. hat. a Semmelweis Egyetem hasznos\u00edt\u00e1s\u00e1ban \u00e9s tulajdon\u00e1ban l\u00e9v\u0151 ingatlanok \u00e9rt\u00e9kes\u00edt\u00e9s\u00e9re vonatkoz\u00f3 koncepci\u00f3j\u00e1r\u00f3l <\/a><br \/>\n<a href=\"https:\/\/semmelweis.hu\/jogigfoig\/files\/2015\/10\/99_A_B_sz_IX_24_SZMSZ_FKR.pdf\" target=\"_blank\" rel=\"noopener noreferrer\">99\/A\/B\/2015. (IX.24.) sz. hat. a Szervezeti \u00e9s M\u0171k\u00f6d\u00e9si Szab\u00e1lyzatban foglalt foglalkoztat\u00e1si k\u00f6vetelm\u00e9nyrendszer \u00e9s szervezeti \u00e9s m\u0171k\u00f6d\u00e9si rend kapcsol\u00f3d\u00f3 rendelkez\u00e9seinek m\u00f3dos\u00edt\u00e1s\u00e1r\u00f3l <\/a><br \/>\n<a href=\"https:\/\/semmelweis.hu\/jogigfoig\/files\/2015\/10\/100_sz_IX_24_SZMSZ_Szak_es_Tovabbkepzesi_Ig.pdf\" target=\"_blank\" rel=\"noopener noreferrer\">100\/2015. (IX.24.) sz. hat. a Szervezeti \u00e9s M\u0171k\u00f6d\u00e9si Szab\u00e1lyzat m\u00f3dos\u00edt\u00e1s\u00e1r\u00f3l<\/a><br \/>\n<a href=\"https:\/\/semmelweis.hu\/jogigfoig\/files\/2015\/09\/101_sz_IX_24_Tud_Tanacs_elnok.pdf\" target=\"_blank\" rel=\"noopener noreferrer\">101\/2015. (IX.24.) sz\u00e1m\u00fa hat\u00e1rozat a Tudom\u00e1nyos Tan\u00e1cs eln\u00f6ki poz\u00edci\u00f3j\u00e1ban t\u00f6rt\u00e9n\u0151 v\u00e1ltoz\u00e1sr\u00f3l<\/a><br \/>\n<a href=\"https:\/\/semmelweis.hu\/jogigfoig\/files\/2015\/09\/102_sz_IX_24_Semm_Klin_Kut_Oszt_dij.pdf\" target=\"_blank\" rel=\"noopener noreferrer\">102\/2015. (IX.24.) sz\u00e1m\u00fa hat\u00e1rozat a &#8222;Semmelweis Klinikai Kutat\u00f3 \u00d6szt\u00f6nd\u00edj&#8221; oda\u00edt\u00e9l\u00e9s\u00e9r\u0151l<\/a><br \/>\n<a href=\"https:\/\/semmelweis.hu\/jogigfoig\/files\/2015\/09\/103_sz_IX_24_Budapest_Award.pdf\" target=\"_blank\" rel=\"noopener noreferrer\">103\/2015. (IX.24.) sz\u00e1m\u00fa hat\u00e1rozat a &#8222;Semmelweis Budapest Award&#8221; nemzetk\u00f6zi d\u00edj 2015. \u00e9vi oda\u00edt\u00e9l\u00e9s\u00e9r\u0151l<\/a><br \/>\n<a href=\"https:\/\/semmelweis.hu\/jogigfoig\/files\/2015\/09\/104_sz_IX_24_ETK_bizottsagok_hallgatoi_osszetetel.pdf\" target=\"_blank\" rel=\"noopener noreferrer\">104\/2015. (IX.24.) sz\u00e1m\u00fa hat\u00e1rozat az Eg\u00e9szs\u00e9gtudom\u00e1nyi Karon m\u0171k\u00f6d\u0151 bizotts\u00e1gok hallgat\u00f3i \u00f6sszet\u00e9tel\u00e9nek m\u00f3dos\u00edt\u00e1s\u00e1r\u00f3l<\/a><br \/>\n<a href=\"https:\/\/semmelweis.hu\/jogigfoig\/files\/2015\/10\/105_sz_IX_24_beszam_2015_I_fv_hat.pdf\" target=\"_blank\" rel=\"noopener noreferrer\">105\/2015. (IX.24.) sz. hat. Besz\u00e1mol\u00f3 a Szen\u00e1tus 2015. \u00e9vi I. f\u00e9l\u00e9v\u00e9ben (tavaszi szemeszter) hozott hat\u00e1rozatainak v\u00e9grehajt\u00e1s\u00e1r\u00f3l <\/a><br \/>\n<a href=\"https:\/\/semmelweis.hu\/jogigfoig\/files\/2015\/10\/106_sz_IX_24_2015_II_fv_ules_es_munkaterv.pdf\" target=\"_blank\" rel=\"noopener noreferrer\">106\/2015. (IX.24.) sz. hat. a Szen\u00e1tus 2015. \u00e9vi II. f\u00e9l\u00e9vi (\u0151szi szemeszter) \u00fcl\u00e9s- \u00e9s munkaterv\u00e9nek elfogad\u00e1s\u00e1r\u00f3l<\/a> &#8211; <a href=\"https:\/\/semmelweis.hu\/jogigfoig\/files\/2015\/10\/106_sz_IX_24_Munkaterv_melleklet.pdf\" target=\"_blank\" rel=\"noopener noreferrer\">Munkaterv- 2015. II. f\u00e9l\u00e9v <\/a><br \/>\n<a href=\"https:\/\/semmelweis.hu\/jogigfoig\/files\/2015\/10\/SE_Munkavedelmi_Szabalyzat_2015_10_15.pdf\" target=\"_blank\" rel=\"noopener noreferrer\">107\/2015. (IX.24.) sz. hat. sz. hat. a Munkav\u00e9delmi Szab\u00e1lyzat elfogad\u00e1s\u00e1r\u00f3l <\/a><br \/>\n<a href=\"https:\/\/semmelweis.hu\/jogigfoig\/files\/2015\/10\/SE_Letesitmeny_fenntartasi_2015_10_15.pdf\" target=\"_blank\" rel=\"noopener noreferrer\">108\/2015. (IX.24.) sz. hat. a L\u00e9tes\u00edtm\u00e9ny-fenntart\u00e1si Szab\u00e1lyzat elfogad\u00e1s\u00e1r\u00f3l <\/a><br \/>\n<a href=\"https:\/\/semmelweis.hu\/jogigfoig\/files\/2015\/10\/SE_Vagyongazdalkodasi_Szabalyzat_2015_10_15.pdf\" target=\"_blank\" rel=\"noopener noreferrer\">109\/2015. (IX.24.) sz. hat. a Vagyongazd\u00e1lkod\u00e1si Szab\u00e1lyzat elfogad\u00e1s\u00e1r\u00f3l<\/a><br \/>\n<a href=\"https:\/\/semmelweis.hu\/jogigfoig\/files\/2015\/10\/110_sz__IX_24_Szabalyzatok_felulvizsgalata.pdf\" target=\"_blank\" rel=\"noopener noreferrer\">110\/2015. (IX.24.) sz. hat. a szab\u00e1lyzatoki fel\u00fclvizsg\u00e1lati rendj\u00e9r\u0151l<\/a><br \/>\n<a href=\"https:\/\/semmelweis.hu\/jogigfoig\/files\/2015\/10\/111_IX_24_2015_KKK_HumanElettani_jogallas.pdf\" target=\"_blank\" rel=\"noopener noreferrer\">111\/2015. (IX.24.) sz. hat. a Klinikai K\u00eds\u00e9rleti Kutat\u00f3- \u00e9s Hum\u00e1n \u00c9lettani Int\u00e9zet j\u00f6v\u0151beni jog\u00e1ll\u00e1s\u00e1r\u00f3l\u00a0<\/a><\/p>\n","protected":false},"author":12,"featured_media":0,"parent":7839,"menu_order":9,"comment_status":"closed","ping_status":"closed","template":"","meta":{"_acf_changed":false,"footnotes":""},"categories":[1],"tags":[],"class_list":["post-3312","page","type-page","status-publish","hentry","category-egyeb"],"acf":[],"_links":{"self":[{"href":"https:\/\/semmelweis.hu\/jogigfoig\/wp-json\/wp\/v2\/pages\/3312","targetHints":{"allow":["GET"]}}],"collection":[{"href":"https:\/\/semmelweis.hu\/jogigfoig\/wp-json\/wp\/v2\/pages"}],"about":[{"href":"https:\/\/semmelweis.hu\/jogigfoig\/wp-json\/wp\/v2\/types\/page"}],"author":[{"embeddable":true,"href":"https:\/\/semmelweis.hu\/jogigfoig\/wp-json\/wp\/v2\/users\/12"}],"replies":[{"embeddable":true,"href":"https:\/\/semmelweis.hu\/jogigfoig\/wp-json\/wp\/v2\/comments?post=3312"}],"version-history":[{"count":10,"href":"https:\/\/semmelweis.hu\/jogigfoig\/wp-json\/wp\/v2\/pages\/3312\/revisions"}],"predecessor-version":[{"id":7872,"href":"https:\/\/semmelweis.hu\/jogigfoig\/wp-json\/wp\/v2\/pages\/3312\/revisions\/7872"}],"up":[{"embeddable":true,"href":"https:\/\/semmelweis.hu\/jogigfoig\/wp-json\/wp\/v2\/pages\/7839"}],"wp:attachment":[{"href":"https:\/\/semmelweis.hu\/jogigfoig\/wp-json\/wp\/v2\/media?parent=3312"}],"wp:term":[{"taxonomy":"category","embeddable":true,"href":"https:\/\/semmelweis.hu\/jogigfoig\/wp-json\/wp\/v2\/categories?post=3312"},{"taxonomy":"post_tag","embeddable":true,"href":"https:\/\/semmelweis.hu\/jogigfoig\/wp-json\/wp\/v2\/tags?post=3312"}],"curies":[{"name":"wp","href":"https:\/\/api.w.org\/{rel}","templated":true}]}}