{"id":3216,"date":"2015-09-07T17:08:28","date_gmt":"2015-09-07T15:08:28","guid":{"rendered":"http:\/\/semmelweis.hu\/jogigfoig\/?page_id=3216"},"modified":"2024-07-01T10:39:56","modified_gmt":"2024-07-01T08:39:56","slug":"sugarvedelmi-szabalyzat-archivum","status":"publish","type":"page","link":"https:\/\/semmelweis.hu\/jogigfoig\/dokumentumtar\/szabalyzattar-archivum\/sugarvedelmi-szabalyzat-archivum\/","title":{"rendered":"Sug\u00e1rv\u00e9delmi Szab\u00e1lyzat (Arch\u00edvum)"},"content":{"rendered":"<div class=\"responsive-tabs\">\n<h2 class=\"tabtitle\">Szab\u00e1lyzat arch\u00edv v\u00e1ltozatai<\/h2>\n<div class=\"tabcontent\">\n\n<ul>\n<li><a href=\"https:\/\/semmelweis.hu\/jogigfoig\/files\/2021\/02\/Sugarvedelmi_Szabalyzat_20150608_20200716.pdf\">2020. j\u00falius 16-ig<\/a><\/li>\n<li><a href=\"https:\/\/semmelweis.hu\/jogigfoig\/files\/2020\/07\/Sugarvedelmi_Szabalyzat_hatalyos_2020_07_17.pdf\">2024. febru\u00e1r 13-ig<\/a><\/li>\n<\/ul>\n\n<\/div><h2 class=\"tabtitle\">Hat\u00e1lyon k\u00edv\u00fcl helyezett <br \/>\nhat\u00e1rozatok<\/h2>\n<div class=\"tabcontent\">\n\n<ul>\n<li><a href=\"https:\/\/semmelweis.hu\/jogigfoig\/files\/2017\/09\/95_sz_X_28_2010_Munkahelyi_Sugarvedelmi_Szab_mod.pdf\">95\/2010. (X.28.)<\/a><\/li>\n<li><a href=\"https:\/\/semmelweis.hu\/jogigfoig\/files\/2012\/01\/Sugarvedelmi_Szabalyzat.pdf\">Sug\u00e1rv\u00e9delmi Szab\u00e1lyzat 2010<\/a><\/li>\n<li><a href=\"https:\/\/semmelweis.hu\/jogigfoig\/files\/2022\/11\/47_2015_V_28_szenatusi-hatarozat.pdf\">47\/2015. (V.28.)<\/a><\/li>\n<\/ul>\n<\/div><\/div>\n","protected":false},"excerpt":{"rendered":"<p><a href=\"https:\/\/semmelweis.hu\/jogigfoig\/files\/2021\/02\/Sugarvedelmi_Szabalyzat_20150608_20200716.pdf\">2020. j\u00falius 16-ig<\/a><br \/>\n<a href=\"https:\/\/semmelweis.hu\/jogigfoig\/files\/2020\/07\/Sugarvedelmi_Szabalyzat_hatalyos_2020_07_17.pdf\">2024. febru\u00e1r 13-ig<\/a><\/p>\n<p><a href=\"https:\/\/semmelweis.hu\/jogigfoig\/files\/2017\/09\/95_sz_X_28_2010_Munkahelyi_Sugarvedelmi_Szab_mod.pdf\">95\/2010. (X.28.)<\/a><br \/>\n<a href=\"https:\/\/semmelweis.hu\/jogigfoig\/files\/2012\/01\/Sugarvedelmi_Szabalyzat.pdf\">Sug\u00e1rv\u00e9delmi Szab\u00e1lyzat 2010<\/a><br \/>\n<a href=\"https:\/\/semmelweis.hu\/jogigfoig\/files\/2022\/11\/47_2015_V_28_szenatusi-hatarozat.pdf\">47\/2015. (V.28.)<\/a><\/p>\n","protected":false},"author":128,"featured_media":0,"parent":362,"menu_order":0,"comment_status":"closed","ping_status":"closed","template":"","meta":{"_acf_changed":false,"footnotes":""},"categories":[],"tags":[],"class_list":["post-3216","page","type-page","status-publish","hentry"],"acf":[],"_links":{"self":[{"href":"https:\/\/semmelweis.hu\/jogigfoig\/wp-json\/wp\/v2\/pages\/3216","targetHints":{"allow":["GET"]}}],"collection":[{"href":"https:\/\/semmelweis.hu\/jogigfoig\/wp-json\/wp\/v2\/pages"}],"about":[{"href":"https:\/\/semmelweis.hu\/jogigfoig\/wp-json\/wp\/v2\/types\/page"}],"author":[{"embeddable":true,"href":"https:\/\/semmelweis.hu\/jogigfoig\/wp-json\/wp\/v2\/users\/128"}],"replies":[{"embeddable":true,"href":"https:\/\/semmelweis.hu\/jogigfoig\/wp-json\/wp\/v2\/comments?post=3216"}],"version-history":[{"count":7,"href":"https:\/\/semmelweis.hu\/jogigfoig\/wp-json\/wp\/v2\/pages\/3216\/revisions"}],"predecessor-version":[{"id":90831,"href":"https:\/\/semmelweis.hu\/jogigfoig\/wp-json\/wp\/v2\/pages\/3216\/revisions\/90831"}],"up":[{"embeddable":true,"href":"https:\/\/semmelweis.hu\/jogigfoig\/wp-json\/wp\/v2\/pages\/362"}],"wp:attachment":[{"href":"https:\/\/semmelweis.hu\/jogigfoig\/wp-json\/wp\/v2\/media?parent=3216"}],"wp:term":[{"taxonomy":"category","embeddable":true,"href":"https:\/\/semmelweis.hu\/jogigfoig\/wp-json\/wp\/v2\/categories?post=3216"},{"taxonomy":"post_tag","embeddable":true,"href":"https:\/\/semmelweis.hu\/jogigfoig\/wp-json\/wp\/v2\/tags?post=3216"}],"curies":[{"name":"wp","href":"https:\/\/api.w.org\/{rel}","templated":true}]}}