{"id":3076,"date":"2015-07-10T11:14:15","date_gmt":"2015-07-10T09:14:15","guid":{"rendered":"http:\/\/semmelweis.hu\/rektori-hivatal\/?page_id=3076"},"modified":"2020-02-11T11:27:21","modified_gmt":"2020-02-11T10:27:21","slug":"2015-junius-29","status":"publish","type":"page","link":"https:\/\/semmelweis.hu\/jogigfoig\/testuletek\/szenatus\/2015-evi-szenatusi-hatarozatok\/2015-junius-29\/","title":{"rendered":"2015. j\u00fanius 29."},"content":{"rendered":"<ul>\n<li><a href=\"https:\/\/semmelweis.hu\/rektori-hivatal\/files\/2015\/07\/84_sz_VI_29_hatarozatok_felulvizsgalata.pdf\" target=\"_blank\" rel=\"noopener noreferrer\">84\/2015. (VI.29.) sz. hat. az Emberi Er\u0151forr\u00e1sok Miniszt\u00e9riuma, mint fenntart\u00f3 \u00e1ltal tett kifog\u00e1ssal \u00f6sszef\u00fcgg\u00e9sben a Szen\u00e1tus \u00e1ltal 2014. szeptember 1. &#8211; 2015. m\u00e1jus 28. k\u00f6z\u00f6tt hozott hat\u00e1rozatok fel\u00fclvizsg\u00e1lat\u00e1ra vonatkoz\u00f3 javaslatr\u00f3l <\/a><\/li>\n<li><a href=\"https:\/\/semmelweis.hu\/jogigfoig\/files\/2015\/07\/85_sz_VI_29_Professor-Emeritus.pdf\" target=\"_blank\" rel=\"noopener noreferrer\">85\/2015. (VI.29.) sz. hat. a Szervezeti \u00e9s M\u0171k\u00f6d\u00e9si Szab\u00e1lyzat Professor Emeritus\/Emerita c\u00edm adom\u00e1nyoz\u00e1s\u00e1ra vonatkoz\u00f3 rendelkez\u00e9seinek m\u00f3dos\u00edt\u00e1s\u00e1r\u00f3l <\/a><\/li>\n<li><a href=\"https:\/\/semmelweis.hu\/jogigfoig\/files\/2015\/07\/86_sz_VI_29_SZMSZ_mod.pdf\" target=\"_blank\" rel=\"noopener noreferrer\">86\/2015. (VI.29.) sz. hat. a Szervezeti \u00e9s M\u0171k\u00f6d\u00e9si Szab\u00e1lyzat egyes rendelkez\u00e9seinek m\u00f3dos\u00edt\u00e1s\u00e1r\u00f3l<\/a><\/li>\n<li><a href=\"https:\/\/semmelweis.hu\/jogigfoig\/files\/2015\/07\/87_sz_VI_29_SZMSZ_mod_KT.pdf\" target=\"_blank\" rel=\"noopener noreferrer\">87\/2015. (VI.29.) sz. hat. a Szervezeti \u00e9s M\u0171k\u00f6d\u00e9si Szab\u00e1lyzat a Kari Tan\u00e1cs \u00f6sszet\u00e9tel\u00e9re vonatkoz\u00f3 45. \u00a7 (1) bekezd\u00e9s i) illetve j) pontjainak m\u00f3dos\u00edt\u00e1s\u00e1r\u00f3l<\/a><\/li>\n<\/ul>\n","protected":false},"excerpt":{"rendered":"<p><a href=\"https:\/\/semmelweis.hu\/rektori-hivatal\/files\/2015\/07\/84_sz_VI_29_hatarozatok_felulvizsgalata.pdf\" target=\"_blank\" rel=\"noopener noreferrer\">84\/2015. (VI.29.) sz. hat. az Emberi Er\u0151forr\u00e1sok Miniszt\u00e9riuma, mint fenntart\u00f3 \u00e1ltal tett kifog\u00e1ssal \u00f6sszef\u00fcgg\u00e9sben a Szen\u00e1tus \u00e1ltal 2014. szeptember 1. &#8211; 2015. m\u00e1jus 28. k\u00f6z\u00f6tt hozott hat\u00e1rozatok fel\u00fclvizsg\u00e1lat\u00e1ra vonatkoz\u00f3 javaslatr\u00f3l <\/a><br \/>\n<a href=\"https:\/\/semmelweis.hu\/jogigfoig\/files\/2015\/07\/85_sz_VI_29_Professor-Emeritus.pdf\" target=\"_blank\" rel=\"noopener noreferrer\">85\/2015. (VI.29.) sz. hat. a Szervezeti \u00e9s M\u0171k\u00f6d\u00e9si Szab\u00e1lyzat Professor Emeritus\/Emerita c\u00edm adom\u00e1nyoz\u00e1s\u00e1ra vonatkoz\u00f3 rendelkez\u00e9seinek m\u00f3dos\u00edt\u00e1s\u00e1r\u00f3l <\/a><br \/>\n<a href=\"https:\/\/semmelweis.hu\/jogigfoig\/files\/2015\/07\/86_sz_VI_29_SZMSZ_mod.pdf\" target=\"_blank\" rel=\"noopener noreferrer\">86\/2015. (VI.29.) sz. hat. a Szervezeti \u00e9s M\u0171k\u00f6d\u00e9si Szab\u00e1lyzat egyes rendelkez\u00e9seinek m\u00f3dos\u00edt\u00e1s\u00e1r\u00f3l<\/a><br \/>\n<a href=\"https:\/\/semmelweis.hu\/jogigfoig\/files\/2015\/07\/87_sz_VI_29_SZMSZ_mod_KT.pdf\" target=\"_blank\" rel=\"noopener noreferrer\">87\/2015. (VI.29.) sz. hat. a Szervezeti \u00e9s M\u0171k\u00f6d\u00e9si Szab\u00e1lyzat a Kari Tan\u00e1cs \u00f6sszet\u00e9tel\u00e9re vonatkoz\u00f3 45. \u00a7 (1) bekezd\u00e9s i) illetve j) pontjainak m\u00f3dos\u00edt\u00e1s\u00e1r\u00f3l<\/a><\/p>\n","protected":false},"author":12,"featured_media":0,"parent":7839,"menu_order":8,"comment_status":"closed","ping_status":"closed","template":"","meta":{"_acf_changed":false,"footnotes":""},"categories":[1],"tags":[],"class_list":["post-3076","page","type-page","status-publish","hentry","category-egyeb"],"acf":[],"_links":{"self":[{"href":"https:\/\/semmelweis.hu\/jogigfoig\/wp-json\/wp\/v2\/pages\/3076","targetHints":{"allow":["GET"]}}],"collection":[{"href":"https:\/\/semmelweis.hu\/jogigfoig\/wp-json\/wp\/v2\/pages"}],"about":[{"href":"https:\/\/semmelweis.hu\/jogigfoig\/wp-json\/wp\/v2\/types\/page"}],"author":[{"embeddable":true,"href":"https:\/\/semmelweis.hu\/jogigfoig\/wp-json\/wp\/v2\/users\/12"}],"replies":[{"embeddable":true,"href":"https:\/\/semmelweis.hu\/jogigfoig\/wp-json\/wp\/v2\/comments?post=3076"}],"version-history":[{"count":10,"href":"https:\/\/semmelweis.hu\/jogigfoig\/wp-json\/wp\/v2\/pages\/3076\/revisions"}],"predecessor-version":[{"id":7873,"href":"https:\/\/semmelweis.hu\/jogigfoig\/wp-json\/wp\/v2\/pages\/3076\/revisions\/7873"}],"up":[{"embeddable":true,"href":"https:\/\/semmelweis.hu\/jogigfoig\/wp-json\/wp\/v2\/pages\/7839"}],"wp:attachment":[{"href":"https:\/\/semmelweis.hu\/jogigfoig\/wp-json\/wp\/v2\/media?parent=3076"}],"wp:term":[{"taxonomy":"category","embeddable":true,"href":"https:\/\/semmelweis.hu\/jogigfoig\/wp-json\/wp\/v2\/categories?post=3076"},{"taxonomy":"post_tag","embeddable":true,"href":"https:\/\/semmelweis.hu\/jogigfoig\/wp-json\/wp\/v2\/tags?post=3076"}],"curies":[{"name":"wp","href":"https:\/\/api.w.org\/{rel}","templated":true}]}}