{"id":3054,"date":"2015-07-10T10:34:38","date_gmt":"2015-07-10T08:34:38","guid":{"rendered":"http:\/\/semmelweis.hu\/rektori-hivatal\/?page_id=3054"},"modified":"2020-02-11T11:27:14","modified_gmt":"2020-02-11T10:27:14","slug":"2015-junius-25","status":"publish","type":"page","link":"https:\/\/semmelweis.hu\/jogigfoig\/testuletek\/szenatus\/2015-evi-szenatusi-hatarozatok\/2015-junius-25\/","title":{"rendered":"2015. j\u00fanius 25."},"content":{"rendered":"<ul>\n<li style=\"text-align: justify\"><a href=\"https:\/\/semmelweis.hu\/jogigfoig\/files\/2015\/07\/55_sz_VI_25_DHC.pdf\" target=\"_blank\" rel=\"noopener noreferrer\">55\/2015. (VI.25.) sz\u00e1m\u00fa hat\u00e1rozat Doctor Honoris Causa c\u00edm adom\u00e1nyoz\u00e1s\u00e1r\u00f3l<\/a><\/li>\n<li style=\"text-align: justify\"><a href=\"https:\/\/semmelweis.hu\/jogigfoig\/files\/2015\/07\/56_sz_VI_25_EDT_uj_kulso_tag.pdf\" target=\"_blank\" rel=\"noopener noreferrer\">56\/2015. (VI.25.) sz\u00e1m\u00fa hat\u00e1rozat az Egyetemi Doktori Tan\u00e1cs \u00faj k\u00fcls\u0151 tagj\u00e1nak megv\u00e1laszt\u00e1s\u00e1r\u00f3l<\/a><\/li>\n<li style=\"text-align: justify\"><a href=\"https:\/\/semmelweis.hu\/jogigfoig\/files\/2015\/07\/57_sz_VI_25_Semmelweis_Ignac_jutalomdij.pdf\" target=\"_blank\" rel=\"noopener noreferrer\">57\/2015. (VI.25.) sz\u00e1m\u00fa hat\u00e1rozat a Semmelweis Ign\u00e1c eml\u00e9k\u00e9rem \u00e9s jutalomd\u00edj oda\u00edt\u00e9l\u00e9s\u00e9r\u0151l<\/a><\/li>\n<li style=\"text-align: justify\"><a href=\"https:\/\/semmelweis.hu\/jogigfoig\/files\/2015\/07\/58_sz_VI_25_Hugonnai_Vilma_jutalomdij.pdf\" target=\"_blank\" rel=\"noopener noreferrer\">58\/2015. (VI.25.) sz\u00e1m\u00fa hat\u00e1rozat a Hugonnai Vilma eml\u00e9k\u00e9rem \u00e9s jutalomd\u00edj oda\u00edt\u00e9l\u00e9s\u00e9r\u0151l<\/a><\/li>\n<li style=\"text-align: justify\"><a href=\"https:\/\/semmelweis.hu\/jogigfoig\/files\/2015\/07\/59_sz_VI_25_Huzella_Tivadar_jutalomdij.pdf\" target=\"_blank\" rel=\"noopener noreferrer\">59\/2015. (VI.25.) sz\u00e1m\u00fa hat\u00e1rozat a Huzella Tivadar eml\u00e9k\u00e9rem \u00e9s jutalomd\u00edj oda\u00edt\u00e9l\u00e9s\u00e9r\u0151l<\/a><\/li>\n<li style=\"text-align: justify\"><a href=\"https:\/\/semmelweis.hu\/jogigfoig\/files\/2015\/07\/60_sz_VI_25_Jendrassik_Erno_jutalomdij.pdf\" target=\"_blank\" rel=\"noopener noreferrer\">60\/2015. (VI.25.) sz\u00e1m\u00fa hat\u00e1rozat a Jendrassik Ern\u0151 eml\u00e9k\u00e9rem \u00e9s jutalomd\u00edj oda\u00edt\u00e9l\u00e9s\u00e9r\u0151l<\/a><\/li>\n<li style=\"text-align: justify\"><a href=\"https:\/\/semmelweis.hu\/jogigfoig\/files\/2015\/07\/61_sz_VI_25_ETT_szemelyi_osszetetele.pdf\" target=\"_blank\" rel=\"noopener noreferrer\">61\/2015. (VI.25.) sz\u00e1m\u00fa hat\u00e1rozat az Egyetemi Tudom\u00e1nyos Tan\u00e1cs szem\u00e9lyi \u00f6sszet\u00e9tel\u00e9nek m\u00f3dos\u00edt\u00e1s\u00e1r\u00f3l<\/a><\/li>\n<li style=\"text-align: justify\"><a href=\"https:\/\/semmelweis.hu\/jogigfoig\/files\/2015\/07\/62_sz_VI_25_Kivalo_oktato_cim.pdf\" target=\"_blank\" rel=\"noopener noreferrer\">62\/2015. (VI.25.) sz\u00e1m\u00fa hat\u00e1rozat a Semmelweis Egyetem Kiv\u00e1l\u00f3 Oktat\u00f3ja kit\u00fcntet\u00e9s adom\u00e1nyoz\u00e1s\u00e1r\u00f3l<\/a><\/li>\n<li style=\"text-align: justify\"><a href=\"https:\/\/semmelweis.hu\/jogigfoig\/files\/2015\/07\/63_sz_VI_25_orado_oktatoknak_adomanyozhato_cimek.pdf\" target=\"_blank\" rel=\"noopener noreferrer\">63\/2015. (VI.25.) sz\u00e1m\u00fa hat\u00e1rozat \u00d3raad\u00f3 oktat\u00f3knak adom\u00e1nyozhat\u00f3 c\u00edmek oda\u00edt\u00e9l\u00e9s\u00e9r\u0151l<\/a><\/li>\n<li style=\"text-align: justify\"><a href=\"https:\/\/semmelweis.hu\/jogigfoig\/files\/2015\/07\/64_sz_VI_25_allami_miniszteri_kituntetesek.pdf\" target=\"_blank\" rel=\"noopener noreferrer\">64\/2015. (VI.25.) sz\u00e1m\u00fa hat\u00e1rozat a 2016. \u00e9vi \u00e1llami, miniszteri szint\u0171 kit\u00fcntet\u00e9sek adom\u00e1nyoz\u00e1s\u00e1r\u00f3l<\/a><\/li>\n<li style=\"text-align: justify\"><a href=\"https:\/\/semmelweis.hu\/jogigfoig\/files\/2015\/07\/65_sz_VI_25_AOK_dekani_hivatal_vez.pdf\" target=\"_blank\" rel=\"noopener noreferrer\">65\/2015. (VI.25.) sz\u00e1m\u00fa hat\u00e1rozat az \u00c1ltal\u00e1nos Orvostudom\u00e1nyi Kar D\u00e9k\u00e1ni Hivatal hivatalvezet\u0151i megb\u00edz\u00e1s\u00e1ra be\u00e9rkezett p\u00e1ly\u00e1zat v\u00e9lem\u00e9nyez\u00e9s\u00e9r\u0151l<\/a><\/li>\n<li style=\"text-align: justify\"><a href=\"https:\/\/semmelweis.hu\/rektori-hivatal\/files\/2015\/07\/66_sz_VI_25_egyetemitanari_allashelyek_letrehozasa.pdf\" target=\"_blank\" rel=\"noopener noreferrer\">66\/2015. (VI.25.) sz. hat. a 2016. \u00e9vben meghirdetni tervezett egyetemi tan\u00e1ri \u00e1ll\u00e1shelyek l\u00e9trehoz\u00e1s\u00e1r\u00f3l <\/a><\/li>\n<li style=\"text-align: justify\"><a href=\"https:\/\/semmelweis.hu\/rektori-hivatal\/files\/2015\/07\/67_sz_VI_25_egyetemi_foiskolai_docensi_allashelyek_letrehozasa.pdf\" target=\"_blank\" rel=\"noopener noreferrer\">67\/2015. (VI.25.) sz. hat. a 2016. \u00e9vben meghirdetni tervezett egyetemi\/f\u0151iskolai docensi \u00e1ll\u00e1shelyek l\u00e9trehoz\u00e1s\u00e1r\u00f3l<\/a><\/li>\n<li style=\"text-align: justify\"><a href=\"https:\/\/semmelweis.hu\/jogigfoig\/files\/2015\/07\/68_sz_VI_25_EKK_dekanhelyettes.pdf\" target=\"_blank\" rel=\"noopener noreferrer\">68\/2015. (VI.25.) sz\u00e1m\u00fa hat\u00e1rozat az Eg\u00e9szs\u00e9g\u00fcgyi K\u00f6zszolg\u00e1lati Kar d\u00e9k\u00e1nhelyettesi megb\u00edz\u00e1s\u00e1ra be\u00e9rkezett p\u00e1ly\u00e1zatok v\u00e9lem\u00e9nyez\u00e9se<\/a><\/li>\n<li style=\"text-align: justify\"><a href=\"https:\/\/semmelweis.hu\/rektori-hivatal\/files\/2015\/07\/69_sz_VI_25_soron_kivuli_egyetemi_docensi_allashelyek_letrehozasa.pdf\" target=\"_blank\" rel=\"noopener noreferrer\">69\/2015. (VI.25.) sz. hat. a 2015. \u00e9vben meghirdetni tervezett soron k\u00edv\u00fcli egyetemi docensi \u00e1ll\u00e1shelyek l\u00e9trehoz\u00e1s\u00e1r\u00f3l az \u00c9lettani Int\u00e9zetben \u00e9s az Igazs\u00e1g\u00fcgyi \u00e9s Biztos\u00edt\u00e1s-orvostani Int\u00e9zetben<\/a><\/li>\n<li style=\"text-align: justify\"><a href=\"https:\/\/semmelweis.hu\/jogigfoig\/files\/2015\/07\/70_sz_VI_25_Oktatasigazg_Hivatal_hivatalvezeto.pdf\" target=\"_blank\" rel=\"noopener noreferrer\">70\/2015. (VI.25.) sz\u00e1m\u00fa hat\u00e1rozat az Oktat\u00e1sigazgat\u00e1si Hivatal hivatalvezet\u0151i megb\u00edz\u00e1s\u00e1ra be\u00e9rkezett p\u00e1ly\u00e1zat v\u00e9lem\u00e9nyez\u00e9s\u00e9r\u0151l<\/a><\/li>\n<li style=\"text-align: justify\"><a href=\"https:\/\/semmelweis.hu\/jogigfoig\/files\/2015\/07\/71_sz_VI_25_AOK_FOK_GYTK_vezetoi_palyazatok.pdf\" target=\"_blank\" rel=\"noopener noreferrer\">71\/2015. (VI.25.) sz\u00e1m\u00fa hat\u00e1rozat az \u00c1ltal\u00e1nos Orvostudom\u00e1nyi Karon, a Fogorvostudom\u00e1nyi Karon \u00e9s a Gy\u00f3gyszer\u00e9sztudom\u00e1nyi Karon 2015. \u00e9vre meghirdetett vezet\u0151i megb\u00edz\u00e1sokra be\u00e9rkezett p\u00e1ly\u00e1zatokr\u00f3l<\/a><\/li>\n<li style=\"text-align: justify\"><a href=\"https:\/\/semmelweis.hu\/jogigfoig\/files\/2015\/07\/72_sz_VI_25_EKK_Curriculum_Kreditatviteli_Biz_szemelyi_osszetetel.pdf\" target=\"_blank\" rel=\"noopener noreferrer\">72\/2015. (VI.25.) sz\u00e1m\u00fa hat\u00e1rozat Az Eg\u00e9szs\u00e9g\u00fcgyi K\u00f6zszolg\u00e1lati Kar Szen\u00e1tus \u00e1ltal l\u00e9trehozott Curriculum, Kredit\u00e1tviteli \u00e9s Oktat\u00e1si Bizotts\u00e1g szem\u00e9lyi \u00f6sszet\u00e9tel\u00e9nek meg\u00faj\u00edt\u00e1s\u00e1r\u00f3l<\/a><\/li>\n<li style=\"text-align: justify\"><a href=\"https:\/\/semmelweis.hu\/rektori-hivatal\/files\/2015\/07\/73_sz_VI_25_a_szabalyzatok_felulvizsgalati_rendjerol.pdf\" target=\"_blank\" rel=\"noopener noreferrer\">73\/2015. (VI.25.) sz. hat. a szab\u00e1lyzatok fel\u00fclvizsg\u00e1lati rendj\u00e9r\u0151l <\/a><\/li>\n<li style=\"text-align: justify\"><a href=\"https:\/\/semmelweis.hu\/rektori-hivatal\/files\/2015\/07\/74_sz_VI_25_Ovoda_SZMSZ_mod.pdf\" target=\"_blank\" rel=\"noopener noreferrer\">74\/2015. (VI.25.) sz. hat. a Semmelweis Egyetem Napk\u00f6ziotthonos \u00d3vod\u00e1ja Szervezeti \u00e9s M\u0171k\u00f6d\u00e9si Szab\u00e1lyzata m\u00f3dos\u00edt\u00e1s\u00e1r\u00f3l <\/a><\/li>\n<li style=\"text-align: justify\"><a href=\"https:\/\/semmelweis.hu\/rektori-hivatal\/files\/2015\/07\/75_sz_VI_25_Ovoda_AlapitoOkirat_mod1.pdf\" target=\"_blank\" rel=\"noopener noreferrer\">75\/2015. (VI.25.) sz. hat. a Semmelweis Egyetem Napk\u00f6ziotthonos \u00d3vod\u00e1ja Alap\u00edt\u00f3 Okirat\u00e1nak m\u00f3dos\u00edt\u00e1s\u00e1r\u00f3l <\/a><\/li>\n<li style=\"text-align: justify\"><a href=\"https:\/\/semmelweis.hu\/rektori-hivatal\/files\/2015\/07\/76_sz_VI_25_EKK_EIFTI_nevvaltozasa.pdf\" target=\"_blank\" rel=\"noopener noreferrer\">76\/2015. (VI.25.). sz. hat. az Eg\u00e9szs\u00e9g\u00fcgyi K\u00f6zszolg\u00e1lati Kar Eg\u00e9szs\u00e9g\u00fcgyi Informatikai Fejleszt\u0151 \u00e9s Tov\u00e1bbk\u00e9pz\u0151 Int\u00e9zet elnevez\u00e9s\u00e9nek megv\u00e1ltoz\u00e1s\u00e1r\u00f3l <\/a><\/li>\n<li style=\"text-align: justify\"><a href=\"https:\/\/semmelweis.hu\/rektori-hivatal\/files\/2015\/07\/77_sz_VI_25_EKK_Egeszsegugyi_szervezo_BSc_szak.pdf\" target=\"_blank\" rel=\"noopener noreferrer\">77\/2015. (VI.25.) sz. hat. az Eg\u00e9szs\u00e9g\u00fcgyi K\u00f6zszolg\u00e1lati Kar Eg\u00e9szs\u00e9g\u00fcgyi Informatikai Fejleszt\u0151 \u00e9s Tov\u00e1bbk\u00e9pz\u0151 Int\u00e9zet Eg\u00e9szs\u00e9g\u00fcgyi szervez\u0151 alapk\u00e9pz\u00e9si szak mintaterv\u00e9nek m\u00f3dos\u00edt\u00e1s\u00e1r\u00f3l <\/a><\/li>\n<li style=\"text-align: justify\"><a href=\"https:\/\/semmelweis.hu\/rektori-hivatal\/files\/2015\/07\/78_sz_VI_25_EKK_Klinikai_vizsgalati_asszisztens_CTA_szak.pdf\" target=\"_blank\" rel=\"noopener noreferrer\">78\/2015. (VI.25.) sz. hat. az Eg\u00e9szs\u00e9g\u00fcgyi K\u00f6zszolg\u00e1lati Kar Eg\u00e9szs\u00e9g\u00fcgyi Informatikai Fejleszt\u0151 \u00e9s Tov\u00e1bbk\u00e9pz\u0151 Int\u00e9zet &#8222;Klinikai vizsg\u00e1lati asszisztens (CTA) szakir\u00e1ny\u00fa tov\u00e1bbk\u00e9pz\u00e9si szak&#8221; k\u00e9pz\u00e9si \u00e9s kimeneti k\u00f6vetelm\u00e9nyeinek, valamint k\u00e9pz\u00e9si programj\u00e1nak m\u00f3dos\u00edt\u00e1s\u00e1r\u00f3l <\/a><\/li>\n<li style=\"text-align: justify\"><a href=\"https:\/\/semmelweis.hu\/rektori-hivatal\/files\/2015\/07\/79_sz_VI_25_EKK_Mentalhigienes_csaladtudomanyi_szak.pdf\" target=\"_blank\" rel=\"noopener noreferrer\">79\/2015. (VI.25.) sz. hat. a Ment\u00e1lhigi\u00e9n\u00e9 Int\u00e9zet Ment\u00e1lhigi\u00e9n\u00e9s csal\u00e1dtudom\u00e1nyi \u00e9s csal\u00e1dter\u00e1pi\u00e1s mesterk\u00e9pz\u00e9si szak tanterv\u00e9nek \u00e9s tant\u00e1rgyi programj\u00e1nak j\u00f3v\u00e1hagy\u00e1sa <\/a><\/li>\n<li style=\"text-align: justify\"><a href=\"https:\/\/semmelweis.hu\/rektori-hivatal\/files\/2015\/07\/80_sz_VI_25_EKK_Lelkigondozo_szak.pdf\" target=\"_blank\" rel=\"noopener noreferrer\">80\/2015. (VI.25.) sz. hat. a Ment\u00e1lhigi\u00e9n\u00e9 Int\u00e9zet Ment\u00e1lhigi\u00e9n\u00e9s lelkigondoz\u00f3 szakir\u00e1ny\u00fa tov\u00e1bbk\u00e9pz\u00e9si szak tanterv\u00e9nek \u00e9s tant\u00e1rgyi programj\u00e1nak m\u00f3dos\u00edt\u00e1s\u00e1r\u00f3l <\/a><\/li>\n<li style=\"text-align: justify\"><a href=\"https:\/\/semmelweis.hu\/rektori-hivatal\/files\/2015\/07\/81_sz_VI_25_EKK_Szocialis_munka_szak.pdf\" target=\"_blank\" rel=\"noopener noreferrer\">81\/2015. (VI.25.) sz. hat. a Ment\u00e1lhigi\u00e9n\u00e9 Int\u00e9zet Szoci\u00e1lis munka mesterk\u00e9pz\u00e9si szak tanterv\u00e9nek \u00e9s tant\u00e1rgyi programj\u00e1nak m\u00f3dos\u00edt\u00e1s\u00e1r\u00f3l <\/a><\/li>\n<li style=\"text-align: justify\"><a href=\"https:\/\/semmelweis.hu\/rektori-hivatal\/files\/2015\/07\/82_sz_VI_25_EKK_Laktacios_szak.pdf\" target=\"_blank\" rel=\"noopener noreferrer\">82\/2015. (VI.25.) sz. hat. a Ment\u00e1lhigi\u00e9n\u00e9 Int\u00e9zet Lakt\u00e1ci\u00f3s szaktan\u00e1csad\u00f3 vizsg\u00e1ra felk\u00e9sz\u00edt\u0151 szakir\u00e1ny\u00fa tov\u00e1bbk\u00e9pz\u00e9si szak tanterv\u00e9nek \u00e9s tant\u00e1rgyprogramj\u00e1nak m\u00f3dos\u00edt\u00e1s\u00e1r\u00f3l <\/a><\/li>\n<li style=\"text-align: justify\"><a href=\"https:\/\/semmelweis.hu\/rektori-hivatal\/files\/2015\/07\/83_sz_VI_25_EKK_TanszekiCsoport.pdf\" target=\"_blank\" rel=\"noopener noreferrer\">83\/2015. (VI.25.) sz. hat. Tansz\u00e9ki csoportok l\u00e9trehoz\u00e1s\u00e1r\u00f3l az Eg\u00e9szs\u00e9g\u00fcgyi K\u00f6zszolg\u00e1lati Karon <\/a><\/li>\n<\/ul>\n","protected":false},"excerpt":{"rendered":"<p><a href=\"https:\/\/semmelweis.hu\/jogigfoig\/files\/2015\/07\/55_sz_VI_25_DHC.pdf\" target=\"_blank\" rel=\"noopener noreferrer\">55\/2015. (VI.25.) sz\u00e1m\u00fa hat\u00e1rozat Doctor Honoris Causa c\u00edm adom\u00e1nyoz\u00e1s\u00e1r\u00f3l<\/a><br \/>\n<a href=\"https:\/\/semmelweis.hu\/jogigfoig\/files\/2015\/07\/56_sz_VI_25_EDT_uj_kulso_tag.pdf\" target=\"_blank\" rel=\"noopener noreferrer\">56\/2015. (VI.25.) sz\u00e1m\u00fa hat\u00e1rozat az Egyetemi Doktori Tan\u00e1cs \u00faj k\u00fcls\u0151 tagj\u00e1nak megv\u00e1laszt\u00e1s\u00e1r\u00f3l<\/a><br \/>\n<a href=\"https:\/\/semmelweis.hu\/jogigfoig\/files\/2015\/07\/57_sz_VI_25_Semmelweis_Ignac_jutalomdij.pdf\" target=\"_blank\" rel=\"noopener noreferrer\">57\/2015. (VI.25.) sz\u00e1m\u00fa hat\u00e1rozat a Semmelweis Ign\u00e1c eml\u00e9k\u00e9rem \u00e9s jutalomd\u00edj oda\u00edt\u00e9l\u00e9s\u00e9r\u0151l<\/a><br \/>\n<a href=\"https:\/\/semmelweis.hu\/jogigfoig\/files\/2015\/07\/58_sz_VI_25_Hugonnai_Vilma_jutalomdij.pdf\" target=\"_blank\" rel=\"noopener noreferrer\">58\/2015. (VI.25.) sz\u00e1m\u00fa hat\u00e1rozat a Hugonnai Vilma eml\u00e9k\u00e9rem \u00e9s jutalomd\u00edj oda\u00edt\u00e9l\u00e9s\u00e9r\u0151l<\/a><br \/>\n<a href=\"https:\/\/semmelweis.hu\/jogigfoig\/files\/2015\/07\/59_sz_VI_25_Huzella_Tivadar_jutalomdij.pdf\" target=\"_blank\" rel=\"noopener noreferrer\">59\/2015. (VI.25.) sz\u00e1m\u00fa hat\u00e1rozat a Huzella Tivadar eml\u00e9k\u00e9rem \u00e9s jutalomd\u00edj oda\u00edt\u00e9l\u00e9s\u00e9r\u0151l<\/a><br \/>\n<a href=\"https:\/\/semmelweis.hu\/jogigfoig\/files\/2015\/07\/60_sz_VI_25_Jendrassik_Erno_jutalomdij.pdf\" target=\"_blank\" rel=\"noopener noreferrer\">60\/2015. (VI.25.) sz\u00e1m\u00fa hat\u00e1rozat a Jendrassik Ern\u0151 eml\u00e9k\u00e9rem \u00e9s jutalomd\u00edj oda\u00edt\u00e9l\u00e9s\u00e9r\u0151l<\/a><br \/>\n<a href=\"https:\/\/semmelweis.hu\/jogigfoig\/files\/2015\/07\/61_sz_VI_25_ETT_szemelyi_osszetetele.pdf\" target=\"_blank\" rel=\"noopener noreferrer\">61\/2015. (VI.25.) sz\u00e1m\u00fa hat\u00e1rozat az Egyetemi Tudom\u00e1nyos Tan\u00e1cs szem\u00e9lyi \u00f6sszet\u00e9tel\u00e9nek m\u00f3dos\u00edt\u00e1s\u00e1r\u00f3l<\/a><br \/>\n<a href=\"https:\/\/semmelweis.hu\/jogigfoig\/files\/2015\/07\/62_sz_VI_25_Kivalo_oktato_cim.pdf\" target=\"_blank\" rel=\"noopener noreferrer\">62\/2015. (VI.25.) sz\u00e1m\u00fa hat\u00e1rozat a Semmelweis Egyetem Kiv\u00e1l\u00f3 Oktat\u00f3ja kit\u00fcntet\u00e9s adom\u00e1nyoz\u00e1s\u00e1r\u00f3l<\/a><br \/>\n<a href=\"https:\/\/semmelweis.hu\/jogigfoig\/files\/2015\/07\/63_sz_VI_25_orado_oktatoknak_adomanyozhato_cimek.pdf\" target=\"_blank\" rel=\"noopener noreferrer\">63\/2015. (VI.25.) sz\u00e1m\u00fa hat\u00e1rozat \u00d3raad\u00f3 oktat\u00f3knak adom\u00e1nyozhat\u00f3 c\u00edmek oda\u00edt\u00e9l\u00e9s\u00e9r\u0151l<\/a><br \/>\n<a href=\"https:\/\/semmelweis.hu\/jogigfoig\/files\/2015\/07\/64_sz_VI_25_allami_miniszteri_kituntetesek.pdf\" target=\"_blank\" rel=\"noopener noreferrer\">64\/2015. (VI.25.) sz\u00e1m\u00fa hat\u00e1rozat a 2016. \u00e9vi \u00e1llami, miniszteri szint\u0171 kit\u00fcntet\u00e9sek adom\u00e1nyoz\u00e1s\u00e1r\u00f3l<\/a><br \/>\n<a href=\"https:\/\/semmelweis.hu\/jogigfoig\/files\/2015\/07\/65_sz_VI_25_AOK_dekani_hivatal_vez.pdf\" target=\"_blank\" rel=\"noopener noreferrer\">65\/2015. (VI.25.) sz\u00e1m\u00fa hat\u00e1rozat az \u00c1ltal\u00e1nos Orvostudom\u00e1nyi Kar D\u00e9k\u00e1ni Hivatal hivatalvezet\u0151i megb\u00edz\u00e1s\u00e1ra be\u00e9rkezett p\u00e1ly\u00e1zat v\u00e9lem\u00e9nyez\u00e9s\u00e9r\u0151l<\/a><br \/>\n<a href=\"https:\/\/semmelweis.hu\/rektori-hivatal\/files\/2015\/07\/66_sz_VI_25_egyetemitanari_allashelyek_letrehozasa.pdf\" target=\"_blank\" rel=\"noopener noreferrer\">66\/2015. (VI.25.) sz. hat. a 2016. \u00e9vben meghirdetni tervezett egyetemi tan\u00e1ri \u00e1ll\u00e1shelyek l\u00e9trehoz\u00e1s\u00e1r\u00f3l <\/a><br \/>\n<a href=\"https:\/\/semmelweis.hu\/rektori-hivatal\/files\/2015\/07\/67_sz_VI_25_egyetemi_foiskolai_docensi_allashelyek_letrehozasa.pdf\" target=\"_blank\" rel=\"noopener noreferrer\">67\/2015. (VI.25.) sz. hat. a 2016. \u00e9vben meghirdetni tervezett egyetemi\/f\u0151iskolai docensi \u00e1ll\u00e1shelyek l\u00e9trehoz\u00e1s\u00e1r\u00f3l<\/a><br \/>\n<a href=\"https:\/\/semmelweis.hu\/jogigfoig\/files\/2015\/07\/68_sz_VI_25_EKK_dekanhelyettes.pdf\" target=\"_blank\" rel=\"noopener noreferrer\">68\/2015. (VI.25.) sz\u00e1m\u00fa hat\u00e1rozat az Eg\u00e9szs\u00e9g\u00fcgyi K\u00f6zszolg\u00e1lati Kar d\u00e9k\u00e1nhelyettesi megb\u00edz\u00e1s\u00e1ra be\u00e9rkezett p\u00e1ly\u00e1zatok v\u00e9lem\u00e9nyez\u00e9se<\/a><br \/>\n<a href=\"https:\/\/semmelweis.hu\/rektori-hivatal\/files\/2015\/07\/69_sz_VI_25_soron_kivuli_egyetemi_docensi_allashelyek_letrehozasa.pdf\" target=\"_blank\" rel=\"noopener noreferrer\">69\/2015. (VI.25.) sz. hat. a 2015. \u00e9vben meghirdetni tervezett soron k\u00edv\u00fcli egyetemi docensi \u00e1ll\u00e1shelyek l\u00e9trehoz\u00e1s\u00e1r\u00f3l az \u00c9lettani Int\u00e9zetben \u00e9s az Igazs\u00e1g\u00fcgyi \u00e9s Biztos\u00edt\u00e1s-orvostani Int\u00e9zetben<\/a><br \/>\n<a href=\"https:\/\/semmelweis.hu\/jogigfoig\/files\/2015\/07\/70_sz_VI_25_Oktatasigazg_Hivatal_hivatalvezeto.pdf\" target=\"_blank\" rel=\"noopener noreferrer\">70\/2015. (VI.25.) sz\u00e1m\u00fa hat\u00e1rozat az Oktat\u00e1sigazgat\u00e1si Hivatal hivatalvezet\u0151i megb\u00edz\u00e1s\u00e1ra be\u00e9rkezett p\u00e1ly\u00e1zat v\u00e9lem\u00e9nyez\u00e9s\u00e9r\u0151l<\/a><br \/>\n<a href=\"https:\/\/semmelweis.hu\/jogigfoig\/files\/2015\/07\/71_sz_VI_25_AOK_FOK_GYTK_vezetoi_palyazatok.pdf\" target=\"_blank\" rel=\"noopener noreferrer\">71\/2015. (VI.25.) sz\u00e1m\u00fa hat\u00e1rozat az \u00c1ltal\u00e1nos Orvostudom\u00e1nyi Karon, a Fogorvostudom\u00e1nyi Karon \u00e9s a Gy\u00f3gyszer\u00e9sztudom\u00e1nyi Karon 2015. \u00e9vre meghirdetett vezet\u0151i megb\u00edz\u00e1sokra be\u00e9rkezett p\u00e1ly\u00e1zatokr\u00f3l<\/a><br \/>\n<a href=\"https:\/\/semmelweis.hu\/jogigfoig\/files\/2015\/07\/72_sz_VI_25_EKK_Curriculum_Kreditatviteli_Biz_szemelyi_osszetetel.pdf\" target=\"_blank\" rel=\"noopener noreferrer\">72\/2015. (VI.25.) sz\u00e1m\u00fa hat\u00e1rozat Az Eg\u00e9szs\u00e9g\u00fcgyi K\u00f6zszolg\u00e1lati Kar Szen\u00e1tus \u00e1ltal l\u00e9trehozott Curriculum, Kredit\u00e1tviteli \u00e9s Oktat\u00e1si Bizotts\u00e1g szem\u00e9lyi \u00f6sszet\u00e9tel\u00e9nek meg\u00faj\u00edt\u00e1s\u00e1r\u00f3l<\/a><br \/>\n<a href=\"https:\/\/semmelweis.hu\/rektori-hivatal\/files\/2015\/07\/73_sz_VI_25_a_szabalyzatok_felulvizsgalati_rendjerol.pdf\" target=\"_blank\" rel=\"noopener noreferrer\">73\/2015. (VI.25.) sz. hat. a szab\u00e1lyzatok fel\u00fclvizsg\u00e1lati rendj\u00e9r\u0151l <\/a><br \/>\n<a href=\"https:\/\/semmelweis.hu\/rektori-hivatal\/files\/2015\/07\/74_sz_VI_25_Ovoda_SZMSZ_mod.pdf\" target=\"_blank\" rel=\"noopener noreferrer\">74\/2015. (VI.25.) sz. hat. a Semmelweis Egyetem Napk\u00f6ziotthonos \u00d3vod\u00e1ja Szervezeti \u00e9s M\u0171k\u00f6d\u00e9si Szab\u00e1lyzata m\u00f3dos\u00edt\u00e1s\u00e1r\u00f3l <\/a><br \/>\n<a href=\"https:\/\/semmelweis.hu\/rektori-hivatal\/files\/2015\/07\/75_sz_VI_25_Ovoda_AlapitoOkirat_mod1.pdf\" target=\"_blank\" rel=\"noopener noreferrer\">75\/2015. (VI.25.) sz. hat. a Semmelweis Egyetem Napk\u00f6ziotthonos \u00d3vod\u00e1ja Alap\u00edt\u00f3 Okirat\u00e1nak m\u00f3dos\u00edt\u00e1s\u00e1r\u00f3l <\/a><br \/>\n<a href=\"https:\/\/semmelweis.hu\/rektori-hivatal\/files\/2015\/07\/76_sz_VI_25_EKK_EIFTI_nevvaltozasa.pdf\" target=\"_blank\" rel=\"noopener noreferrer\">76\/2015. (VI.25.). sz. hat. az Eg\u00e9szs\u00e9g\u00fcgyi K\u00f6zszolg\u00e1lati Kar Eg\u00e9szs\u00e9g\u00fcgyi Informatikai Fejleszt\u0151 \u00e9s Tov\u00e1bbk\u00e9pz\u0151 Int\u00e9zet elnevez\u00e9s\u00e9nek megv\u00e1ltoz\u00e1s\u00e1r\u00f3l <\/a><br \/>\n<a href=\"https:\/\/semmelweis.hu\/rektori-hivatal\/files\/2015\/07\/77_sz_VI_25_EKK_Egeszsegugyi_szervezo_BSc_szak.pdf\" target=\"_blank\" rel=\"noopener noreferrer\">77\/2015. (VI.25.) sz. hat. az Eg\u00e9szs\u00e9g\u00fcgyi K\u00f6zszolg\u00e1lati Kar Eg\u00e9szs\u00e9g\u00fcgyi Informatikai Fejleszt\u0151 \u00e9s Tov\u00e1bbk\u00e9pz\u0151 Int\u00e9zet Eg\u00e9szs\u00e9g\u00fcgyi szervez\u0151 alapk\u00e9pz\u00e9si szak mintaterv\u00e9nek m\u00f3dos\u00edt\u00e1s\u00e1r\u00f3l <\/a><br \/>\n<a href=\"https:\/\/semmelweis.hu\/rektori-hivatal\/files\/2015\/07\/78_sz_VI_25_EKK_Klinikai_vizsgalati_asszisztens_CTA_szak.pdf\" target=\"_blank\" rel=\"noopener noreferrer\">78\/2015. (VI.25.) sz. hat. az Eg\u00e9szs\u00e9g\u00fcgyi K\u00f6zszolg\u00e1lati Kar Eg\u00e9szs\u00e9g\u00fcgyi Informatikai Fejleszt\u0151 \u00e9s Tov\u00e1bbk\u00e9pz\u0151 Int\u00e9zet &#8222;Klinikai vizsg\u00e1lati asszisztens (CTA) szakir\u00e1ny\u00fa tov\u00e1bbk\u00e9pz\u00e9si szak&#8221; k\u00e9pz\u00e9si \u00e9s kimeneti k\u00f6vetelm\u00e9nyeinek, valamint k\u00e9pz\u00e9si programj\u00e1nak m\u00f3dos\u00edt\u00e1s\u00e1r\u00f3l <\/a><br \/>\n<a href=\"https:\/\/semmelweis.hu\/rektori-hivatal\/files\/2015\/07\/79_sz_VI_25_EKK_Mentalhigienes_csaladtudomanyi_szak.pdf\" target=\"_blank\" rel=\"noopener noreferrer\">79\/2015. (VI.25.) sz. hat. a Ment\u00e1lhigi\u00e9n\u00e9 Int\u00e9zet Ment\u00e1lhigi\u00e9n\u00e9s csal\u00e1dtudom\u00e1nyi \u00e9s csal\u00e1dter\u00e1pi\u00e1s mesterk\u00e9pz\u00e9si szak tanterv\u00e9nek \u00e9s tant\u00e1rgyi programj\u00e1nak j\u00f3v\u00e1hagy\u00e1sa <\/a><br \/>\n<a href=\"https:\/\/semmelweis.hu\/rektori-hivatal\/files\/2015\/07\/80_sz_VI_25_EKK_Lelkigondozo_szak.pdf\" target=\"_blank\" rel=\"noopener noreferrer\">80\/2015. (VI.25.) sz. hat. a Ment\u00e1lhigi\u00e9n\u00e9 Int\u00e9zet Ment\u00e1lhigi\u00e9n\u00e9s lelkigondoz\u00f3 szakir\u00e1ny\u00fa tov\u00e1bbk\u00e9pz\u00e9si szak tanterv\u00e9nek \u00e9s tant\u00e1rgyi programj\u00e1nak m\u00f3dos\u00edt\u00e1s\u00e1r\u00f3l <\/a><br \/>\n<a href=\"https:\/\/semmelweis.hu\/rektori-hivatal\/files\/2015\/07\/81_sz_VI_25_EKK_Szocialis_munka_szak.pdf\" target=\"_blank\" rel=\"noopener noreferrer\">81\/2015. (VI.25.) sz. hat. a Ment\u00e1lhigi\u00e9n\u00e9 Int\u00e9zet Szoci\u00e1lis munka mesterk\u00e9pz\u00e9si szak tanterv\u00e9nek \u00e9s tant\u00e1rgyi programj\u00e1nak m\u00f3dos\u00edt\u00e1s\u00e1r\u00f3l <\/a><br \/>\n<a href=\"https:\/\/semmelweis.hu\/rektori-hivatal\/files\/2015\/07\/82_sz_VI_25_EKK_Laktacios_szak.pdf\" target=\"_blank\" rel=\"noopener noreferrer\">82\/2015. (VI.25.) sz. hat. a Ment\u00e1lhigi\u00e9n\u00e9 Int\u00e9zet Lakt\u00e1ci\u00f3s szaktan\u00e1csad\u00f3 vizsg\u00e1ra felk\u00e9sz\u00edt\u0151 szakir\u00e1ny\u00fa tov\u00e1bbk\u00e9pz\u00e9si szak tanterv\u00e9nek \u00e9s tant\u00e1rgyprogramj\u00e1nak m\u00f3dos\u00edt\u00e1s\u00e1r\u00f3l <\/a><br \/>\n<a href=\"https:\/\/semmelweis.hu\/rektori-hivatal\/files\/2015\/07\/83_sz_VI_25_EKK_TanszekiCsoport.pdf\" target=\"_blank\" rel=\"noopener noreferrer\">83\/2015. (VI.25.) sz. hat. Tansz\u00e9ki csoportok l\u00e9trehoz\u00e1s\u00e1r\u00f3l az Eg\u00e9szs\u00e9g\u00fcgyi K\u00f6zszolg\u00e1lati Karon <\/a><\/p>\n","protected":false},"author":12,"featured_media":0,"parent":7839,"menu_order":7,"comment_status":"closed","ping_status":"closed","template":"","meta":{"_acf_changed":false,"footnotes":""},"categories":[1],"tags":[],"class_list":["post-3054","page","type-page","status-publish","hentry","category-egyeb"],"acf":[],"_links":{"self":[{"href":"https:\/\/semmelweis.hu\/jogigfoig\/wp-json\/wp\/v2\/pages\/3054","targetHints":{"allow":["GET"]}}],"collection":[{"href":"https:\/\/semmelweis.hu\/jogigfoig\/wp-json\/wp\/v2\/pages"}],"about":[{"href":"https:\/\/semmelweis.hu\/jogigfoig\/wp-json\/wp\/v2\/types\/page"}],"author":[{"embeddable":true,"href":"https:\/\/semmelweis.hu\/jogigfoig\/wp-json\/wp\/v2\/users\/12"}],"replies":[{"embeddable":true,"href":"https:\/\/semmelweis.hu\/jogigfoig\/wp-json\/wp\/v2\/comments?post=3054"}],"version-history":[{"count":6,"href":"https:\/\/semmelweis.hu\/jogigfoig\/wp-json\/wp\/v2\/pages\/3054\/revisions"}],"predecessor-version":[{"id":7874,"href":"https:\/\/semmelweis.hu\/jogigfoig\/wp-json\/wp\/v2\/pages\/3054\/revisions\/7874"}],"up":[{"embeddable":true,"href":"https:\/\/semmelweis.hu\/jogigfoig\/wp-json\/wp\/v2\/pages\/7839"}],"wp:attachment":[{"href":"https:\/\/semmelweis.hu\/jogigfoig\/wp-json\/wp\/v2\/media?parent=3054"}],"wp:term":[{"taxonomy":"category","embeddable":true,"href":"https:\/\/semmelweis.hu\/jogigfoig\/wp-json\/wp\/v2\/categories?post=3054"},{"taxonomy":"post_tag","embeddable":true,"href":"https:\/\/semmelweis.hu\/jogigfoig\/wp-json\/wp\/v2\/tags?post=3054"}],"curies":[{"name":"wp","href":"https:\/\/api.w.org\/{rel}","templated":true}]}}