{"id":3021,"date":"2015-06-10T12:02:11","date_gmt":"2015-06-10T10:02:11","guid":{"rendered":"http:\/\/semmelweis.hu\/rektori-hivatal\/?page_id=3021"},"modified":"2020-02-11T11:27:07","modified_gmt":"2020-02-11T10:27:07","slug":"2015-majus-28","status":"publish","type":"page","link":"https:\/\/semmelweis.hu\/jogigfoig\/testuletek\/szenatus\/2015-evi-szenatusi-hatarozatok\/2015-majus-28\/","title":{"rendered":"2015. m\u00e1jus 28."},"content":{"rendered":"<ul>\n<li style=\"text-align: justify\"><a href=\"https:\/\/semmelweis.hu\/jogigfoig\/files\/2015\/06\/37_sz_V_28_rektorjelolt_valasztas_tajek.pdf\" target=\"_blank\" rel=\"noopener noreferrer\">37\/2015. (V.7.) sz\u00e1m\u00fa hat\u00e1rozat t\u00e1j\u00e9koztat\u00e1s a Szen\u00e1tus r\u00e9sz\u00e9re az Emberi Er\u0151forr\u00e1sok Miniszt\u00e9riuma, mint fenntart\u00f3 \u00e1ltal tett kifog\u00e1ssal \u00f6sszef\u00fcgg\u0151 k\u00e9rd\u00e9sekr\u0151l a Semmelweis Egyetem 2015. \u00e1prilis 8-ai rektorjel\u00f6lt-v\u00e1laszt\u00e1s\u00e1hoz kapcsol\u00f3d\u00f3an, valamint egyes speci\u00e1lis elj\u00e1r\u00e1si k\u00e9rd\u00e9sek rendez\u00e9se<\/a><\/li>\n<li style=\"text-align: justify\"><a href=\"https:\/\/semmelweis.hu\/jogigfoig\/files\/2015\/06\/38_sz_V_28_rektorjelolt_valasztasarol.pdf\" target=\"_blank\" rel=\"noopener noreferrer\">38\/2015. (V.28.) sz\u00e1m\u00fa hat\u00e1rozat a rektori megb\u00edz\u00e1sra beny\u00fajtott p\u00e1ly\u00e1zatok v\u00e9lem\u00e9nyez\u00e9s\u00e9r\u0151l<\/a><\/li>\n<li style=\"text-align: justify\"><a href=\"https:\/\/semmelweis.hu\/jogigfoig\/files\/2015\/06\/39_V_28_ProUniv.pdf\" target=\"_blank\" rel=\"noopener noreferrer\">39\/2015. (V.28.) sz\u00e1m\u00fa hat\u00e1rozat Pro Universitate d\u00edj adom\u00e1nyoz\u00e1s\u00e1r\u00f3l<\/a><\/li>\n<li style=\"text-align: justify\"><a href=\"https:\/\/semmelweis.hu\/jogigfoig\/files\/2015\/06\/40_V_28_Prof_Emer.pdf\" target=\"_blank\" rel=\"noopener noreferrer\">40\/2015. (V.28.) sz\u00e1m\u00fa hat\u00e1rozat a &#8222;Professor Emerita&#8221; c\u00edm adom\u00e1nyoz\u00e1s\u00e1r\u00f3l<\/a><\/li>\n<li style=\"text-align: justify\"><a href=\"https:\/\/semmelweis.hu\/jogigfoig\/files\/2015\/06\/41_V_28_apolasi_igazg.pdf\" target=\"_blank\" rel=\"noopener noreferrer\">41\/2015. (V.28.) sz\u00e1m\u00fa hat\u00e1rozat az \u00e1pol\u00e1si igazgat\u00f3i megb\u00edz\u00e1sokra be\u00e9rkezett p\u00e1ly\u00e1zatok v\u00e9lem\u00e9nyez\u00e9se<\/a><\/li>\n<li style=\"text-align: justify\"><a href=\"https:\/\/semmelweis.hu\/jogigfoig\/files\/2015\/06\/42_V_28_dekanhelyettes_AOK_GYTK.pdf\" target=\"_blank\" rel=\"noopener noreferrer\">42\/2015. (V.28.) sz\u00e1m\u00fa hat\u00e1rozat az \u00c1ltal\u00e1nos Orvostudom\u00e1nyi Kar \u00e9s a Gy\u00f3gyszer\u00e9sztudom\u00e1nyi Kar d\u00e9k\u00e1nhelyettesi megb\u00edz\u00e1s\u00e1ra be\u00e9rkezett p\u00e1ly\u00e1zatok v\u00e9lem\u00e9nyez\u00e9se<\/a><\/li>\n<li style=\"text-align: justify\"><a href=\"https:\/\/semmelweis.hu\/jogigfoig\/files\/2015\/06\/43_sz_V_28_docensi_palyazatok.pdf\" target=\"_blank\" rel=\"noopener noreferrer\">43\/2015. (V.28.) sz\u00e1m\u00fa hat\u00e1rozat 2015. \u00e9vre meghirdetett egyetemi\/f\u0151iskolai docensi \u00e1ll\u00e1shelyekre be\u00e9rkezett p\u00e1ly\u00e1zatok v\u00e9lem\u00e9nyez\u00e9se<\/a><\/li>\n<li style=\"text-align: justify\"><a href=\"https:\/\/semmelweis.hu\/jogigfoig\/files\/2015\/06\/44_V_28_AOK_tanulm_oszt_vez.pdf\" target=\"_blank\" rel=\"noopener noreferrer\">44\/2015. (V.28.) sz\u00e1m\u00fa hat\u00e1rozat az \u00c1ltal\u00e1nos Orvostudom\u00e1nyi Kar D\u00e9k\u00e1ni Hivatal tanulm\u00e1nyi oszt\u00e1lyvezet\u0151i megb\u00edz\u00e1s\u00e1ra be\u00e9rkezett p\u00e1ly\u00e1zat v\u00e9lem\u00e9nyez\u00e9se<\/a><\/li>\n<li style=\"text-align: justify\"><a href=\"https:\/\/semmelweis.hu\/rektori-hivatal\/files\/2015\/06\/45_sz_V_28_EKK_szoc_munk_szakfelelos_valt.pdf\" target=\"_blank\" rel=\"noopener noreferrer\">45\/2015. (V.28.) sz. hat. az Eg\u00e9szs\u00e9g\u00fcgyi K\u00f6zszolg\u00e1lati Kar Ment\u00e1lhigi\u00e9n\u00e9 Int\u00e9zet Szoci\u00e1lis munka mesterk\u00e9pz\u00e9si szak szakfelel\u0151s szem\u00e9ly\u00e9nek v\u00e1ltoz\u00e1s\u00e1r\u00f3l<\/a><\/li>\n<li style=\"text-align: justify\"><a href=\"https:\/\/semmelweis.hu\/rektori-hivatal\/files\/2015\/06\/46_sz_V_28_a-2015-2016-Tanev-rendjerol.pdf\" target=\"_blank\" rel=\"noopener noreferrer\">46\/2015. (V.28.) sz. hat. a 2015\/2016. tan\u00e9v rendj\u00e9r\u0151l<\/a><\/li>\n<li style=\"text-align: justify\"><a href=\"https:\/\/semmelweis.hu\/rektori-hivatal\/files\/2015\/06\/47_sz_V_28_hatarozat_Munkahelyi_Sugarvedelmi_Szabalyzat.pdf\" target=\"_blank\" rel=\"noopener noreferrer\">47\/2015. (V.28.) sz. hat. a Semmelweis Egyetem Munkahelyi Sug\u00e1rv\u00e9delmi Szab\u00e1lyzat\u00e1nak m\u00f3dos\u00edt\u00e1s\u00e1r\u00f3l<\/a><\/li>\n<li style=\"text-align: justify\"><a href=\"https:\/\/semmelweis.hu\/rektori-hivatal\/files\/2015\/06\/48_sz_V_28_hatarozat_Varolista_Szabalyzat.pdf\" target=\"_blank\" rel=\"noopener noreferrer\">48\/2015. (V.28.) sz. hat. a Semmelweis Egyetem V\u00e1r\u00f3-, El\u0151jegyz\u00e9si \u00e9s Betegfogad\u00e1si list\u00e1kra vonatkoz\u00f3 Szab\u00e1lyzata<\/a><\/li>\n<li style=\"text-align: justify\"><a href=\"https:\/\/semmelweis.hu\/rektori-hivatal\/files\/2015\/06\/49_sz_V_28_hatarozat_Teritesi_dij_szabalyzat.pdf\" target=\"_blank\" rel=\"noopener noreferrer\">49\/2015. (V.28.) sz. hat. a Semmelweis Egyetem T\u00e9r\u00edt\u00e9si D\u00edj Szab\u00e1lyzata <\/a><\/li>\n<li style=\"text-align: justify\"><a href=\"https:\/\/semmelweis.hu\/rektori-hivatal\/files\/2015\/06\/50_sz_V_28_hatarozat_Gyogyszerellatas.pdf\" target=\"_blank\" rel=\"noopener noreferrer\">50\/2015. (V.28.) sz. hat. a Semmelweis Egyetem fekv\u0151beteg-ell\u00e1t\u00e1ssal kapcsolatos gy\u00f3gyszerell\u00e1t\u00e1sr\u00f3l <\/a><\/li>\n<li style=\"text-align: justify\"><a href=\"https:\/\/semmelweis.hu\/jogigfoig\/files\/2015\/08\/51_sz_V_28_Anat_Humanmorf_osszevonas.pdf\" target=\"_blank\" rel=\"noopener noreferrer\">51\/2015. (V.28.) sz. hat. az Anat\u00f3miai, Sz\u00f6vet- \u00e9s Fejl\u0151d\u00e9stani Int\u00e9zet, valamint a Hum\u00e1nmorfol\u00f3giai \u00e9s Fejl\u0151d\u00e9sbiol\u00f3giai Int\u00e9zet- Anat\u00f3miai, Sz\u00f6vet- \u00e9s Fejl\u0151d\u00e9stani Int\u00e9zet elnevez\u00e9ssel t\u00f6rt\u00e9n\u0151 \u00f6sszevon\u00e1s\u00e1r\u00f3l <\/a><\/li>\n<li style=\"text-align: justify\"><a href=\"https:\/\/semmelweis.hu\/rektori-hivatal\/files\/2015\/06\/52_sz_V_28_hatarozat_A_szab\u00e1lyozo_dok_rendjerol.pdf\" target=\"_blank\" rel=\"noopener noreferrer\">52\/2015. (V.28.) sz. hat. a Szab\u00e1lyoz\u00f3 dokumentumok kezel\u00e9s\u00e9nek rendj\u00e9r\u0151l sz\u00f3l\u00f3 szab\u00e1lyzat elfogad\u00e1s\u00e1r\u00f3l<\/a><\/li>\n<li style=\"text-align: justify\"><a href=\"https:\/\/semmelweis.hu\/jogigfoig\/files\/2015\/06\/53_V_28_Arany_pecsetgyuru.pdf\" target=\"_blank\" rel=\"noopener noreferrer\">53\/2015. (V.28.) sz\u00e1m\u00fa hat\u00e1rozat az Egyetem c\u00edmer\u00e9vel d\u00edsz\u00edtett arany pecs\u00e9tgy\u0171r\u0171 adom\u00e1nyoz\u00e1s\u00e1r\u00f3l<\/a><\/li>\n<li style=\"text-align: justify\"><a href=\"https:\/\/semmelweis.hu\/rektori-hivatal\/files\/2015\/06\/54_V_28_2014_szept_1_tol_hat_megeros_javasl.pdf\" target=\"_blank\" rel=\"noopener noreferrer\">54\/2015. (V.28.) sz. hat. a Szen\u00e1tus \u00e1ltal 2014. szeptember 01-t\u0151l hozott hat\u00e1rozatainak meger\u0151s\u00edt\u00e9s\u00e9re vonatkoz\u00f3 javaslatr\u00f3l <\/a><\/li>\n<\/ul>\n","protected":false},"excerpt":{"rendered":"<p><a href=\"https:\/\/semmelweis.hu\/jogigfoig\/files\/2015\/06\/37_sz_V_28_rektorjelolt_valasztas_tajek.pdf\" target=\"_blank\" rel=\"noopener noreferrer\">37\/2015. (V.7.) sz\u00e1m\u00fa hat\u00e1rozat t\u00e1j\u00e9koztat\u00e1s a Szen\u00e1tus r\u00e9sz\u00e9re az Emberi Er\u0151forr\u00e1sok Miniszt\u00e9riuma, mint fenntart\u00f3 \u00e1ltal tett kifog\u00e1ssal \u00f6sszef\u00fcgg\u0151 k\u00e9rd\u00e9sekr\u0151l a Semmelweis Egyetem 2015. \u00e1prilis 8-ai rektorjel\u00f6lt-v\u00e1laszt\u00e1s\u00e1hoz kapcsol\u00f3d\u00f3an, valamint egyes speci\u00e1lis elj\u00e1r\u00e1si k\u00e9rd\u00e9sek rendez\u00e9se<\/a><br \/>\n<a href=\"https:\/\/semmelweis.hu\/jogigfoig\/files\/2015\/06\/38_sz_V_28_rektorjelolt_valasztasarol.pdf\" target=\"_blank\" rel=\"noopener noreferrer\">38\/2015. (V.28.) sz\u00e1m\u00fa hat\u00e1rozat a rektori megb\u00edz\u00e1sra beny\u00fajtott p\u00e1ly\u00e1zatok v\u00e9lem\u00e9nyez\u00e9s\u00e9r\u0151l<\/a><br \/>\n<a href=\"https:\/\/semmelweis.hu\/jogigfoig\/files\/2015\/06\/39_V_28_ProUniv.pdf\" target=\"_blank\" rel=\"noopener noreferrer\">39\/2015. (V.28.) sz\u00e1m\u00fa hat\u00e1rozat Pro Universitate d\u00edj adom\u00e1nyoz\u00e1s\u00e1r\u00f3l<\/a><br \/>\n<a href=\"https:\/\/semmelweis.hu\/jogigfoig\/files\/2015\/06\/40_V_28_Prof_Emer.pdf\" target=\"_blank\" rel=\"noopener noreferrer\">40\/2015. (V.28.) sz\u00e1m\u00fa hat\u00e1rozat a &#8222;Professor Emerita&#8221; c\u00edm adom\u00e1nyoz\u00e1s\u00e1r\u00f3l<\/a><br \/>\n<a href=\"https:\/\/semmelweis.hu\/jogigfoig\/files\/2015\/06\/41_V_28_apolasi_igazg.pdf\" target=\"_blank\" rel=\"noopener noreferrer\">41\/2015. (V.28.) sz\u00e1m\u00fa hat\u00e1rozat az \u00e1pol\u00e1si igazgat\u00f3i megb\u00edz\u00e1sokra be\u00e9rkezett p\u00e1ly\u00e1zatok v\u00e9lem\u00e9nyez\u00e9se<\/a><br \/>\n<a href=\"https:\/\/semmelweis.hu\/jogigfoig\/files\/2015\/06\/42_V_28_dekanhelyettes_AOK_GYTK.pdf\" target=\"_blank\" rel=\"noopener noreferrer\">42\/2015. (V.28.) sz\u00e1m\u00fa hat\u00e1rozat az \u00c1ltal\u00e1nos Orvostudom\u00e1nyi Kar \u00e9s a Gy\u00f3gyszer\u00e9sztudom\u00e1nyi Kar d\u00e9k\u00e1nhelyettesi megb\u00edz\u00e1s\u00e1ra be\u00e9rkezett p\u00e1ly\u00e1zatok v\u00e9lem\u00e9nyez\u00e9se<\/a><br \/>\n<a href=\"https:\/\/semmelweis.hu\/jogigfoig\/files\/2015\/06\/43_sz_V_28_docensi_palyazatok.pdf\" target=\"_blank\" rel=\"noopener noreferrer\">43\/2015. (V.28.) sz\u00e1m\u00fa hat\u00e1rozat 2015. \u00e9vre meghirdetett egyetemi\/f\u0151iskolai docensi \u00e1ll\u00e1shelyekre be\u00e9rkezett p\u00e1ly\u00e1zatok v\u00e9lem\u00e9nyez\u00e9se<\/a><br \/>\n<a href=\"https:\/\/semmelweis.hu\/jogigfoig\/files\/2015\/06\/44_V_28_AOK_tanulm_oszt_vez.pdf\" target=\"_blank\" rel=\"noopener noreferrer\">44\/2015. (V.28.) sz\u00e1m\u00fa hat\u00e1rozat az \u00c1ltal\u00e1nos Orvostudom\u00e1nyi Kar D\u00e9k\u00e1ni Hivatal tanulm\u00e1nyi oszt\u00e1lyvezet\u0151i megb\u00edz\u00e1s\u00e1ra be\u00e9rkezett p\u00e1ly\u00e1zat v\u00e9lem\u00e9nyez\u00e9se<\/a><br \/>\n<a href=\"https:\/\/semmelweis.hu\/rektori-hivatal\/files\/2015\/06\/45_sz_V_28_EKK_szoc_munk_szakfelelos_valt.pdf\" target=\"_blank\" rel=\"noopener noreferrer\">45\/2015. (V.28.) sz. hat. az Eg\u00e9szs\u00e9g\u00fcgyi K\u00f6zszolg\u00e1lati Kar Ment\u00e1lhigi\u00e9n\u00e9 Int\u00e9zet Szoci\u00e1lis munka mesterk\u00e9pz\u00e9si szak szakfelel\u0151s szem\u00e9ly\u00e9nek v\u00e1ltoz\u00e1s\u00e1r\u00f3l<\/a><br \/>\n<a href=\"https:\/\/semmelweis.hu\/rektori-hivatal\/files\/2015\/06\/46_sz_V_28_a-2015-2016-Tanev-rendjerol.pdf\" target=\"_blank\" rel=\"noopener noreferrer\">46\/2015. (V.28.) sz. hat. a 2015\/2016. tan\u00e9v rendj\u00e9r\u0151l<\/a><br \/>\n<a href=\"https:\/\/semmelweis.hu\/rektori-hivatal\/files\/2015\/06\/47_sz_V_28_hatarozat_Munkahelyi_Sugarvedelmi_Szabalyzat.pdf\" target=\"_blank\" rel=\"noopener noreferrer\">47\/2015. (V.28.) sz. hat. a Semmelweis Egyetem Munkahelyi Sug\u00e1rv\u00e9delmi Szab\u00e1lyzat\u00e1nak m\u00f3dos\u00edt\u00e1s\u00e1r\u00f3l<\/a><br \/>\n<a href=\"https:\/\/semmelweis.hu\/rektori-hivatal\/files\/2015\/06\/48_sz_V_28_hatarozat_Varolista_Szabalyzat.pdf\" target=\"_blank\" rel=\"noopener noreferrer\">48\/2015. (V.28.) sz. hat. a Semmelweis Egyetem V\u00e1r\u00f3-, El\u0151jegyz\u00e9si \u00e9s Betegfogad\u00e1si list\u00e1kra vonatkoz\u00f3 Szab\u00e1lyzata<\/a><br \/>\n<a href=\"https:\/\/semmelweis.hu\/rektori-hivatal\/files\/2015\/06\/49_sz_V_28_hatarozat_Teritesi_dij_szabalyzat.pdf\" target=\"_blank\" rel=\"noopener noreferrer\">49\/2015. (V.28.) sz. hat. a Semmelweis Egyetem T\u00e9r\u00edt\u00e9si D\u00edj Szab\u00e1lyzata <\/a><br \/>\n<a href=\"https:\/\/semmelweis.hu\/rektori-hivatal\/files\/2015\/06\/50_sz_V_28_hatarozat_Gyogyszerellatas.pdf\" target=\"_blank\" rel=\"noopener noreferrer\">50\/2015. (V.28.) sz. hat. a Semmelweis Egyetem fekv\u0151beteg-ell\u00e1t\u00e1ssal kapcsolatos gy\u00f3gyszerell\u00e1t\u00e1sr\u00f3l <\/a><br \/>\n<a href=\"https:\/\/semmelweis.hu\/jogigfoig\/files\/2015\/08\/51_sz_V_28_Anat_Humanmorf_osszevonas.pdf\" target=\"_blank\" rel=\"noopener noreferrer\">51\/2015. (V.28.) sz. hat. az Anat\u00f3miai, Sz\u00f6vet- \u00e9s Fejl\u0151d\u00e9stani Int\u00e9zet, valamint a Hum\u00e1nmorfol\u00f3giai \u00e9s Fejl\u0151d\u00e9sbiol\u00f3giai Int\u00e9zet- Anat\u00f3miai, Sz\u00f6vet- \u00e9s Fejl\u0151d\u00e9stani Int\u00e9zet elnevez\u00e9ssel t\u00f6rt\u00e9n\u0151 \u00f6sszevon\u00e1s\u00e1r\u00f3l <\/a><br \/>\n<a href=\"https:\/\/semmelweis.hu\/rektori-hivatal\/files\/2015\/06\/52_sz_V_28_hatarozat_A_szab\u00e1lyozo_dok_rendjerol.pdf\" target=\"_blank\" rel=\"noopener noreferrer\">52\/2015. (V.28.) sz. hat. a Szab\u00e1lyoz\u00f3 dokumentumok kezel\u00e9s\u00e9nek rendj\u00e9r\u0151l sz\u00f3l\u00f3 szab\u00e1lyzat elfogad\u00e1s\u00e1r\u00f3l<\/a><br \/>\n<a href=\"https:\/\/semmelweis.hu\/jogigfoig\/files\/2015\/06\/53_V_28_Arany_pecsetgyuru.pdf\" target=\"_blank\" rel=\"noopener noreferrer\">53\/2015. (V.28.) sz\u00e1m\u00fa hat\u00e1rozat az Egyetem c\u00edmer\u00e9vel d\u00edsz\u00edtett arany pecs\u00e9tgy\u0171r\u0171 adom\u00e1nyoz\u00e1s\u00e1r\u00f3l<\/a><br \/>\n<a href=\"https:\/\/semmelweis.hu\/rektori-hivatal\/files\/2015\/06\/54_V_28_2014_szept_1_tol_hat_megeros_javasl.pdf\" target=\"_blank\" rel=\"noopener noreferrer\">54\/2015. (V.28.) sz. hat. a Szen\u00e1tus \u00e1ltal 2014. szeptember 01-t\u0151l hozott hat\u00e1rozatainak meger\u0151s\u00edt\u00e9s\u00e9re vonatkoz\u00f3 javaslatr\u00f3l <\/a><\/p>\n","protected":false},"author":12,"featured_media":0,"parent":7839,"menu_order":6,"comment_status":"closed","ping_status":"closed","template":"","meta":{"_acf_changed":false,"footnotes":""},"categories":[1],"tags":[],"class_list":["post-3021","page","type-page","status-publish","hentry","category-egyeb"],"acf":[],"_links":{"self":[{"href":"https:\/\/semmelweis.hu\/jogigfoig\/wp-json\/wp\/v2\/pages\/3021","targetHints":{"allow":["GET"]}}],"collection":[{"href":"https:\/\/semmelweis.hu\/jogigfoig\/wp-json\/wp\/v2\/pages"}],"about":[{"href":"https:\/\/semmelweis.hu\/jogigfoig\/wp-json\/wp\/v2\/types\/page"}],"author":[{"embeddable":true,"href":"https:\/\/semmelweis.hu\/jogigfoig\/wp-json\/wp\/v2\/users\/12"}],"replies":[{"embeddable":true,"href":"https:\/\/semmelweis.hu\/jogigfoig\/wp-json\/wp\/v2\/comments?post=3021"}],"version-history":[{"count":11,"href":"https:\/\/semmelweis.hu\/jogigfoig\/wp-json\/wp\/v2\/pages\/3021\/revisions"}],"predecessor-version":[{"id":7875,"href":"https:\/\/semmelweis.hu\/jogigfoig\/wp-json\/wp\/v2\/pages\/3021\/revisions\/7875"}],"up":[{"embeddable":true,"href":"https:\/\/semmelweis.hu\/jogigfoig\/wp-json\/wp\/v2\/pages\/7839"}],"wp:attachment":[{"href":"https:\/\/semmelweis.hu\/jogigfoig\/wp-json\/wp\/v2\/media?parent=3021"}],"wp:term":[{"taxonomy":"category","embeddable":true,"href":"https:\/\/semmelweis.hu\/jogigfoig\/wp-json\/wp\/v2\/categories?post=3021"},{"taxonomy":"post_tag","embeddable":true,"href":"https:\/\/semmelweis.hu\/jogigfoig\/wp-json\/wp\/v2\/tags?post=3021"}],"curies":[{"name":"wp","href":"https:\/\/api.w.org\/{rel}","templated":true}]}}