{"id":2970,"date":"2015-05-26T19:26:24","date_gmt":"2015-05-26T17:26:24","guid":{"rendered":"http:\/\/semmelweis.hu\/rektori-hivatal\/?page_id=2970"},"modified":"2020-02-11T11:26:55","modified_gmt":"2020-02-11T10:26:55","slug":"2015-majus-07","status":"publish","type":"page","link":"https:\/\/semmelweis.hu\/jogigfoig\/testuletek\/szenatus\/2015-evi-szenatusi-hatarozatok\/2015-majus-07\/","title":{"rendered":"2015. m\u00e1jus 07."},"content":{"rendered":"<ul>\n<li style=\"text-align: justify\"><a href=\"https:\/\/semmelweis.hu\/rektori-hivatal\/files\/2015\/05\/N_V_7_Napirend_elfogadasarol.pdf\" target=\"_blank\" rel=\"noopener noreferrer\">N-V.7.\/2015. sz. hat. a szen\u00e1tusi \u00fcl\u00e9s napirendi pontjainak elfogad\u00e1s\u00e1r\u00f3l <\/a><\/li>\n<li style=\"text-align: justify\"><a href=\"https:\/\/semmelweis.hu\/rektori-hivatal\/files\/2015\/05\/20_sz_V_7_Beszamolo_2014_evi_gazdalkodas.pdf\" target=\"_blank\" rel=\"noopener noreferrer\">20\/2015. (V.7.) sz. hat. a Semmelweis Egyetem 2014. \u00e9vi gazd\u00e1lkod\u00e1s\u00e1r\u00f3l el\u0151terjesztett besz\u00e1mol\u00f3 elfogad\u00e1s\u00e1r\u00f3l<\/a><\/li>\n<li style=\"text-align: justify\"><a href=\"https:\/\/semmelweis.hu\/rektori-hivatal\/files\/2015\/05\/21_sz_V_7_Beszamolo_-gazdalkodo_szervezetek.pdf\" target=\"_blank\" rel=\"noopener noreferrer\">21\/2015. (V.7.). sz. hat. Besz\u00e1mol\u00f3 az egyetem \u00e1ltal alap\u00edtott ill. az egyetem r\u00e9szv\u00e9tel\u00e9vel m\u0171k\u00f6d\u0151 gazd\u00e1lkod\u00f3 szervezetek m\u0171k\u00f6d\u00e9s\u00e9r\u0151l<\/a><\/li>\n<li style=\"text-align: justify\"><a href=\"https:\/\/semmelweis.hu\/jogigfoig\/files\/2015\/05\/22_sz_V_7_arany_pecsetgyuru_adom.pdf\" target=\"_blank\" rel=\"noopener noreferrer\">22\/2015. (V.7.) sz\u00e1m\u00fa hat\u00e1rozat az Egyetem c\u00edmer\u00e9vel d\u00edsz\u00edtett arany pecs\u00e9tgy\u0171r\u0171 adom\u00e1nyoz\u00e1s\u00e1r\u00f3l<\/a><\/li>\n<li style=\"text-align: justify\"><a href=\"https:\/\/semmelweis.hu\/jogigfoig\/files\/2015\/05\/23_sz_V_7_Humanmorfologia_egyetemi_docens.pdf\" target=\"_blank\" rel=\"noopener noreferrer\">23\/2015. (V.7.) sz\u00e1m\u00fa hat\u00e1rozat A 2015. \u00e9vben Hum\u00e1nmorfol\u00f3giai \u00e9s Fejl\u0151d\u00e9sbiol\u00f3giai Int\u00e9zetben meghirdetett egyetemi docensi \u00e1ll\u00e1shelyre be\u00e9rkezett p\u00e1ly\u00e1zat v\u00e9lem\u00e9nyez\u00e9s\u00e9r\u0151l<\/a><\/li>\n<li style=\"text-align: justify\"><a href=\"https:\/\/semmelweis.hu\/rektori-hivatal\/files\/2015\/05\/24_sz_V_7_soron-kiv\u00fcli-egyetemi-docensi-allashelyek.pdf\" target=\"_blank\" rel=\"noopener noreferrer\">24\/2015. (V.7.) sz. hat. a 2015. \u00e9vben meghirdetni tervezett soron k\u00edv\u00fcli egyetemi docensi \u00e1ll\u00e1shelyek l\u00e9trehoz\u00e1s\u00e1r\u00f3l<\/a><\/li>\n<li style=\"text-align: justify\"><a href=\"https:\/\/semmelweis.hu\/jogigfoig\/files\/2015\/05\/25_sz_V_7_foiskolai_tanari.pdf\" target=\"_blank\" rel=\"noopener noreferrer\">25\/2015. (V.7.) sz\u00e1m\u00fa hat\u00e1rozat a 2015. \u00e9vi f\u0151iskolai tan\u00e1ri \u00e1ll\u00e1shelyre be\u00e9rkezett p\u00e1ly\u00e1zat v\u00e9lem\u00e9nyez\u00e9s\u00e9r\u0151l<\/a><\/li>\n<li style=\"text-align: justify\"><a href=\"https:\/\/semmelweis.hu\/jogigfoig\/files\/2015\/05\/26_sz_V_7_Alumni.pdf\" target=\"_blank\" rel=\"noopener noreferrer\">26\/2015. (V.7.) sz\u00e1m\u00fa hat\u00e1rozat a 2015. \u00e9vben az Alumni Igazgat\u00f3s\u00e1g igazgat\u00f3i megb\u00edz\u00e1s\u00e1ra be\u00e9rkezett p\u00e1ly\u00e1zatok v\u00e9lem\u00e9nyez\u00e9s\u00e9r\u0151l<\/a><\/li>\n<li style=\"text-align: justify\"><a href=\"https:\/\/semmelweis.hu\/rektori-hivatal\/files\/2015\/05\/27_A_B_sz_V_7_TVSZ.pdf\" target=\"_blank\" rel=\"noopener noreferrer\">27\/A\/2015. (V.7.) sz. hat. a Semmelweis Egyetem Szervezeti \u00e9s M\u0171k\u00f6d\u00e9si Szab\u00e1lyzat III. r\u00e9sz Hallgat\u00f3i k\u00f6vetelm\u00e9nyrendszer, az Egyetem Kreditrendszer\u0171 Tanulm\u00e1nyi \u00e9s Vizsgaszab\u00e1lyzat\u00e1r\u00f3l (a hallgat\u00f3i tanulm\u00e1nyi rend \u00e9s az ismeretek, k\u00e9szs\u00e9gek \u00e9s k\u00e9pess\u00e9gek elsaj\u00e1t\u00edt\u00e1s\u00e1nak, megszerz\u00e9s\u00e9nek, ellen\u0151rz\u00e9s\u00e9nek rendje) III\/I. fejezet Az \u00c1ltal\u00e1nos Orvostudom\u00e1nyi Kar, a Fogorvostudom\u00e1nyi Kar \u00e9s a Gy\u00f3gyszertudom\u00e1nyi Kar Kreditrendszer\u0171 Tanulm\u00e1nyi \u00e9s Vizsgaszab\u00e1lyzat\u00e1nak m\u00f3dos\u00edt\u00e1s\u00e1r\u00f3l <\/a><\/li>\n<li style=\"text-align: justify\"><a href=\"https:\/\/semmelweis.hu\/rektori-hivatal\/files\/2015\/05\/27_A_B_sz_V_7_TVSZ.pdf\" target=\"_blank\" rel=\"noopener noreferrer\">27\/B\/2015. (V.7.) sz. hat. a Semmelweis Egyetem Szervezeti \u00e9s M\u0171k\u00f6d\u00e9si Szab\u00e1lyzat III. r\u00e9sz Hallgat\u00f3i k\u00f6vetelm\u00e9nyrendszer, az Egyetem Kreditrendszer\u0171 Tanulm\u00e1nyi \u00e9s Vizsgaszab\u00e1lyzat\u00e1r\u00f3l (a hallgat\u00f3i tanulm\u00e1nyi rend \u00e9s az ismeretek, k\u00e9szs\u00e9gek \u00e9s k\u00e9pess\u00e9gek elsaj\u00e1t\u00edt\u00e1s\u00e1nak, megszerz\u00e9s\u00e9nek, ellen\u0151rz\u00e9s\u00e9nek rendje) III\/I. fejezet Az \u00c1ltal\u00e1nos Orvostudom\u00e1nyi Kar, a Fogorvostudom\u00e1nyi Kar \u00e9s a Gy\u00f3gyszertudom\u00e1nyi Kar Kreditrendszer\u0171 Tanulm\u00e1nyi \u00e9s Vizsgaszab\u00e1lyzat\u00e1nak m\u00f3dos\u00edt\u00e1s\u00e1r\u00f3l <\/a><\/li>\n<li style=\"text-align: justify\"><a href=\"https:\/\/semmelweis.hu\/rektori-hivatal\/files\/2015\/05\/28_sz_V_7_Mellkassebeszet.pdf\" target=\"_blank\" rel=\"noopener noreferrer\">28\/2015. (V.7.) sz. hat. a V\u00e1rosmajori Sz\u00edv- \u00e9s \u00c9rgy\u00f3gy\u00e1szati Klinika Mellkasseb\u00e9szeti Tansz\u00e9ki Csoportj\u00e1nak j\u00f6v\u0151beni jog\u00e1ll\u00e1s\u00e1r\u00f3l <\/a><\/li>\n<li style=\"text-align: justify\"><a href=\"https:\/\/semmelweis.hu\/rektori-hivatal\/files\/2015\/05\/29_sz_V_7_Klinikai-Onkologiai-Tanszeki-csoport.pdf\" target=\"_blank\" rel=\"noopener noreferrer\">29\/2015. (V.7.) sz. hat. a Klinikai Onkol\u00f3giai Tansz\u00e9ki Csoport l\u00e9trehoz\u00e1s\u00e1ra az Onkol\u00f3giai Tansz\u00e9khez rendelten <\/a><\/li>\n<li style=\"text-align: justify\"><a href=\"https:\/\/semmelweis.hu\/rektori-hivatal\/files\/2015\/05\/30_sz_V_7_Beszerzesi-Szabalyzat-modositasa.pdf\" target=\"_blank\" rel=\"noopener noreferrer\">30\/2015. (V.7.) sz. hat. a Beszerz\u00e9si Szab\u00e1lyzat m\u00f3dos\u00edt\u00e1s\u00e1r\u00f3l <\/a><\/li>\n<li style=\"text-align: justify\"><a href=\"https:\/\/semmelweis.hu\/rektori-hivatal\/files\/2015\/05\/31_sz_V_7_Klinikai-Kutatoi-osztondij-palyazati-felteteleirol.pdf\" target=\"_blank\" rel=\"noopener noreferrer\">31\/2015. (V.7.) sz. hat. a &#8222;Semmelweis Egyetem Klinikai Kutat\u00f3 \u00d6szt\u00f6nd\u00edj&#8221; alkalmass\u00e1gi felt\u00e9teleire \u00e9s elb\u00edr\u00e1l\u00e1si szempontrendszer\u00e9re <\/a><\/li>\n<li style=\"text-align: justify\"><a href=\"https:\/\/semmelweis.hu\/rektori-hivatal\/files\/2015\/05\/32_sz_V_7_Mentalhigiene_csaladterepias_MSc_szakfelelos1.pdf\" target=\"_blank\" rel=\"noopener noreferrer\">32\/2015. (V.7.) sz. hat. Ment\u00e1lhigi\u00e9n\u00e9 Int\u00e9zet Ment\u00e1lhigi\u00e9n\u00e9s csal\u00e1dtudom\u00e1nyi \u00e9s csal\u00e1dter\u00e1pi\u00e1s mesterk\u00e9pz\u00e9si szak szakfelel\u0151s szem\u00e9ly\u00e9nek v\u00e1ltoz\u00e1s\u00e1r\u00f3l <\/a><\/li>\n<li style=\"text-align: justify\"><a href=\"https:\/\/semmelweis.hu\/rektori-hivatal\/files\/2015\/05\/33_sz_V_7_Angol_egeszsegtud_szaknyelvi_kommunikator.pdf\" target=\"_blank\" rel=\"noopener noreferrer\">33\/2015. (V.7.) sz. hat. Angol eg\u00e9szs\u00e9gtudom\u00e1nyi szaknyelvi kommunik\u00e1tor szakir\u00e1ny\u00fa tov\u00e1bbk\u00e9pz\u00e9s ind\u00edt\u00e1s\u00e1r\u00f3l <\/a><\/li>\n<li style=\"text-align: justify\"><a href=\"https:\/\/semmelweis.hu\/rektori-hivatal\/files\/2015\/05\/34_sz_V_7_SZMSZ-modositas.pdf\" target=\"_blank\" rel=\"noopener noreferrer\">34\/2015. (V.7.) sz. hat. a Szervezeti \u00e9s M\u0171k\u00f6d\u00e9si Szab\u00e1lyzat m\u00f3dos\u00edt\u00e1s\u00e1r\u00f3l <\/a><\/li>\n<li style=\"text-align: justify\"><a href=\"https:\/\/semmelweis.hu\/rektori-hivatal\/files\/2015\/05\/35_sz_V_7_szabalyzatok-felulvizsgalatanak-rendjerol.pdf\" target=\"_blank\" rel=\"noopener noreferrer\">35\/2015. (V.7.) sz. hat. a szab\u00e1lyzatok fel\u00fclvizsg\u00e1lat\u00e1nak rendj\u00e9r\u0151l<\/a> &#8211;<a href=\"https:\/\/semmelweis.hu\/rektori-hivatal\/files\/2015\/05\/35_sz_V_7_1_sz_melleklet_szab\u00e1lyzat.pdf\" target=\"_blank\" rel=\"noopener noreferrer\"> 1. sz. mell\u00e9klet<\/a>, <a href=\"https:\/\/semmelweis.hu\/rektori-hivatal\/files\/2015\/05\/35_sz_V_7_2_sz_melleklet_egyeb-belso-szabalyozok.pdf\" target=\"_blank\" rel=\"noopener noreferrer\">2. sz. mell\u00e9klet <\/a><\/li>\n<li style=\"text-align: justify\"><a href=\"https:\/\/semmelweis.hu\/rektori-hivatal\/files\/2015\/05\/36_sz_V_7_Koranyi_Projekt_traumatologiai-agyak.pdf\" target=\"_blank\" rel=\"noopener noreferrer\">36\/2015. (V.7.) sz. hat. a Kor\u00e1nyi Projekt keret\u00e9ben t\u00f6rt\u00e9n\u0151 traumatol\u00f3giai \u00e1gyak ig\u00e9nyl\u00e9s\u00e9r\u0151l <\/a><\/li>\n<\/ul>\n","protected":false},"excerpt":{"rendered":"<p><a href=\"https:\/\/semmelweis.hu\/rektori-hivatal\/files\/2015\/05\/N_V_7_Napirend_elfogadasarol.pdf\" target=\"_blank\" rel=\"noopener noreferrer\">N-V.7.\/2015. sz. hat. a szen\u00e1tusi \u00fcl\u00e9s napirendi pontjainak elfogad\u00e1s\u00e1r\u00f3l <\/a><br \/>\n<a href=\"https:\/\/semmelweis.hu\/rektori-hivatal\/files\/2015\/05\/20_sz_V_7_Beszamolo_2014_evi_gazdalkodas.pdf\" target=\"_blank\" rel=\"noopener noreferrer\">20\/2015. (V.7.) sz. hat. a Semmelweis Egyetem 2014. \u00e9vi gazd\u00e1lkod\u00e1s\u00e1r\u00f3l el\u0151terjesztett besz\u00e1mol\u00f3 elfogad\u00e1s\u00e1r\u00f3l<\/a><br \/>\n<a href=\"https:\/\/semmelweis.hu\/rektori-hivatal\/files\/2015\/05\/21_sz_V_7_Beszamolo_-gazdalkodo_szervezetek.pdf\" target=\"_blank\" rel=\"noopener noreferrer\">21\/2015. (V.7.). sz. hat. Besz\u00e1mol\u00f3 az egyetem \u00e1ltal alap\u00edtott ill. az egyetem r\u00e9szv\u00e9tel\u00e9vel m\u0171k\u00f6d\u0151 gazd\u00e1lkod\u00f3 szervezetek m\u0171k\u00f6d\u00e9s\u00e9r\u0151l<\/a><br \/>\n<a href=\"https:\/\/semmelweis.hu\/jogigfoig\/files\/2015\/05\/22_sz_V_7_arany_pecsetgyuru_adom.pdf\" target=\"_blank\" rel=\"noopener noreferrer\">22\/2015. (V.7.) sz\u00e1m\u00fa hat\u00e1rozat az Egyetem c\u00edmer\u00e9vel d\u00edsz\u00edtett arany pecs\u00e9tgy\u0171r\u0171 adom\u00e1nyoz\u00e1s\u00e1r\u00f3l<\/a><br \/>\n<a href=\"https:\/\/semmelweis.hu\/jogigfoig\/files\/2015\/05\/23_sz_V_7_Humanmorfologia_egyetemi_docens.pdf\" target=\"_blank\" rel=\"noopener noreferrer\">23\/2015. (V.7.) sz\u00e1m\u00fa hat\u00e1rozat A 2015. \u00e9vben Hum\u00e1nmorfol\u00f3giai \u00e9s Fejl\u0151d\u00e9sbiol\u00f3giai Int\u00e9zetben meghirdetett egyetemi docensi \u00e1ll\u00e1shelyre be\u00e9rkezett p\u00e1ly\u00e1zat v\u00e9lem\u00e9nyez\u00e9s\u00e9r\u0151l<\/a><br \/>\n<a href=\"https:\/\/semmelweis.hu\/rektori-hivatal\/files\/2015\/05\/24_sz_V_7_soron-kiv\u00fcli-egyetemi-docensi-allashelyek.pdf\" target=\"_blank\" rel=\"noopener noreferrer\">24\/2015. (V.7.) sz. hat. a 2015. \u00e9vben meghirdetni tervezett soron k\u00edv\u00fcli egyetemi docensi \u00e1ll\u00e1shelyek l\u00e9trehoz\u00e1s\u00e1r\u00f3l<\/a><br \/>\n<a href=\"https:\/\/semmelweis.hu\/jogigfoig\/files\/2015\/05\/25_sz_V_7_foiskolai_tanari.pdf\" target=\"_blank\" rel=\"noopener noreferrer\">25\/2015. (V.7.) sz\u00e1m\u00fa hat\u00e1rozat a 2015. \u00e9vi f\u0151iskolai tan\u00e1ri \u00e1ll\u00e1shelyre be\u00e9rkezett p\u00e1ly\u00e1zat v\u00e9lem\u00e9nyez\u00e9s\u00e9r\u0151l<\/a><br \/>\n<a href=\"https:\/\/semmelweis.hu\/jogigfoig\/files\/2015\/05\/26_sz_V_7_Alumni.pdf\" target=\"_blank\" rel=\"noopener noreferrer\">26\/2015. (V.7.) sz\u00e1m\u00fa hat\u00e1rozat a 2015. \u00e9vben az Alumni Igazgat\u00f3s\u00e1g igazgat\u00f3i megb\u00edz\u00e1s\u00e1ra be\u00e9rkezett p\u00e1ly\u00e1zatok v\u00e9lem\u00e9nyez\u00e9s\u00e9r\u0151l<\/a><br \/>\n<a href=\"https:\/\/semmelweis.hu\/rektori-hivatal\/files\/2015\/05\/27_A_B_sz_V_7_TVSZ.pdf\" target=\"_blank\" rel=\"noopener noreferrer\">27\/A\/2015. (V.7.) sz. hat. a Semmelweis Egyetem Szervezeti \u00e9s M\u0171k\u00f6d\u00e9si Szab\u00e1lyzat III. r\u00e9sz Hallgat\u00f3i k\u00f6vetelm\u00e9nyrendszer, az Egyetem Kreditrendszer\u0171 Tanulm\u00e1nyi \u00e9s Vizsgaszab\u00e1lyzat\u00e1r\u00f3l (a hallgat\u00f3i tanulm\u00e1nyi rend \u00e9s az ismeretek, k\u00e9szs\u00e9gek \u00e9s k\u00e9pess\u00e9gek elsaj\u00e1t\u00edt\u00e1s\u00e1nak, megszerz\u00e9s\u00e9nek, ellen\u0151rz\u00e9s\u00e9nek rendje) III\/I. fejezet Az \u00c1ltal\u00e1nos Orvostudom\u00e1nyi Kar, a Fogorvostudom\u00e1nyi Kar \u00e9s a Gy\u00f3gyszertudom\u00e1nyi Kar Kreditrendszer\u0171 Tanulm\u00e1nyi \u00e9s Vizsgaszab\u00e1lyzat\u00e1nak m\u00f3dos\u00edt\u00e1s\u00e1r\u00f3l <\/a><br \/>\n<a href=\"https:\/\/semmelweis.hu\/rektori-hivatal\/files\/2015\/05\/27_A_B_sz_V_7_TVSZ.pdf\" target=\"_blank\" rel=\"noopener noreferrer\">27\/B\/2015. (V.7.) sz. hat. a Semmelweis Egyetem Szervezeti \u00e9s M\u0171k\u00f6d\u00e9si Szab\u00e1lyzat III. r\u00e9sz Hallgat\u00f3i k\u00f6vetelm\u00e9nyrendszer, az Egyetem Kreditrendszer\u0171 Tanulm\u00e1nyi \u00e9s Vizsgaszab\u00e1lyzat\u00e1r\u00f3l (a hallgat\u00f3i tanulm\u00e1nyi rend \u00e9s az ismeretek, k\u00e9szs\u00e9gek \u00e9s k\u00e9pess\u00e9gek elsaj\u00e1t\u00edt\u00e1s\u00e1nak, megszerz\u00e9s\u00e9nek, ellen\u0151rz\u00e9s\u00e9nek rendje) III\/I. fejezet Az \u00c1ltal\u00e1nos Orvostudom\u00e1nyi Kar, a Fogorvostudom\u00e1nyi Kar \u00e9s a Gy\u00f3gyszertudom\u00e1nyi Kar Kreditrendszer\u0171 Tanulm\u00e1nyi \u00e9s Vizsgaszab\u00e1lyzat\u00e1nak m\u00f3dos\u00edt\u00e1s\u00e1r\u00f3l <\/a><br \/>\n<a href=\"https:\/\/semmelweis.hu\/rektori-hivatal\/files\/2015\/05\/28_sz_V_7_Mellkassebeszet.pdf\" target=\"_blank\" rel=\"noopener noreferrer\">28\/2015. (V.7.) sz. hat. a V\u00e1rosmajori Sz\u00edv- \u00e9s \u00c9rgy\u00f3gy\u00e1szati Klinika Mellkasseb\u00e9szeti Tansz\u00e9ki Csoportj\u00e1nak j\u00f6v\u0151beni jog\u00e1ll\u00e1s\u00e1r\u00f3l <\/a><br \/>\n<a href=\"https:\/\/semmelweis.hu\/rektori-hivatal\/files\/2015\/05\/29_sz_V_7_Klinikai-Onkologiai-Tanszeki-csoport.pdf\" target=\"_blank\" rel=\"noopener noreferrer\">29\/2015. (V.7.) sz. hat. a Klinikai Onkol\u00f3giai Tansz\u00e9ki Csoport l\u00e9trehoz\u00e1s\u00e1ra az Onkol\u00f3giai Tansz\u00e9khez rendelten <\/a><br \/>\n<a href=\"https:\/\/semmelweis.hu\/rektori-hivatal\/files\/2015\/05\/30_sz_V_7_Beszerzesi-Szabalyzat-modositasa.pdf\" target=\"_blank\" rel=\"noopener noreferrer\">30\/2015. (V.7.) sz. hat. a Beszerz\u00e9si Szab\u00e1lyzat m\u00f3dos\u00edt\u00e1s\u00e1r\u00f3l <\/a><br \/>\n<a href=\"https:\/\/semmelweis.hu\/rektori-hivatal\/files\/2015\/05\/31_sz_V_7_Klinikai-Kutatoi-osztondij-palyazati-felteteleirol.pdf\" target=\"_blank\" rel=\"noopener noreferrer\">31\/2015. (V.7.) sz. hat. a &#8222;Semmelweis Egyetem Klinikai Kutat\u00f3 \u00d6szt\u00f6nd\u00edj&#8221; alkalmass\u00e1gi felt\u00e9teleire \u00e9s elb\u00edr\u00e1l\u00e1si szempontrendszer\u00e9re <\/a><br \/>\n<a href=\"https:\/\/semmelweis.hu\/rektori-hivatal\/files\/2015\/05\/32_sz_V_7_Mentalhigiene_csaladterepias_MSc_szakfelelos1.pdf\" target=\"_blank\" rel=\"noopener noreferrer\">32\/2015. (V.7.) sz. hat. Ment\u00e1lhigi\u00e9n\u00e9 Int\u00e9zet Ment\u00e1lhigi\u00e9n\u00e9s csal\u00e1dtudom\u00e1nyi \u00e9s csal\u00e1dter\u00e1pi\u00e1s mesterk\u00e9pz\u00e9si szak szakfelel\u0151s szem\u00e9ly\u00e9nek v\u00e1ltoz\u00e1s\u00e1r\u00f3l <\/a><br \/>\n<a href=\"https:\/\/semmelweis.hu\/rektori-hivatal\/files\/2015\/05\/33_sz_V_7_Angol_egeszsegtud_szaknyelvi_kommunikator.pdf\" target=\"_blank\" rel=\"noopener noreferrer\">33\/2015. (V.7.) sz. hat. Angol eg\u00e9szs\u00e9gtudom\u00e1nyi szaknyelvi kommunik\u00e1tor szakir\u00e1ny\u00fa tov\u00e1bbk\u00e9pz\u00e9s ind\u00edt\u00e1s\u00e1r\u00f3l <\/a><br \/>\n<a href=\"https:\/\/semmelweis.hu\/rektori-hivatal\/files\/2015\/05\/34_sz_V_7_SZMSZ-modositas.pdf\" target=\"_blank\" rel=\"noopener noreferrer\">34\/2015. (V.7.) sz. hat. a Szervezeti \u00e9s M\u0171k\u00f6d\u00e9si Szab\u00e1lyzat m\u00f3dos\u00edt\u00e1s\u00e1r\u00f3l <\/a><br \/>\n<a href=\"https:\/\/semmelweis.hu\/rektori-hivatal\/files\/2015\/05\/35_sz_V_7_szabalyzatok-felulvizsgalatanak-rendjerol.pdf\" target=\"_blank\" rel=\"noopener noreferrer\">35\/2015. (V.7.) sz. hat. a szab\u00e1lyzatok fel\u00fclvizsg\u00e1lat\u00e1nak rendj\u00e9r\u0151l<\/a> &#8211;<a href=\"https:\/\/semmelweis.hu\/rektori-hivatal\/files\/2015\/05\/35_sz_V_7_1_sz_melleklet_szab\u00e1lyzat.pdf\" target=\"_blank\" rel=\"noopener noreferrer\"> 1. sz. mell\u00e9klet<\/a>, <a href=\"https:\/\/semmelweis.hu\/rektori-hivatal\/files\/2015\/05\/35_sz_V_7_2_sz_melleklet_egyeb-belso-szabalyozok.pdf\" target=\"_blank\" rel=\"noopener noreferrer\">2. sz. mell\u00e9klet <\/a><br \/>\n<a href=\"https:\/\/semmelweis.hu\/rektori-hivatal\/files\/2015\/05\/36_sz_V_7_Koranyi_Projekt_traumatologiai-agyak.pdf\" target=\"_blank\" rel=\"noopener noreferrer\">36\/2015. (V.7.) sz. hat. a Kor\u00e1nyi Projekt keret\u00e9ben t\u00f6rt\u00e9n\u0151 traumatol\u00f3giai \u00e1gyak ig\u00e9nyl\u00e9s\u00e9r\u0151l <\/a><\/p>\n","protected":false},"author":12,"featured_media":0,"parent":7839,"menu_order":5,"comment_status":"open","ping_status":"open","template":"","meta":{"_acf_changed":false,"footnotes":""},"categories":[1],"tags":[],"class_list":["post-2970","page","type-page","status-publish","hentry","category-egyeb"],"acf":[],"_links":{"self":[{"href":"https:\/\/semmelweis.hu\/jogigfoig\/wp-json\/wp\/v2\/pages\/2970","targetHints":{"allow":["GET"]}}],"collection":[{"href":"https:\/\/semmelweis.hu\/jogigfoig\/wp-json\/wp\/v2\/pages"}],"about":[{"href":"https:\/\/semmelweis.hu\/jogigfoig\/wp-json\/wp\/v2\/types\/page"}],"author":[{"embeddable":true,"href":"https:\/\/semmelweis.hu\/jogigfoig\/wp-json\/wp\/v2\/users\/12"}],"replies":[{"embeddable":true,"href":"https:\/\/semmelweis.hu\/jogigfoig\/wp-json\/wp\/v2\/comments?post=2970"}],"version-history":[{"count":8,"href":"https:\/\/semmelweis.hu\/jogigfoig\/wp-json\/wp\/v2\/pages\/2970\/revisions"}],"predecessor-version":[{"id":7876,"href":"https:\/\/semmelweis.hu\/jogigfoig\/wp-json\/wp\/v2\/pages\/2970\/revisions\/7876"}],"up":[{"embeddable":true,"href":"https:\/\/semmelweis.hu\/jogigfoig\/wp-json\/wp\/v2\/pages\/7839"}],"wp:attachment":[{"href":"https:\/\/semmelweis.hu\/jogigfoig\/wp-json\/wp\/v2\/media?parent=2970"}],"wp:term":[{"taxonomy":"category","embeddable":true,"href":"https:\/\/semmelweis.hu\/jogigfoig\/wp-json\/wp\/v2\/categories?post=2970"},{"taxonomy":"post_tag","embeddable":true,"href":"https:\/\/semmelweis.hu\/jogigfoig\/wp-json\/wp\/v2\/tags?post=2970"}],"curies":[{"name":"wp","href":"https:\/\/api.w.org\/{rel}","templated":true}]}}